{"id":1992,"date":"2023-03-16T09:53:30","date_gmt":"2023-03-16T12:53:30","guid":{"rendered":"https:\/\/musicuyinstrumentos.com\/?post_type=product&#038;p=1992"},"modified":"2025-05-23T16:38:51","modified_gmt":"2025-05-23T19:38:51","slug":"hartke-ha5000-500w-hybrid-biamp","status":"publish","type":"product","link":"https:\/\/musicuyinstrumentos.com\/index.php\/producto\/hartke-ha5000-500w-hybrid-biamp\/","title":{"rendered":"Hartke HA5000 500w Hybrid Biamp"},"content":{"rendered":"<ul>\n<li>\n<p data-start=\"855\" data-end=\"1599\">\u2705 <strong data-start=\"893\" data-end=\"906\">Potencia:<\/strong><br data-start=\"906\" data-end=\"909\" \/>\u2003\u2022 250W por lado a 4 ohmios<br data-start=\"936\" data-end=\"939\" \/>\u2003\u2022 170W por lado a 8 ohmios<br data-start=\"966\" data-end=\"969\" \/>\u2705 <strong data-start=\"971\" data-end=\"994\">Modos de operaci\u00f3n:<\/strong> Mono o BiAmp (rango completo)<br data-start=\"1024\" data-end=\"1027\" \/>\u2705 <strong data-start=\"1029\" data-end=\"1066\" data-is-only-node=\"\">Preamplificadores seleccionables:<\/strong> Tubo y estado s\u00f3lido<br data-start=\"1087\" data-end=\"1090\" \/>\u2705 <strong data-start=\"1092\" data-end=\"1114\">Controles de tono:<\/strong><br data-start=\"1114\" data-end=\"1117\" \/>\u2003\u2022 Contorno de graves y agudos (tipo rotativo)<br data-start=\"1163\" data-end=\"1166\" \/>\u2003\u2022 Ecualizador gr\u00e1fico de 10 bandas<br data-start=\"1201\" data-end=\"1204\" \/>\u2705 <strong data-start=\"1206\" data-end=\"1234\">Procesamiento adicional:<\/strong><br data-start=\"1234\" data-end=\"1237\" \/>\u2003\u2022 Compresor ajustable<br data-start=\"1259\" data-end=\"1262\" \/>\u2003\u2022 Crossover activo con control de balance<br data-start=\"1304\" data-end=\"1307\" \/>\u2705 <strong data-start=\"1309\" data-end=\"1326\">Conectividad:<\/strong><br data-start=\"1326\" data-end=\"1329\" \/>\u2003\u2022 Salida XLR balanceada<br data-start=\"1353\" data-end=\"1356\" \/>\u2003\u2022 Env\u00edo y retorno de efectos<br data-start=\"1385\" data-end=\"1388\" \/>\u2003\u2022 Entrada para bajos pasivos y activos<br data-start=\"1427\" data-end=\"1430\" \/>\u2705 <strong data-start=\"1432\" data-end=\"1458\">Otras caracter\u00edsticas:<\/strong><br data-start=\"1458\" data-end=\"1461\" \/>\u2003\u2022 Distorsi\u00f3n arm\u00f3nica total: &lt; 1%<br data-start=\"1495\" data-end=\"1498\" \/>\u2003\u2022 Se\u00f1al a ruido: aprox. 68dBm<br data-start=\"1528\" data-end=\"1531\" \/>\u2003\u2022 Montable en rack (2U \u2013 13\u201d de profundidad)<br data-start=\"1576\" data-end=\"1579\" \/>\u2705 <strong data-start=\"1581\" data-end=\"1599\">Dise\u00f1o bipolar<\/strong><\/p>\n<p data-start=\"1601\" data-end=\"1843\">\ud83d\udee0\ufe0f <strong data-start=\"1605\" data-end=\"1616\">Estado:<\/strong><br data-start=\"1616\" data-end=\"1619\" \/>En excelentes condiciones de funcionamiento. Ideal para usar con configuraciones de cajas m\u00faltiples, sacar el mejor provecho del sistema BiAmp, o simplemente como cabezal mono con una enorme reserva de headroom y definici\u00f3n.<\/p>\n<p data-start=\"1845\" data-end=\"1987\">\ud83d\udce6 Una herramienta profesional con potencia de sobra, ideal para giras, boliches grandes o estudios. \u00a1Un tanque de guerra listo para trabajar!<\/p>\n<\/li>\n<\/ul>\n","protected":false},"excerpt":{"rendered":"<p>El <strong data-start=\"461\" data-end=\"478\">Hartke HA5000<\/strong> es un cl\u00e1sico entre los cabezales de bajo por una raz\u00f3n: <strong data-start=\"536\" data-end=\"590\">versatilidad, potencia y control absoluto del tono<\/strong>. Dise\u00f1ado para bajistas exigentes que necesitan rendimiento profesional en vivo y en estudio, este amplificador ofrece <strong data-start=\"710\" data-end=\"741\">500 watts de potencia total<\/strong>, posibilidad de operar en <strong data-start=\"768\" data-end=\"794\">mono o biamplificaci\u00f3n<\/strong>, y una enorme gama de herramientas para moldear tu sonido.<\/p>\n","protected":false},"featured_media":1933,"template":"","meta":{"site-sidebar-layout":"no-sidebar","site-content-layout":"default","ast-site-content-layout":"default","site-content-style":"default","site-sidebar-style":"default","ast-global-header-display":"","ast-banner-title-visibility":"","ast-main-header-display":"","ast-hfb-above-header-display":"","ast-hfb-below-header-display":"","ast-hfb-mobile-header-display":"","site-post-title":"","ast-breadcrumbs-content":"","ast-featured-img":"","footer-sml-layout":"","ast-disable-related-posts":"","theme-transparent-header-meta":"default","adv-header-id-meta":"","stick-header-meta":"","header-above-stick-meta":"","header-main-stick-meta":"","header-below-stick-meta":"","astra-migrate-meta-layouts":"set","ast-page-background-enabled":"default","ast-page-background-meta":{"desktop":{"background-color":"var(--ast-global-color-4)","background-image":"","background-repeat":"repeat","background-position":"center center","background-size":"auto","background-attachment":"scroll","background-type":"","background-media":"","overlay-type":"","overlay-color":"","overlay-opacity":"","overlay-gradient":""},"tablet":{"background-color":"","background-image":"","background-repeat":"repeat","background-position":"center center","background-size":"auto","background-attachment":"scroll","background-type":"","background-media":"","overlay-type":"","overlay-color":"","overlay-opacity":"","overlay-gradient":""},"mobile":{"background-color":"","background-image":"","background-repeat":"repeat","background-position":"center center","background-size":"auto","background-attachment":"scroll","background-type":"","background-media":"","overlay-type":"","overlay-color":"","overlay-opacity":"","overlay-gradient":""}},"ast-content-background-meta":{"desktop":{"background-color":"var(--ast-global-color-5)","background-image":"","background-repeat":"repeat","background-position":"center center","background-size":"auto","background-attachment":"scroll","background-type":"","background-media":"","overlay-type":"","overlay-color":"","overlay-opacity":"","overlay-gradient":""},"tablet":{"background-color":"var(--ast-global-color-5)","background-image":"","background-repeat":"repeat","background-position":"center center","background-size":"auto","background-attachment":"scroll","background-type":"","background-media":"","overlay-type":"","overlay-color":"","overlay-opacity":"","overlay-gradient":""},"mobile":{"background-color":"var(--ast-global-color-5)","background-image":"","background-repeat":"repeat","background-position":"center center","background-size":"auto","background-attachment":"scroll","background-type":"","background-media":"","overlay-type":"","overlay-color":"","overlay-opacity":"","overlay-gradient":""}},"_joinchat":[]},"product_brand":[],"product_cat":[31,32,15],"product_tag":[76,114],"class_list":{"0":"post-1992","1":"product","2":"type-product","3":"status-publish","4":"has-post-thumbnail","6":"product_cat-amplificadores","7":"product_cat-cabezales","8":"product_cat-sin-categorizar","9":"product_tag-amplificador","10":"product_tag-cabezal","11":"desktop-align-left","12":"tablet-align-left","13":"mobile-align-left","15":"first","16":"instock","17":"shipping-taxable","18":"purchasable","19":"product-type-simple"},"jetpack-related-posts":[{"id":1043,"url":"https:\/\/musicuyinstrumentos.com\/index.php\/producto\/fender-mini-tone-master\/","url_meta":{"origin":1992,"position":0},"title":"Fender Mini Tone Master","author":"matiaspmartinez","date":"28 de marzo de 2022","format":false,"excerpt":"\ud83c\uddfa\ud83c\uddf8 Miniatura del cl\u00e1sico Fender Tone Master, con estilo vintage Peque\u00f1o pero poderoso, el Fender Mini Tone Master ofrece un tono glorioso y aut\u00e9ntico, fiel a los detalles Fender vintage, desde su tela de rejilla retro hasta los controles blancos cl\u00e1sicos. Ideal para pr\u00e1ctica o como pieza de colecci\u00f3n, este\u2026","rel":"","context":"Entrada similar","block_context":{"text":"Entrada similar","link":""},"img":{"alt_text":"","src":"https:\/\/i0.wp.com\/musicuyinstrumentos.com\/wp-content\/uploads\/2022\/03\/Fender-Mini-Tone-Master-2-copia.jpg?fit=1080%2C1080&ssl=1&resize=350%2C200","width":350,"height":200,"srcset":"https:\/\/i0.wp.com\/musicuyinstrumentos.com\/wp-content\/uploads\/2022\/03\/Fender-Mini-Tone-Master-2-copia.jpg?fit=1080%2C1080&ssl=1&resize=350%2C200 1x, https:\/\/i0.wp.com\/musicuyinstrumentos.com\/wp-content\/uploads\/2022\/03\/Fender-Mini-Tone-Master-2-copia.jpg?fit=1080%2C1080&ssl=1&resize=525%2C300 1.5x, https:\/\/i0.wp.com\/musicuyinstrumentos.com\/wp-content\/uploads\/2022\/03\/Fender-Mini-Tone-Master-2-copia.jpg?fit=1080%2C1080&ssl=1&resize=700%2C400 2x, https:\/\/i0.wp.com\/musicuyinstrumentos.com\/wp-content\/uploads\/2022\/03\/Fender-Mini-Tone-Master-2-copia.jpg?fit=1080%2C1080&ssl=1&resize=1050%2C600 3x"},"classes":[]},{"id":1986,"url":"https:\/\/musicuyinstrumentos.com\/index.php\/producto\/peavey-triple-xxx\/","url_meta":{"origin":1992,"position":1},"title":"Peavey Triple XXX","author":"matiaspmartinez","date":"16 de marzo de 2023","format":false,"excerpt":"El Peavey Triple XXX es un cabezal valvular de alta ganancia, dise\u00f1ado para ofrecer potencia bruta, definici\u00f3n y versatilidad. Ideal para estilos extremos como el metal, hardcore o hard rock moderno, pero tambi\u00e9n sorprendentemente flexible para tonos limpios y crunch cl\u00e1sicos.Fabricado en Estados Unidos, este cabezal es uno de los\u2026","rel":"","context":"Entrada similar","block_context":{"text":"Entrada similar","link":""},"img":{"alt_text":"","src":"https:\/\/i0.wp.com\/musicuyinstrumentos.com\/wp-content\/uploads\/2023\/03\/Peavey-XXX-1-copia.jpg?fit=1080%2C1080&ssl=1&resize=350%2C200","width":350,"height":200,"srcset":"https:\/\/i0.wp.com\/musicuyinstrumentos.com\/wp-content\/uploads\/2023\/03\/Peavey-XXX-1-copia.jpg?fit=1080%2C1080&ssl=1&resize=350%2C200 1x, https:\/\/i0.wp.com\/musicuyinstrumentos.com\/wp-content\/uploads\/2023\/03\/Peavey-XXX-1-copia.jpg?fit=1080%2C1080&ssl=1&resize=525%2C300 1.5x, https:\/\/i0.wp.com\/musicuyinstrumentos.com\/wp-content\/uploads\/2023\/03\/Peavey-XXX-1-copia.jpg?fit=1080%2C1080&ssl=1&resize=700%2C400 2x, https:\/\/i0.wp.com\/musicuyinstrumentos.com\/wp-content\/uploads\/2023\/03\/Peavey-XXX-1-copia.jpg?fit=1080%2C1080&ssl=1&resize=1050%2C600 3x"},"classes":[]},{"id":788,"url":"https:\/\/musicuyinstrumentos.com\/index.php\/producto\/rivera-m60\/","url_meta":{"origin":1992,"position":2},"title":"Rivera M60","author":"matiaspmartinez","date":"16 de marzo de 2022","format":false,"excerpt":"Combo valvular artesanal fabricado en California a principios de los a\u00f1os 90. El Rivera M60 es una verdadera joya boutique, reconocida por su construcci\u00f3n robusta, su tono c\u00e1lido y vers\u00e1til, y su capacidad para cubrir desde sonidos limpios cristalinos hasta saturaciones con cuerpo y car\u00e1cter. Esta unidad incluye el footswitch\u2026","rel":"","context":"Entrada similar","block_context":{"text":"Entrada similar","link":""},"img":{"alt_text":"","src":"https:\/\/i0.wp.com\/musicuyinstrumentos.com\/wp-content\/uploads\/2022\/03\/Rivera-M60-1-Personalizado.jpg?fit=1080%2C1080&ssl=1&resize=350%2C200","width":350,"height":200,"srcset":"https:\/\/i0.wp.com\/musicuyinstrumentos.com\/wp-content\/uploads\/2022\/03\/Rivera-M60-1-Personalizado.jpg?fit=1080%2C1080&ssl=1&resize=350%2C200 1x, https:\/\/i0.wp.com\/musicuyinstrumentos.com\/wp-content\/uploads\/2022\/03\/Rivera-M60-1-Personalizado.jpg?fit=1080%2C1080&ssl=1&resize=525%2C300 1.5x, https:\/\/i0.wp.com\/musicuyinstrumentos.com\/wp-content\/uploads\/2022\/03\/Rivera-M60-1-Personalizado.jpg?fit=1080%2C1080&ssl=1&resize=700%2C400 2x, https:\/\/i0.wp.com\/musicuyinstrumentos.com\/wp-content\/uploads\/2022\/03\/Rivera-M60-1-Personalizado.jpg?fit=1080%2C1080&ssl=1&resize=1050%2C600 3x"},"classes":[]},{"id":1997,"url":"https:\/\/musicuyinstrumentos.com\/index.php\/producto\/engl-e650-ritchie-blackmore\/","url_meta":{"origin":1992,"position":3},"title":"ENGL E650 Ritchie Blackmore","author":"matiaspmartinez","date":"16 de marzo de 2023","format":false,"excerpt":"Dise\u00f1ado en conjunto con el legendario guitarrista Ritchie Blackmore (Deep Purple, Rainbow), el ENGL E650 Signature ofrece una combinaci\u00f3n \u00fanica de claridad, respuesta din\u00e1mica y potencia. Este cabezal de 100 watts est\u00e1 construido con la robustez alemana caracter\u00edstica de ENGL, y presenta un dise\u00f1o de 2 canales con controles independientes,\u2026","rel":"","context":"Entrada similar","block_context":{"text":"Entrada similar","link":""},"img":{"alt_text":"","src":"https:\/\/i0.wp.com\/musicuyinstrumentos.com\/wp-content\/uploads\/2023\/03\/ENGL-E650-Ritchie-Blackmore-1-copia.jpg?fit=1080%2C1080&ssl=1&resize=350%2C200","width":350,"height":200,"srcset":"https:\/\/i0.wp.com\/musicuyinstrumentos.com\/wp-content\/uploads\/2023\/03\/ENGL-E650-Ritchie-Blackmore-1-copia.jpg?fit=1080%2C1080&ssl=1&resize=350%2C200 1x, https:\/\/i0.wp.com\/musicuyinstrumentos.com\/wp-content\/uploads\/2023\/03\/ENGL-E650-Ritchie-Blackmore-1-copia.jpg?fit=1080%2C1080&ssl=1&resize=525%2C300 1.5x, https:\/\/i0.wp.com\/musicuyinstrumentos.com\/wp-content\/uploads\/2023\/03\/ENGL-E650-Ritchie-Blackmore-1-copia.jpg?fit=1080%2C1080&ssl=1&resize=700%2C400 2x, https:\/\/i0.wp.com\/musicuyinstrumentos.com\/wp-content\/uploads\/2023\/03\/ENGL-E650-Ritchie-Blackmore-1-copia.jpg?fit=1080%2C1080&ssl=1&resize=1050%2C600 3x"},"classes":[]},{"id":2995,"url":"https:\/\/musicuyinstrumentos.com\/index.php\/producto\/dbz-barchetta-amber-tobacco-burst-upgrades\/","url_meta":{"origin":1992,"position":4},"title":"DBZ Barchetta Amber Tobacco Burst + Upgrades","author":"matiaspmartinez","date":"20 de abril de 2025","format":false,"excerpt":"La DBZ Barchetta Amber Tobacco Burst es una guitarra el\u00e9ctrica de dise\u00f1o agresivo y sonido impresionante, perfecta para guitarristas que buscan un instrumento con un estilo \u00fanico y gran versatilidad. Este modelo cuenta con micr\u00f3fonos Seymour Duncan SH4-JB en el puente y SH-2 Jazz en el m\u00e1stil, lo que le\u2026","rel":"","context":"Entrada similar","block_context":{"text":"Entrada similar","link":""},"img":{"alt_text":"","src":"https:\/\/i0.wp.com\/musicuyinstrumentos.com\/wp-content\/uploads\/2025\/04\/DBZ-Barchetta-1.jpg?fit=1080%2C1080&ssl=1&resize=350%2C200","width":350,"height":200,"srcset":"https:\/\/i0.wp.com\/musicuyinstrumentos.com\/wp-content\/uploads\/2025\/04\/DBZ-Barchetta-1.jpg?fit=1080%2C1080&ssl=1&resize=350%2C200 1x, https:\/\/i0.wp.com\/musicuyinstrumentos.com\/wp-content\/uploads\/2025\/04\/DBZ-Barchetta-1.jpg?fit=1080%2C1080&ssl=1&resize=525%2C300 1.5x, https:\/\/i0.wp.com\/musicuyinstrumentos.com\/wp-content\/uploads\/2025\/04\/DBZ-Barchetta-1.jpg?fit=1080%2C1080&ssl=1&resize=700%2C400 2x, https:\/\/i0.wp.com\/musicuyinstrumentos.com\/wp-content\/uploads\/2025\/04\/DBZ-Barchetta-1.jpg?fit=1080%2C1080&ssl=1&resize=1050%2C600 3x"},"classes":[]},{"id":608,"url":"https:\/\/musicuyinstrumentos.com\/index.php\/producto\/dbz-venom\/","url_meta":{"origin":1992,"position":5},"title":"DBZ Venom","author":"matiaspmartinez","date":"8 de marzo de 2022","format":false,"excerpt":"Una de las primeras versiones de la DBZ Venom, dise\u00f1ada por el legendario luthier Dean B. Zelinsky (fundador de Dean Guitars). Este modelo pertenece a las tandas iniciales fabricadas en Corea, y destaca no solo por su est\u00e9tica agresiva tipo V con l\u00edneas curvas, sino tambi\u00e9n por su potencia sonora\u2026","rel":"","context":"Entrada similar","block_context":{"text":"Entrada similar","link":""},"img":{"alt_text":"","src":"https:\/\/i0.wp.com\/musicuyinstrumentos.com\/wp-content\/uploads\/2022\/03\/DBZ-Venom-1.jpg?fit=1079%2C1080&ssl=1&resize=350%2C200","width":350,"height":200,"srcset":"https:\/\/i0.wp.com\/musicuyinstrumentos.com\/wp-content\/uploads\/2022\/03\/DBZ-Venom-1.jpg?fit=1079%2C1080&ssl=1&resize=350%2C200 1x, https:\/\/i0.wp.com\/musicuyinstrumentos.com\/wp-content\/uploads\/2022\/03\/DBZ-Venom-1.jpg?fit=1079%2C1080&ssl=1&resize=525%2C300 1.5x, https:\/\/i0.wp.com\/musicuyinstrumentos.com\/wp-content\/uploads\/2022\/03\/DBZ-Venom-1.jpg?fit=1079%2C1080&ssl=1&resize=700%2C400 2x, https:\/\/i0.wp.com\/musicuyinstrumentos.com\/wp-content\/uploads\/2022\/03\/DBZ-Venom-1.jpg?fit=1079%2C1080&ssl=1&resize=1050%2C600 3x"},"classes":[]}],"jetpack_sharing_enabled":true,"_links":{"self":[{"href":"https:\/\/musicuyinstrumentos.com\/index.php\/wp-json\/wp\/v2\/product\/1992","targetHints":{"allow":["GET"]}}],"collection":[{"href":"https:\/\/musicuyinstrumentos.com\/index.php\/wp-json\/wp\/v2\/product"}],"about":[{"href":"https:\/\/musicuyinstrumentos.com\/index.php\/wp-json\/wp\/v2\/types\/product"}],"version-history":[{"count":3,"href":"https:\/\/musicuyinstrumentos.com\/index.php\/wp-json\/wp\/v2\/product\/1992\/revisions"}],"predecessor-version":[{"id":3258,"href":"https:\/\/musicuyinstrumentos.com\/index.php\/wp-json\/wp\/v2\/product\/1992\/revisions\/3258"}],"wp:featuredmedia":[{"embeddable":true,"href":"https:\/\/musicuyinstrumentos.com\/index.php\/wp-json\/wp\/v2\/media\/1933"}],"wp:attachment":[{"href":"https:\/\/musicuyinstrumentos.com\/index.php\/wp-json\/wp\/v2\/media?parent=1992"}],"wp:term":[{"taxonomy":"product_brand","embeddable":true,"href":"https:\/\/musicuyinstrumentos.com\/index.php\/wp-json\/wp\/v2\/product_brand?post=1992"},{"taxonomy":"product_cat","embeddable":true,"href":"https:\/\/musicuyinstrumentos.com\/index.php\/wp-json\/wp\/v2\/product_cat?post=1992"},{"taxonomy":"product_tag","embeddable":true,"href":"https:\/\/musicuyinstrumentos.com\/index.php\/wp-json\/wp\/v2\/product_tag?post=1992"}],"curies":[{"name":"wp","href":"https:\/\/api.w.org\/{rel}","templated":true}]}}