{"id":2109,"date":"2023-07-04T14:20:44","date_gmt":"2023-07-04T17:20:44","guid":{"rendered":"https:\/\/musicuyinstrumentos.com\/?post_type=product&#038;p=2109"},"modified":"2025-05-22T17:16:28","modified_gmt":"2025-05-22T20:16:28","slug":"palmer-compressor","status":"publish","type":"product","link":"https:\/\/musicuyinstrumentos.com\/index.php\/producto\/palmer-compressor\/","title":{"rendered":"Palmer Compressor"},"content":{"rendered":"<p data-start=\"804\" data-end=\"1344\">\ud83e\uddf1 <strong data-start=\"807\" data-end=\"837\">Especificaciones t\u00e9cnicas:<\/strong><br data-start=\"837\" data-end=\"840\" \/>\u2705 Tipo: Pedal de efecto de compresor para guitarra<br data-start=\"890\" data-end=\"893\" \/>\u2705 Controles: Level, Attack, Sustain<br data-start=\"928\" data-end=\"931\" \/>\u2705 Indicador: LED de encendido\/apagado<br data-start=\"968\" data-end=\"971\" \/>\u2705 Conexiones: Entrada y salida de 6.3 mm (1\/4&#8243;)<br data-start=\"1018\" data-end=\"1021\" \/>\u2705 Impedancia de entrada: 1 M\u03a9<br data-start=\"1050\" data-end=\"1053\" \/>\u2705 Impedancia de salida: 100 k\u03a9<br data-start=\"1083\" data-end=\"1086\" \/>\u2705 Ruido residual: -85 dB<br data-start=\"1110\" data-end=\"1113\" \/>\u2705 True Bypass: S\u00ed<br data-start=\"1130\" data-end=\"1133\" \/>\u2705 Alimentaci\u00f3n: Bater\u00eda de 9V o fuente de alimentaci\u00f3n de 9V DC (no incluida)<br data-start=\"1210\" data-end=\"1213\" \/>\u2705 Consumo de corriente: 12 mA<br data-start=\"1242\" data-end=\"1245\" \/>\u2705 Material: Acero con recubrimiento en polvo<br data-start=\"1289\" data-end=\"1292\" \/>\u2705 Dimensiones: 120 x 120 x 60 mm<br data-start=\"1324\" data-end=\"1327\" \/>\u2705 Peso: 0.71 kg<\/p>\n<p data-start=\"1346\" data-end=\"1445\">\ud83d\udee0\ufe0f <strong data-start=\"1350\" data-end=\"1361\">Estado:<\/strong><br data-start=\"1361\" data-end=\"1364\" \/>Pedal en excelente estado, con funcionamiento perfecto y m\u00ednimos signos de uso.<\/p>\n<p data-start=\"1447\" data-end=\"1588\">\ud83d\udd25 <strong data-start=\"1450\" data-end=\"1586\">Ideal para guitarristas que buscan un compresor anal\u00f3gico confiable y de alta calidad, con un dise\u00f1o robusto y controles intuitivos.<\/strong><\/p>\n","protected":false},"excerpt":{"rendered":"<p>El <strong data-start=\"470\" data-end=\"498\">Palmer PECOMP Compressor<\/strong> es un pedal de compresi\u00f3n anal\u00f3gico que ofrece un control preciso sobre la din\u00e1mica de tu se\u00f1al, proporcionando mayor punch y sustain sin distorsi\u00f3n. Su circuito de bajo ruido y construcci\u00f3n robusta lo convierten en una opci\u00f3n confiable para guitarristas que buscan calidad y durabilidad en su equipo.<\/p>\n","protected":false},"featured_media":2075,"template":"","meta":{"site-sidebar-layout":"default","site-content-layout":"default","ast-site-content-layout":"default","site-content-style":"default","site-sidebar-style":"default","ast-global-header-display":"","ast-banner-title-visibility":"","ast-main-header-display":"","ast-hfb-above-header-display":"","ast-hfb-below-header-display":"","ast-hfb-mobile-header-display":"","site-post-title":"","ast-breadcrumbs-content":"","ast-featured-img":"","footer-sml-layout":"","ast-disable-related-posts":"","theme-transparent-header-meta":"default","adv-header-id-meta":"","stick-header-meta":"","header-above-stick-meta":"","header-main-stick-meta":"","header-below-stick-meta":"","astra-migrate-meta-layouts":"set","ast-page-background-enabled":"default","ast-page-background-meta":{"desktop":{"background-color":"var(--ast-global-color-4)","background-image":"","background-repeat":"repeat","background-position":"center center","background-size":"auto","background-attachment":"scroll","background-type":"","background-media":"","overlay-type":"","overlay-color":"","overlay-opacity":"","overlay-gradient":""},"tablet":{"background-color":"","background-image":"","background-repeat":"repeat","background-position":"center center","background-size":"auto","background-attachment":"scroll","background-type":"","background-media":"","overlay-type":"","overlay-color":"","overlay-opacity":"","overlay-gradient":""},"mobile":{"background-color":"","background-image":"","background-repeat":"repeat","background-position":"center center","background-size":"auto","background-attachment":"scroll","background-type":"","background-media":"","overlay-type":"","overlay-color":"","overlay-opacity":"","overlay-gradient":""}},"ast-content-background-meta":{"desktop":{"background-color":"var(--ast-global-color-5)","background-image":"","background-repeat":"repeat","background-position":"center center","background-size":"auto","background-attachment":"scroll","background-type":"","background-media":"","overlay-type":"","overlay-color":"","overlay-opacity":"","overlay-gradient":""},"tablet":{"background-color":"var(--ast-global-color-5)","background-image":"","background-repeat":"repeat","background-position":"center center","background-size":"auto","background-attachment":"scroll","background-type":"","background-media":"","overlay-type":"","overlay-color":"","overlay-opacity":"","overlay-gradient":""},"mobile":{"background-color":"var(--ast-global-color-5)","background-image":"","background-repeat":"repeat","background-position":"center center","background-size":"auto","background-attachment":"scroll","background-type":"","background-media":"","overlay-type":"","overlay-color":"","overlay-opacity":"","overlay-gradient":""}},"_joinchat":[]},"product_brand":[],"product_cat":[44,47,15],"product_tag":[],"class_list":{"0":"post-2109","1":"product","2":"type-product","3":"status-publish","4":"has-post-thumbnail","6":"product_cat-accesorios","7":"product_cat-pedales","8":"product_cat-sin-categorizar","9":"desktop-align-left","10":"tablet-align-left","11":"mobile-align-left","13":"first","14":"instock","15":"shipping-taxable","16":"purchasable","17":"product-type-simple"},"jetpack-related-posts":[{"id":988,"url":"https:\/\/musicuyinstrumentos.com\/index.php\/producto\/carl-martin-octaswitch\/","url_meta":{"origin":2109,"position":0},"title":"Carl Martin Octaswitch","author":"matiaspmartinez","date":"24 de marzo de 2022","format":false,"excerpt":"El Carl Martin Octa-Switch es un sistema de conmutaci\u00f3n de efectos anal\u00f3gico que permite controlar hasta ocho pedales de efectos mediante ocho loops independientes. Cada uno de los ocho bancos programables se configura f\u00e1cilmente mediante interruptores DIP, permitiendo activar combinaciones espec\u00edficas de efectos con un solo toque. Su dise\u00f1o robusto\u2026","rel":"","context":"Entrada similar","block_context":{"text":"Entrada similar","link":""},"img":{"alt_text":"","src":"https:\/\/i0.wp.com\/musicuyinstrumentos.com\/wp-content\/uploads\/2022\/03\/Carl-Martin-Octaswitch-2-copia.jpg?fit=1080%2C1080&ssl=1&resize=350%2C200","width":350,"height":200,"srcset":"https:\/\/i0.wp.com\/musicuyinstrumentos.com\/wp-content\/uploads\/2022\/03\/Carl-Martin-Octaswitch-2-copia.jpg?fit=1080%2C1080&ssl=1&resize=350%2C200 1x, https:\/\/i0.wp.com\/musicuyinstrumentos.com\/wp-content\/uploads\/2022\/03\/Carl-Martin-Octaswitch-2-copia.jpg?fit=1080%2C1080&ssl=1&resize=525%2C300 1.5x, https:\/\/i0.wp.com\/musicuyinstrumentos.com\/wp-content\/uploads\/2022\/03\/Carl-Martin-Octaswitch-2-copia.jpg?fit=1080%2C1080&ssl=1&resize=700%2C400 2x, https:\/\/i0.wp.com\/musicuyinstrumentos.com\/wp-content\/uploads\/2022\/03\/Carl-Martin-Octaswitch-2-copia.jpg?fit=1080%2C1080&ssl=1&resize=1050%2C600 3x"},"classes":[]},{"id":999,"url":"https:\/\/musicuyinstrumentos.com\/index.php\/producto\/boss-digital-delay-dd-3-made-in-japan\/","url_meta":{"origin":2109,"position":1},"title":"Boss Digital Delay DD-3 (Made in Japan)","author":"matiaspmartinez","date":"24 de marzo de 2022","format":false,"excerpt":"El Boss DD-3 es uno de los pedales de delay digitales m\u00e1s ic\u00f3nicos de todos los tiempos, conocido por su tono cristalino y operaci\u00f3n sencilla. Esta versi\u00f3n en particular fue fabricada en Jap\u00f3n, lo cual la vuelve altamente buscada por coleccionistas y amantes del audio cl\u00e1sico de Boss. Lanzado originalmente\u2026","rel":"","context":"Entrada similar","block_context":{"text":"Entrada similar","link":""},"img":{"alt_text":"","src":"https:\/\/i0.wp.com\/musicuyinstrumentos.com\/wp-content\/uploads\/2022\/03\/Boss-Digital-Delay-DD-3-3-copia.jpg?fit=1080%2C1080&ssl=1&resize=350%2C200","width":350,"height":200,"srcset":"https:\/\/i0.wp.com\/musicuyinstrumentos.com\/wp-content\/uploads\/2022\/03\/Boss-Digital-Delay-DD-3-3-copia.jpg?fit=1080%2C1080&ssl=1&resize=350%2C200 1x, https:\/\/i0.wp.com\/musicuyinstrumentos.com\/wp-content\/uploads\/2022\/03\/Boss-Digital-Delay-DD-3-3-copia.jpg?fit=1080%2C1080&ssl=1&resize=525%2C300 1.5x, https:\/\/i0.wp.com\/musicuyinstrumentos.com\/wp-content\/uploads\/2022\/03\/Boss-Digital-Delay-DD-3-3-copia.jpg?fit=1080%2C1080&ssl=1&resize=700%2C400 2x, https:\/\/i0.wp.com\/musicuyinstrumentos.com\/wp-content\/uploads\/2022\/03\/Boss-Digital-Delay-DD-3-3-copia.jpg?fit=1080%2C1080&ssl=1&resize=1050%2C600 3x"},"classes":[]},{"id":2734,"url":"https:\/\/musicuyinstrumentos.com\/index.php\/producto\/fender-marine-layer-reverb\/","url_meta":{"origin":2109,"position":2},"title":"Fender Marine Layer Reverb","author":"matiaspmartinez","date":"6 de noviembre de 2024","format":false,"excerpt":"El Marine Layer Reverb de Fender es una excelente opci\u00f3n para quienes buscan una reverb rica y vers\u00e1til con controles intuitivos y un dise\u00f1o elegante. Ofrece varios modos (Hall, Room, Shimmer), con decay ajustable, pre-delay, y un efecto shimmer con octavas que le da un car\u00e1cter et\u00e9reo y espacial ideal\u2026","rel":"","context":"Entrada similar","block_context":{"text":"Entrada similar","link":""},"img":{"alt_text":"","src":"https:\/\/i0.wp.com\/musicuyinstrumentos.com\/wp-content\/uploads\/2024\/11\/Fender-Marine-Layer-Reverb-1-Alibaba.jpg?fit=1080%2C1080&ssl=1&resize=350%2C200","width":350,"height":200,"srcset":"https:\/\/i0.wp.com\/musicuyinstrumentos.com\/wp-content\/uploads\/2024\/11\/Fender-Marine-Layer-Reverb-1-Alibaba.jpg?fit=1080%2C1080&ssl=1&resize=350%2C200 1x, https:\/\/i0.wp.com\/musicuyinstrumentos.com\/wp-content\/uploads\/2024\/11\/Fender-Marine-Layer-Reverb-1-Alibaba.jpg?fit=1080%2C1080&ssl=1&resize=525%2C300 1.5x, https:\/\/i0.wp.com\/musicuyinstrumentos.com\/wp-content\/uploads\/2024\/11\/Fender-Marine-Layer-Reverb-1-Alibaba.jpg?fit=1080%2C1080&ssl=1&resize=700%2C400 2x, https:\/\/i0.wp.com\/musicuyinstrumentos.com\/wp-content\/uploads\/2024\/11\/Fender-Marine-Layer-Reverb-1-Alibaba.jpg?fit=1080%2C1080&ssl=1&resize=1050%2C600 3x"},"classes":[]},{"id":2400,"url":"https:\/\/musicuyinstrumentos.com\/index.php\/producto\/maxon-overdrive-od808-modificado\/","url_meta":{"origin":2109,"position":3},"title":"Maxon Overdrive OD808 modificado","author":"matiaspmartinez","date":"19 de enero de 2024","format":false,"excerpt":"El Maxon OD808, fabricado en Jap\u00f3n, es un pedal de overdrive de culto por su tono c\u00e1lido, suave y natural. Esta unidad ha sido modificada y cuenta con un switch adicional que ampl\u00eda sus posibilidades sonoras.","rel":"","context":"Entrada similar","block_context":{"text":"Entrada similar","link":""},"img":{"alt_text":"","src":"https:\/\/i0.wp.com\/musicuyinstrumentos.com\/wp-content\/uploads\/2024\/01\/Maxon-OD808-1-Personalizado.jpg?fit=1080%2C1080&ssl=1&resize=350%2C200","width":350,"height":200,"srcset":"https:\/\/i0.wp.com\/musicuyinstrumentos.com\/wp-content\/uploads\/2024\/01\/Maxon-OD808-1-Personalizado.jpg?fit=1080%2C1080&ssl=1&resize=350%2C200 1x, https:\/\/i0.wp.com\/musicuyinstrumentos.com\/wp-content\/uploads\/2024\/01\/Maxon-OD808-1-Personalizado.jpg?fit=1080%2C1080&ssl=1&resize=525%2C300 1.5x, https:\/\/i0.wp.com\/musicuyinstrumentos.com\/wp-content\/uploads\/2024\/01\/Maxon-OD808-1-Personalizado.jpg?fit=1080%2C1080&ssl=1&resize=700%2C400 2x, https:\/\/i0.wp.com\/musicuyinstrumentos.com\/wp-content\/uploads\/2024\/01\/Maxon-OD808-1-Personalizado.jpg?fit=1080%2C1080&ssl=1&resize=1050%2C600 3x"},"classes":[]},{"id":1043,"url":"https:\/\/musicuyinstrumentos.com\/index.php\/producto\/fender-mini-tone-master\/","url_meta":{"origin":2109,"position":4},"title":"Fender Mini Tone Master","author":"matiaspmartinez","date":"28 de marzo de 2022","format":false,"excerpt":"\ud83c\uddfa\ud83c\uddf8 Miniatura del cl\u00e1sico Fender Tone Master, con estilo vintage Peque\u00f1o pero poderoso, el Fender Mini Tone Master ofrece un tono glorioso y aut\u00e9ntico, fiel a los detalles Fender vintage, desde su tela de rejilla retro hasta los controles blancos cl\u00e1sicos. Ideal para pr\u00e1ctica o como pieza de colecci\u00f3n, este\u2026","rel":"","context":"Entrada similar","block_context":{"text":"Entrada similar","link":""},"img":{"alt_text":"","src":"https:\/\/i0.wp.com\/musicuyinstrumentos.com\/wp-content\/uploads\/2022\/03\/Fender-Mini-Tone-Master-2-copia.jpg?fit=1080%2C1080&ssl=1&resize=350%2C200","width":350,"height":200,"srcset":"https:\/\/i0.wp.com\/musicuyinstrumentos.com\/wp-content\/uploads\/2022\/03\/Fender-Mini-Tone-Master-2-copia.jpg?fit=1080%2C1080&ssl=1&resize=350%2C200 1x, https:\/\/i0.wp.com\/musicuyinstrumentos.com\/wp-content\/uploads\/2022\/03\/Fender-Mini-Tone-Master-2-copia.jpg?fit=1080%2C1080&ssl=1&resize=525%2C300 1.5x, https:\/\/i0.wp.com\/musicuyinstrumentos.com\/wp-content\/uploads\/2022\/03\/Fender-Mini-Tone-Master-2-copia.jpg?fit=1080%2C1080&ssl=1&resize=700%2C400 2x, https:\/\/i0.wp.com\/musicuyinstrumentos.com\/wp-content\/uploads\/2022\/03\/Fender-Mini-Tone-Master-2-copia.jpg?fit=1080%2C1080&ssl=1&resize=1050%2C600 3x"},"classes":[]},{"id":2732,"url":"https:\/\/musicuyinstrumentos.com\/index.php\/producto\/mxr-m169-carbon-copy-analog-delay\/","url_meta":{"origin":2109,"position":5},"title":"MXR M169 Carbon Copy Analog Delay","author":"matiaspmartinez","date":"6 de noviembre de 2024","format":false,"excerpt":"El MXR Carbon Copy es uno de los delays anal\u00f3gicos m\u00e1s queridos del mercado, famoso por su tono c\u00e1lido y org\u00e1nico. Con un tiempo de retardo de hasta 600ms y un mod switch para agregar un toque de chorus tipo cinta, este pedal se adapta a todo tipo de estilos:\u2026","rel":"","context":"Entrada similar","block_context":{"text":"Entrada similar","link":""},"img":{"alt_text":"","src":"https:\/\/i0.wp.com\/musicuyinstrumentos.com\/wp-content\/uploads\/2024\/11\/MXR-Carbon-Copy-Analog-Delay-1-Alibaba.jpg?fit=1080%2C1080&ssl=1&resize=350%2C200","width":350,"height":200,"srcset":"https:\/\/i0.wp.com\/musicuyinstrumentos.com\/wp-content\/uploads\/2024\/11\/MXR-Carbon-Copy-Analog-Delay-1-Alibaba.jpg?fit=1080%2C1080&ssl=1&resize=350%2C200 1x, https:\/\/i0.wp.com\/musicuyinstrumentos.com\/wp-content\/uploads\/2024\/11\/MXR-Carbon-Copy-Analog-Delay-1-Alibaba.jpg?fit=1080%2C1080&ssl=1&resize=525%2C300 1.5x, https:\/\/i0.wp.com\/musicuyinstrumentos.com\/wp-content\/uploads\/2024\/11\/MXR-Carbon-Copy-Analog-Delay-1-Alibaba.jpg?fit=1080%2C1080&ssl=1&resize=700%2C400 2x, https:\/\/i0.wp.com\/musicuyinstrumentos.com\/wp-content\/uploads\/2024\/11\/MXR-Carbon-Copy-Analog-Delay-1-Alibaba.jpg?fit=1080%2C1080&ssl=1&resize=1050%2C600 3x"},"classes":[]}],"jetpack_sharing_enabled":true,"_links":{"self":[{"href":"https:\/\/musicuyinstrumentos.com\/index.php\/wp-json\/wp\/v2\/product\/2109","targetHints":{"allow":["GET"]}}],"collection":[{"href":"https:\/\/musicuyinstrumentos.com\/index.php\/wp-json\/wp\/v2\/product"}],"about":[{"href":"https:\/\/musicuyinstrumentos.com\/index.php\/wp-json\/wp\/v2\/types\/product"}],"version-history":[{"count":2,"href":"https:\/\/musicuyinstrumentos.com\/index.php\/wp-json\/wp\/v2\/product\/2109\/revisions"}],"predecessor-version":[{"id":3226,"href":"https:\/\/musicuyinstrumentos.com\/index.php\/wp-json\/wp\/v2\/product\/2109\/revisions\/3226"}],"wp:featuredmedia":[{"embeddable":true,"href":"https:\/\/musicuyinstrumentos.com\/index.php\/wp-json\/wp\/v2\/media\/2075"}],"wp:attachment":[{"href":"https:\/\/musicuyinstrumentos.com\/index.php\/wp-json\/wp\/v2\/media?parent=2109"}],"wp:term":[{"taxonomy":"product_brand","embeddable":true,"href":"https:\/\/musicuyinstrumentos.com\/index.php\/wp-json\/wp\/v2\/product_brand?post=2109"},{"taxonomy":"product_cat","embeddable":true,"href":"https:\/\/musicuyinstrumentos.com\/index.php\/wp-json\/wp\/v2\/product_cat?post=2109"},{"taxonomy":"product_tag","embeddable":true,"href":"https:\/\/musicuyinstrumentos.com\/index.php\/wp-json\/wp\/v2\/product_tag?post=2109"}],"curies":[{"name":"wp","href":"https:\/\/api.w.org\/{rel}","templated":true}]}}