{"id":2208,"date":"2023-09-08T16:00:16","date_gmt":"2023-09-08T19:00:16","guid":{"rendered":"https:\/\/musicuyinstrumentos.com\/?post_type=product&#038;p=2208"},"modified":"2025-05-22T17:07:04","modified_gmt":"2025-05-22T20:07:04","slug":"kramer-baretta-ruby-red","status":"publish","type":"product","link":"https:\/\/musicuyinstrumentos.com\/index.php\/producto\/kramer-baretta-ruby-red\/","title":{"rendered":"Kramer Baretta Ruby Red"},"content":{"rendered":"<p>\u2705 Modelo: Kramer Baretta<br data-start=\"883\" data-end=\"886\" \/>\u2705 Color: Ruby Red<br data-start=\"903\" data-end=\"906\" \/>\u2705 Cuerpo: Aliso (Alder)<br data-start=\"929\" data-end=\"932\" \/>\u2705 M\u00e1stil: Arce atornillado (bolt-on)<br data-start=\"968\" data-end=\"971\" \/>\u2705 Diapas\u00f3n: Arce \/ Radio de 12&#8243;<br data-start=\"1002\" data-end=\"1005\" \/>\u2705 Escala: 25.5&#8243;<br data-start=\"1020\" data-end=\"1023\" \/>\u2705 Trastes: 22 medium jumbo<br data-start=\"1049\" data-end=\"1052\" \/>\u2705 Micr\u00f3fono: 1x Seymour Duncan JB Humbucker (puente)<br data-start=\"1104\" data-end=\"1107\" \/>\u2705 Controles: 1 volumen<br data-start=\"1129\" data-end=\"1132\" \/>\u2705 Selector: Push\/pull para coil split<br data-start=\"1169\" data-end=\"1172\" \/>\u2705 Puente: Floyd Rose 1000 Series con R2 Locking Nut<br data-start=\"1223\" data-end=\"1226\" \/>\u2705 Clavijas: Kramer selladas<br data-start=\"1253\" data-end=\"1256\" \/>\u2705 Est\u00e9tica: Estilo cl\u00e1sico superstrat de los &#8217;80s, con pickguard y acabado gloss<\/p>\n","protected":false},"excerpt":{"rendered":"<p>La <strong data-start=\"387\" data-end=\"405\">Kramer Baretta<\/strong> es un \u00edcono del rock ochentero, famosa por su simplicidad, potencia y actitud. Este modelo en color <strong data-start=\"506\" data-end=\"518\">Ruby Red<\/strong> mantiene la esencia cl\u00e1sica de la marca, con una est\u00e9tica agresiva y un rendimiento orientado al shred. Su configuraci\u00f3n con un solo humbucker y puente Floyd Rose es ideal para quienes buscan una guitarra lista para la acci\u00f3n, sin distracciones ni complicaciones. Perfecta para hard rock, metal y solos veloces.<\/p>\n","protected":false},"featured_media":2210,"template":"","meta":{"site-sidebar-layout":"no-sidebar","site-content-layout":"","ast-site-content-layout":"default","site-content-style":"default","site-sidebar-style":"default","ast-global-header-display":"","ast-banner-title-visibility":"","ast-main-header-display":"","ast-hfb-above-header-display":"","ast-hfb-below-header-display":"","ast-hfb-mobile-header-display":"","site-post-title":"","ast-breadcrumbs-content":"","ast-featured-img":"","footer-sml-layout":"","ast-disable-related-posts":"","theme-transparent-header-meta":"default","adv-header-id-meta":"","stick-header-meta":"","header-above-stick-meta":"","header-main-stick-meta":"","header-below-stick-meta":"","astra-migrate-meta-layouts":"set","ast-page-background-enabled":"default","ast-page-background-meta":{"desktop":{"background-color":"var(--ast-global-color-4)","background-image":"","background-repeat":"repeat","background-position":"center center","background-size":"auto","background-attachment":"scroll","background-type":"","background-media":"","overlay-type":"","overlay-color":"","overlay-opacity":"","overlay-gradient":""},"tablet":{"background-color":"","background-image":"","background-repeat":"repeat","background-position":"center center","background-size":"auto","background-attachment":"scroll","background-type":"","background-media":"","overlay-type":"","overlay-color":"","overlay-opacity":"","overlay-gradient":""},"mobile":{"background-color":"","background-image":"","background-repeat":"repeat","background-position":"center center","background-size":"auto","background-attachment":"scroll","background-type":"","background-media":"","overlay-type":"","overlay-color":"","overlay-opacity":"","overlay-gradient":""}},"ast-content-background-meta":{"desktop":{"background-color":"var(--ast-global-color-5)","background-image":"","background-repeat":"repeat","background-position":"center center","background-size":"auto","background-attachment":"scroll","background-type":"","background-media":"","overlay-type":"","overlay-color":"","overlay-opacity":"","overlay-gradient":""},"tablet":{"background-color":"var(--ast-global-color-5)","background-image":"","background-repeat":"repeat","background-position":"center center","background-size":"auto","background-attachment":"scroll","background-type":"","background-media":"","overlay-type":"","overlay-color":"","overlay-opacity":"","overlay-gradient":""},"mobile":{"background-color":"var(--ast-global-color-5)","background-image":"","background-repeat":"repeat","background-position":"center center","background-size":"auto","background-attachment":"scroll","background-type":"","background-media":"","overlay-type":"","overlay-color":"","overlay-opacity":"","overlay-gradient":""}},"_joinchat":[]},"product_brand":[],"product_cat":[22,21,15],"product_tag":[74,73],"class_list":{"0":"post-2208","1":"product","2":"type-product","3":"status-publish","4":"has-post-thumbnail","6":"product_cat-guitarras","7":"product_cat-guitarras-electricas","8":"product_cat-sin-categorizar","9":"product_tag-electrica","10":"product_tag-guitarra","11":"desktop-align-left","12":"tablet-align-left","13":"mobile-align-left","15":"first","16":"instock","17":"shipping-taxable","18":"purchasable","19":"product-type-simple"},"jetpack-related-posts":[{"id":21,"url":"https:\/\/musicuyinstrumentos.com\/index.php\/producto\/bc-rich-jr-v-nt-series\/","url_meta":{"origin":2208,"position":0},"title":"BC Rich JR V NT Series","author":"matiaspmartinez","date":"1 de marzo de 2022","format":false,"excerpt":"La BC Rich NT Jr V forma parte de la serie V Standard de la marca, una reinterpretaci\u00f3n moderna del cl\u00e1sico dise\u00f1o \"V\", con construcci\u00f3n neck-thru que asegura un sustain prolongado, gran estabilidad y acceso completo a todos los trastes. Este modelo en particular fue fabricado en Corea en 2004\u2026","rel":"","context":"Entrada similar","block_context":{"text":"Entrada similar","link":""},"img":{"alt_text":"","src":"https:\/\/i0.wp.com\/musicuyinstrumentos.com\/wp-content\/uploads\/2022\/03\/BC-Rich-JRV-NT-Series-1.jpg?fit=1080%2C1080&ssl=1&resize=350%2C200","width":350,"height":200,"srcset":"https:\/\/i0.wp.com\/musicuyinstrumentos.com\/wp-content\/uploads\/2022\/03\/BC-Rich-JRV-NT-Series-1.jpg?fit=1080%2C1080&ssl=1&resize=350%2C200 1x, https:\/\/i0.wp.com\/musicuyinstrumentos.com\/wp-content\/uploads\/2022\/03\/BC-Rich-JRV-NT-Series-1.jpg?fit=1080%2C1080&ssl=1&resize=525%2C300 1.5x, https:\/\/i0.wp.com\/musicuyinstrumentos.com\/wp-content\/uploads\/2022\/03\/BC-Rich-JRV-NT-Series-1.jpg?fit=1080%2C1080&ssl=1&resize=700%2C400 2x, https:\/\/i0.wp.com\/musicuyinstrumentos.com\/wp-content\/uploads\/2022\/03\/BC-Rich-JRV-NT-Series-1.jpg?fit=1080%2C1080&ssl=1&resize=1050%2C600 3x"},"classes":[]},{"id":457,"url":"https:\/\/musicuyinstrumentos.com\/index.php\/producto\/kramer-forum-iii\/","url_meta":{"origin":2208,"position":1},"title":"Kramer Forum III","author":"matiaspmartinez","date":"7 de marzo de 2022","format":false,"excerpt":"Bajo de alt\u00edsima gama fabricado en Estados Unidos por Kramer, una de las marcas m\u00e1s respetadas de la era dorada de los 80s. El Forum III es una rareza absoluta por sus especificaciones y calidad de construcci\u00f3n. Ideal para coleccionistas y m\u00fasicos exigentes que buscan sonido, comodidad y car\u00e1cter vintage.","rel":"","context":"Entrada similar","block_context":{"text":"Entrada similar","link":""},"img":{"alt_text":"","src":"https:\/\/i0.wp.com\/musicuyinstrumentos.com\/wp-content\/uploads\/2022\/03\/Kramer-Forum-III-1.jpg?fit=1080%2C1080&ssl=1&resize=350%2C200","width":350,"height":200,"srcset":"https:\/\/i0.wp.com\/musicuyinstrumentos.com\/wp-content\/uploads\/2022\/03\/Kramer-Forum-III-1.jpg?fit=1080%2C1080&ssl=1&resize=350%2C200 1x, https:\/\/i0.wp.com\/musicuyinstrumentos.com\/wp-content\/uploads\/2022\/03\/Kramer-Forum-III-1.jpg?fit=1080%2C1080&ssl=1&resize=525%2C300 1.5x, https:\/\/i0.wp.com\/musicuyinstrumentos.com\/wp-content\/uploads\/2022\/03\/Kramer-Forum-III-1.jpg?fit=1080%2C1080&ssl=1&resize=700%2C400 2x, https:\/\/i0.wp.com\/musicuyinstrumentos.com\/wp-content\/uploads\/2022\/03\/Kramer-Forum-III-1.jpg?fit=1080%2C1080&ssl=1&resize=1050%2C600 3x"},"classes":[]},{"id":2581,"url":"https:\/\/musicuyinstrumentos.com\/index.php\/producto\/squier-obey-graphic-stratocaster-hss-dissent\/","url_meta":{"origin":2208,"position":2},"title":"Squier Obey Graphic Stratocaster HSS Dissent","author":"matiaspmartinez","date":"29 de julio de 2024","format":false,"excerpt":"La Squier Stratocaster HSS Obey \u201cDissent\u201d es una edici\u00f3n limitada fruto de la colaboraci\u00f3n con el artista Shepard Fairey, conocido por la ic\u00f3nica marca OBEY. Esta guitarra no solo destaca por su potente est\u00e9tica con gr\u00e1fica \u201cDissent\u201d, sino tambi\u00e9n por su versatilidad sonora gracias a una configuraci\u00f3n de micr\u00f3fonos ideal\u2026","rel":"","context":"Entrada similar","block_context":{"text":"Entrada similar","link":""},"img":{"alt_text":"","src":"https:\/\/i0.wp.com\/musicuyinstrumentos.com\/wp-content\/uploads\/2024\/07\/Squier-Stratocaster-Obey-Dissent-HSS-1-Alibaba.jpg?fit=1080%2C1080&ssl=1&resize=350%2C200","width":350,"height":200,"srcset":"https:\/\/i0.wp.com\/musicuyinstrumentos.com\/wp-content\/uploads\/2024\/07\/Squier-Stratocaster-Obey-Dissent-HSS-1-Alibaba.jpg?fit=1080%2C1080&ssl=1&resize=350%2C200 1x, https:\/\/i0.wp.com\/musicuyinstrumentos.com\/wp-content\/uploads\/2024\/07\/Squier-Stratocaster-Obey-Dissent-HSS-1-Alibaba.jpg?fit=1080%2C1080&ssl=1&resize=525%2C300 1.5x, https:\/\/i0.wp.com\/musicuyinstrumentos.com\/wp-content\/uploads\/2024\/07\/Squier-Stratocaster-Obey-Dissent-HSS-1-Alibaba.jpg?fit=1080%2C1080&ssl=1&resize=700%2C400 2x, https:\/\/i0.wp.com\/musicuyinstrumentos.com\/wp-content\/uploads\/2024\/07\/Squier-Stratocaster-Obey-Dissent-HSS-1-Alibaba.jpg?fit=1080%2C1080&ssl=1&resize=1050%2C600 3x"},"classes":[]},{"id":2426,"url":"https:\/\/musicuyinstrumentos.com\/index.php\/producto\/godin-session-hg-mn\/","url_meta":{"origin":2208,"position":3},"title":"Godin Session HG MN","author":"matiaspmartinez","date":"26 de marzo de 2024","format":false,"excerpt":"La Godin Session HG (High Gloss) es una guitarra el\u00e9ctrica vers\u00e1til, moderna y de excelente calidad, fabricada en Canad\u00e1. Con una configuraci\u00f3n de micr\u00f3fonos HSS, ofrece un rango tonal ampl\u00edsimo, ideal para estilos que van desde el rock y pop hasta blues y funk. Su m\u00e1stil de arce y diapas\u00f3n\u2026","rel":"","context":"Entrada similar","block_context":{"text":"Entrada similar","link":""},"img":{"alt_text":"","src":"https:\/\/i0.wp.com\/musicuyinstrumentos.com\/wp-content\/uploads\/2024\/03\/Godin-Session-1.jpg?fit=1080%2C1080&ssl=1&resize=350%2C200","width":350,"height":200,"srcset":"https:\/\/i0.wp.com\/musicuyinstrumentos.com\/wp-content\/uploads\/2024\/03\/Godin-Session-1.jpg?fit=1080%2C1080&ssl=1&resize=350%2C200 1x, https:\/\/i0.wp.com\/musicuyinstrumentos.com\/wp-content\/uploads\/2024\/03\/Godin-Session-1.jpg?fit=1080%2C1080&ssl=1&resize=525%2C300 1.5x, https:\/\/i0.wp.com\/musicuyinstrumentos.com\/wp-content\/uploads\/2024\/03\/Godin-Session-1.jpg?fit=1080%2C1080&ssl=1&resize=700%2C400 2x, https:\/\/i0.wp.com\/musicuyinstrumentos.com\/wp-content\/uploads\/2024\/03\/Godin-Session-1.jpg?fit=1080%2C1080&ssl=1&resize=1050%2C600 3x"},"classes":[]},{"id":487,"url":"https:\/\/musicuyinstrumentos.com\/index.php\/producto\/shadow-s100\/","url_meta":{"origin":2208,"position":4},"title":"Shadow S100","author":"matiaspmartinez","date":"8 de marzo de 2022","format":false,"excerpt":"No hay nada como una guitarra Shadow. Cada contorno, cada incrustaci\u00f3n y cada traste se trabajan a mano hasta lograr la perfecci\u00f3n. Esta Shadow S100, fabricada en Alemania en los a\u00f1os 80, es un claro ejemplo del alt\u00edsimo nivel de calidad y atenci\u00f3n al detalle que caracteriza a la marca.\u2026","rel":"","context":"Entrada similar","block_context":{"text":"Entrada similar","link":""},"img":{"alt_text":"","src":"https:\/\/i0.wp.com\/musicuyinstrumentos.com\/wp-content\/uploads\/2022\/03\/Shadow-S-100-1.jpg?fit=1080%2C1080&ssl=1&resize=350%2C200","width":350,"height":200,"srcset":"https:\/\/i0.wp.com\/musicuyinstrumentos.com\/wp-content\/uploads\/2022\/03\/Shadow-S-100-1.jpg?fit=1080%2C1080&ssl=1&resize=350%2C200 1x, https:\/\/i0.wp.com\/musicuyinstrumentos.com\/wp-content\/uploads\/2022\/03\/Shadow-S-100-1.jpg?fit=1080%2C1080&ssl=1&resize=525%2C300 1.5x, https:\/\/i0.wp.com\/musicuyinstrumentos.com\/wp-content\/uploads\/2022\/03\/Shadow-S-100-1.jpg?fit=1080%2C1080&ssl=1&resize=700%2C400 2x, https:\/\/i0.wp.com\/musicuyinstrumentos.com\/wp-content\/uploads\/2022\/03\/Shadow-S-100-1.jpg?fit=1080%2C1080&ssl=1&resize=1050%2C600 3x"},"classes":[]},{"id":608,"url":"https:\/\/musicuyinstrumentos.com\/index.php\/producto\/dbz-venom\/","url_meta":{"origin":2208,"position":5},"title":"DBZ Venom","author":"matiaspmartinez","date":"8 de marzo de 2022","format":false,"excerpt":"Una de las primeras versiones de la DBZ Venom, dise\u00f1ada por el legendario luthier Dean B. Zelinsky (fundador de Dean Guitars). Este modelo pertenece a las tandas iniciales fabricadas en Corea, y destaca no solo por su est\u00e9tica agresiva tipo V con l\u00edneas curvas, sino tambi\u00e9n por su potencia sonora\u2026","rel":"","context":"Entrada similar","block_context":{"text":"Entrada similar","link":""},"img":{"alt_text":"","src":"https:\/\/i0.wp.com\/musicuyinstrumentos.com\/wp-content\/uploads\/2022\/03\/DBZ-Venom-1.jpg?fit=1079%2C1080&ssl=1&resize=350%2C200","width":350,"height":200,"srcset":"https:\/\/i0.wp.com\/musicuyinstrumentos.com\/wp-content\/uploads\/2022\/03\/DBZ-Venom-1.jpg?fit=1079%2C1080&ssl=1&resize=350%2C200 1x, https:\/\/i0.wp.com\/musicuyinstrumentos.com\/wp-content\/uploads\/2022\/03\/DBZ-Venom-1.jpg?fit=1079%2C1080&ssl=1&resize=525%2C300 1.5x, https:\/\/i0.wp.com\/musicuyinstrumentos.com\/wp-content\/uploads\/2022\/03\/DBZ-Venom-1.jpg?fit=1079%2C1080&ssl=1&resize=700%2C400 2x, https:\/\/i0.wp.com\/musicuyinstrumentos.com\/wp-content\/uploads\/2022\/03\/DBZ-Venom-1.jpg?fit=1079%2C1080&ssl=1&resize=1050%2C600 3x"},"classes":[]}],"jetpack_sharing_enabled":true,"_links":{"self":[{"href":"https:\/\/musicuyinstrumentos.com\/index.php\/wp-json\/wp\/v2\/product\/2208","targetHints":{"allow":["GET"]}}],"collection":[{"href":"https:\/\/musicuyinstrumentos.com\/index.php\/wp-json\/wp\/v2\/product"}],"about":[{"href":"https:\/\/musicuyinstrumentos.com\/index.php\/wp-json\/wp\/v2\/types\/product"}],"version-history":[{"count":2,"href":"https:\/\/musicuyinstrumentos.com\/index.php\/wp-json\/wp\/v2\/product\/2208\/revisions"}],"predecessor-version":[{"id":3223,"href":"https:\/\/musicuyinstrumentos.com\/index.php\/wp-json\/wp\/v2\/product\/2208\/revisions\/3223"}],"wp:featuredmedia":[{"embeddable":true,"href":"https:\/\/musicuyinstrumentos.com\/index.php\/wp-json\/wp\/v2\/media\/2210"}],"wp:attachment":[{"href":"https:\/\/musicuyinstrumentos.com\/index.php\/wp-json\/wp\/v2\/media?parent=2208"}],"wp:term":[{"taxonomy":"product_brand","embeddable":true,"href":"https:\/\/musicuyinstrumentos.com\/index.php\/wp-json\/wp\/v2\/product_brand?post=2208"},{"taxonomy":"product_cat","embeddable":true,"href":"https:\/\/musicuyinstrumentos.com\/index.php\/wp-json\/wp\/v2\/product_cat?post=2208"},{"taxonomy":"product_tag","embeddable":true,"href":"https:\/\/musicuyinstrumentos.com\/index.php\/wp-json\/wp\/v2\/product_tag?post=2208"}],"curies":[{"name":"wp","href":"https:\/\/api.w.org\/{rel}","templated":true}]}}