{"id":2291,"date":"2024-01-11T11:41:02","date_gmt":"2024-01-11T14:41:02","guid":{"rendered":"https:\/\/musicuyinstrumentos.com\/?post_type=product&#038;p=2291"},"modified":"2025-05-22T17:23:06","modified_gmt":"2025-05-22T20:23:06","slug":"cort-arena-1-matthias-jabs-signature","status":"publish","type":"product","link":"https:\/\/musicuyinstrumentos.com\/index.php\/producto\/cort-arena-1-matthias-jabs-signature\/","title":{"rendered":"Cort Arena 1 Matthias Jabs Signature"},"content":{"rendered":"<div class=\"x11i5rnm xat24cr x1mh8g0r x1vvkbs xtlvy1s x126k92a\">\n<div dir=\"auto\">\n<p data-start=\"910\" data-end=\"1420\">\u2705 Origen: Corea<br data-start=\"961\" data-end=\"964\" \/>\u2705 Cuerpo: Caoba con tapa de arce flameado<br data-start=\"1005\" data-end=\"1008\" \/>\u2705 M\u00e1stil: Caoba<br data-start=\"1023\" data-end=\"1026\" \/>\u2705 Diapas\u00f3n: Palisandro<br data-start=\"1048\" data-end=\"1051\" \/>\u2705 Trastes: 22<br data-start=\"1064\" data-end=\"1067\" \/>\u2705 Escala: 25.5&#8243;<br data-start=\"1082\" data-end=\"1085\" \/>\u2705 Inlays: Puntos<br data-start=\"1101\" data-end=\"1104\" \/>\u2705 Pastillas: HSS \u2013 1 Humbucker JBP + 2 Single Coil JBS<br data-start=\"1158\" data-end=\"1161\" \/>\u2705 Controles: Volumen, Tono, Tono Push-Pull (coil split), Selector de 5 posiciones<br data-start=\"1242\" data-end=\"1245\" \/>\u2705 Puente: Wilkinson VS50 II tremolo<br data-start=\"1280\" data-end=\"1283\" \/>\u2705 Clavijas: Locking tuners<br data-start=\"1309\" data-end=\"1312\" \/>\u2705 Hardware: Cromado<br data-start=\"1331\" data-end=\"1334\" \/>\u2705 Color: Transparent Black con flameado visible<\/p>\n<p data-start=\"910\" data-end=\"1420\"><br data-start=\"1381\" data-end=\"1384\" \/>\ud83d\udee0\ufe0f <strong data-start=\"1426\" data-end=\"1437\">Estado:<\/strong><br data-start=\"1437\" data-end=\"1440\" \/>Guitarra en excelente estado general, muy cuidada y 100% funcional.<\/p>\n<p data-start=\"1511\" data-end=\"1646\">\ud83d\udd25 <strong data-start=\"1514\" data-end=\"1644\">Ideal para guitarristas que buscan una guitarra signature con calidad profesional, gran versatilidad sonora y un dise\u00f1o \u00fanico.<\/strong><\/p>\n<\/div>\n<\/div>\n","protected":false},"excerpt":{"rendered":"<div dir=\"auto\">La <strong data-start=\"507\" data-end=\"523\">Cort Arena 1<\/strong> es el modelo signature del legendario guitarrista de los <strong data-start=\"581\" data-end=\"594\">Scorpions<\/strong>, Matthias Jabs. Fabricada en Corea del Sur, esta guitarra se destaca por su dise\u00f1o ergon\u00f3mico, calidad de construcci\u00f3n y versatilidad sonora. Su est\u00e9tica \u00fanica, con un cuerpo estilo offset semi-hueco y un elegante acabado flameado, la convierten en una guitarra moderna y poderosa tanto visual como sonoramente.<\/div>\n","protected":false},"featured_media":2292,"template":"","meta":{"site-sidebar-layout":"no-sidebar","site-content-layout":"","ast-site-content-layout":"default","site-content-style":"default","site-sidebar-style":"default","ast-global-header-display":"","ast-banner-title-visibility":"","ast-main-header-display":"","ast-hfb-above-header-display":"","ast-hfb-below-header-display":"","ast-hfb-mobile-header-display":"","site-post-title":"","ast-breadcrumbs-content":"","ast-featured-img":"","footer-sml-layout":"","ast-disable-related-posts":"","theme-transparent-header-meta":"default","adv-header-id-meta":"","stick-header-meta":"","header-above-stick-meta":"","header-main-stick-meta":"","header-below-stick-meta":"","astra-migrate-meta-layouts":"set","ast-page-background-enabled":"default","ast-page-background-meta":{"desktop":{"background-color":"var(--ast-global-color-4)","background-image":"","background-repeat":"repeat","background-position":"center center","background-size":"auto","background-attachment":"scroll","background-type":"","background-media":"","overlay-type":"","overlay-color":"","overlay-opacity":"","overlay-gradient":""},"tablet":{"background-color":"","background-image":"","background-repeat":"repeat","background-position":"center center","background-size":"auto","background-attachment":"scroll","background-type":"","background-media":"","overlay-type":"","overlay-color":"","overlay-opacity":"","overlay-gradient":""},"mobile":{"background-color":"","background-image":"","background-repeat":"repeat","background-position":"center center","background-size":"auto","background-attachment":"scroll","background-type":"","background-media":"","overlay-type":"","overlay-color":"","overlay-opacity":"","overlay-gradient":""}},"ast-content-background-meta":{"desktop":{"background-color":"var(--ast-global-color-5)","background-image":"","background-repeat":"repeat","background-position":"center center","background-size":"auto","background-attachment":"scroll","background-type":"","background-media":"","overlay-type":"","overlay-color":"","overlay-opacity":"","overlay-gradient":""},"tablet":{"background-color":"var(--ast-global-color-5)","background-image":"","background-repeat":"repeat","background-position":"center center","background-size":"auto","background-attachment":"scroll","background-type":"","background-media":"","overlay-type":"","overlay-color":"","overlay-opacity":"","overlay-gradient":""},"mobile":{"background-color":"var(--ast-global-color-5)","background-image":"","background-repeat":"repeat","background-position":"center center","background-size":"auto","background-attachment":"scroll","background-type":"","background-media":"","overlay-type":"","overlay-color":"","overlay-opacity":"","overlay-gradient":""}},"_joinchat":[]},"product_brand":[],"product_cat":[22,21,15],"product_tag":[74,73],"class_list":{"0":"post-2291","1":"product","2":"type-product","3":"status-publish","4":"has-post-thumbnail","6":"product_cat-guitarras","7":"product_cat-guitarras-electricas","8":"product_cat-sin-categorizar","9":"product_tag-electrica","10":"product_tag-guitarra","11":"desktop-align-left","12":"tablet-align-left","13":"mobile-align-left","15":"first","16":"instock","17":"sale","18":"shipping-taxable","19":"purchasable","20":"product-type-simple"},"jetpack-related-posts":[{"id":477,"url":"https:\/\/musicuyinstrumentos.com\/index.php\/producto\/schecter-c1-classic\/","url_meta":{"origin":2291,"position":0},"title":"Schecter C1-Classic","author":"matiaspmartinez","date":"8 de marzo de 2022","format":false,"excerpt":"Una guitarra de alta gama con un nivel de detalle y construcci\u00f3n dignos de gamas Custom Shop. Fabricada en Corea a principios de los 2000, la C1-Classic es reconocida por su est\u00e9tica elegante y su gran versatilidad sonora. Equipada con pastillas Seymour Duncan y hardware de calidad, es ideal para\u2026","rel":"","context":"Entrada similar","block_context":{"text":"Entrada similar","link":""},"img":{"alt_text":"","src":"https:\/\/i0.wp.com\/musicuyinstrumentos.com\/wp-content\/uploads\/2022\/03\/Schecter-C1-Classic-1.jpg?fit=1080%2C1080&ssl=1&resize=350%2C200","width":350,"height":200,"srcset":"https:\/\/i0.wp.com\/musicuyinstrumentos.com\/wp-content\/uploads\/2022\/03\/Schecter-C1-Classic-1.jpg?fit=1080%2C1080&ssl=1&resize=350%2C200 1x, https:\/\/i0.wp.com\/musicuyinstrumentos.com\/wp-content\/uploads\/2022\/03\/Schecter-C1-Classic-1.jpg?fit=1080%2C1080&ssl=1&resize=525%2C300 1.5x, https:\/\/i0.wp.com\/musicuyinstrumentos.com\/wp-content\/uploads\/2022\/03\/Schecter-C1-Classic-1.jpg?fit=1080%2C1080&ssl=1&resize=700%2C400 2x, https:\/\/i0.wp.com\/musicuyinstrumentos.com\/wp-content\/uploads\/2022\/03\/Schecter-C1-Classic-1.jpg?fit=1080%2C1080&ssl=1&resize=1050%2C600 3x"},"classes":[]},{"id":1575,"url":"https:\/\/musicuyinstrumentos.com\/index.php\/producto\/schecter-solo-ii-custom\/","url_meta":{"origin":2291,"position":1},"title":"Schecter Solo II-Custom","author":"matiaspmartinez","date":"21 de octubre de 2022","format":false,"excerpt":"La Schecter Solo II Custom combina el aspecto cl\u00e1sico de una guitarra tipo singlecut con mejoras modernas que elevan la experiencia tanto en tono como en comodidad. Su construcci\u00f3n con cuerpo de caoba y tapa de arce flameado le otorgan una mezcla perfecta de calidez y ataque. Equipada con un\u2026","rel":"","context":"Entrada similar","block_context":{"text":"Entrada similar","link":""},"img":{"alt_text":"","src":"https:\/\/i0.wp.com\/musicuyinstrumentos.com\/wp-content\/uploads\/2022\/10\/Schecter-Solo-II-Custom-1-copia.jpg?fit=1080%2C1080&ssl=1&resize=350%2C200","width":350,"height":200,"srcset":"https:\/\/i0.wp.com\/musicuyinstrumentos.com\/wp-content\/uploads\/2022\/10\/Schecter-Solo-II-Custom-1-copia.jpg?fit=1080%2C1080&ssl=1&resize=350%2C200 1x, https:\/\/i0.wp.com\/musicuyinstrumentos.com\/wp-content\/uploads\/2022\/10\/Schecter-Solo-II-Custom-1-copia.jpg?fit=1080%2C1080&ssl=1&resize=525%2C300 1.5x, https:\/\/i0.wp.com\/musicuyinstrumentos.com\/wp-content\/uploads\/2022\/10\/Schecter-Solo-II-Custom-1-copia.jpg?fit=1080%2C1080&ssl=1&resize=700%2C400 2x, https:\/\/i0.wp.com\/musicuyinstrumentos.com\/wp-content\/uploads\/2022\/10\/Schecter-Solo-II-Custom-1-copia.jpg?fit=1080%2C1080&ssl=1&resize=1050%2C600 3x"},"classes":[]},{"id":3474,"url":"https:\/\/musicuyinstrumentos.com\/index.php\/producto\/epiphone-les-paul-standard-plus-top-korea\/","url_meta":{"origin":2291,"position":2},"title":"Epiphone Les Paul Standard Plus Top Korea","author":"matiaspmartinez","date":"27 de octubre de 2025","format":false,"excerpt":"Esta Epiphone Les Paul Standard de fabricaci\u00f3n coreana pertenece a una de las mejores \u00e9pocas de la marca, conocida por su excelente control de calidad y materiales superiores. Construida con cuerpo de caoba y tapa de arce flameado, ofrece el sustain, el peso y el tono cl\u00e1sico del dise\u00f1o Les\u2026","rel":"","context":"Entrada similar","block_context":{"text":"Entrada similar","link":""},"img":{"alt_text":"","src":"https:\/\/i0.wp.com\/musicuyinstrumentos.com\/wp-content\/uploads\/2025\/10\/FacturandoEpiphione-Les-Paul-Standatd-Korea-1.jpg?fit=1080%2C1080&ssl=1&resize=350%2C200","width":350,"height":200,"srcset":"https:\/\/i0.wp.com\/musicuyinstrumentos.com\/wp-content\/uploads\/2025\/10\/FacturandoEpiphione-Les-Paul-Standatd-Korea-1.jpg?fit=1080%2C1080&ssl=1&resize=350%2C200 1x, https:\/\/i0.wp.com\/musicuyinstrumentos.com\/wp-content\/uploads\/2025\/10\/FacturandoEpiphione-Les-Paul-Standatd-Korea-1.jpg?fit=1080%2C1080&ssl=1&resize=525%2C300 1.5x, https:\/\/i0.wp.com\/musicuyinstrumentos.com\/wp-content\/uploads\/2025\/10\/FacturandoEpiphione-Les-Paul-Standatd-Korea-1.jpg?fit=1080%2C1080&ssl=1&resize=700%2C400 2x, https:\/\/i0.wp.com\/musicuyinstrumentos.com\/wp-content\/uploads\/2025\/10\/FacturandoEpiphione-Les-Paul-Standatd-Korea-1.jpg?fit=1080%2C1080&ssl=1&resize=1050%2C600 3x"},"classes":[]},{"id":2687,"url":"https:\/\/musicuyinstrumentos.com\/index.php\/producto\/godin-artisan-st-signature\/","url_meta":{"origin":2291,"position":3},"title":"Godin Artisan ST Signature","author":"matiaspmartinez","date":"13 de octubre de 2024","format":false,"excerpt":"La Godin Artisan ST Signature es una guitarra el\u00e9ctrica de alta gama, fabricada en Canad\u00e1 con materiales premium y atenci\u00f3n al detalle que la colocan a la altura de marcas boutique como Suhr o Tom Anderson. Este modelo combina sonido potente, est\u00e9tica refinada y una comodidad de ejecuci\u00f3n superior. Su\u2026","rel":"","context":"Entrada similar","block_context":{"text":"Entrada similar","link":""},"img":{"alt_text":"","src":"https:\/\/i0.wp.com\/musicuyinstrumentos.com\/wp-content\/uploads\/2024\/10\/Godin-Artisan-ST-Signature-1-Alibaba.jpg?fit=1080%2C1080&ssl=1&resize=350%2C200","width":350,"height":200,"srcset":"https:\/\/i0.wp.com\/musicuyinstrumentos.com\/wp-content\/uploads\/2024\/10\/Godin-Artisan-ST-Signature-1-Alibaba.jpg?fit=1080%2C1080&ssl=1&resize=350%2C200 1x, https:\/\/i0.wp.com\/musicuyinstrumentos.com\/wp-content\/uploads\/2024\/10\/Godin-Artisan-ST-Signature-1-Alibaba.jpg?fit=1080%2C1080&ssl=1&resize=525%2C300 1.5x, https:\/\/i0.wp.com\/musicuyinstrumentos.com\/wp-content\/uploads\/2024\/10\/Godin-Artisan-ST-Signature-1-Alibaba.jpg?fit=1080%2C1080&ssl=1&resize=700%2C400 2x, https:\/\/i0.wp.com\/musicuyinstrumentos.com\/wp-content\/uploads\/2024\/10\/Godin-Artisan-ST-Signature-1-Alibaba.jpg?fit=1080%2C1080&ssl=1&resize=1050%2C600 3x"},"classes":[]},{"id":2100,"url":"https:\/\/musicuyinstrumentos.com\/index.php\/producto\/ibanez-sz-520-c-estuche-rigido\/","url_meta":{"origin":2291,"position":4},"title":"Ibanez SZ 520 c\/estuche r\u00edgido","author":"matiaspmartinez","date":"4 de julio de 2023","format":false,"excerpt":"La Ibanez SZ520 forma parte de la aclamada serie SZ, destac\u00e1ndose por su dise\u00f1o singlecut, sustain natural y comodidad al tocar. Fabricada con materiales de alta calidad, esta guitarra combina la calidez y cuerpo de la caoba con el ataque del arce flameado en la tapa. Su configuraci\u00f3n de micr\u00f3fonos\u2026","rel":"","context":"Entrada similar","block_context":{"text":"Entrada similar","link":""},"img":{"alt_text":"","src":"https:\/\/i0.wp.com\/musicuyinstrumentos.com\/wp-content\/uploads\/2023\/07\/Ibanez-SZ-520-1-copia.jpg?fit=1080%2C1080&ssl=1&resize=350%2C200","width":350,"height":200,"srcset":"https:\/\/i0.wp.com\/musicuyinstrumentos.com\/wp-content\/uploads\/2023\/07\/Ibanez-SZ-520-1-copia.jpg?fit=1080%2C1080&ssl=1&resize=350%2C200 1x, https:\/\/i0.wp.com\/musicuyinstrumentos.com\/wp-content\/uploads\/2023\/07\/Ibanez-SZ-520-1-copia.jpg?fit=1080%2C1080&ssl=1&resize=525%2C300 1.5x, https:\/\/i0.wp.com\/musicuyinstrumentos.com\/wp-content\/uploads\/2023\/07\/Ibanez-SZ-520-1-copia.jpg?fit=1080%2C1080&ssl=1&resize=700%2C400 2x, https:\/\/i0.wp.com\/musicuyinstrumentos.com\/wp-content\/uploads\/2023\/07\/Ibanez-SZ-520-1-copia.jpg?fit=1080%2C1080&ssl=1&resize=1050%2C600 3x"},"classes":[]},{"id":747,"url":"https:\/\/musicuyinstrumentos.com\/index.php\/producto\/washburn-ea-26-craig-chaquico-signatures\/","url_meta":{"origin":2291,"position":5},"title":"Washburn EA-26 Craig Chaquico Signatures","author":"matiaspmartinez","date":"16 de marzo de 2022","format":false,"excerpt":"Dise\u00f1ada en colaboraci\u00f3n con Craig Chaquico, guitarrista de Starship y Jefferson Starship, la Washburn EA-26 es una guitarra electroac\u00fastica que combina una construcci\u00f3n de calidad con caracter\u00edsticas que la hacen perfecta para el escenario. Su cuerpo estilo mini jumbo con cutaway ofrece gran comodidad al tocar y un tono equilibrado.\u2026","rel":"","context":"Entrada similar","block_context":{"text":"Entrada similar","link":""},"img":{"alt_text":"","src":"https:\/\/i0.wp.com\/musicuyinstrumentos.com\/wp-content\/uploads\/2022\/03\/Washburn-EA-26-Craig-Chaquico-1-copia.jpg?fit=1080%2C1080&ssl=1&resize=350%2C200","width":350,"height":200,"srcset":"https:\/\/i0.wp.com\/musicuyinstrumentos.com\/wp-content\/uploads\/2022\/03\/Washburn-EA-26-Craig-Chaquico-1-copia.jpg?fit=1080%2C1080&ssl=1&resize=350%2C200 1x, https:\/\/i0.wp.com\/musicuyinstrumentos.com\/wp-content\/uploads\/2022\/03\/Washburn-EA-26-Craig-Chaquico-1-copia.jpg?fit=1080%2C1080&ssl=1&resize=525%2C300 1.5x, https:\/\/i0.wp.com\/musicuyinstrumentos.com\/wp-content\/uploads\/2022\/03\/Washburn-EA-26-Craig-Chaquico-1-copia.jpg?fit=1080%2C1080&ssl=1&resize=700%2C400 2x, https:\/\/i0.wp.com\/musicuyinstrumentos.com\/wp-content\/uploads\/2022\/03\/Washburn-EA-26-Craig-Chaquico-1-copia.jpg?fit=1080%2C1080&ssl=1&resize=1050%2C600 3x"},"classes":[]}],"jetpack_sharing_enabled":true,"_links":{"self":[{"href":"https:\/\/musicuyinstrumentos.com\/index.php\/wp-json\/wp\/v2\/product\/2291","targetHints":{"allow":["GET"]}}],"collection":[{"href":"https:\/\/musicuyinstrumentos.com\/index.php\/wp-json\/wp\/v2\/product"}],"about":[{"href":"https:\/\/musicuyinstrumentos.com\/index.php\/wp-json\/wp\/v2\/types\/product"}],"version-history":[{"count":4,"href":"https:\/\/musicuyinstrumentos.com\/index.php\/wp-json\/wp\/v2\/product\/2291\/revisions"}],"predecessor-version":[{"id":3229,"href":"https:\/\/musicuyinstrumentos.com\/index.php\/wp-json\/wp\/v2\/product\/2291\/revisions\/3229"}],"wp:featuredmedia":[{"embeddable":true,"href":"https:\/\/musicuyinstrumentos.com\/index.php\/wp-json\/wp\/v2\/media\/2292"}],"wp:attachment":[{"href":"https:\/\/musicuyinstrumentos.com\/index.php\/wp-json\/wp\/v2\/media?parent=2291"}],"wp:term":[{"taxonomy":"product_brand","embeddable":true,"href":"https:\/\/musicuyinstrumentos.com\/index.php\/wp-json\/wp\/v2\/product_brand?post=2291"},{"taxonomy":"product_cat","embeddable":true,"href":"https:\/\/musicuyinstrumentos.com\/index.php\/wp-json\/wp\/v2\/product_cat?post=2291"},{"taxonomy":"product_tag","embeddable":true,"href":"https:\/\/musicuyinstrumentos.com\/index.php\/wp-json\/wp\/v2\/product_tag?post=2291"}],"curies":[{"name":"wp","href":"https:\/\/api.w.org\/{rel}","templated":true}]}}