{"id":2339,"date":"2024-01-14T22:40:51","date_gmt":"2024-01-15T01:40:51","guid":{"rendered":"https:\/\/musicuyinstrumentos.com\/?post_type=product&#038;p=2339"},"modified":"2025-05-22T12:18:17","modified_gmt":"2025-05-22T15:18:17","slug":"martin-d-16h","status":"publish","type":"product","link":"https:\/\/musicuyinstrumentos.com\/index.php\/producto\/martin-d-16h\/","title":{"rendered":"Martin D-16H 1995 c\/piezo LR Baggs"},"content":{"rendered":"<p data-start=\"1045\" data-end=\"1441\">\u2705 A\u00f1o: <strong data-start=\"1091\" data-end=\"1099\">1995<\/strong><br data-start=\"1099\" data-end=\"1102\" \/>\u2705 Origen: <strong data-start=\"1112\" data-end=\"1124\">USA \ud83c\uddfa\ud83c\uddf8<\/strong><br data-start=\"1124\" data-end=\"1127\" \/>\u2705 Estilo: <strong data-start=\"1137\" data-end=\"1152\">Dreadnought<\/strong><br data-start=\"1152\" data-end=\"1155\" \/>\u2705 Tapa: <strong data-start=\"1163\" data-end=\"1185\">Abeto Sitka macizo<\/strong><br data-start=\"1185\" data-end=\"1188\" \/>\u2705 Aros y fondo: <strong data-start=\"1204\" data-end=\"1220\">Caoba maciza<\/strong><br data-start=\"1220\" data-end=\"1223\" \/>\u2705 M\u00e1stil: <strong data-start=\"1233\" data-end=\"1242\">Caoba<\/strong><br data-start=\"1242\" data-end=\"1245\" \/>\u2705 Diapas\u00f3n: <strong data-start=\"1257\" data-end=\"1271\">Palisandro<\/strong><br data-start=\"1271\" data-end=\"1274\" \/>\u2705 Puente: <strong data-start=\"1284\" data-end=\"1298\">Palisandro<\/strong><br data-start=\"1298\" data-end=\"1301\" \/>\u2705 Trastes: En perfecto estado<br data-start=\"1330\" data-end=\"1333\" \/>\u2705 Electr\u00f3nica: <strong data-start=\"1348\" data-end=\"1364\">LR Baggs VTC<\/strong> instalada profesionalmente<br data-start=\"1391\" data-end=\"1394\" \/>\u2705 Incluye <strong data-start=\"1404\" data-end=\"1441\">estuche r\u00edgido original Martin \ud83c\udf81<\/strong><\/p>\n<p data-start=\"1443\" data-end=\"1606\">\ud83c\udfb6 Una guitarra con tono cl\u00e1sico Martin, ideal tanto para grabaciones como para el escenario. Suena incre\u00edble desenchufada y conectada gracias al sistema LR Baggs.<\/p>\n","protected":false},"excerpt":{"rendered":"<p data-start=\"397\" data-end=\"890\">La <strong data-start=\"417\" data-end=\"433\">Martin D-16H<\/strong> es una dreadnought construida en <strong data-start=\"467\" data-end=\"499\">Nazareth, Pennsylvania (USA)<\/strong>, con los m\u00e1s altos est\u00e1ndares de calidad y tono. Este modelo de 1995 presenta una <strong data-start=\"582\" data-end=\"621\">construcci\u00f3n tradicional full solid<\/strong> y un sonido c\u00e1lido, potente y definido.<br data-start=\"661\" data-end=\"664\" \/>Lo m\u00e1s destacable de esta unidad es su estado impecable: estuvo <strong data-start=\"728\" data-end=\"799\">guardada en su estuche desde su fabricaci\u00f3n y pr\u00e1cticamente sin uso<\/strong>, por lo que se conserva como nueva, algo muy poco com\u00fan para instrumentos de esta \u00e9poca.<\/p>\n<p data-start=\"892\" data-end=\"1043\">Adem\u00e1s, se le incorpor\u00f3 un <strong data-start=\"919\" data-end=\"941\">piezo LR Baggs VTC<\/strong>, uno de los sistemas m\u00e1s reconocidos del mercado por su sonido natural y su facilidad de uso en vivo.<\/p>\n","protected":false},"featured_media":2809,"template":"","meta":{"site-sidebar-layout":"no-sidebar","site-content-layout":"","ast-site-content-layout":"default","site-content-style":"default","site-sidebar-style":"default","ast-global-header-display":"","ast-banner-title-visibility":"","ast-main-header-display":"","ast-hfb-above-header-display":"","ast-hfb-below-header-display":"","ast-hfb-mobile-header-display":"","site-post-title":"","ast-breadcrumbs-content":"","ast-featured-img":"","footer-sml-layout":"","ast-disable-related-posts":"","theme-transparent-header-meta":"default","adv-header-id-meta":"","stick-header-meta":"","header-above-stick-meta":"","header-main-stick-meta":"","header-below-stick-meta":"","astra-migrate-meta-layouts":"set","ast-page-background-enabled":"default","ast-page-background-meta":{"desktop":{"background-color":"var(--ast-global-color-4)","background-image":"","background-repeat":"repeat","background-position":"center center","background-size":"auto","background-attachment":"scroll","background-type":"","background-media":"","overlay-type":"","overlay-color":"","overlay-opacity":"","overlay-gradient":""},"tablet":{"background-color":"","background-image":"","background-repeat":"repeat","background-position":"center center","background-size":"auto","background-attachment":"scroll","background-type":"","background-media":"","overlay-type":"","overlay-color":"","overlay-opacity":"","overlay-gradient":""},"mobile":{"background-color":"","background-image":"","background-repeat":"repeat","background-position":"center center","background-size":"auto","background-attachment":"scroll","background-type":"","background-media":"","overlay-type":"","overlay-color":"","overlay-opacity":"","overlay-gradient":""}},"ast-content-background-meta":{"desktop":{"background-color":"var(--ast-global-color-5)","background-image":"","background-repeat":"repeat","background-position":"center center","background-size":"auto","background-attachment":"scroll","background-type":"","background-media":"","overlay-type":"","overlay-color":"","overlay-opacity":"","overlay-gradient":""},"tablet":{"background-color":"var(--ast-global-color-5)","background-image":"","background-repeat":"repeat","background-position":"center center","background-size":"auto","background-attachment":"scroll","background-type":"","background-media":"","overlay-type":"","overlay-color":"","overlay-opacity":"","overlay-gradient":""},"mobile":{"background-color":"var(--ast-global-color-5)","background-image":"","background-repeat":"repeat","background-position":"center center","background-size":"auto","background-attachment":"scroll","background-type":"","background-media":"","overlay-type":"","overlay-color":"","overlay-opacity":"","overlay-gradient":""}},"_joinchat":[]},"product_brand":[],"product_cat":[22,24,15],"product_tag":[75,73],"class_list":{"0":"post-2339","1":"product","2":"type-product","3":"status-publish","4":"has-post-thumbnail","6":"product_cat-guitarras","7":"product_cat-guitarras-acusticas","8":"product_cat-sin-categorizar","9":"product_tag-acustica","10":"product_tag-guitarra","11":"desktop-align-left","12":"tablet-align-left","13":"mobile-align-left","15":"first","16":"instock","17":"shipping-taxable","18":"purchasable","19":"product-type-simple"},"jetpack-related-posts":[{"id":3504,"url":"https:\/\/musicuyinstrumentos.com\/index.php\/producto\/takamine-ef360-bc-pro-series-1990-japon\/","url_meta":{"origin":2339,"position":0},"title":"Takamine EF360 BC Pro Series &#8211; 1990 &#8211; Jap\u00f3n","author":"matiaspmartinez","date":"29 de octubre de 2025","format":false,"excerpt":"La Takamine EF360 BC es una guitarra electroac\u00fastica de la serie profesional japonesa, fabricada en 1990, reconocida por su tono balanceado, proyecci\u00f3n excepcional y calidad de construcci\u00f3n artesanal. Este modelo ofrece un sonido c\u00e1lido, con graves definidos, medios redondos y agudos brillantes, ideal para int\u00e9rpretes que buscan una ac\u00fastica vers\u00e1til\u2026","rel":"","context":"Entrada similar","block_context":{"text":"Entrada similar","link":""},"img":{"alt_text":"","src":"https:\/\/i0.wp.com\/musicuyinstrumentos.com\/wp-content\/uploads\/2025\/10\/FacturandoTakamine-EF360-1.jpg?fit=1080%2C1080&ssl=1&resize=350%2C200","width":350,"height":200,"srcset":"https:\/\/i0.wp.com\/musicuyinstrumentos.com\/wp-content\/uploads\/2025\/10\/FacturandoTakamine-EF360-1.jpg?fit=1080%2C1080&ssl=1&resize=350%2C200 1x, https:\/\/i0.wp.com\/musicuyinstrumentos.com\/wp-content\/uploads\/2025\/10\/FacturandoTakamine-EF360-1.jpg?fit=1080%2C1080&ssl=1&resize=525%2C300 1.5x, https:\/\/i0.wp.com\/musicuyinstrumentos.com\/wp-content\/uploads\/2025\/10\/FacturandoTakamine-EF360-1.jpg?fit=1080%2C1080&ssl=1&resize=700%2C400 2x, https:\/\/i0.wp.com\/musicuyinstrumentos.com\/wp-content\/uploads\/2025\/10\/FacturandoTakamine-EF360-1.jpg?fit=1080%2C1080&ssl=1&resize=1050%2C600 3x"},"classes":[]},{"id":37,"url":"https:\/\/musicuyinstrumentos.com\/index.php\/producto\/carvin-cobalt-ct770ts\/","url_meta":{"origin":2339,"position":1},"title":"Carvin Cobalt C770TS","author":"matiaspmartinez","date":"1 de marzo de 2022","format":false,"excerpt":"La Carvin Cobalt C770TS es una guitarra electroac\u00fastica de gama alta, dise\u00f1ada en USA y construida por luthiers selectos en Corea con materiales de primera. Su dise\u00f1o tipo dreadnought con corte veneciano y su electr\u00f3nica Fishman la convierten en una excelente opci\u00f3n tanto para grabaci\u00f3n como para shows en vivo.\u2026","rel":"","context":"Entrada similar","block_context":{"text":"Entrada similar","link":""},"img":{"alt_text":"","src":"https:\/\/i0.wp.com\/musicuyinstrumentos.com\/wp-content\/uploads\/2022\/03\/Carvin-Cobalt-C770T-1.jpg?fit=1080%2C1080&ssl=1&resize=350%2C200","width":350,"height":200,"srcset":"https:\/\/i0.wp.com\/musicuyinstrumentos.com\/wp-content\/uploads\/2022\/03\/Carvin-Cobalt-C770T-1.jpg?fit=1080%2C1080&ssl=1&resize=350%2C200 1x, https:\/\/i0.wp.com\/musicuyinstrumentos.com\/wp-content\/uploads\/2022\/03\/Carvin-Cobalt-C770T-1.jpg?fit=1080%2C1080&ssl=1&resize=525%2C300 1.5x, https:\/\/i0.wp.com\/musicuyinstrumentos.com\/wp-content\/uploads\/2022\/03\/Carvin-Cobalt-C770T-1.jpg?fit=1080%2C1080&ssl=1&resize=700%2C400 2x, https:\/\/i0.wp.com\/musicuyinstrumentos.com\/wp-content\/uploads\/2022\/03\/Carvin-Cobalt-C770T-1.jpg?fit=1080%2C1080&ssl=1&resize=1050%2C600 3x"},"classes":[]},{"id":3474,"url":"https:\/\/musicuyinstrumentos.com\/index.php\/producto\/epiphone-les-paul-standard-plus-top-korea\/","url_meta":{"origin":2339,"position":2},"title":"Epiphone Les Paul Standard Plus Top Korea","author":"matiaspmartinez","date":"27 de octubre de 2025","format":false,"excerpt":"Esta Epiphone Les Paul Standard de fabricaci\u00f3n coreana pertenece a una de las mejores \u00e9pocas de la marca, conocida por su excelente control de calidad y materiales superiores. Construida con cuerpo de caoba y tapa de arce flameado, ofrece el sustain, el peso y el tono cl\u00e1sico del dise\u00f1o Les\u2026","rel":"","context":"Entrada similar","block_context":{"text":"Entrada similar","link":""},"img":{"alt_text":"","src":"https:\/\/i0.wp.com\/musicuyinstrumentos.com\/wp-content\/uploads\/2025\/10\/FacturandoEpiphione-Les-Paul-Standatd-Korea-1.jpg?fit=1080%2C1080&ssl=1&resize=350%2C200","width":350,"height":200,"srcset":"https:\/\/i0.wp.com\/musicuyinstrumentos.com\/wp-content\/uploads\/2025\/10\/FacturandoEpiphione-Les-Paul-Standatd-Korea-1.jpg?fit=1080%2C1080&ssl=1&resize=350%2C200 1x, https:\/\/i0.wp.com\/musicuyinstrumentos.com\/wp-content\/uploads\/2025\/10\/FacturandoEpiphione-Les-Paul-Standatd-Korea-1.jpg?fit=1080%2C1080&ssl=1&resize=525%2C300 1.5x, https:\/\/i0.wp.com\/musicuyinstrumentos.com\/wp-content\/uploads\/2025\/10\/FacturandoEpiphione-Les-Paul-Standatd-Korea-1.jpg?fit=1080%2C1080&ssl=1&resize=700%2C400 2x, https:\/\/i0.wp.com\/musicuyinstrumentos.com\/wp-content\/uploads\/2025\/10\/FacturandoEpiphione-Les-Paul-Standatd-Korea-1.jpg?fit=1080%2C1080&ssl=1&resize=1050%2C600 3x"},"classes":[]},{"id":255,"url":"https:\/\/musicuyinstrumentos.com\/index.php\/producto\/carvin-cobalt-ct980ts-12-cuerdas\/","url_meta":{"origin":2339,"position":3},"title":"Carvin Cobalt C980T12 (12 cuerdas)","author":"matiaspmartinez","date":"1 de marzo de 2022","format":false,"excerpt":"La Carvin Cobalt C980T12 es una guitarra electroac\u00fastica de 12 cuerdas de alt\u00edsima calidad, fabricada en asociaci\u00f3n con luthiers seleccionados de Corea bajo los m\u00e1s exigentes est\u00e1ndares de Carvin USA. Se trata de un modelo que combina maderas nobles, un dise\u00f1o cl\u00e1sico y un sonido potente y balanceado, ideal tanto\u2026","rel":"","context":"Entrada similar","block_context":{"text":"Entrada similar","link":""},"img":{"alt_text":"","src":"https:\/\/i0.wp.com\/musicuyinstrumentos.com\/wp-content\/uploads\/2022\/03\/Carvin-C980T12-1.jpg?fit=1080%2C1080&ssl=1&resize=350%2C200","width":350,"height":200,"srcset":"https:\/\/i0.wp.com\/musicuyinstrumentos.com\/wp-content\/uploads\/2022\/03\/Carvin-C980T12-1.jpg?fit=1080%2C1080&ssl=1&resize=350%2C200 1x, https:\/\/i0.wp.com\/musicuyinstrumentos.com\/wp-content\/uploads\/2022\/03\/Carvin-C980T12-1.jpg?fit=1080%2C1080&ssl=1&resize=525%2C300 1.5x, https:\/\/i0.wp.com\/musicuyinstrumentos.com\/wp-content\/uploads\/2022\/03\/Carvin-C980T12-1.jpg?fit=1080%2C1080&ssl=1&resize=700%2C400 2x, https:\/\/i0.wp.com\/musicuyinstrumentos.com\/wp-content\/uploads\/2022\/03\/Carvin-C980T12-1.jpg?fit=1080%2C1080&ssl=1&resize=1050%2C600 3x"},"classes":[]},{"id":3270,"url":"https:\/\/musicuyinstrumentos.com\/index.php\/producto\/fender-cd-140-sce\/","url_meta":{"origin":2339,"position":4},"title":"Fender CD-140 SCE","author":"matiaspmartinez","date":"24 de mayo de 2025","format":false,"excerpt":"La Fender CD-140SCE es una guitarra electroac\u00fastica ideal tanto para quienes est\u00e1n dando sus primeros pasos como para m\u00fasicos m\u00e1s experimentados que buscan una ac\u00fastica confiable y vers\u00e1til. Su dise\u00f1o de cuerpo tipo dreadnought con corte ofrece un excelente balance entre proyecci\u00f3n sonora y comodidad. Incorpora una tapa s\u00f3lida de\u2026","rel":"","context":"Entrada similar","block_context":{"text":"Entrada similar","link":""},"img":{"alt_text":"","src":"https:\/\/i0.wp.com\/musicuyinstrumentos.com\/wp-content\/uploads\/2025\/05\/Fender-CD-140-1.jpg?fit=1080%2C1080&ssl=1&resize=350%2C200","width":350,"height":200,"srcset":"https:\/\/i0.wp.com\/musicuyinstrumentos.com\/wp-content\/uploads\/2025\/05\/Fender-CD-140-1.jpg?fit=1080%2C1080&ssl=1&resize=350%2C200 1x, https:\/\/i0.wp.com\/musicuyinstrumentos.com\/wp-content\/uploads\/2025\/05\/Fender-CD-140-1.jpg?fit=1080%2C1080&ssl=1&resize=525%2C300 1.5x, https:\/\/i0.wp.com\/musicuyinstrumentos.com\/wp-content\/uploads\/2025\/05\/Fender-CD-140-1.jpg?fit=1080%2C1080&ssl=1&resize=700%2C400 2x, https:\/\/i0.wp.com\/musicuyinstrumentos.com\/wp-content\/uploads\/2025\/05\/Fender-CD-140-1.jpg?fit=1080%2C1080&ssl=1&resize=1050%2C600 3x"},"classes":[]},{"id":2097,"url":"https:\/\/musicuyinstrumentos.com\/index.php\/producto\/gibson-nighthawk-standard-st-3-1994-tobacco-sunburst\/","url_meta":{"origin":2339,"position":5},"title":"Gibson Nighthawk Standard ST-3 1994 Tobacco Sunburst","author":"matiaspmartinez","date":"4 de julio de 2023","format":false,"excerpt":"Una pieza ic\u00f3nica y cargada de historia, esta Gibson Nighthawk Standard ST-3 del a\u00f1o 1994 en color Tobacco Sunburst se destaca por su versatilidad y dise\u00f1o innovador para su \u00e9poca. Es reconocida por su tono h\u00edbrido que combina caracter\u00edsticas de guitarras el\u00e9ctricas tradicionales con un toque moderno. Esta guitarra tuvo\u2026","rel":"","context":"Entrada similar","block_context":{"text":"Entrada similar","link":""},"img":{"alt_text":"","src":"https:\/\/i0.wp.com\/musicuyinstrumentos.com\/wp-content\/uploads\/2023\/07\/Gibson-Nighthawk-Standard-ST-2-1-Editar-copia.jpg?fit=1080%2C1080&ssl=1&resize=350%2C200","width":350,"height":200,"srcset":"https:\/\/i0.wp.com\/musicuyinstrumentos.com\/wp-content\/uploads\/2023\/07\/Gibson-Nighthawk-Standard-ST-2-1-Editar-copia.jpg?fit=1080%2C1080&ssl=1&resize=350%2C200 1x, https:\/\/i0.wp.com\/musicuyinstrumentos.com\/wp-content\/uploads\/2023\/07\/Gibson-Nighthawk-Standard-ST-2-1-Editar-copia.jpg?fit=1080%2C1080&ssl=1&resize=525%2C300 1.5x, https:\/\/i0.wp.com\/musicuyinstrumentos.com\/wp-content\/uploads\/2023\/07\/Gibson-Nighthawk-Standard-ST-2-1-Editar-copia.jpg?fit=1080%2C1080&ssl=1&resize=700%2C400 2x, https:\/\/i0.wp.com\/musicuyinstrumentos.com\/wp-content\/uploads\/2023\/07\/Gibson-Nighthawk-Standard-ST-2-1-Editar-copia.jpg?fit=1080%2C1080&ssl=1&resize=1050%2C600 3x"},"classes":[]}],"jetpack_sharing_enabled":true,"_links":{"self":[{"href":"https:\/\/musicuyinstrumentos.com\/index.php\/wp-json\/wp\/v2\/product\/2339","targetHints":{"allow":["GET"]}}],"collection":[{"href":"https:\/\/musicuyinstrumentos.com\/index.php\/wp-json\/wp\/v2\/product"}],"about":[{"href":"https:\/\/musicuyinstrumentos.com\/index.php\/wp-json\/wp\/v2\/types\/product"}],"version-history":[{"count":4,"href":"https:\/\/musicuyinstrumentos.com\/index.php\/wp-json\/wp\/v2\/product\/2339\/revisions"}],"predecessor-version":[{"id":3188,"href":"https:\/\/musicuyinstrumentos.com\/index.php\/wp-json\/wp\/v2\/product\/2339\/revisions\/3188"}],"wp:featuredmedia":[{"embeddable":true,"href":"https:\/\/musicuyinstrumentos.com\/index.php\/wp-json\/wp\/v2\/media\/2809"}],"wp:attachment":[{"href":"https:\/\/musicuyinstrumentos.com\/index.php\/wp-json\/wp\/v2\/media?parent=2339"}],"wp:term":[{"taxonomy":"product_brand","embeddable":true,"href":"https:\/\/musicuyinstrumentos.com\/index.php\/wp-json\/wp\/v2\/product_brand?post=2339"},{"taxonomy":"product_cat","embeddable":true,"href":"https:\/\/musicuyinstrumentos.com\/index.php\/wp-json\/wp\/v2\/product_cat?post=2339"},{"taxonomy":"product_tag","embeddable":true,"href":"https:\/\/musicuyinstrumentos.com\/index.php\/wp-json\/wp\/v2\/product_tag?post=2339"}],"curies":[{"name":"wp","href":"https:\/\/api.w.org\/{rel}","templated":true}]}}