{"id":2400,"date":"2024-01-19T13:05:13","date_gmt":"2024-01-19T16:05:13","guid":{"rendered":"https:\/\/musicuyinstrumentos.com\/?post_type=product&#038;p=2400"},"modified":"2025-05-23T17:34:59","modified_gmt":"2025-05-23T20:34:59","slug":"maxon-overdrive-od808-modificado","status":"publish","type":"product","link":"https:\/\/musicuyinstrumentos.com\/index.php\/producto\/maxon-overdrive-od808-modificado\/","title":{"rendered":"Maxon Overdrive OD808 modificado"},"content":{"rendered":"<div class=\"x11i5rnm xat24cr x1mh8g0r x1vvkbs xtlvy1s x126k92a\">\n<div dir=\"auto\">\n<p data-start=\"760\" data-end=\"1201\">\u2705 <strong data-start=\"798\" data-end=\"809\">Origen:<\/strong> Jap\u00f3n \ud83c\uddef\ud83c\uddf5<br data-start=\"820\" data-end=\"823\" \/>\u2705 <strong data-start=\"825\" data-end=\"844\">Tipo de efecto:<\/strong> Overdrive anal\u00f3gico<br data-start=\"864\" data-end=\"867\" \/>\u2705 <strong data-start=\"869\" data-end=\"883\">Controles:<\/strong><br data-start=\"883\" data-end=\"886\" \/>\u2003\u2022 Drive<br data-start=\"894\" data-end=\"897\" \/>\u2003\u2022 Balance (volumen)<br data-start=\"917\" data-end=\"920\" \/>\u2003\u2022 Tone<br data-start=\"927\" data-end=\"930\" \/>\u2705 <strong data-start=\"932\" data-end=\"949\">Modificaci\u00f3n:<\/strong> Switch adicional<br data-start=\"991\" data-end=\"994\" \/>\u2705 <strong data-start=\"996\" data-end=\"1008\">Chip IC:<\/strong> JRC4558D (el cl\u00e1sico del Tube Screamer original)<br data-start=\"1057\" data-end=\"1060\" \/>\u2705 <strong data-start=\"1062\" data-end=\"1078\">True Bypass:<\/strong> S\u00ed<br data-start=\"1081\" data-end=\"1084\" \/>\u2705 <strong data-start=\"1086\" data-end=\"1103\">Alimentaci\u00f3n:<\/strong> 9V DC o bater\u00eda<br data-start=\"1119\" data-end=\"1122\" \/>\u2705 <strong data-start=\"1124\" data-end=\"1149\">Consumo de corriente:<\/strong> 5mA<br data-start=\"1153\" data-end=\"1156\" \/>\u2705 <strong data-start=\"1158\" data-end=\"1175\">Construcci\u00f3n:<\/strong> Carcasa met\u00e1lica s\u00f3lida<\/p>\n<p data-start=\"1203\" data-end=\"1380\">\ud83c\udfb8 <strong data-start=\"1206\" data-end=\"1217\">Estado:<\/strong><br data-start=\"1217\" data-end=\"1220\" \/>Muy buen estado est\u00e9tico y funcional. El overdrive original funciona como debe, con la modificaci\u00f3n lista para explorar nuevas opciones tonales si as\u00ed se desea.<\/p>\n<p data-start=\"1382\" data-end=\"1483\">\u26a1 <strong data-start=\"1384\" data-end=\"1483\">Un cl\u00e1sico japon\u00e9s con un plus oculto \u2013 ideal para m\u00fasicos curiosos y amantes del tono vintage.<\/strong><\/p>\n<\/div>\n<\/div>\n","protected":false},"excerpt":{"rendered":"<p>El <strong data-start=\"426\" data-end=\"441\">Maxon OD808<\/strong>, fabricado en <strong data-start=\"456\" data-end=\"465\">Jap\u00f3n<\/strong>, es un pedal de overdrive de culto por su tono c\u00e1lido, suave y natural. Esta unidad ha sido <strong data-start=\"558\" data-end=\"572\">modificada<\/strong> y cuenta con un <strong data-start=\"589\" data-end=\"609\">switch adicional<\/strong> que ampl\u00eda sus posibilidades sonoras.<\/p>\n","protected":false},"featured_media":2352,"template":"","meta":{"site-sidebar-layout":"no-sidebar","site-content-layout":"","ast-site-content-layout":"default","site-content-style":"default","site-sidebar-style":"default","ast-global-header-display":"","ast-banner-title-visibility":"","ast-main-header-display":"","ast-hfb-above-header-display":"","ast-hfb-below-header-display":"","ast-hfb-mobile-header-display":"","site-post-title":"","ast-breadcrumbs-content":"","ast-featured-img":"","footer-sml-layout":"","ast-disable-related-posts":"","theme-transparent-header-meta":"default","adv-header-id-meta":"","stick-header-meta":"","header-above-stick-meta":"","header-main-stick-meta":"","header-below-stick-meta":"","astra-migrate-meta-layouts":"set","ast-page-background-enabled":"default","ast-page-background-meta":{"desktop":{"background-color":"var(--ast-global-color-4)","background-image":"","background-repeat":"repeat","background-position":"center center","background-size":"auto","background-attachment":"scroll","background-type":"","background-media":"","overlay-type":"","overlay-color":"","overlay-opacity":"","overlay-gradient":""},"tablet":{"background-color":"","background-image":"","background-repeat":"repeat","background-position":"center center","background-size":"auto","background-attachment":"scroll","background-type":"","background-media":"","overlay-type":"","overlay-color":"","overlay-opacity":"","overlay-gradient":""},"mobile":{"background-color":"","background-image":"","background-repeat":"repeat","background-position":"center center","background-size":"auto","background-attachment":"scroll","background-type":"","background-media":"","overlay-type":"","overlay-color":"","overlay-opacity":"","overlay-gradient":""}},"ast-content-background-meta":{"desktop":{"background-color":"var(--ast-global-color-5)","background-image":"","background-repeat":"repeat","background-position":"center center","background-size":"auto","background-attachment":"scroll","background-type":"","background-media":"","overlay-type":"","overlay-color":"","overlay-opacity":"","overlay-gradient":""},"tablet":{"background-color":"var(--ast-global-color-5)","background-image":"","background-repeat":"repeat","background-position":"center center","background-size":"auto","background-attachment":"scroll","background-type":"","background-media":"","overlay-type":"","overlay-color":"","overlay-opacity":"","overlay-gradient":""},"mobile":{"background-color":"var(--ast-global-color-5)","background-image":"","background-repeat":"repeat","background-position":"center center","background-size":"auto","background-attachment":"scroll","background-type":"","background-media":"","overlay-type":"","overlay-color":"","overlay-opacity":"","overlay-gradient":""}},"_joinchat":[]},"product_brand":[],"product_cat":[44,47,15],"product_tag":[],"class_list":{"0":"post-2400","1":"product","2":"type-product","3":"status-publish","4":"has-post-thumbnail","6":"product_cat-accesorios","7":"product_cat-pedales","8":"product_cat-sin-categorizar","9":"desktop-align-left","10":"tablet-align-left","11":"mobile-align-left","13":"first","14":"instock","15":"shipping-taxable","16":"purchasable","17":"product-type-simple"},"jetpack-related-posts":[{"id":2180,"url":"https:\/\/musicuyinstrumentos.com\/index.php\/producto\/ibanez-roadster-rs924-1980\/","url_meta":{"origin":2400,"position":0},"title":"Ibanez Roadster RS924 1980","author":"matiaspmartinez","date":"5 de septiembre de 2023","format":false,"excerpt":"Directamente desde la era dorada de Ibanez, el RS924 Roadster es un bajo japon\u00e9s vintage de alt\u00edsima calidad y gran versatilidad. Fabricado en 1980, este modelo ofrece una electr\u00f3nica activa conmutable, dise\u00f1o s\u00f3lido y componentes originales que lo convierten en una pieza buscada tanto por m\u00fasicos como por coleccionistas.","rel":"","context":"Entrada similar","block_context":{"text":"Entrada similar","link":""},"img":{"alt_text":"","src":"https:\/\/i0.wp.com\/musicuyinstrumentos.com\/wp-content\/uploads\/2023\/09\/Ibanez-Roadster-928-1-Editar-copia.jpg?fit=1080%2C1080&ssl=1&resize=350%2C200","width":350,"height":200,"srcset":"https:\/\/i0.wp.com\/musicuyinstrumentos.com\/wp-content\/uploads\/2023\/09\/Ibanez-Roadster-928-1-Editar-copia.jpg?fit=1080%2C1080&ssl=1&resize=350%2C200 1x, https:\/\/i0.wp.com\/musicuyinstrumentos.com\/wp-content\/uploads\/2023\/09\/Ibanez-Roadster-928-1-Editar-copia.jpg?fit=1080%2C1080&ssl=1&resize=525%2C300 1.5x, https:\/\/i0.wp.com\/musicuyinstrumentos.com\/wp-content\/uploads\/2023\/09\/Ibanez-Roadster-928-1-Editar-copia.jpg?fit=1080%2C1080&ssl=1&resize=700%2C400 2x, https:\/\/i0.wp.com\/musicuyinstrumentos.com\/wp-content\/uploads\/2023\/09\/Ibanez-Roadster-928-1-Editar-copia.jpg?fit=1080%2C1080&ssl=1&resize=1050%2C600 3x"},"classes":[]},{"id":448,"url":"https:\/\/musicuyinstrumentos.com\/index.php\/producto\/ibanez-sr-5005\/","url_meta":{"origin":2400,"position":1},"title":"Ibanez SR 5005","author":"matiaspmartinez","date":"7 de marzo de 2022","format":false,"excerpt":"El Ibanez SR5005 es un bajo japon\u00e9s de gama alta perteneciente a la l\u00ednea Soundgear Prestige, conocido por su excelente construcci\u00f3n, comodidad y tono vers\u00e1til. Este modelo de 5 cuerdas ha sido modificado con un set de micr\u00f3fonos activos EMG 40DC, lo que le brinda un sonido moderno, potente y\u2026","rel":"","context":"Entrada similar","block_context":{"text":"Entrada similar","link":""},"img":{"alt_text":"","src":"https:\/\/i0.wp.com\/musicuyinstrumentos.com\/wp-content\/uploads\/2022\/03\/Ibanez-SR5005-1.jpg?fit=1080%2C1080&ssl=1&resize=350%2C200","width":350,"height":200,"srcset":"https:\/\/i0.wp.com\/musicuyinstrumentos.com\/wp-content\/uploads\/2022\/03\/Ibanez-SR5005-1.jpg?fit=1080%2C1080&ssl=1&resize=350%2C200 1x, https:\/\/i0.wp.com\/musicuyinstrumentos.com\/wp-content\/uploads\/2022\/03\/Ibanez-SR5005-1.jpg?fit=1080%2C1080&ssl=1&resize=525%2C300 1.5x, https:\/\/i0.wp.com\/musicuyinstrumentos.com\/wp-content\/uploads\/2022\/03\/Ibanez-SR5005-1.jpg?fit=1080%2C1080&ssl=1&resize=700%2C400 2x, https:\/\/i0.wp.com\/musicuyinstrumentos.com\/wp-content\/uploads\/2022\/03\/Ibanez-SR5005-1.jpg?fit=1080%2C1080&ssl=1&resize=1050%2C600 3x"},"classes":[]},{"id":3504,"url":"https:\/\/musicuyinstrumentos.com\/index.php\/producto\/takamine-ef360-bc-pro-series-1990-japon\/","url_meta":{"origin":2400,"position":2},"title":"Takamine EF360 BC Pro Series &#8211; 1990 &#8211; Jap\u00f3n","author":"matiaspmartinez","date":"29 de octubre de 2025","format":false,"excerpt":"La Takamine EF360 BC es una guitarra electroac\u00fastica de la serie profesional japonesa, fabricada en 1990, reconocida por su tono balanceado, proyecci\u00f3n excepcional y calidad de construcci\u00f3n artesanal. Este modelo ofrece un sonido c\u00e1lido, con graves definidos, medios redondos y agudos brillantes, ideal para int\u00e9rpretes que buscan una ac\u00fastica vers\u00e1til\u2026","rel":"","context":"Entrada similar","block_context":{"text":"Entrada similar","link":""},"img":{"alt_text":"","src":"https:\/\/i0.wp.com\/musicuyinstrumentos.com\/wp-content\/uploads\/2025\/10\/FacturandoTakamine-EF360-1.jpg?fit=1080%2C1080&ssl=1&resize=350%2C200","width":350,"height":200,"srcset":"https:\/\/i0.wp.com\/musicuyinstrumentos.com\/wp-content\/uploads\/2025\/10\/FacturandoTakamine-EF360-1.jpg?fit=1080%2C1080&ssl=1&resize=350%2C200 1x, https:\/\/i0.wp.com\/musicuyinstrumentos.com\/wp-content\/uploads\/2025\/10\/FacturandoTakamine-EF360-1.jpg?fit=1080%2C1080&ssl=1&resize=525%2C300 1.5x, https:\/\/i0.wp.com\/musicuyinstrumentos.com\/wp-content\/uploads\/2025\/10\/FacturandoTakamine-EF360-1.jpg?fit=1080%2C1080&ssl=1&resize=700%2C400 2x, https:\/\/i0.wp.com\/musicuyinstrumentos.com\/wp-content\/uploads\/2025\/10\/FacturandoTakamine-EF360-1.jpg?fit=1080%2C1080&ssl=1&resize=1050%2C600 3x"},"classes":[]},{"id":29,"url":"https:\/\/musicuyinstrumentos.com\/index.php\/producto\/bc-rich-stiii-made-in-usa-80s\/","url_meta":{"origin":2400,"position":3},"title":"BC Rich STIII (Made in USA, 80&#8217;s)","author":"matiaspmartinez","date":"1 de marzo de 2022","format":false,"excerpt":"La BC Rich ST-III es una guitarra poco com\u00fan y muy buscada por coleccionistas y guitarristas que valoran las rarezas de alto nivel. Fabricada en Estados Unidos durante los a\u00f1os 80, fue una de las propuestas m\u00e1s innovadoras de BC Rich en la era post-Superstrat, con est\u00e9tica agresiva, dise\u00f1o ergon\u00f3mico\u2026","rel":"","context":"Entrada similar","block_context":{"text":"Entrada similar","link":""},"img":{"alt_text":"","src":"https:\/\/i0.wp.com\/musicuyinstrumentos.com\/wp-content\/uploads\/2022\/03\/BC-Rich-STIII-USA-1.jpg?fit=1080%2C1080&ssl=1&resize=350%2C200","width":350,"height":200,"srcset":"https:\/\/i0.wp.com\/musicuyinstrumentos.com\/wp-content\/uploads\/2022\/03\/BC-Rich-STIII-USA-1.jpg?fit=1080%2C1080&ssl=1&resize=350%2C200 1x, https:\/\/i0.wp.com\/musicuyinstrumentos.com\/wp-content\/uploads\/2022\/03\/BC-Rich-STIII-USA-1.jpg?fit=1080%2C1080&ssl=1&resize=525%2C300 1.5x, https:\/\/i0.wp.com\/musicuyinstrumentos.com\/wp-content\/uploads\/2022\/03\/BC-Rich-STIII-USA-1.jpg?fit=1080%2C1080&ssl=1&resize=700%2C400 2x, https:\/\/i0.wp.com\/musicuyinstrumentos.com\/wp-content\/uploads\/2022\/03\/BC-Rich-STIII-USA-1.jpg?fit=1080%2C1080&ssl=1&resize=1050%2C600 3x"},"classes":[]},{"id":2732,"url":"https:\/\/musicuyinstrumentos.com\/index.php\/producto\/mxr-m169-carbon-copy-analog-delay\/","url_meta":{"origin":2400,"position":4},"title":"MXR M169 Carbon Copy Analog Delay","author":"matiaspmartinez","date":"6 de noviembre de 2024","format":false,"excerpt":"El MXR Carbon Copy es uno de los delays anal\u00f3gicos m\u00e1s queridos del mercado, famoso por su tono c\u00e1lido y org\u00e1nico. Con un tiempo de retardo de hasta 600ms y un mod switch para agregar un toque de chorus tipo cinta, este pedal se adapta a todo tipo de estilos:\u2026","rel":"","context":"Entrada similar","block_context":{"text":"Entrada similar","link":""},"img":{"alt_text":"","src":"https:\/\/i0.wp.com\/musicuyinstrumentos.com\/wp-content\/uploads\/2024\/11\/MXR-Carbon-Copy-Analog-Delay-1-Alibaba.jpg?fit=1080%2C1080&ssl=1&resize=350%2C200","width":350,"height":200,"srcset":"https:\/\/i0.wp.com\/musicuyinstrumentos.com\/wp-content\/uploads\/2024\/11\/MXR-Carbon-Copy-Analog-Delay-1-Alibaba.jpg?fit=1080%2C1080&ssl=1&resize=350%2C200 1x, https:\/\/i0.wp.com\/musicuyinstrumentos.com\/wp-content\/uploads\/2024\/11\/MXR-Carbon-Copy-Analog-Delay-1-Alibaba.jpg?fit=1080%2C1080&ssl=1&resize=525%2C300 1.5x, https:\/\/i0.wp.com\/musicuyinstrumentos.com\/wp-content\/uploads\/2024\/11\/MXR-Carbon-Copy-Analog-Delay-1-Alibaba.jpg?fit=1080%2C1080&ssl=1&resize=700%2C400 2x, https:\/\/i0.wp.com\/musicuyinstrumentos.com\/wp-content\/uploads\/2024\/11\/MXR-Carbon-Copy-Analog-Delay-1-Alibaba.jpg?fit=1080%2C1080&ssl=1&resize=1050%2C600 3x"},"classes":[]},{"id":2784,"url":"https:\/\/musicuyinstrumentos.com\/index.php\/producto\/fernandes-mv-95ht-tomoyasu-hotei-signatures\/","url_meta":{"origin":2400,"position":5},"title":"Fernandes MV-95HT Tomoyasu Hotei Signatures","author":"matiaspmartinez","date":"22 de noviembre de 2024","format":false,"excerpt":"La MV-95HT es un modelo signature del legendario guitarrista japon\u00e9s Tomoyasu Hotei, lanzado por Fernandes a finales de los 80s. Esta guitarra combina un dise\u00f1o elegante y distintivo con electr\u00f3nica activa F.G.I. que ofrece un sonido moderno, claro y vers\u00e1til, ideal para una amplia gama de estilos m\u00e1s all\u00e1 del\u2026","rel":"","context":"Entrada similar","block_context":{"text":"Entrada similar","link":""},"img":{"alt_text":"","src":"https:\/\/i0.wp.com\/musicuyinstrumentos.com\/wp-content\/uploads\/2024\/11\/Fernandes-MV-95HT-1.jpg?fit=1080%2C1080&ssl=1&resize=350%2C200","width":350,"height":200,"srcset":"https:\/\/i0.wp.com\/musicuyinstrumentos.com\/wp-content\/uploads\/2024\/11\/Fernandes-MV-95HT-1.jpg?fit=1080%2C1080&ssl=1&resize=350%2C200 1x, https:\/\/i0.wp.com\/musicuyinstrumentos.com\/wp-content\/uploads\/2024\/11\/Fernandes-MV-95HT-1.jpg?fit=1080%2C1080&ssl=1&resize=525%2C300 1.5x, https:\/\/i0.wp.com\/musicuyinstrumentos.com\/wp-content\/uploads\/2024\/11\/Fernandes-MV-95HT-1.jpg?fit=1080%2C1080&ssl=1&resize=700%2C400 2x, https:\/\/i0.wp.com\/musicuyinstrumentos.com\/wp-content\/uploads\/2024\/11\/Fernandes-MV-95HT-1.jpg?fit=1080%2C1080&ssl=1&resize=1050%2C600 3x"},"classes":[]}],"jetpack_sharing_enabled":true,"_links":{"self":[{"href":"https:\/\/musicuyinstrumentos.com\/index.php\/wp-json\/wp\/v2\/product\/2400","targetHints":{"allow":["GET"]}}],"collection":[{"href":"https:\/\/musicuyinstrumentos.com\/index.php\/wp-json\/wp\/v2\/product"}],"about":[{"href":"https:\/\/musicuyinstrumentos.com\/index.php\/wp-json\/wp\/v2\/types\/product"}],"version-history":[{"count":3,"href":"https:\/\/musicuyinstrumentos.com\/index.php\/wp-json\/wp\/v2\/product\/2400\/revisions"}],"predecessor-version":[{"id":3262,"href":"https:\/\/musicuyinstrumentos.com\/index.php\/wp-json\/wp\/v2\/product\/2400\/revisions\/3262"}],"wp:featuredmedia":[{"embeddable":true,"href":"https:\/\/musicuyinstrumentos.com\/index.php\/wp-json\/wp\/v2\/media\/2352"}],"wp:attachment":[{"href":"https:\/\/musicuyinstrumentos.com\/index.php\/wp-json\/wp\/v2\/media?parent=2400"}],"wp:term":[{"taxonomy":"product_brand","embeddable":true,"href":"https:\/\/musicuyinstrumentos.com\/index.php\/wp-json\/wp\/v2\/product_brand?post=2400"},{"taxonomy":"product_cat","embeddable":true,"href":"https:\/\/musicuyinstrumentos.com\/index.php\/wp-json\/wp\/v2\/product_cat?post=2400"},{"taxonomy":"product_tag","embeddable":true,"href":"https:\/\/musicuyinstrumentos.com\/index.php\/wp-json\/wp\/v2\/product_tag?post=2400"}],"curies":[{"name":"wp","href":"https:\/\/api.w.org\/{rel}","templated":true}]}}