{"id":2410,"date":"2024-01-20T10:30:16","date_gmt":"2024-01-20T13:30:16","guid":{"rendered":"https:\/\/musicuyinstrumentos.com\/?post_type=product&#038;p=2410"},"modified":"2025-05-22T17:03:25","modified_gmt":"2025-05-22T20:03:25","slug":"traveler-guitar-escape-mark-iii","status":"publish","type":"product","link":"https:\/\/musicuyinstrumentos.com\/index.php\/producto\/traveler-guitar-escape-mark-iii\/","title":{"rendered":"Traveler Guitar Escape Mark III"},"content":{"rendered":"<div dir=\"auto\">\u2705 Tipo: Guitarra de viaje electroac\u00fastica<br data-start=\"1037\" data-end=\"1040\" \/>\u2705 Escala: 25.5&#8243; (648 mm) \u2013 est\u00e1ndar de guitarra de tama\u00f1o completo<br data-start=\"1106\" data-end=\"1109\" \/>\u2705 Cuerpo: Alder<br data-start=\"1124\" data-end=\"1127\" \/>\u2705 Tapa: Spruce<br data-start=\"1141\" data-end=\"1144\" \/>\u2705 M\u00e1stil: Maple<br data-start=\"1159\" data-end=\"1162\" \/>\u2705 Diapas\u00f3n: Palo de rosa<br data-start=\"1186\" data-end=\"1189\" \/>\u2705 Trastes: 22 Medium<br data-start=\"1209\" data-end=\"1212\" \/>\u2705 Electr\u00f3nica:<br data-start=\"1226\" data-end=\"1229\" \/>\u2003\u2022 Preamp Shadow con ecualizaci\u00f3n de 3 bandas<br data-start=\"1274\" data-end=\"1277\" \/>\u2003\u2022 Afinador digital integrado<br data-start=\"1306\" data-end=\"1309\" \/>\u2003\u2022 Salida de auriculares<br data-start=\"1333\" data-end=\"1336\" \/>\u2003\u2022 Salida de l\u00ednea (jack 1\/4&#8243;)<br data-start=\"1366\" data-end=\"1369\" \/>\u2705 Clavijas: Cerradas cromadas<br data-start=\"1398\" data-end=\"1401\" \/>\u2705 Peso: Aproximadamente 1.6 kg<br data-start=\"1431\" data-end=\"1434\" \/>\u2705 Largo total: 762 mm<br data-start=\"1455\" data-end=\"1458\" \/>\u2705 Incluye: Funda original acolchada<\/div>\n","protected":false},"excerpt":{"rendered":"<p>La <strong data-start=\"387\" data-end=\"415\">Traveler Escape Mark III<\/strong> es la compa\u00f1era perfecta para guitarristas en movimiento. Su dise\u00f1o ultra compacto y liviano la convierte en una excelente opci\u00f3n para viajar sin renunciar a la sensaci\u00f3n y escala de una guitarra de tama\u00f1o completo. Esta versi\u00f3n incluye un sistema de preamplificador con ecualizaci\u00f3n y afinador integrado, salida para auriculares y salida de l\u00ednea, lo que la hace ideal tanto para pr\u00e1ctica silenciosa como para grabaciones o presentaciones en vivo. Con cuerpo de alder y tapa de spruce, ofrece un tono balanceado en un formato extremadamente port\u00e1til.<\/p>\n","protected":false},"featured_media":2379,"template":"","meta":{"site-sidebar-layout":"no-sidebar","site-content-layout":"","ast-site-content-layout":"default","site-content-style":"default","site-sidebar-style":"default","ast-global-header-display":"","ast-banner-title-visibility":"","ast-main-header-display":"","ast-hfb-above-header-display":"","ast-hfb-below-header-display":"","ast-hfb-mobile-header-display":"","site-post-title":"","ast-breadcrumbs-content":"","ast-featured-img":"","footer-sml-layout":"","ast-disable-related-posts":"","theme-transparent-header-meta":"default","adv-header-id-meta":"","stick-header-meta":"","header-above-stick-meta":"","header-main-stick-meta":"","header-below-stick-meta":"","astra-migrate-meta-layouts":"set","ast-page-background-enabled":"default","ast-page-background-meta":{"desktop":{"background-color":"var(--ast-global-color-4)","background-image":"","background-repeat":"repeat","background-position":"center center","background-size":"auto","background-attachment":"scroll","background-type":"","background-media":"","overlay-type":"","overlay-color":"","overlay-opacity":"","overlay-gradient":""},"tablet":{"background-color":"","background-image":"","background-repeat":"repeat","background-position":"center center","background-size":"auto","background-attachment":"scroll","background-type":"","background-media":"","overlay-type":"","overlay-color":"","overlay-opacity":"","overlay-gradient":""},"mobile":{"background-color":"","background-image":"","background-repeat":"repeat","background-position":"center center","background-size":"auto","background-attachment":"scroll","background-type":"","background-media":"","overlay-type":"","overlay-color":"","overlay-opacity":"","overlay-gradient":""}},"ast-content-background-meta":{"desktop":{"background-color":"var(--ast-global-color-5)","background-image":"","background-repeat":"repeat","background-position":"center center","background-size":"auto","background-attachment":"scroll","background-type":"","background-media":"","overlay-type":"","overlay-color":"","overlay-opacity":"","overlay-gradient":""},"tablet":{"background-color":"var(--ast-global-color-5)","background-image":"","background-repeat":"repeat","background-position":"center center","background-size":"auto","background-attachment":"scroll","background-type":"","background-media":"","overlay-type":"","overlay-color":"","overlay-opacity":"","overlay-gradient":""},"mobile":{"background-color":"var(--ast-global-color-5)","background-image":"","background-repeat":"repeat","background-position":"center center","background-size":"auto","background-attachment":"scroll","background-type":"","background-media":"","overlay-type":"","overlay-color":"","overlay-opacity":"","overlay-gradient":""}},"_joinchat":[]},"product_brand":[],"product_cat":[22,24,15],"product_tag":[75,73,156],"class_list":{"0":"post-2410","1":"product","2":"type-product","3":"status-publish","4":"has-post-thumbnail","6":"product_cat-guitarras","7":"product_cat-guitarras-acusticas","8":"product_cat-sin-categorizar","9":"product_tag-acustica","10":"product_tag-guitarra","11":"product_tag-viajera","12":"desktop-align-left","13":"tablet-align-left","14":"mobile-align-left","16":"first","17":"instock","18":"sale","19":"shipping-taxable","20":"purchasable","21":"product-type-simple"},"jetpack-related-posts":[{"id":3270,"url":"https:\/\/musicuyinstrumentos.com\/index.php\/producto\/fender-cd-140-sce\/","url_meta":{"origin":2410,"position":0},"title":"Fender CD-140 SCE","author":"matiaspmartinez","date":"24 de mayo de 2025","format":false,"excerpt":"La Fender CD-140SCE es una guitarra electroac\u00fastica ideal tanto para quienes est\u00e1n dando sus primeros pasos como para m\u00fasicos m\u00e1s experimentados que buscan una ac\u00fastica confiable y vers\u00e1til. Su dise\u00f1o de cuerpo tipo dreadnought con corte ofrece un excelente balance entre proyecci\u00f3n sonora y comodidad. Incorpora una tapa s\u00f3lida de\u2026","rel":"","context":"Entrada similar","block_context":{"text":"Entrada similar","link":""},"img":{"alt_text":"","src":"https:\/\/i0.wp.com\/musicuyinstrumentos.com\/wp-content\/uploads\/2025\/05\/Fender-CD-140-1.jpg?fit=1080%2C1080&ssl=1&resize=350%2C200","width":350,"height":200,"srcset":"https:\/\/i0.wp.com\/musicuyinstrumentos.com\/wp-content\/uploads\/2025\/05\/Fender-CD-140-1.jpg?fit=1080%2C1080&ssl=1&resize=350%2C200 1x, https:\/\/i0.wp.com\/musicuyinstrumentos.com\/wp-content\/uploads\/2025\/05\/Fender-CD-140-1.jpg?fit=1080%2C1080&ssl=1&resize=525%2C300 1.5x, https:\/\/i0.wp.com\/musicuyinstrumentos.com\/wp-content\/uploads\/2025\/05\/Fender-CD-140-1.jpg?fit=1080%2C1080&ssl=1&resize=700%2C400 2x, https:\/\/i0.wp.com\/musicuyinstrumentos.com\/wp-content\/uploads\/2025\/05\/Fender-CD-140-1.jpg?fit=1080%2C1080&ssl=1&resize=1050%2C600 3x"},"classes":[]},{"id":2100,"url":"https:\/\/musicuyinstrumentos.com\/index.php\/producto\/ibanez-sz-520-c-estuche-rigido\/","url_meta":{"origin":2410,"position":1},"title":"Ibanez SZ 520 c\/estuche r\u00edgido","author":"matiaspmartinez","date":"4 de julio de 2023","format":false,"excerpt":"La Ibanez SZ520 forma parte de la aclamada serie SZ, destac\u00e1ndose por su dise\u00f1o singlecut, sustain natural y comodidad al tocar. Fabricada con materiales de alta calidad, esta guitarra combina la calidez y cuerpo de la caoba con el ataque del arce flameado en la tapa. Su configuraci\u00f3n de micr\u00f3fonos\u2026","rel":"","context":"Entrada similar","block_context":{"text":"Entrada similar","link":""},"img":{"alt_text":"","src":"https:\/\/i0.wp.com\/musicuyinstrumentos.com\/wp-content\/uploads\/2023\/07\/Ibanez-SZ-520-1-copia.jpg?fit=1080%2C1080&ssl=1&resize=350%2C200","width":350,"height":200,"srcset":"https:\/\/i0.wp.com\/musicuyinstrumentos.com\/wp-content\/uploads\/2023\/07\/Ibanez-SZ-520-1-copia.jpg?fit=1080%2C1080&ssl=1&resize=350%2C200 1x, https:\/\/i0.wp.com\/musicuyinstrumentos.com\/wp-content\/uploads\/2023\/07\/Ibanez-SZ-520-1-copia.jpg?fit=1080%2C1080&ssl=1&resize=525%2C300 1.5x, https:\/\/i0.wp.com\/musicuyinstrumentos.com\/wp-content\/uploads\/2023\/07\/Ibanez-SZ-520-1-copia.jpg?fit=1080%2C1080&ssl=1&resize=700%2C400 2x, https:\/\/i0.wp.com\/musicuyinstrumentos.com\/wp-content\/uploads\/2023\/07\/Ibanez-SZ-520-1-copia.jpg?fit=1080%2C1080&ssl=1&resize=1050%2C600 3x"},"classes":[]},{"id":2109,"url":"https:\/\/musicuyinstrumentos.com\/index.php\/producto\/palmer-compressor\/","url_meta":{"origin":2410,"position":2},"title":"Palmer Compressor","author":"matiaspmartinez","date":"4 de julio de 2023","format":false,"excerpt":"El Palmer PECOMP Compressor es un pedal de compresi\u00f3n anal\u00f3gico que ofrece un control preciso sobre la din\u00e1mica de tu se\u00f1al, proporcionando mayor punch y sustain sin distorsi\u00f3n. Su circuito de bajo ruido y construcci\u00f3n robusta lo convierten en una opci\u00f3n confiable para guitarristas que buscan calidad y durabilidad en\u2026","rel":"","context":"Entrada similar","block_context":{"text":"Entrada similar","link":""},"img":{"alt_text":"","src":"https:\/\/i0.wp.com\/musicuyinstrumentos.com\/wp-content\/uploads\/2023\/07\/Palmer-Compressor-1-copia.jpg?fit=1080%2C1080&ssl=1&resize=350%2C200","width":350,"height":200,"srcset":"https:\/\/i0.wp.com\/musicuyinstrumentos.com\/wp-content\/uploads\/2023\/07\/Palmer-Compressor-1-copia.jpg?fit=1080%2C1080&ssl=1&resize=350%2C200 1x, https:\/\/i0.wp.com\/musicuyinstrumentos.com\/wp-content\/uploads\/2023\/07\/Palmer-Compressor-1-copia.jpg?fit=1080%2C1080&ssl=1&resize=525%2C300 1.5x, https:\/\/i0.wp.com\/musicuyinstrumentos.com\/wp-content\/uploads\/2023\/07\/Palmer-Compressor-1-copia.jpg?fit=1080%2C1080&ssl=1&resize=700%2C400 2x, https:\/\/i0.wp.com\/musicuyinstrumentos.com\/wp-content\/uploads\/2023\/07\/Palmer-Compressor-1-copia.jpg?fit=1080%2C1080&ssl=1&resize=1050%2C600 3x"},"classes":[]},{"id":286,"url":"https:\/\/musicuyinstrumentos.com\/index.php\/producto\/dbz-cavallo-st\/","url_meta":{"origin":2410,"position":3},"title":"DBZ Cavallo ST","author":"matiaspmartinez","date":"1 de marzo de 2022","format":false,"excerpt":"La DBZ Cavallo ST Natural Vintage es una versi\u00f3n premium de esta m\u00edtica guitarra dise\u00f1ada por el reconocido luthier Dean B. Zelinsky (fundador de Dean Guitars). Este modelo pertenece a la serie original previa a la fusi\u00f3n con Diamond Guitars, y presenta una est\u00e9tica Natural Vintage con vetas visibles que\u2026","rel":"","context":"Entrada similar","block_context":{"text":"Entrada similar","link":""},"img":{"alt_text":"","src":"https:\/\/i0.wp.com\/musicuyinstrumentos.com\/wp-content\/uploads\/2022\/03\/DBZ-Cavallo-AV-1.jpg?fit=1080%2C1080&ssl=1&resize=350%2C200","width":350,"height":200,"srcset":"https:\/\/i0.wp.com\/musicuyinstrumentos.com\/wp-content\/uploads\/2022\/03\/DBZ-Cavallo-AV-1.jpg?fit=1080%2C1080&ssl=1&resize=350%2C200 1x, https:\/\/i0.wp.com\/musicuyinstrumentos.com\/wp-content\/uploads\/2022\/03\/DBZ-Cavallo-AV-1.jpg?fit=1080%2C1080&ssl=1&resize=525%2C300 1.5x, https:\/\/i0.wp.com\/musicuyinstrumentos.com\/wp-content\/uploads\/2022\/03\/DBZ-Cavallo-AV-1.jpg?fit=1080%2C1080&ssl=1&resize=700%2C400 2x, https:\/\/i0.wp.com\/musicuyinstrumentos.com\/wp-content\/uploads\/2022\/03\/DBZ-Cavallo-AV-1.jpg?fit=1080%2C1080&ssl=1&resize=1050%2C600 3x"},"classes":[]},{"id":255,"url":"https:\/\/musicuyinstrumentos.com\/index.php\/producto\/carvin-cobalt-ct980ts-12-cuerdas\/","url_meta":{"origin":2410,"position":4},"title":"Carvin Cobalt C980T12 (12 cuerdas)","author":"matiaspmartinez","date":"1 de marzo de 2022","format":false,"excerpt":"La Carvin Cobalt C980T12 es una guitarra electroac\u00fastica de 12 cuerdas de alt\u00edsima calidad, fabricada en asociaci\u00f3n con luthiers seleccionados de Corea bajo los m\u00e1s exigentes est\u00e1ndares de Carvin USA. Se trata de un modelo que combina maderas nobles, un dise\u00f1o cl\u00e1sico y un sonido potente y balanceado, ideal tanto\u2026","rel":"","context":"Entrada similar","block_context":{"text":"Entrada similar","link":""},"img":{"alt_text":"","src":"https:\/\/i0.wp.com\/musicuyinstrumentos.com\/wp-content\/uploads\/2022\/03\/Carvin-C980T12-1.jpg?fit=1080%2C1080&ssl=1&resize=350%2C200","width":350,"height":200,"srcset":"https:\/\/i0.wp.com\/musicuyinstrumentos.com\/wp-content\/uploads\/2022\/03\/Carvin-C980T12-1.jpg?fit=1080%2C1080&ssl=1&resize=350%2C200 1x, https:\/\/i0.wp.com\/musicuyinstrumentos.com\/wp-content\/uploads\/2022\/03\/Carvin-C980T12-1.jpg?fit=1080%2C1080&ssl=1&resize=525%2C300 1.5x, https:\/\/i0.wp.com\/musicuyinstrumentos.com\/wp-content\/uploads\/2022\/03\/Carvin-C980T12-1.jpg?fit=1080%2C1080&ssl=1&resize=700%2C400 2x, https:\/\/i0.wp.com\/musicuyinstrumentos.com\/wp-content\/uploads\/2022\/03\/Carvin-C980T12-1.jpg?fit=1080%2C1080&ssl=1&resize=1050%2C600 3x"},"classes":[]},{"id":2581,"url":"https:\/\/musicuyinstrumentos.com\/index.php\/producto\/squier-obey-graphic-stratocaster-hss-dissent\/","url_meta":{"origin":2410,"position":5},"title":"Squier Obey Graphic Stratocaster HSS Dissent","author":"matiaspmartinez","date":"29 de julio de 2024","format":false,"excerpt":"La Squier Stratocaster HSS Obey \u201cDissent\u201d es una edici\u00f3n limitada fruto de la colaboraci\u00f3n con el artista Shepard Fairey, conocido por la ic\u00f3nica marca OBEY. Esta guitarra no solo destaca por su potente est\u00e9tica con gr\u00e1fica \u201cDissent\u201d, sino tambi\u00e9n por su versatilidad sonora gracias a una configuraci\u00f3n de micr\u00f3fonos ideal\u2026","rel":"","context":"Entrada similar","block_context":{"text":"Entrada similar","link":""},"img":{"alt_text":"","src":"https:\/\/i0.wp.com\/musicuyinstrumentos.com\/wp-content\/uploads\/2024\/07\/Squier-Stratocaster-Obey-Dissent-HSS-1-Alibaba.jpg?fit=1080%2C1080&ssl=1&resize=350%2C200","width":350,"height":200,"srcset":"https:\/\/i0.wp.com\/musicuyinstrumentos.com\/wp-content\/uploads\/2024\/07\/Squier-Stratocaster-Obey-Dissent-HSS-1-Alibaba.jpg?fit=1080%2C1080&ssl=1&resize=350%2C200 1x, https:\/\/i0.wp.com\/musicuyinstrumentos.com\/wp-content\/uploads\/2024\/07\/Squier-Stratocaster-Obey-Dissent-HSS-1-Alibaba.jpg?fit=1080%2C1080&ssl=1&resize=525%2C300 1.5x, https:\/\/i0.wp.com\/musicuyinstrumentos.com\/wp-content\/uploads\/2024\/07\/Squier-Stratocaster-Obey-Dissent-HSS-1-Alibaba.jpg?fit=1080%2C1080&ssl=1&resize=700%2C400 2x, https:\/\/i0.wp.com\/musicuyinstrumentos.com\/wp-content\/uploads\/2024\/07\/Squier-Stratocaster-Obey-Dissent-HSS-1-Alibaba.jpg?fit=1080%2C1080&ssl=1&resize=1050%2C600 3x"},"classes":[]}],"jetpack_sharing_enabled":true,"_links":{"self":[{"href":"https:\/\/musicuyinstrumentos.com\/index.php\/wp-json\/wp\/v2\/product\/2410","targetHints":{"allow":["GET"]}}],"collection":[{"href":"https:\/\/musicuyinstrumentos.com\/index.php\/wp-json\/wp\/v2\/product"}],"about":[{"href":"https:\/\/musicuyinstrumentos.com\/index.php\/wp-json\/wp\/v2\/types\/product"}],"version-history":[{"count":3,"href":"https:\/\/musicuyinstrumentos.com\/index.php\/wp-json\/wp\/v2\/product\/2410\/revisions"}],"predecessor-version":[{"id":3221,"href":"https:\/\/musicuyinstrumentos.com\/index.php\/wp-json\/wp\/v2\/product\/2410\/revisions\/3221"}],"wp:featuredmedia":[{"embeddable":true,"href":"https:\/\/musicuyinstrumentos.com\/index.php\/wp-json\/wp\/v2\/media\/2379"}],"wp:attachment":[{"href":"https:\/\/musicuyinstrumentos.com\/index.php\/wp-json\/wp\/v2\/media?parent=2410"}],"wp:term":[{"taxonomy":"product_brand","embeddable":true,"href":"https:\/\/musicuyinstrumentos.com\/index.php\/wp-json\/wp\/v2\/product_brand?post=2410"},{"taxonomy":"product_cat","embeddable":true,"href":"https:\/\/musicuyinstrumentos.com\/index.php\/wp-json\/wp\/v2\/product_cat?post=2410"},{"taxonomy":"product_tag","embeddable":true,"href":"https:\/\/musicuyinstrumentos.com\/index.php\/wp-json\/wp\/v2\/product_tag?post=2410"}],"curies":[{"name":"wp","href":"https:\/\/api.w.org\/{rel}","templated":true}]}}