{"id":2413,"date":"2024-01-20T10:45:18","date_gmt":"2024-01-20T13:45:18","guid":{"rendered":"https:\/\/musicuyinstrumentos.com\/?post_type=product&#038;p=2413"},"modified":"2025-04-21T15:48:59","modified_gmt":"2025-04-21T18:48:59","slug":"vega-trem-vt1-ultra-trem-standard","status":"publish","type":"product","link":"https:\/\/musicuyinstrumentos.com\/index.php\/producto\/vega-trem-vt1-ultra-trem-standard\/","title":{"rendered":"Vega Trem VT1 Ultra Trem Standard"},"content":{"rendered":"<p>Sencillo, no hay problema<br \/>\nSi ya has montado, ajustado o simplemente cambiado cuerdas con alguno de los tr\u00e9molos existentes en el mercado y no eres un manitas o aspirante a luthier, entonces ya sabes que no es una tarea tan f\u00e1cil.\u00a0Por eso lo hemos redise\u00f1ado todo para que con un simple v\u00eddeo y un destornillador puedas montar tu VT1 UltraTrem en un abrir y cerrar de ojos.\u00a0Y si al escuchar la palabra desmontar ves al Anticristo, no te preocupes, tu luthier o tu tienda de confianza estar\u00e1n contentos: nunca habr\u00e1n ganado dinero tan f\u00e1cil por hacer algo tan sencillo.<\/p>\n<p>Tu querida ST, intacta<br \/>\nSi lo has investigado sabr\u00e1s que hasta hoy, montar tu puente flotante en una guitarra tipo ST significaba que siempre necesitabas modificarlo, y esto implicaba perforar nuevos agujeros y atornillar el puente original. cavidad.\u00a0Ya sea que tu querida Stratocaster sea un cl\u00e1sico o un est\u00e1ndar mejorado, \u00a1UN ACTO PROFANO!\u00a0Por este motivo inventamos el VT1 UltraTrem.\u00a0Eso significa no tener que taladrar, lijar ni agrandar nada, ya que encaja perfectamente en la cavidad original.<\/p>\n<p>Comodidad<br \/>\n\u00bfSi, por lo que has le\u00eddo hasta ahora, no est\u00e1s convencido de que cambiar a VT1 ofrezca suficientes beneficios?\u00a0Bueno, hay una raz\u00f3n m\u00e1s muy importante: el VT1 es, por su dise\u00f1o original, el tr\u00e9molo m\u00e1s compacto del mercado, por lo tanto, no sobresale del cuerpo, como suele ocurrir con otros tr\u00e9molos, y esto significa la barra de golpe. no obstaculizar\u00e1 de ning\u00fan modo su interpretaci\u00f3n.<\/p>\n<p>Atractivo<br \/>\nSi te encanta el aspecto de tu guitarra, no te encantar\u00e1 tener que sustituir el puente original por un bloque de metal como los tr\u00e9molos disponibles hasta ahora en el mercado.\u00a0Pero eso es historia.\u00a0El VT1 UltraTrem cabe casi en el mismo espacio que el puente original, por lo que su guitarra lucir\u00e1 tan hermosa como siempre y le encantar\u00e1 el revestimiento superior de acero inoxidable.\u00a0Porque aunque no lo confesemos, todos nos preocupamos por nuestra est\u00e9tica y todos tenemos alma de Rock Star.<\/p>\n<p>El lugar adecuado para el VegaTrem para zurdos<br \/>\nahora es el lugar adecuado para los zurdos que buscan un nivel completamente nuevo de estabilidad y versatilidad sin modificar la guitarra.\u00a0Aqu\u00ed est\u00e1 el UltraTrem VT1 LH.\u00a0Este tr\u00e9molo para zurdos tiene la misma calidad y precio que la versi\u00f3n est\u00e1ndar.<\/p>\n<p>Musical<br \/>\nTodas las mejoras mec\u00e1nicas del VT1 UltraTrem, en relaci\u00f3n a todo lo existente anteriormente, hacen que se comporte de una manera m\u00e1s musical, ya no es solo el tono y la ausencia de ruido, tambi\u00e9n lo es los intervalos que obtienes al apretar. Las cuerdas son arm\u00f3nicamente compatibles, por lo que podr\u00e1s a\u00f1adir a tu interpretaci\u00f3n, el fraseo t\u00edpico de un pedal Steel, o glissandos s\u00faper afinados.<\/p>\n<p>Fabricado en Europa<br \/>\nLa calidad de un puente VT1 UltraTrem nace no s\u00f3lo de un dise\u00f1o especialmente fiable y robusto, sino tambi\u00e9n de un proceso de fabricaci\u00f3n excepcionalmente fiable.\u00a0Todos sus componentes est\u00e1n fabricados en acero inoxidable de alta calidad, incluso el bloque es de acero galvanizado.\u00a0Fabricamos en Europa con los mismos materiales, calidad, proceso y control de precisi\u00f3n utilizados en la fabricaci\u00f3n de materiales quir\u00fargicos.\u00a0S\u00f3lo as\u00ed podremos ofrecerte una inmejorable garant\u00eda de 2 a\u00f1os (duplicamos el periodo de garant\u00eda de los vibratos m\u00e1s vendidos en todo el mundo hasta ahora).<\/p>\n<p>MANTENIMIENTO<br \/>\nPara el correcto mantenimiento de su sistema VT1, aseg\u00farese de mantener engrasado el casquillo receptor de la barra de vibraci\u00f3n, as\u00ed como las ranuras del fulcro sobre las que descansa la placa.\u00a0Recomendamos el uso de lubricantes como grasa de litio, disulfuro de molibdeno o similares.<\/p>\n<p>VT1 Ultra Trem est\u00e1ndar<\/p>\n<p>Para guitarras equipadas con vibrato con el tradicional sistema de seis tornillos.\u00a0Acabado en acero inoxidable de alta calidad.<\/p>\n","protected":false},"excerpt":{"rendered":"<p>El sistema patentado VT (ES 1119430 U) se basa en dos principios b\u00e1sicos: la adaptaci\u00f3n de las dimensiones del puente a la cavidad est\u00e1ndar existente en los modelos ST y el sistema de pivotaci\u00f3n del puente.\u00a0La adaptaci\u00f3n de las dimensiones tiene como objetivo permitir que el puente entre libremente en la cavidad del cuerpo de la guitarra tirando de la barra de golpe hacia atr\u00e1s (tensando las cuerdas) y requiere un redise\u00f1o del conjunto completo (sillas, platina y bloque).\u00a0Para optimizar el movimiento del puente, se ha cambiado el centro de acci\u00f3n pivotante a\u00f1adiendo una pieza (fulcro) que sustituy\u00f3 el concepto tradicional de apoyo sobre tornillos, dando m\u00e1s amplitud a ese movimiento.\u00a0Tambi\u00e9n se ha cambiado la forma del punto de apoyo de la placa sobre el fulcro, minimizando la fricci\u00f3n, que es pr\u00e1cticamente inexistente.\u00a0El resultado es una acci\u00f3n homog\u00e9nea muy agradable a la interpretaci\u00f3n musical totalmente libre de ruidos no deseados.\u00a0(Se recomienda utilizar tuercas de baja fricci\u00f3n y afinadores de bloqueo).<\/p>\n","protected":false},"featured_media":2387,"template":"","meta":{"site-sidebar-layout":"no-sidebar","site-content-layout":"","ast-site-content-layout":"default","site-content-style":"default","site-sidebar-style":"default","ast-global-header-display":"","ast-banner-title-visibility":"","ast-main-header-display":"","ast-hfb-above-header-display":"","ast-hfb-below-header-display":"","ast-hfb-mobile-header-display":"","site-post-title":"","ast-breadcrumbs-content":"","ast-featured-img":"","footer-sml-layout":"","ast-disable-related-posts":"","theme-transparent-header-meta":"default","adv-header-id-meta":"","stick-header-meta":"","header-above-stick-meta":"","header-main-stick-meta":"","header-below-stick-meta":"","astra-migrate-meta-layouts":"set","ast-page-background-enabled":"default","ast-page-background-meta":{"desktop":{"background-color":"var(--ast-global-color-4)","background-image":"","background-repeat":"repeat","background-position":"center center","background-size":"auto","background-attachment":"scroll","background-type":"","background-media":"","overlay-type":"","overlay-color":"","overlay-opacity":"","overlay-gradient":""},"tablet":{"background-color":"","background-image":"","background-repeat":"repeat","background-position":"center center","background-size":"auto","background-attachment":"scroll","background-type":"","background-media":"","overlay-type":"","overlay-color":"","overlay-opacity":"","overlay-gradient":""},"mobile":{"background-color":"","background-image":"","background-repeat":"repeat","background-position":"center center","background-size":"auto","background-attachment":"scroll","background-type":"","background-media":"","overlay-type":"","overlay-color":"","overlay-opacity":"","overlay-gradient":""}},"ast-content-background-meta":{"desktop":{"background-color":"var(--ast-global-color-5)","background-image":"","background-repeat":"repeat","background-position":"center center","background-size":"auto","background-attachment":"scroll","background-type":"","background-media":"","overlay-type":"","overlay-color":"","overlay-opacity":"","overlay-gradient":""},"tablet":{"background-color":"var(--ast-global-color-5)","background-image":"","background-repeat":"repeat","background-position":"center center","background-size":"auto","background-attachment":"scroll","background-type":"","background-media":"","overlay-type":"","overlay-color":"","overlay-opacity":"","overlay-gradient":""},"mobile":{"background-color":"var(--ast-global-color-5)","background-image":"","background-repeat":"repeat","background-position":"center center","background-size":"auto","background-attachment":"scroll","background-type":"","background-media":"","overlay-type":"","overlay-color":"","overlay-opacity":"","overlay-gradient":""}},"_joinchat":[]},"product_brand":[],"product_cat":[44,15,48],"product_tag":[],"class_list":{"0":"post-2413","1":"product","2":"type-product","3":"status-publish","4":"has-post-thumbnail","6":"product_cat-accesorios","7":"product_cat-sin-categorizar","8":"product_cat-varios","9":"desktop-align-left","10":"tablet-align-left","11":"mobile-align-left","13":"first","14":"instock","15":"sale","16":"shipping-taxable","17":"purchasable","18":"product-type-simple"},"jetpack-related-posts":[{"id":286,"url":"https:\/\/musicuyinstrumentos.com\/index.php\/producto\/dbz-cavallo-st\/","url_meta":{"origin":2413,"position":0},"title":"DBZ Cavallo ST","author":"matiaspmartinez","date":"1 de marzo de 2022","format":false,"excerpt":"La DBZ Cavallo ST Natural Vintage es una versi\u00f3n premium de esta m\u00edtica guitarra dise\u00f1ada por el reconocido luthier Dean B. Zelinsky (fundador de Dean Guitars). Este modelo pertenece a la serie original previa a la fusi\u00f3n con Diamond Guitars, y presenta una est\u00e9tica Natural Vintage con vetas visibles que\u2026","rel":"","context":"Entrada similar","block_context":{"text":"Entrada similar","link":""},"img":{"alt_text":"","src":"https:\/\/i0.wp.com\/musicuyinstrumentos.com\/wp-content\/uploads\/2022\/03\/DBZ-Cavallo-AV-1.jpg?fit=1080%2C1080&ssl=1&resize=350%2C200","width":350,"height":200,"srcset":"https:\/\/i0.wp.com\/musicuyinstrumentos.com\/wp-content\/uploads\/2022\/03\/DBZ-Cavallo-AV-1.jpg?fit=1080%2C1080&ssl=1&resize=350%2C200 1x, https:\/\/i0.wp.com\/musicuyinstrumentos.com\/wp-content\/uploads\/2022\/03\/DBZ-Cavallo-AV-1.jpg?fit=1080%2C1080&ssl=1&resize=525%2C300 1.5x, https:\/\/i0.wp.com\/musicuyinstrumentos.com\/wp-content\/uploads\/2022\/03\/DBZ-Cavallo-AV-1.jpg?fit=1080%2C1080&ssl=1&resize=700%2C400 2x, https:\/\/i0.wp.com\/musicuyinstrumentos.com\/wp-content\/uploads\/2022\/03\/DBZ-Cavallo-AV-1.jpg?fit=1080%2C1080&ssl=1&resize=1050%2C600 3x"},"classes":[]},{"id":608,"url":"https:\/\/musicuyinstrumentos.com\/index.php\/producto\/dbz-venom\/","url_meta":{"origin":2413,"position":1},"title":"DBZ Venom","author":"matiaspmartinez","date":"8 de marzo de 2022","format":false,"excerpt":"Una de las primeras versiones de la DBZ Venom, dise\u00f1ada por el legendario luthier Dean B. Zelinsky (fundador de Dean Guitars). Este modelo pertenece a las tandas iniciales fabricadas en Corea, y destaca no solo por su est\u00e9tica agresiva tipo V con l\u00edneas curvas, sino tambi\u00e9n por su potencia sonora\u2026","rel":"","context":"Entrada similar","block_context":{"text":"Entrada similar","link":""},"img":{"alt_text":"","src":"https:\/\/i0.wp.com\/musicuyinstrumentos.com\/wp-content\/uploads\/2022\/03\/DBZ-Venom-1.jpg?fit=1079%2C1080&ssl=1&resize=350%2C200","width":350,"height":200,"srcset":"https:\/\/i0.wp.com\/musicuyinstrumentos.com\/wp-content\/uploads\/2022\/03\/DBZ-Venom-1.jpg?fit=1079%2C1080&ssl=1&resize=350%2C200 1x, https:\/\/i0.wp.com\/musicuyinstrumentos.com\/wp-content\/uploads\/2022\/03\/DBZ-Venom-1.jpg?fit=1079%2C1080&ssl=1&resize=525%2C300 1.5x, https:\/\/i0.wp.com\/musicuyinstrumentos.com\/wp-content\/uploads\/2022\/03\/DBZ-Venom-1.jpg?fit=1079%2C1080&ssl=1&resize=700%2C400 2x, https:\/\/i0.wp.com\/musicuyinstrumentos.com\/wp-content\/uploads\/2022\/03\/DBZ-Venom-1.jpg?fit=1079%2C1080&ssl=1&resize=1050%2C600 3x"},"classes":[]},{"id":2967,"url":"https:\/\/musicuyinstrumentos.com\/index.php\/producto\/alvarez-yairi-dy-56-1986\/","url_meta":{"origin":2413,"position":2},"title":"Alvarez Yairi DY-56 (1986)","author":"matiaspmartinez","date":"6 de abril de 2025","format":false,"excerpt":"Calidad Artesanal Japonesa La Alvarez Yairi DY-56 de 1986 es una guitarra ac\u00fastica de alta calidad, construida artesanalmente en Jap\u00f3n por Kazuo Yairi, un luthier reconocido por su meticulosa atenci\u00f3n al detalle. Este modelo ofrece una combinaci\u00f3n perfecta de tapa s\u00f3lida de abeto y cuerpo de caoba, lo que le\u2026","rel":"","context":"Entrada similar","block_context":{"text":"Entrada similar","link":""},"img":{"alt_text":"","src":"https:\/\/i0.wp.com\/musicuyinstrumentos.com\/wp-content\/uploads\/2025\/04\/Alvarez-Yairi-DY-56-1-1.jpg?fit=1024%2C1024&ssl=1&resize=350%2C200","width":350,"height":200,"srcset":"https:\/\/i0.wp.com\/musicuyinstrumentos.com\/wp-content\/uploads\/2025\/04\/Alvarez-Yairi-DY-56-1-1.jpg?fit=1024%2C1024&ssl=1&resize=350%2C200 1x, https:\/\/i0.wp.com\/musicuyinstrumentos.com\/wp-content\/uploads\/2025\/04\/Alvarez-Yairi-DY-56-1-1.jpg?fit=1024%2C1024&ssl=1&resize=525%2C300 1.5x, https:\/\/i0.wp.com\/musicuyinstrumentos.com\/wp-content\/uploads\/2025\/04\/Alvarez-Yairi-DY-56-1-1.jpg?fit=1024%2C1024&ssl=1&resize=700%2C400 2x"},"classes":[]},{"id":3542,"url":"https:\/\/musicuyinstrumentos.com\/index.php\/producto\/schecter-c-1-exotic-star\/","url_meta":{"origin":2413,"position":3},"title":"Schecter C-1 Exotic Star","author":"matiaspmartinez","date":"29 de enero de 2026","format":false,"excerpt":"La Schecter C-1 Exotic Star es una guitarra de est\u00e9tica moderna y construcci\u00f3n de alto nivel, reconocida por su comodidad, sustain y sonido potente. Su tapa flameada y su dise\u00f1o ergon\u00f3mico la convierten en un instrumento ideal tanto para escenarios como para estudio, destac\u00e1ndose en estilos como rock, hard rock\u2026","rel":"","context":"Entrada similar","block_context":{"text":"Entrada similar","link":""},"img":{"alt_text":"","src":"https:\/\/i0.wp.com\/musicuyinstrumentos.com\/wp-content\/uploads\/2026\/01\/FacturandoSchecter-C1-Exotic-Star-1-copia.jpg?fit=1080%2C1080&ssl=1&resize=350%2C200","width":350,"height":200,"srcset":"https:\/\/i0.wp.com\/musicuyinstrumentos.com\/wp-content\/uploads\/2026\/01\/FacturandoSchecter-C1-Exotic-Star-1-copia.jpg?fit=1080%2C1080&ssl=1&resize=350%2C200 1x, https:\/\/i0.wp.com\/musicuyinstrumentos.com\/wp-content\/uploads\/2026\/01\/FacturandoSchecter-C1-Exotic-Star-1-copia.jpg?fit=1080%2C1080&ssl=1&resize=525%2C300 1.5x, https:\/\/i0.wp.com\/musicuyinstrumentos.com\/wp-content\/uploads\/2026\/01\/FacturandoSchecter-C1-Exotic-Star-1-copia.jpg?fit=1080%2C1080&ssl=1&resize=700%2C400 2x, https:\/\/i0.wp.com\/musicuyinstrumentos.com\/wp-content\/uploads\/2026\/01\/FacturandoSchecter-C1-Exotic-Star-1-copia.jpg?fit=1080%2C1080&ssl=1&resize=1050%2C600 3x"},"classes":[]},{"id":2687,"url":"https:\/\/musicuyinstrumentos.com\/index.php\/producto\/godin-artisan-st-signature\/","url_meta":{"origin":2413,"position":4},"title":"Godin Artisan ST Signature","author":"matiaspmartinez","date":"13 de octubre de 2024","format":false,"excerpt":"La Godin Artisan ST Signature es una guitarra el\u00e9ctrica de alta gama, fabricada en Canad\u00e1 con materiales premium y atenci\u00f3n al detalle que la colocan a la altura de marcas boutique como Suhr o Tom Anderson. Este modelo combina sonido potente, est\u00e9tica refinada y una comodidad de ejecuci\u00f3n superior. Su\u2026","rel":"","context":"Entrada similar","block_context":{"text":"Entrada similar","link":""},"img":{"alt_text":"","src":"https:\/\/i0.wp.com\/musicuyinstrumentos.com\/wp-content\/uploads\/2024\/10\/Godin-Artisan-ST-Signature-1-Alibaba.jpg?fit=1080%2C1080&ssl=1&resize=350%2C200","width":350,"height":200,"srcset":"https:\/\/i0.wp.com\/musicuyinstrumentos.com\/wp-content\/uploads\/2024\/10\/Godin-Artisan-ST-Signature-1-Alibaba.jpg?fit=1080%2C1080&ssl=1&resize=350%2C200 1x, https:\/\/i0.wp.com\/musicuyinstrumentos.com\/wp-content\/uploads\/2024\/10\/Godin-Artisan-ST-Signature-1-Alibaba.jpg?fit=1080%2C1080&ssl=1&resize=525%2C300 1.5x, https:\/\/i0.wp.com\/musicuyinstrumentos.com\/wp-content\/uploads\/2024\/10\/Godin-Artisan-ST-Signature-1-Alibaba.jpg?fit=1080%2C1080&ssl=1&resize=700%2C400 2x, https:\/\/i0.wp.com\/musicuyinstrumentos.com\/wp-content\/uploads\/2024\/10\/Godin-Artisan-ST-Signature-1-Alibaba.jpg?fit=1080%2C1080&ssl=1&resize=1050%2C600 3x"},"classes":[]},{"id":3365,"url":"https:\/\/musicuyinstrumentos.com\/index.php\/producto\/dbz-bolero-st\/","url_meta":{"origin":2413,"position":5},"title":"DBZ Bolero ST","author":"matiaspmartinez","date":"16 de agosto de 2025","format":false,"excerpt":"La DBZ Bolero ST es una guitarra con estilo cl\u00e1sico tipo Les Paul, pero con un dise\u00f1o moderno y refinado creado por Dean Zelinsky (fundador de Dean Guitars). Su combinaci\u00f3n de caoba con tapa de arce flameado entrega sustain, calidez y definici\u00f3n, mientras que sus micr\u00f3fonos dobles G&B con coil\u2026","rel":"","context":"Entrada similar","block_context":{"text":"Entrada similar","link":""},"img":{"alt_text":"","src":"https:\/\/i0.wp.com\/musicuyinstrumentos.com\/wp-content\/uploads\/2025\/08\/DBZ-Bolero-ST-1-scaled.jpg?fit=1200%2C1200&ssl=1&resize=350%2C200","width":350,"height":200,"srcset":"https:\/\/i0.wp.com\/musicuyinstrumentos.com\/wp-content\/uploads\/2025\/08\/DBZ-Bolero-ST-1-scaled.jpg?fit=1200%2C1200&ssl=1&resize=350%2C200 1x, https:\/\/i0.wp.com\/musicuyinstrumentos.com\/wp-content\/uploads\/2025\/08\/DBZ-Bolero-ST-1-scaled.jpg?fit=1200%2C1200&ssl=1&resize=525%2C300 1.5x, https:\/\/i0.wp.com\/musicuyinstrumentos.com\/wp-content\/uploads\/2025\/08\/DBZ-Bolero-ST-1-scaled.jpg?fit=1200%2C1200&ssl=1&resize=700%2C400 2x, https:\/\/i0.wp.com\/musicuyinstrumentos.com\/wp-content\/uploads\/2025\/08\/DBZ-Bolero-ST-1-scaled.jpg?fit=1200%2C1200&ssl=1&resize=1050%2C600 3x"},"classes":[]}],"jetpack_sharing_enabled":true,"_links":{"self":[{"href":"https:\/\/musicuyinstrumentos.com\/index.php\/wp-json\/wp\/v2\/product\/2413","targetHints":{"allow":["GET"]}}],"collection":[{"href":"https:\/\/musicuyinstrumentos.com\/index.php\/wp-json\/wp\/v2\/product"}],"about":[{"href":"https:\/\/musicuyinstrumentos.com\/index.php\/wp-json\/wp\/v2\/types\/product"}],"version-history":[{"count":2,"href":"https:\/\/musicuyinstrumentos.com\/index.php\/wp-json\/wp\/v2\/product\/2413\/revisions"}],"predecessor-version":[{"id":2417,"href":"https:\/\/musicuyinstrumentos.com\/index.php\/wp-json\/wp\/v2\/product\/2413\/revisions\/2417"}],"wp:featuredmedia":[{"embeddable":true,"href":"https:\/\/musicuyinstrumentos.com\/index.php\/wp-json\/wp\/v2\/media\/2387"}],"wp:attachment":[{"href":"https:\/\/musicuyinstrumentos.com\/index.php\/wp-json\/wp\/v2\/media?parent=2413"}],"wp:term":[{"taxonomy":"product_brand","embeddable":true,"href":"https:\/\/musicuyinstrumentos.com\/index.php\/wp-json\/wp\/v2\/product_brand?post=2413"},{"taxonomy":"product_cat","embeddable":true,"href":"https:\/\/musicuyinstrumentos.com\/index.php\/wp-json\/wp\/v2\/product_cat?post=2413"},{"taxonomy":"product_tag","embeddable":true,"href":"https:\/\/musicuyinstrumentos.com\/index.php\/wp-json\/wp\/v2\/product_tag?post=2413"}],"curies":[{"name":"wp","href":"https:\/\/api.w.org\/{rel}","templated":true}]}}