{"id":2426,"date":"2024-03-26T17:35:01","date_gmt":"2024-03-26T20:35:01","guid":{"rendered":"https:\/\/musicuyinstrumentos.com\/?post_type=product&#038;p=2426"},"modified":"2025-05-22T16:37:17","modified_gmt":"2025-05-22T19:37:17","slug":"godin-session-hg-mn","status":"publish","type":"product","link":"https:\/\/musicuyinstrumentos.com\/index.php\/producto\/godin-session-hg-mn\/","title":{"rendered":"Godin Session HG MN"},"content":{"rendered":"<div class=\"x11i5rnm xat24cr x1mh8g0r x1vvkbs xtlvy1s x126k92a\">\u2705 Hecha en Canad\u00e1 \ud83c\udde8\ud83c\udde6<br data-start=\"914\" data-end=\"917\" \/>\u2705 Cuerpo: Tilo canadiense (Canadian Basswood)<br data-start=\"962\" data-end=\"965\" \/>\u2705 M\u00e1stil: Arce<br data-start=\"979\" data-end=\"982\" \/>\u2705 Diapas\u00f3n: Arce (Maple)<br data-start=\"1006\" data-end=\"1009\" \/>\u2705 Radio del diapas\u00f3n: 12&#8243;<br data-start=\"1034\" data-end=\"1037\" \/>\u2705 Trastes: 22<br data-start=\"1050\" data-end=\"1053\" \/>\u2705 Longitud de escala: 25.5&#8243; (647.7 mm)<br data-start=\"1091\" data-end=\"1094\" \/>\u2705 Configuraci\u00f3n de micr\u00f3fonos: <strong data-start=\"1125\" data-end=\"1132\">HSS<\/strong><br data-start=\"1132\" data-end=\"1135\" \/>\u2003\u2022 Humbucker Godin Custom en puente<br data-start=\"1170\" data-end=\"1173\" \/>\u2003\u2022 2 x Godin GS-1 single coils en medio y m\u00e1stil<br data-start=\"1221\" data-end=\"1224\" \/>\u2705 Controles:<br data-start=\"1236\" data-end=\"1239\" \/>\u2003\u2022 1 x volumen<br data-start=\"1253\" data-end=\"1256\" \/>\u2003\u2022 1 x tono con push-pull (split coil)<br data-start=\"1294\" data-end=\"1297\" \/>\u2003\u2022 Selector de 5 posiciones<br data-start=\"1324\" data-end=\"1327\" \/>\u2705 Puente: Tremolo estilo vintage<br data-start=\"1359\" data-end=\"1362\" \/>\u2705 Cejuela: Graphtech<br data-start=\"1382\" data-end=\"1385\" \/>\u2705 Terminaci\u00f3n: <strong data-start=\"1400\" data-end=\"1414\">High Gloss<\/strong><br data-start=\"1414\" data-end=\"1417\" \/>\u2705 Color: Sunburst<\/div>\n","protected":false},"excerpt":{"rendered":"<div class=\"x11i5rnm xat24cr x1mh8g0r x1vvkbs xtlvy1s x126k92a\">\n<div dir=\"auto\">La <strong data-start=\"381\" data-end=\"414\">Godin Session HG (High Gloss)<\/strong> es una guitarra el\u00e9ctrica vers\u00e1til, moderna y de excelente calidad, fabricada en Canad\u00e1. Con una configuraci\u00f3n de micr\u00f3fonos <strong data-start=\"540\" data-end=\"547\">HSS<\/strong>, ofrece un rango tonal ampl\u00edsimo, ideal para estilos que van desde el rock y pop hasta blues y funk. Su m\u00e1stil de arce y diapas\u00f3n maple brindan una sensaci\u00f3n s\u00faper c\u00f3moda, mientras que el acabado brillante resalta su est\u00e9tica profesional. Una gran opci\u00f3n para quienes buscan <strong data-start=\"823\" data-end=\"862\">calidad boutique a precio accesible<\/strong>.<\/div>\n<\/div>\n","protected":false},"featured_media":2427,"template":"","meta":{"site-sidebar-layout":"no-sidebar","site-content-layout":"","ast-site-content-layout":"default","site-content-style":"default","site-sidebar-style":"default","ast-global-header-display":"","ast-banner-title-visibility":"","ast-main-header-display":"","ast-hfb-above-header-display":"","ast-hfb-below-header-display":"","ast-hfb-mobile-header-display":"","site-post-title":"","ast-breadcrumbs-content":"","ast-featured-img":"","footer-sml-layout":"","ast-disable-related-posts":"","theme-transparent-header-meta":"default","adv-header-id-meta":"","stick-header-meta":"","header-above-stick-meta":"","header-main-stick-meta":"","header-below-stick-meta":"","astra-migrate-meta-layouts":"set","ast-page-background-enabled":"default","ast-page-background-meta":{"desktop":{"background-color":"var(--ast-global-color-4)","background-image":"","background-repeat":"repeat","background-position":"center center","background-size":"auto","background-attachment":"scroll","background-type":"","background-media":"","overlay-type":"","overlay-color":"","overlay-opacity":"","overlay-gradient":""},"tablet":{"background-color":"","background-image":"","background-repeat":"repeat","background-position":"center center","background-size":"auto","background-attachment":"scroll","background-type":"","background-media":"","overlay-type":"","overlay-color":"","overlay-opacity":"","overlay-gradient":""},"mobile":{"background-color":"","background-image":"","background-repeat":"repeat","background-position":"center center","background-size":"auto","background-attachment":"scroll","background-type":"","background-media":"","overlay-type":"","overlay-color":"","overlay-opacity":"","overlay-gradient":""}},"ast-content-background-meta":{"desktop":{"background-color":"var(--ast-global-color-5)","background-image":"","background-repeat":"repeat","background-position":"center center","background-size":"auto","background-attachment":"scroll","background-type":"","background-media":"","overlay-type":"","overlay-color":"","overlay-opacity":"","overlay-gradient":""},"tablet":{"background-color":"var(--ast-global-color-5)","background-image":"","background-repeat":"repeat","background-position":"center center","background-size":"auto","background-attachment":"scroll","background-type":"","background-media":"","overlay-type":"","overlay-color":"","overlay-opacity":"","overlay-gradient":""},"mobile":{"background-color":"var(--ast-global-color-5)","background-image":"","background-repeat":"repeat","background-position":"center center","background-size":"auto","background-attachment":"scroll","background-type":"","background-media":"","overlay-type":"","overlay-color":"","overlay-opacity":"","overlay-gradient":""}},"_joinchat":[]},"product_brand":[],"product_cat":[22,21,15],"product_tag":[],"class_list":{"0":"post-2426","1":"product","2":"type-product","3":"status-publish","4":"has-post-thumbnail","6":"product_cat-guitarras","7":"product_cat-guitarras-electricas","8":"product_cat-sin-categorizar","9":"desktop-align-left","10":"tablet-align-left","11":"mobile-align-left","13":"first","14":"instock","15":"shipping-taxable","16":"purchasable","17":"product-type-simple"},"jetpack-related-posts":[{"id":2687,"url":"https:\/\/musicuyinstrumentos.com\/index.php\/producto\/godin-artisan-st-signature\/","url_meta":{"origin":2426,"position":0},"title":"Godin Artisan ST Signature","author":"matiaspmartinez","date":"13 de octubre de 2024","format":false,"excerpt":"La Godin Artisan ST Signature es una guitarra el\u00e9ctrica de alta gama, fabricada en Canad\u00e1 con materiales premium y atenci\u00f3n al detalle que la colocan a la altura de marcas boutique como Suhr o Tom Anderson. Este modelo combina sonido potente, est\u00e9tica refinada y una comodidad de ejecuci\u00f3n superior. Su\u2026","rel":"","context":"Entrada similar","block_context":{"text":"Entrada similar","link":""},"img":{"alt_text":"","src":"https:\/\/i0.wp.com\/musicuyinstrumentos.com\/wp-content\/uploads\/2024\/10\/Godin-Artisan-ST-Signature-1-Alibaba.jpg?fit=1080%2C1080&ssl=1&resize=350%2C200","width":350,"height":200,"srcset":"https:\/\/i0.wp.com\/musicuyinstrumentos.com\/wp-content\/uploads\/2024\/10\/Godin-Artisan-ST-Signature-1-Alibaba.jpg?fit=1080%2C1080&ssl=1&resize=350%2C200 1x, https:\/\/i0.wp.com\/musicuyinstrumentos.com\/wp-content\/uploads\/2024\/10\/Godin-Artisan-ST-Signature-1-Alibaba.jpg?fit=1080%2C1080&ssl=1&resize=525%2C300 1.5x, https:\/\/i0.wp.com\/musicuyinstrumentos.com\/wp-content\/uploads\/2024\/10\/Godin-Artisan-ST-Signature-1-Alibaba.jpg?fit=1080%2C1080&ssl=1&resize=700%2C400 2x, https:\/\/i0.wp.com\/musicuyinstrumentos.com\/wp-content\/uploads\/2024\/10\/Godin-Artisan-ST-Signature-1-Alibaba.jpg?fit=1080%2C1080&ssl=1&resize=1050%2C600 3x"},"classes":[]},{"id":2581,"url":"https:\/\/musicuyinstrumentos.com\/index.php\/producto\/squier-obey-graphic-stratocaster-hss-dissent\/","url_meta":{"origin":2426,"position":1},"title":"Squier Obey Graphic Stratocaster HSS Dissent","author":"matiaspmartinez","date":"29 de julio de 2024","format":false,"excerpt":"La Squier Stratocaster HSS Obey \u201cDissent\u201d es una edici\u00f3n limitada fruto de la colaboraci\u00f3n con el artista Shepard Fairey, conocido por la ic\u00f3nica marca OBEY. Esta guitarra no solo destaca por su potente est\u00e9tica con gr\u00e1fica \u201cDissent\u201d, sino tambi\u00e9n por su versatilidad sonora gracias a una configuraci\u00f3n de micr\u00f3fonos ideal\u2026","rel":"","context":"Entrada similar","block_context":{"text":"Entrada similar","link":""},"img":{"alt_text":"","src":"https:\/\/i0.wp.com\/musicuyinstrumentos.com\/wp-content\/uploads\/2024\/07\/Squier-Stratocaster-Obey-Dissent-HSS-1-Alibaba.jpg?fit=1080%2C1080&ssl=1&resize=350%2C200","width":350,"height":200,"srcset":"https:\/\/i0.wp.com\/musicuyinstrumentos.com\/wp-content\/uploads\/2024\/07\/Squier-Stratocaster-Obey-Dissent-HSS-1-Alibaba.jpg?fit=1080%2C1080&ssl=1&resize=350%2C200 1x, https:\/\/i0.wp.com\/musicuyinstrumentos.com\/wp-content\/uploads\/2024\/07\/Squier-Stratocaster-Obey-Dissent-HSS-1-Alibaba.jpg?fit=1080%2C1080&ssl=1&resize=525%2C300 1.5x, https:\/\/i0.wp.com\/musicuyinstrumentos.com\/wp-content\/uploads\/2024\/07\/Squier-Stratocaster-Obey-Dissent-HSS-1-Alibaba.jpg?fit=1080%2C1080&ssl=1&resize=700%2C400 2x, https:\/\/i0.wp.com\/musicuyinstrumentos.com\/wp-content\/uploads\/2024\/07\/Squier-Stratocaster-Obey-Dissent-HSS-1-Alibaba.jpg?fit=1080%2C1080&ssl=1&resize=1050%2C600 3x"},"classes":[]},{"id":3576,"url":"https:\/\/musicuyinstrumentos.com\/index.php\/producto\/godin-summit-classic-ct-p90\/","url_meta":{"origin":2426,"position":2},"title":"Godin Summit Classic CT P90","author":"matiaspmartinez","date":"2 de febrero de 2026","format":false,"excerpt":"La Godin Summit Classic CT P90 combina dise\u00f1o cl\u00e1sico, construcci\u00f3n premium y tecnolog\u00eda moderna en una guitarra sumamente vers\u00e1til y potente. Su cuerpo de caoba chambered la hace liviana y muy resonante, acompa\u00f1ado por una elegante tapa de arce tallado (Carved Top \u2013 CT). El m\u00e1stil encolado de caoba con\u2026","rel":"","context":"Entrada similar","block_context":{"text":"Entrada similar","link":""},"img":{"alt_text":"","src":"https:\/\/i0.wp.com\/musicuyinstrumentos.com\/wp-content\/uploads\/2026\/02\/Godin-Summit-Classic-1-scaled.jpg?fit=1200%2C1200&ssl=1&resize=350%2C200","width":350,"height":200,"srcset":"https:\/\/i0.wp.com\/musicuyinstrumentos.com\/wp-content\/uploads\/2026\/02\/Godin-Summit-Classic-1-scaled.jpg?fit=1200%2C1200&ssl=1&resize=350%2C200 1x, https:\/\/i0.wp.com\/musicuyinstrumentos.com\/wp-content\/uploads\/2026\/02\/Godin-Summit-Classic-1-scaled.jpg?fit=1200%2C1200&ssl=1&resize=525%2C300 1.5x, https:\/\/i0.wp.com\/musicuyinstrumentos.com\/wp-content\/uploads\/2026\/02\/Godin-Summit-Classic-1-scaled.jpg?fit=1200%2C1200&ssl=1&resize=700%2C400 2x, https:\/\/i0.wp.com\/musicuyinstrumentos.com\/wp-content\/uploads\/2026\/02\/Godin-Summit-Classic-1-scaled.jpg?fit=1200%2C1200&ssl=1&resize=1050%2C600 3x"},"classes":[]},{"id":2208,"url":"https:\/\/musicuyinstrumentos.com\/index.php\/producto\/kramer-baretta-ruby-red\/","url_meta":{"origin":2426,"position":3},"title":"Kramer Baretta Ruby Red","author":"matiaspmartinez","date":"8 de septiembre de 2023","format":false,"excerpt":"La Kramer Baretta es un \u00edcono del rock ochentero, famosa por su simplicidad, potencia y actitud. Este modelo en color Ruby Red mantiene la esencia cl\u00e1sica de la marca, con una est\u00e9tica agresiva y un rendimiento orientado al shred. Su configuraci\u00f3n con un solo humbucker y puente Floyd Rose es\u2026","rel":"","context":"Entrada similar","block_context":{"text":"Entrada similar","link":""},"img":{"alt_text":"","src":"https:\/\/i0.wp.com\/musicuyinstrumentos.com\/wp-content\/uploads\/2023\/09\/Kramer-Baretta-1-Editar-copia.jpg?fit=1080%2C1080&ssl=1&resize=350%2C200","width":350,"height":200,"srcset":"https:\/\/i0.wp.com\/musicuyinstrumentos.com\/wp-content\/uploads\/2023\/09\/Kramer-Baretta-1-Editar-copia.jpg?fit=1080%2C1080&ssl=1&resize=350%2C200 1x, https:\/\/i0.wp.com\/musicuyinstrumentos.com\/wp-content\/uploads\/2023\/09\/Kramer-Baretta-1-Editar-copia.jpg?fit=1080%2C1080&ssl=1&resize=525%2C300 1.5x, https:\/\/i0.wp.com\/musicuyinstrumentos.com\/wp-content\/uploads\/2023\/09\/Kramer-Baretta-1-Editar-copia.jpg?fit=1080%2C1080&ssl=1&resize=700%2C400 2x, https:\/\/i0.wp.com\/musicuyinstrumentos.com\/wp-content\/uploads\/2023\/09\/Kramer-Baretta-1-Editar-copia.jpg?fit=1080%2C1080&ssl=1&resize=1050%2C600 3x"},"classes":[]},{"id":2291,"url":"https:\/\/musicuyinstrumentos.com\/index.php\/producto\/cort-arena-1-matthias-jabs-signature\/","url_meta":{"origin":2426,"position":4},"title":"Cort Arena 1 Matthias Jabs Signature","author":"matiaspmartinez","date":"11 de enero de 2024","format":false,"excerpt":"La Cort Arena 1 es el modelo signature del legendario guitarrista de los Scorpions, Matthias Jabs. Fabricada en Corea del Sur, esta guitarra se destaca por su dise\u00f1o ergon\u00f3mico, calidad de construcci\u00f3n y versatilidad sonora. Su est\u00e9tica \u00fanica, con un cuerpo estilo offset semi-hueco y un elegante acabado flameado, la\u2026","rel":"","context":"Entrada similar","block_context":{"text":"Entrada similar","link":""},"img":{"alt_text":"","src":"https:\/\/i0.wp.com\/musicuyinstrumentos.com\/wp-content\/uploads\/2024\/01\/Cort-Arena-1-Matthias-Jabs-1-copia-Personalizado.jpg?fit=1080%2C1080&ssl=1&resize=350%2C200","width":350,"height":200,"srcset":"https:\/\/i0.wp.com\/musicuyinstrumentos.com\/wp-content\/uploads\/2024\/01\/Cort-Arena-1-Matthias-Jabs-1-copia-Personalizado.jpg?fit=1080%2C1080&ssl=1&resize=350%2C200 1x, https:\/\/i0.wp.com\/musicuyinstrumentos.com\/wp-content\/uploads\/2024\/01\/Cort-Arena-1-Matthias-Jabs-1-copia-Personalizado.jpg?fit=1080%2C1080&ssl=1&resize=525%2C300 1.5x, https:\/\/i0.wp.com\/musicuyinstrumentos.com\/wp-content\/uploads\/2024\/01\/Cort-Arena-1-Matthias-Jabs-1-copia-Personalizado.jpg?fit=1080%2C1080&ssl=1&resize=700%2C400 2x, https:\/\/i0.wp.com\/musicuyinstrumentos.com\/wp-content\/uploads\/2024\/01\/Cort-Arena-1-Matthias-Jabs-1-copia-Personalizado.jpg?fit=1080%2C1080&ssl=1&resize=1050%2C600 3x"},"classes":[]},{"id":2100,"url":"https:\/\/musicuyinstrumentos.com\/index.php\/producto\/ibanez-sz-520-c-estuche-rigido\/","url_meta":{"origin":2426,"position":5},"title":"Ibanez SZ 520 c\/estuche r\u00edgido","author":"matiaspmartinez","date":"4 de julio de 2023","format":false,"excerpt":"La Ibanez SZ520 forma parte de la aclamada serie SZ, destac\u00e1ndose por su dise\u00f1o singlecut, sustain natural y comodidad al tocar. Fabricada con materiales de alta calidad, esta guitarra combina la calidez y cuerpo de la caoba con el ataque del arce flameado en la tapa. Su configuraci\u00f3n de micr\u00f3fonos\u2026","rel":"","context":"Entrada similar","block_context":{"text":"Entrada similar","link":""},"img":{"alt_text":"","src":"https:\/\/i0.wp.com\/musicuyinstrumentos.com\/wp-content\/uploads\/2023\/07\/Ibanez-SZ-520-1-copia.jpg?fit=1080%2C1080&ssl=1&resize=350%2C200","width":350,"height":200,"srcset":"https:\/\/i0.wp.com\/musicuyinstrumentos.com\/wp-content\/uploads\/2023\/07\/Ibanez-SZ-520-1-copia.jpg?fit=1080%2C1080&ssl=1&resize=350%2C200 1x, https:\/\/i0.wp.com\/musicuyinstrumentos.com\/wp-content\/uploads\/2023\/07\/Ibanez-SZ-520-1-copia.jpg?fit=1080%2C1080&ssl=1&resize=525%2C300 1.5x, https:\/\/i0.wp.com\/musicuyinstrumentos.com\/wp-content\/uploads\/2023\/07\/Ibanez-SZ-520-1-copia.jpg?fit=1080%2C1080&ssl=1&resize=700%2C400 2x, https:\/\/i0.wp.com\/musicuyinstrumentos.com\/wp-content\/uploads\/2023\/07\/Ibanez-SZ-520-1-copia.jpg?fit=1080%2C1080&ssl=1&resize=1050%2C600 3x"},"classes":[]}],"jetpack_sharing_enabled":true,"_links":{"self":[{"href":"https:\/\/musicuyinstrumentos.com\/index.php\/wp-json\/wp\/v2\/product\/2426","targetHints":{"allow":["GET"]}}],"collection":[{"href":"https:\/\/musicuyinstrumentos.com\/index.php\/wp-json\/wp\/v2\/product"}],"about":[{"href":"https:\/\/musicuyinstrumentos.com\/index.php\/wp-json\/wp\/v2\/types\/product"}],"version-history":[{"count":2,"href":"https:\/\/musicuyinstrumentos.com\/index.php\/wp-json\/wp\/v2\/product\/2426\/revisions"}],"predecessor-version":[{"id":3215,"href":"https:\/\/musicuyinstrumentos.com\/index.php\/wp-json\/wp\/v2\/product\/2426\/revisions\/3215"}],"wp:featuredmedia":[{"embeddable":true,"href":"https:\/\/musicuyinstrumentos.com\/index.php\/wp-json\/wp\/v2\/media\/2427"}],"wp:attachment":[{"href":"https:\/\/musicuyinstrumentos.com\/index.php\/wp-json\/wp\/v2\/media?parent=2426"}],"wp:term":[{"taxonomy":"product_brand","embeddable":true,"href":"https:\/\/musicuyinstrumentos.com\/index.php\/wp-json\/wp\/v2\/product_brand?post=2426"},{"taxonomy":"product_cat","embeddable":true,"href":"https:\/\/musicuyinstrumentos.com\/index.php\/wp-json\/wp\/v2\/product_cat?post=2426"},{"taxonomy":"product_tag","embeddable":true,"href":"https:\/\/musicuyinstrumentos.com\/index.php\/wp-json\/wp\/v2\/product_tag?post=2426"}],"curies":[{"name":"wp","href":"https:\/\/api.w.org\/{rel}","templated":true}]}}