{"id":2536,"date":"2024-07-08T22:18:30","date_gmt":"2024-07-09T01:18:30","guid":{"rendered":"https:\/\/musicuyinstrumentos.com\/?post_type=product&#038;p=2536"},"modified":"2025-05-23T17:57:15","modified_gmt":"2025-05-23T20:57:15","slug":"samson-c-control-control-room","status":"publish","type":"product","link":"https:\/\/musicuyinstrumentos.com\/index.php\/producto\/samson-c-control-control-room\/","title":{"rendered":"Samson C-Control &#8211; Central de Monitoreo de Estudio (Nuevo en caja!)"},"content":{"rendered":"<div class=\"x11i5rnm xat24cr x1mh8g0r x1vvkbs xtlvy1s x126k92a\">\n<div dir=\"auto\">\n<p data-start=\"966\" data-end=\"1459\">\u2705 3 salidas est\u00e9reo independientes para monitores<br data-start=\"1053\" data-end=\"1056\" \/>\u2705 4 entradas est\u00e9reo seleccionables (1 con nivel ajustable para retorno de grabaci\u00f3n)<br data-start=\"1141\" data-end=\"1144\" \/>\u2705 Salida directa para grabaci\u00f3n<br data-start=\"1175\" data-end=\"1178\" \/>\u2705 Salida de auriculares con control de nivel independiente<br data-start=\"1236\" data-end=\"1239\" \/>\u2705 Funci\u00f3n de Talkback integrada con mic interno y control de nivel<br data-start=\"1305\" data-end=\"1308\" \/>\u2705 Botones de muteo y selecci\u00f3n de fuente\/salida<br data-start=\"1355\" data-end=\"1358\" data-is-only-node=\"\" \/>\u2705 Medidor LED de nivel est\u00e9reo<br data-start=\"1388\" data-end=\"1391\" \/>\u2705 Conexiones balanceadas y no balanceadas<br data-start=\"1432\" data-end=\"1435\" \/>\u2705 Montable en rack de 1U<\/p>\n<p data-start=\"1461\" data-end=\"1631\">\ud83c\udfa7 <strong data-start=\"1464\" data-end=\"1479\">Ideal para:<\/strong> Estudios de grabaci\u00f3n, home studios, salas de mezcla o cualquier entorno donde se requiera un control de monitoreo centralizado, eficiente y confiable.<\/p>\n<\/div>\n<\/div>\n","protected":false},"excerpt":{"rendered":"<p data-start=\"440\" data-end=\"567\">\ud83d\udce6 <strong data-start=\"443\" data-end=\"454\">Estado:<\/strong> <strong data-start=\"455\" data-end=\"494\">Nuevo, cerrado en su caja original.<\/strong><br data-start=\"494\" data-end=\"497\" \/>Ideal para quien busca equipo sin uso y en perfecto estado de f\u00e1brica.<\/p>\n<p data-start=\"569\" data-end=\"964\">El <strong data-start=\"594\" data-end=\"614\">Samson C-Control<\/strong> es una soluci\u00f3n vers\u00e1til y pr\u00e1ctica para controlar m\u00faltiples fuentes de audio y salidas de monitoreo en tu estudio. Dise\u00f1ado para brindar m\u00e1xima flexibilidad, permite alternar entre distintas mezclas, salidas de altavoces, y monitorear con auriculares de forma independiente. Ideal para setups de grabaci\u00f3n y mezcla tanto profesionales como caseros.<\/p>\n","protected":false},"featured_media":2490,"template":"","meta":{"site-sidebar-layout":"no-sidebar","site-content-layout":"","ast-site-content-layout":"default","site-content-style":"default","site-sidebar-style":"default","ast-global-header-display":"","ast-banner-title-visibility":"","ast-main-header-display":"","ast-hfb-above-header-display":"","ast-hfb-below-header-display":"","ast-hfb-mobile-header-display":"","site-post-title":"","ast-breadcrumbs-content":"","ast-featured-img":"","footer-sml-layout":"","ast-disable-related-posts":"","theme-transparent-header-meta":"default","adv-header-id-meta":"","stick-header-meta":"","header-above-stick-meta":"","header-main-stick-meta":"","header-below-stick-meta":"","astra-migrate-meta-layouts":"set","ast-page-background-enabled":"default","ast-page-background-meta":{"desktop":{"background-color":"var(--ast-global-color-4)","background-image":"","background-repeat":"repeat","background-position":"center center","background-size":"auto","background-attachment":"scroll","background-type":"","background-media":"","overlay-type":"","overlay-color":"","overlay-opacity":"","overlay-gradient":""},"tablet":{"background-color":"","background-image":"","background-repeat":"repeat","background-position":"center center","background-size":"auto","background-attachment":"scroll","background-type":"","background-media":"","overlay-type":"","overlay-color":"","overlay-opacity":"","overlay-gradient":""},"mobile":{"background-color":"","background-image":"","background-repeat":"repeat","background-position":"center center","background-size":"auto","background-attachment":"scroll","background-type":"","background-media":"","overlay-type":"","overlay-color":"","overlay-opacity":"","overlay-gradient":""}},"ast-content-background-meta":{"desktop":{"background-color":"var(--ast-global-color-5)","background-image":"","background-repeat":"repeat","background-position":"center center","background-size":"auto","background-attachment":"scroll","background-type":"","background-media":"","overlay-type":"","overlay-color":"","overlay-opacity":"","overlay-gradient":""},"tablet":{"background-color":"var(--ast-global-color-5)","background-image":"","background-repeat":"repeat","background-position":"center center","background-size":"auto","background-attachment":"scroll","background-type":"","background-media":"","overlay-type":"","overlay-color":"","overlay-opacity":"","overlay-gradient":""},"mobile":{"background-color":"var(--ast-global-color-5)","background-image":"","background-repeat":"repeat","background-position":"center center","background-size":"auto","background-attachment":"scroll","background-type":"","background-media":"","overlay-type":"","overlay-color":"","overlay-opacity":"","overlay-gradient":""}},"_joinchat":[]},"product_brand":[],"product_cat":[15,85],"product_tag":[],"class_list":{"0":"post-2536","1":"product","2":"type-product","3":"status-publish","4":"has-post-thumbnail","6":"product_cat-sin-categorizar","7":"product_cat-varios-2","8":"desktop-align-left","9":"tablet-align-left","10":"mobile-align-left","12":"first","13":"instock","14":"sale","15":"shipping-taxable","16":"purchasable","17":"product-type-simple"},"jetpack-related-posts":[{"id":2538,"url":"https:\/\/musicuyinstrumentos.com\/index.php\/producto\/samson-s-zone-4\/","url_meta":{"origin":2536,"position":0},"title":"Samson S-Zone 4, Sistema de Distribuci\u00f3n de Audio. Nuevo sin abrir!","author":"matiaspmartinez","date":"8 de julio de 2024","format":false,"excerpt":"\ud83d\udce6 Estado: Nuevo, cerrado en caja, sin abrir. El Samson S-Zone es un vers\u00e1til sistema de control de audio multizona, ideal para instalaciones comerciales, bares, restaurantes, estudios o iglesias. Permite enviar una o varias se\u00f1ales de audio a cuatro zonas diferentes, con controles independientes de volumen y selecci\u00f3n de fuente.","rel":"","context":"Entrada similar","block_context":{"text":"Entrada similar","link":""},"img":{"alt_text":"","src":"https:\/\/i0.wp.com\/musicuyinstrumentos.com\/wp-content\/uploads\/2024\/07\/Samson-Szone-1.jpg?fit=1080%2C1080&ssl=1&resize=350%2C200","width":350,"height":200,"srcset":"https:\/\/i0.wp.com\/musicuyinstrumentos.com\/wp-content\/uploads\/2024\/07\/Samson-Szone-1.jpg?fit=1080%2C1080&ssl=1&resize=350%2C200 1x, https:\/\/i0.wp.com\/musicuyinstrumentos.com\/wp-content\/uploads\/2024\/07\/Samson-Szone-1.jpg?fit=1080%2C1080&ssl=1&resize=525%2C300 1.5x, https:\/\/i0.wp.com\/musicuyinstrumentos.com\/wp-content\/uploads\/2024\/07\/Samson-Szone-1.jpg?fit=1080%2C1080&ssl=1&resize=700%2C400 2x, https:\/\/i0.wp.com\/musicuyinstrumentos.com\/wp-content\/uploads\/2024\/07\/Samson-Szone-1.jpg?fit=1080%2C1080&ssl=1&resize=1050%2C600 3x"},"classes":[]},{"id":1997,"url":"https:\/\/musicuyinstrumentos.com\/index.php\/producto\/engl-e650-ritchie-blackmore\/","url_meta":{"origin":2536,"position":1},"title":"ENGL E650 Ritchie Blackmore","author":"matiaspmartinez","date":"16 de marzo de 2023","format":false,"excerpt":"Dise\u00f1ado en conjunto con el legendario guitarrista Ritchie Blackmore (Deep Purple, Rainbow), el ENGL E650 Signature ofrece una combinaci\u00f3n \u00fanica de claridad, respuesta din\u00e1mica y potencia. Este cabezal de 100 watts est\u00e1 construido con la robustez alemana caracter\u00edstica de ENGL, y presenta un dise\u00f1o de 2 canales con controles independientes,\u2026","rel":"","context":"Entrada similar","block_context":{"text":"Entrada similar","link":""},"img":{"alt_text":"","src":"https:\/\/i0.wp.com\/musicuyinstrumentos.com\/wp-content\/uploads\/2023\/03\/ENGL-E650-Ritchie-Blackmore-1-copia.jpg?fit=1080%2C1080&ssl=1&resize=350%2C200","width":350,"height":200,"srcset":"https:\/\/i0.wp.com\/musicuyinstrumentos.com\/wp-content\/uploads\/2023\/03\/ENGL-E650-Ritchie-Blackmore-1-copia.jpg?fit=1080%2C1080&ssl=1&resize=350%2C200 1x, https:\/\/i0.wp.com\/musicuyinstrumentos.com\/wp-content\/uploads\/2023\/03\/ENGL-E650-Ritchie-Blackmore-1-copia.jpg?fit=1080%2C1080&ssl=1&resize=525%2C300 1.5x, https:\/\/i0.wp.com\/musicuyinstrumentos.com\/wp-content\/uploads\/2023\/03\/ENGL-E650-Ritchie-Blackmore-1-copia.jpg?fit=1080%2C1080&ssl=1&resize=700%2C400 2x, https:\/\/i0.wp.com\/musicuyinstrumentos.com\/wp-content\/uploads\/2023\/03\/ENGL-E650-Ritchie-Blackmore-1-copia.jpg?fit=1080%2C1080&ssl=1&resize=1050%2C600 3x"},"classes":[]},{"id":1992,"url":"https:\/\/musicuyinstrumentos.com\/index.php\/producto\/hartke-ha5000-500w-hybrid-biamp\/","url_meta":{"origin":2536,"position":2},"title":"Hartke HA5000 500w Hybrid Biamp","author":"matiaspmartinez","date":"16 de marzo de 2023","format":false,"excerpt":"El Hartke HA5000 es un cl\u00e1sico entre los cabezales de bajo por una raz\u00f3n: versatilidad, potencia y control absoluto del tono. Dise\u00f1ado para bajistas exigentes que necesitan rendimiento profesional en vivo y en estudio, este amplificador ofrece 500 watts de potencia total, posibilidad de operar en mono o biamplificaci\u00f3n, y\u2026","rel":"","context":"Entrada similar","block_context":{"text":"Entrada similar","link":""},"img":{"alt_text":"","src":"https:\/\/i0.wp.com\/musicuyinstrumentos.com\/wp-content\/uploads\/2023\/03\/Hartke-HA5000-1-copia.jpg?fit=1080%2C1080&ssl=1&resize=350%2C200","width":350,"height":200,"srcset":"https:\/\/i0.wp.com\/musicuyinstrumentos.com\/wp-content\/uploads\/2023\/03\/Hartke-HA5000-1-copia.jpg?fit=1080%2C1080&ssl=1&resize=350%2C200 1x, https:\/\/i0.wp.com\/musicuyinstrumentos.com\/wp-content\/uploads\/2023\/03\/Hartke-HA5000-1-copia.jpg?fit=1080%2C1080&ssl=1&resize=525%2C300 1.5x, https:\/\/i0.wp.com\/musicuyinstrumentos.com\/wp-content\/uploads\/2023\/03\/Hartke-HA5000-1-copia.jpg?fit=1080%2C1080&ssl=1&resize=700%2C400 2x, https:\/\/i0.wp.com\/musicuyinstrumentos.com\/wp-content\/uploads\/2023\/03\/Hartke-HA5000-1-copia.jpg?fit=1080%2C1080&ssl=1&resize=1050%2C600 3x"},"classes":[]},{"id":788,"url":"https:\/\/musicuyinstrumentos.com\/index.php\/producto\/rivera-m60\/","url_meta":{"origin":2536,"position":3},"title":"Rivera M60","author":"matiaspmartinez","date":"16 de marzo de 2022","format":false,"excerpt":"Combo valvular artesanal fabricado en California a principios de los a\u00f1os 90. El Rivera M60 es una verdadera joya boutique, reconocida por su construcci\u00f3n robusta, su tono c\u00e1lido y vers\u00e1til, y su capacidad para cubrir desde sonidos limpios cristalinos hasta saturaciones con cuerpo y car\u00e1cter. Esta unidad incluye el footswitch\u2026","rel":"","context":"Entrada similar","block_context":{"text":"Entrada similar","link":""},"img":{"alt_text":"","src":"https:\/\/i0.wp.com\/musicuyinstrumentos.com\/wp-content\/uploads\/2022\/03\/Rivera-M60-1-Personalizado.jpg?fit=1080%2C1080&ssl=1&resize=350%2C200","width":350,"height":200,"srcset":"https:\/\/i0.wp.com\/musicuyinstrumentos.com\/wp-content\/uploads\/2022\/03\/Rivera-M60-1-Personalizado.jpg?fit=1080%2C1080&ssl=1&resize=350%2C200 1x, https:\/\/i0.wp.com\/musicuyinstrumentos.com\/wp-content\/uploads\/2022\/03\/Rivera-M60-1-Personalizado.jpg?fit=1080%2C1080&ssl=1&resize=525%2C300 1.5x, https:\/\/i0.wp.com\/musicuyinstrumentos.com\/wp-content\/uploads\/2022\/03\/Rivera-M60-1-Personalizado.jpg?fit=1080%2C1080&ssl=1&resize=700%2C400 2x, https:\/\/i0.wp.com\/musicuyinstrumentos.com\/wp-content\/uploads\/2022\/03\/Rivera-M60-1-Personalizado.jpg?fit=1080%2C1080&ssl=1&resize=1050%2C600 3x"},"classes":[]},{"id":2410,"url":"https:\/\/musicuyinstrumentos.com\/index.php\/producto\/traveler-guitar-escape-mark-iii\/","url_meta":{"origin":2536,"position":4},"title":"Traveler Guitar Escape Mark III","author":"matiaspmartinez","date":"20 de enero de 2024","format":false,"excerpt":"La Traveler Escape Mark III es la compa\u00f1era perfecta para guitarristas en movimiento. Su dise\u00f1o ultra compacto y liviano la convierte en una excelente opci\u00f3n para viajar sin renunciar a la sensaci\u00f3n y escala de una guitarra de tama\u00f1o completo. Esta versi\u00f3n incluye un sistema de preamplificador con ecualizaci\u00f3n y\u2026","rel":"","context":"Entrada similar","block_context":{"text":"Entrada similar","link":""},"img":{"alt_text":"","src":"https:\/\/i0.wp.com\/musicuyinstrumentos.com\/wp-content\/uploads\/2024\/01\/Traveler-Guitar-1-Personalizado.jpg?fit=1080%2C1080&ssl=1&resize=350%2C200","width":350,"height":200,"srcset":"https:\/\/i0.wp.com\/musicuyinstrumentos.com\/wp-content\/uploads\/2024\/01\/Traveler-Guitar-1-Personalizado.jpg?fit=1080%2C1080&ssl=1&resize=350%2C200 1x, https:\/\/i0.wp.com\/musicuyinstrumentos.com\/wp-content\/uploads\/2024\/01\/Traveler-Guitar-1-Personalizado.jpg?fit=1080%2C1080&ssl=1&resize=525%2C300 1.5x, https:\/\/i0.wp.com\/musicuyinstrumentos.com\/wp-content\/uploads\/2024\/01\/Traveler-Guitar-1-Personalizado.jpg?fit=1080%2C1080&ssl=1&resize=700%2C400 2x, https:\/\/i0.wp.com\/musicuyinstrumentos.com\/wp-content\/uploads\/2024\/01\/Traveler-Guitar-1-Personalizado.jpg?fit=1080%2C1080&ssl=1&resize=1050%2C600 3x"},"classes":[]},{"id":2109,"url":"https:\/\/musicuyinstrumentos.com\/index.php\/producto\/palmer-compressor\/","url_meta":{"origin":2536,"position":5},"title":"Palmer Compressor","author":"matiaspmartinez","date":"4 de julio de 2023","format":false,"excerpt":"El Palmer PECOMP Compressor es un pedal de compresi\u00f3n anal\u00f3gico que ofrece un control preciso sobre la din\u00e1mica de tu se\u00f1al, proporcionando mayor punch y sustain sin distorsi\u00f3n. Su circuito de bajo ruido y construcci\u00f3n robusta lo convierten en una opci\u00f3n confiable para guitarristas que buscan calidad y durabilidad en\u2026","rel":"","context":"Entrada similar","block_context":{"text":"Entrada similar","link":""},"img":{"alt_text":"","src":"https:\/\/i0.wp.com\/musicuyinstrumentos.com\/wp-content\/uploads\/2023\/07\/Palmer-Compressor-1-copia.jpg?fit=1080%2C1080&ssl=1&resize=350%2C200","width":350,"height":200,"srcset":"https:\/\/i0.wp.com\/musicuyinstrumentos.com\/wp-content\/uploads\/2023\/07\/Palmer-Compressor-1-copia.jpg?fit=1080%2C1080&ssl=1&resize=350%2C200 1x, https:\/\/i0.wp.com\/musicuyinstrumentos.com\/wp-content\/uploads\/2023\/07\/Palmer-Compressor-1-copia.jpg?fit=1080%2C1080&ssl=1&resize=525%2C300 1.5x, https:\/\/i0.wp.com\/musicuyinstrumentos.com\/wp-content\/uploads\/2023\/07\/Palmer-Compressor-1-copia.jpg?fit=1080%2C1080&ssl=1&resize=700%2C400 2x, https:\/\/i0.wp.com\/musicuyinstrumentos.com\/wp-content\/uploads\/2023\/07\/Palmer-Compressor-1-copia.jpg?fit=1080%2C1080&ssl=1&resize=1050%2C600 3x"},"classes":[]}],"jetpack_sharing_enabled":true,"_links":{"self":[{"href":"https:\/\/musicuyinstrumentos.com\/index.php\/wp-json\/wp\/v2\/product\/2536","targetHints":{"allow":["GET"]}}],"collection":[{"href":"https:\/\/musicuyinstrumentos.com\/index.php\/wp-json\/wp\/v2\/product"}],"about":[{"href":"https:\/\/musicuyinstrumentos.com\/index.php\/wp-json\/wp\/v2\/types\/product"}],"version-history":[{"count":2,"href":"https:\/\/musicuyinstrumentos.com\/index.php\/wp-json\/wp\/v2\/product\/2536\/revisions"}],"predecessor-version":[{"id":3265,"href":"https:\/\/musicuyinstrumentos.com\/index.php\/wp-json\/wp\/v2\/product\/2536\/revisions\/3265"}],"wp:featuredmedia":[{"embeddable":true,"href":"https:\/\/musicuyinstrumentos.com\/index.php\/wp-json\/wp\/v2\/media\/2490"}],"wp:attachment":[{"href":"https:\/\/musicuyinstrumentos.com\/index.php\/wp-json\/wp\/v2\/media?parent=2536"}],"wp:term":[{"taxonomy":"product_brand","embeddable":true,"href":"https:\/\/musicuyinstrumentos.com\/index.php\/wp-json\/wp\/v2\/product_brand?post=2536"},{"taxonomy":"product_cat","embeddable":true,"href":"https:\/\/musicuyinstrumentos.com\/index.php\/wp-json\/wp\/v2\/product_cat?post=2536"},{"taxonomy":"product_tag","embeddable":true,"href":"https:\/\/musicuyinstrumentos.com\/index.php\/wp-json\/wp\/v2\/product_tag?post=2536"}],"curies":[{"name":"wp","href":"https:\/\/api.w.org\/{rel}","templated":true}]}}