{"id":2581,"date":"2024-07-29T01:17:35","date_gmt":"2024-07-29T04:17:35","guid":{"rendered":"https:\/\/musicuyinstrumentos.com\/?post_type=product&#038;p=2581"},"modified":"2025-05-22T16:24:09","modified_gmt":"2025-05-22T19:24:09","slug":"squier-obey-graphic-stratocaster-hss-dissent","status":"publish","type":"product","link":"https:\/\/musicuyinstrumentos.com\/index.php\/producto\/squier-obey-graphic-stratocaster-hss-dissent\/","title":{"rendered":"Squier Obey Graphic Stratocaster HSS Dissent"},"content":{"rendered":"<p>\u2705 Serie: Squier Special Edition \u2013 Obey Graphic Series<br data-start=\"865\" data-end=\"868\" \/>\u2705 Cuerpo: Tilo (Basswood)<br data-start=\"893\" data-end=\"896\" \/>\u2705 M\u00e1stil: Arce (Maple), perfil en \u00abC\u00bb<br data-start=\"933\" data-end=\"936\" \/>\u2705 Diapas\u00f3n: Palo de rosa (Rosewood)<br data-start=\"971\" data-end=\"974\" \/>\u2705 Trastes: 22 Medium Jumbo<br data-start=\"1000\" data-end=\"1003\" \/>\u2705 Escala: 25.5\u201d<br data-start=\"1018\" data-end=\"1021\" \/>\u2705 Cejuela: 1.650&#8243; (42 mm)<br data-start=\"1046\" data-end=\"1049\" \/>\u2705 Clavijas: Estilo vintage<br data-start=\"1075\" data-end=\"1078\" \/>\u2705 Puente: Tr\u00e9molo sincronizado estilo vintage<br data-start=\"1123\" data-end=\"1126\" \/>\u2705 Configuraci\u00f3n de micr\u00f3fonos: <strong data-start=\"1157\" data-end=\"1164\">HSS<\/strong><br data-start=\"1164\" data-end=\"1167\" \/>\u2003\u2022 <strong data-start=\"1170\" data-end=\"1181\">Puente:<\/strong> Humbucker <strong data-start=\"1192\" data-end=\"1219\">Duncan Designed HB-102B<\/strong><br data-start=\"1219\" data-end=\"1222\" \/>\u2003\u2022 <strong data-start=\"1225\" data-end=\"1245\">Centro y m\u00e1stil:<\/strong> Single coil de <strong data-start=\"1261\" data-end=\"1271\">Alnico<\/strong><br data-start=\"1271\" data-end=\"1274\" \/>\u2705 Controles:<br data-start=\"1286\" data-end=\"1289\" \/>\u2003\u2022 1 x Volumen<br data-start=\"1303\" data-end=\"1306\" \/>\u2003\u2022 2 x Tono<br data-start=\"1317\" data-end=\"1320\" \/>\u2003\u2022 Selector de 5 posiciones<br data-start=\"1347\" data-end=\"1350\" \/>\u2705 Gr\u00e1fico: \u201cDissent\u201d (Obey Propaganda Series)<br data-start=\"1395\" data-end=\"1398\" \/>\u2705 Terminaci\u00f3n: Brillante<br data-start=\"1422\" data-end=\"1425\" \/>\u2705 Pickguard: Negro<\/p>\n","protected":false},"excerpt":{"rendered":"<p data-start=\"362\" data-end=\"783\">La <strong data-start=\"382\" data-end=\"424\">Squier Stratocaster HSS Obey \u201cDissent\u201d<\/strong> es una edici\u00f3n limitada fruto de la colaboraci\u00f3n con el artista Shepard Fairey, conocido por la ic\u00f3nica marca OBEY. Esta guitarra no solo destaca por su potente est\u00e9tica con gr\u00e1fica \u201cDissent\u201d, sino tambi\u00e9n por su versatilidad sonora gracias a una configuraci\u00f3n de micr\u00f3fonos ideal para rock, punk, indie y m\u00e1s. Una pieza con actitud tanto visual como sonora.<\/p>\n<p data-start=\"785\" data-end=\"1445\">\n","protected":false},"featured_media":2582,"template":"","meta":{"site-sidebar-layout":"right-sidebar","site-content-layout":"","ast-site-content-layout":"default","site-content-style":"default","site-sidebar-style":"default","ast-global-header-display":"","ast-banner-title-visibility":"","ast-main-header-display":"","ast-hfb-above-header-display":"","ast-hfb-below-header-display":"","ast-hfb-mobile-header-display":"","site-post-title":"","ast-breadcrumbs-content":"","ast-featured-img":"","footer-sml-layout":"","ast-disable-related-posts":"","theme-transparent-header-meta":"default","adv-header-id-meta":"","stick-header-meta":"","header-above-stick-meta":"","header-main-stick-meta":"","header-below-stick-meta":"","astra-migrate-meta-layouts":"set","ast-page-background-enabled":"default","ast-page-background-meta":{"desktop":{"background-color":"var(--ast-global-color-4)","background-image":"","background-repeat":"repeat","background-position":"center center","background-size":"auto","background-attachment":"scroll","background-type":"","background-media":"","overlay-type":"","overlay-color":"","overlay-opacity":"","overlay-gradient":""},"tablet":{"background-color":"","background-image":"","background-repeat":"repeat","background-position":"center center","background-size":"auto","background-attachment":"scroll","background-type":"","background-media":"","overlay-type":"","overlay-color":"","overlay-opacity":"","overlay-gradient":""},"mobile":{"background-color":"","background-image":"","background-repeat":"repeat","background-position":"center center","background-size":"auto","background-attachment":"scroll","background-type":"","background-media":"","overlay-type":"","overlay-color":"","overlay-opacity":"","overlay-gradient":""}},"ast-content-background-meta":{"desktop":{"background-color":"var(--ast-global-color-5)","background-image":"","background-repeat":"repeat","background-position":"center center","background-size":"auto","background-attachment":"scroll","background-type":"","background-media":"","overlay-type":"","overlay-color":"","overlay-opacity":"","overlay-gradient":""},"tablet":{"background-color":"var(--ast-global-color-5)","background-image":"","background-repeat":"repeat","background-position":"center center","background-size":"auto","background-attachment":"scroll","background-type":"","background-media":"","overlay-type":"","overlay-color":"","overlay-opacity":"","overlay-gradient":""},"mobile":{"background-color":"var(--ast-global-color-5)","background-image":"","background-repeat":"repeat","background-position":"center center","background-size":"auto","background-attachment":"scroll","background-type":"","background-media":"","overlay-type":"","overlay-color":"","overlay-opacity":"","overlay-gradient":""}},"_joinchat":[]},"product_brand":[],"product_cat":[22,21,15],"product_tag":[155,70],"class_list":{"0":"post-2581","1":"product","2":"type-product","3":"status-publish","4":"has-post-thumbnail","6":"product_cat-guitarras","7":"product_cat-guitarras-electricas","8":"product_cat-sin-categorizar","9":"product_tag-squier","10":"product_tag-stratocaster","11":"desktop-align-left","12":"tablet-align-left","13":"mobile-align-left","15":"first","16":"instock","17":"shipping-taxable","18":"purchasable","19":"product-type-simple"},"jetpack-related-posts":[{"id":2426,"url":"https:\/\/musicuyinstrumentos.com\/index.php\/producto\/godin-session-hg-mn\/","url_meta":{"origin":2581,"position":0},"title":"Godin Session HG MN","author":"matiaspmartinez","date":"26 de marzo de 2024","format":false,"excerpt":"La Godin Session HG (High Gloss) es una guitarra el\u00e9ctrica vers\u00e1til, moderna y de excelente calidad, fabricada en Canad\u00e1. Con una configuraci\u00f3n de micr\u00f3fonos HSS, ofrece un rango tonal ampl\u00edsimo, ideal para estilos que van desde el rock y pop hasta blues y funk. Su m\u00e1stil de arce y diapas\u00f3n\u2026","rel":"","context":"Entrada similar","block_context":{"text":"Entrada similar","link":""},"img":{"alt_text":"","src":"https:\/\/i0.wp.com\/musicuyinstrumentos.com\/wp-content\/uploads\/2024\/03\/Godin-Session-1.jpg?fit=1080%2C1080&ssl=1&resize=350%2C200","width":350,"height":200,"srcset":"https:\/\/i0.wp.com\/musicuyinstrumentos.com\/wp-content\/uploads\/2024\/03\/Godin-Session-1.jpg?fit=1080%2C1080&ssl=1&resize=350%2C200 1x, https:\/\/i0.wp.com\/musicuyinstrumentos.com\/wp-content\/uploads\/2024\/03\/Godin-Session-1.jpg?fit=1080%2C1080&ssl=1&resize=525%2C300 1.5x, https:\/\/i0.wp.com\/musicuyinstrumentos.com\/wp-content\/uploads\/2024\/03\/Godin-Session-1.jpg?fit=1080%2C1080&ssl=1&resize=700%2C400 2x, https:\/\/i0.wp.com\/musicuyinstrumentos.com\/wp-content\/uploads\/2024\/03\/Godin-Session-1.jpg?fit=1080%2C1080&ssl=1&resize=1050%2C600 3x"},"classes":[]},{"id":29,"url":"https:\/\/musicuyinstrumentos.com\/index.php\/producto\/bc-rich-stiii-made-in-usa-80s\/","url_meta":{"origin":2581,"position":1},"title":"BC Rich STIII (Made in USA, 80&#8217;s)","author":"matiaspmartinez","date":"1 de marzo de 2022","format":false,"excerpt":"La BC Rich ST-III es una guitarra poco com\u00fan y muy buscada por coleccionistas y guitarristas que valoran las rarezas de alto nivel. Fabricada en Estados Unidos durante los a\u00f1os 80, fue una de las propuestas m\u00e1s innovadoras de BC Rich en la era post-Superstrat, con est\u00e9tica agresiva, dise\u00f1o ergon\u00f3mico\u2026","rel":"","context":"Entrada similar","block_context":{"text":"Entrada similar","link":""},"img":{"alt_text":"","src":"https:\/\/i0.wp.com\/musicuyinstrumentos.com\/wp-content\/uploads\/2022\/03\/BC-Rich-STIII-USA-1.jpg?fit=1080%2C1080&ssl=1&resize=350%2C200","width":350,"height":200,"srcset":"https:\/\/i0.wp.com\/musicuyinstrumentos.com\/wp-content\/uploads\/2022\/03\/BC-Rich-STIII-USA-1.jpg?fit=1080%2C1080&ssl=1&resize=350%2C200 1x, https:\/\/i0.wp.com\/musicuyinstrumentos.com\/wp-content\/uploads\/2022\/03\/BC-Rich-STIII-USA-1.jpg?fit=1080%2C1080&ssl=1&resize=525%2C300 1.5x, https:\/\/i0.wp.com\/musicuyinstrumentos.com\/wp-content\/uploads\/2022\/03\/BC-Rich-STIII-USA-1.jpg?fit=1080%2C1080&ssl=1&resize=700%2C400 2x, https:\/\/i0.wp.com\/musicuyinstrumentos.com\/wp-content\/uploads\/2022\/03\/BC-Rich-STIII-USA-1.jpg?fit=1080%2C1080&ssl=1&resize=1050%2C600 3x"},"classes":[]},{"id":2687,"url":"https:\/\/musicuyinstrumentos.com\/index.php\/producto\/godin-artisan-st-signature\/","url_meta":{"origin":2581,"position":2},"title":"Godin Artisan ST Signature","author":"matiaspmartinez","date":"13 de octubre de 2024","format":false,"excerpt":"La Godin Artisan ST Signature es una guitarra el\u00e9ctrica de alta gama, fabricada en Canad\u00e1 con materiales premium y atenci\u00f3n al detalle que la colocan a la altura de marcas boutique como Suhr o Tom Anderson. Este modelo combina sonido potente, est\u00e9tica refinada y una comodidad de ejecuci\u00f3n superior. Su\u2026","rel":"","context":"Entrada similar","block_context":{"text":"Entrada similar","link":""},"img":{"alt_text":"","src":"https:\/\/i0.wp.com\/musicuyinstrumentos.com\/wp-content\/uploads\/2024\/10\/Godin-Artisan-ST-Signature-1-Alibaba.jpg?fit=1080%2C1080&ssl=1&resize=350%2C200","width":350,"height":200,"srcset":"https:\/\/i0.wp.com\/musicuyinstrumentos.com\/wp-content\/uploads\/2024\/10\/Godin-Artisan-ST-Signature-1-Alibaba.jpg?fit=1080%2C1080&ssl=1&resize=350%2C200 1x, https:\/\/i0.wp.com\/musicuyinstrumentos.com\/wp-content\/uploads\/2024\/10\/Godin-Artisan-ST-Signature-1-Alibaba.jpg?fit=1080%2C1080&ssl=1&resize=525%2C300 1.5x, https:\/\/i0.wp.com\/musicuyinstrumentos.com\/wp-content\/uploads\/2024\/10\/Godin-Artisan-ST-Signature-1-Alibaba.jpg?fit=1080%2C1080&ssl=1&resize=700%2C400 2x, https:\/\/i0.wp.com\/musicuyinstrumentos.com\/wp-content\/uploads\/2024\/10\/Godin-Artisan-ST-Signature-1-Alibaba.jpg?fit=1080%2C1080&ssl=1&resize=1050%2C600 3x"},"classes":[]},{"id":2291,"url":"https:\/\/musicuyinstrumentos.com\/index.php\/producto\/cort-arena-1-matthias-jabs-signature\/","url_meta":{"origin":2581,"position":3},"title":"Cort Arena 1 Matthias Jabs Signature","author":"matiaspmartinez","date":"11 de enero de 2024","format":false,"excerpt":"La Cort Arena 1 es el modelo signature del legendario guitarrista de los Scorpions, Matthias Jabs. Fabricada en Corea del Sur, esta guitarra se destaca por su dise\u00f1o ergon\u00f3mico, calidad de construcci\u00f3n y versatilidad sonora. Su est\u00e9tica \u00fanica, con un cuerpo estilo offset semi-hueco y un elegante acabado flameado, la\u2026","rel":"","context":"Entrada similar","block_context":{"text":"Entrada similar","link":""},"img":{"alt_text":"","src":"https:\/\/i0.wp.com\/musicuyinstrumentos.com\/wp-content\/uploads\/2024\/01\/Cort-Arena-1-Matthias-Jabs-1-copia-Personalizado.jpg?fit=1080%2C1080&ssl=1&resize=350%2C200","width":350,"height":200,"srcset":"https:\/\/i0.wp.com\/musicuyinstrumentos.com\/wp-content\/uploads\/2024\/01\/Cort-Arena-1-Matthias-Jabs-1-copia-Personalizado.jpg?fit=1080%2C1080&ssl=1&resize=350%2C200 1x, https:\/\/i0.wp.com\/musicuyinstrumentos.com\/wp-content\/uploads\/2024\/01\/Cort-Arena-1-Matthias-Jabs-1-copia-Personalizado.jpg?fit=1080%2C1080&ssl=1&resize=525%2C300 1.5x, https:\/\/i0.wp.com\/musicuyinstrumentos.com\/wp-content\/uploads\/2024\/01\/Cort-Arena-1-Matthias-Jabs-1-copia-Personalizado.jpg?fit=1080%2C1080&ssl=1&resize=700%2C400 2x, https:\/\/i0.wp.com\/musicuyinstrumentos.com\/wp-content\/uploads\/2024\/01\/Cort-Arena-1-Matthias-Jabs-1-copia-Personalizado.jpg?fit=1080%2C1080&ssl=1&resize=1050%2C600 3x"},"classes":[]},{"id":457,"url":"https:\/\/musicuyinstrumentos.com\/index.php\/producto\/kramer-forum-iii\/","url_meta":{"origin":2581,"position":4},"title":"Kramer Forum III","author":"matiaspmartinez","date":"7 de marzo de 2022","format":false,"excerpt":"Bajo de alt\u00edsima gama fabricado en Estados Unidos por Kramer, una de las marcas m\u00e1s respetadas de la era dorada de los 80s. El Forum III es una rareza absoluta por sus especificaciones y calidad de construcci\u00f3n. Ideal para coleccionistas y m\u00fasicos exigentes que buscan sonido, comodidad y car\u00e1cter vintage.","rel":"","context":"Entrada similar","block_context":{"text":"Entrada similar","link":""},"img":{"alt_text":"","src":"https:\/\/i0.wp.com\/musicuyinstrumentos.com\/wp-content\/uploads\/2022\/03\/Kramer-Forum-III-1.jpg?fit=1080%2C1080&ssl=1&resize=350%2C200","width":350,"height":200,"srcset":"https:\/\/i0.wp.com\/musicuyinstrumentos.com\/wp-content\/uploads\/2022\/03\/Kramer-Forum-III-1.jpg?fit=1080%2C1080&ssl=1&resize=350%2C200 1x, https:\/\/i0.wp.com\/musicuyinstrumentos.com\/wp-content\/uploads\/2022\/03\/Kramer-Forum-III-1.jpg?fit=1080%2C1080&ssl=1&resize=525%2C300 1.5x, https:\/\/i0.wp.com\/musicuyinstrumentos.com\/wp-content\/uploads\/2022\/03\/Kramer-Forum-III-1.jpg?fit=1080%2C1080&ssl=1&resize=700%2C400 2x, https:\/\/i0.wp.com\/musicuyinstrumentos.com\/wp-content\/uploads\/2022\/03\/Kramer-Forum-III-1.jpg?fit=1080%2C1080&ssl=1&resize=1050%2C600 3x"},"classes":[]},{"id":2995,"url":"https:\/\/musicuyinstrumentos.com\/index.php\/producto\/dbz-barchetta-amber-tobacco-burst-upgrades\/","url_meta":{"origin":2581,"position":5},"title":"DBZ Barchetta Amber Tobacco Burst + Upgrades","author":"matiaspmartinez","date":"20 de abril de 2025","format":false,"excerpt":"La DBZ Barchetta Amber Tobacco Burst es una guitarra el\u00e9ctrica de dise\u00f1o agresivo y sonido impresionante, perfecta para guitarristas que buscan un instrumento con un estilo \u00fanico y gran versatilidad. Este modelo cuenta con micr\u00f3fonos Seymour Duncan SH4-JB en el puente y SH-2 Jazz en el m\u00e1stil, lo que le\u2026","rel":"","context":"Entrada similar","block_context":{"text":"Entrada similar","link":""},"img":{"alt_text":"","src":"https:\/\/i0.wp.com\/musicuyinstrumentos.com\/wp-content\/uploads\/2025\/04\/DBZ-Barchetta-1.jpg?fit=1080%2C1080&ssl=1&resize=350%2C200","width":350,"height":200,"srcset":"https:\/\/i0.wp.com\/musicuyinstrumentos.com\/wp-content\/uploads\/2025\/04\/DBZ-Barchetta-1.jpg?fit=1080%2C1080&ssl=1&resize=350%2C200 1x, https:\/\/i0.wp.com\/musicuyinstrumentos.com\/wp-content\/uploads\/2025\/04\/DBZ-Barchetta-1.jpg?fit=1080%2C1080&ssl=1&resize=525%2C300 1.5x, https:\/\/i0.wp.com\/musicuyinstrumentos.com\/wp-content\/uploads\/2025\/04\/DBZ-Barchetta-1.jpg?fit=1080%2C1080&ssl=1&resize=700%2C400 2x, https:\/\/i0.wp.com\/musicuyinstrumentos.com\/wp-content\/uploads\/2025\/04\/DBZ-Barchetta-1.jpg?fit=1080%2C1080&ssl=1&resize=1050%2C600 3x"},"classes":[]}],"jetpack_sharing_enabled":true,"_links":{"self":[{"href":"https:\/\/musicuyinstrumentos.com\/index.php\/wp-json\/wp\/v2\/product\/2581","targetHints":{"allow":["GET"]}}],"collection":[{"href":"https:\/\/musicuyinstrumentos.com\/index.php\/wp-json\/wp\/v2\/product"}],"about":[{"href":"https:\/\/musicuyinstrumentos.com\/index.php\/wp-json\/wp\/v2\/types\/product"}],"version-history":[{"count":3,"href":"https:\/\/musicuyinstrumentos.com\/index.php\/wp-json\/wp\/v2\/product\/2581\/revisions"}],"predecessor-version":[{"id":3209,"href":"https:\/\/musicuyinstrumentos.com\/index.php\/wp-json\/wp\/v2\/product\/2581\/revisions\/3209"}],"wp:featuredmedia":[{"embeddable":true,"href":"https:\/\/musicuyinstrumentos.com\/index.php\/wp-json\/wp\/v2\/media\/2582"}],"wp:attachment":[{"href":"https:\/\/musicuyinstrumentos.com\/index.php\/wp-json\/wp\/v2\/media?parent=2581"}],"wp:term":[{"taxonomy":"product_brand","embeddable":true,"href":"https:\/\/musicuyinstrumentos.com\/index.php\/wp-json\/wp\/v2\/product_brand?post=2581"},{"taxonomy":"product_cat","embeddable":true,"href":"https:\/\/musicuyinstrumentos.com\/index.php\/wp-json\/wp\/v2\/product_cat?post=2581"},{"taxonomy":"product_tag","embeddable":true,"href":"https:\/\/musicuyinstrumentos.com\/index.php\/wp-json\/wp\/v2\/product_tag?post=2581"}],"curies":[{"name":"wp","href":"https:\/\/api.w.org\/{rel}","templated":true}]}}