{"id":2687,"date":"2024-10-13T21:52:19","date_gmt":"2024-10-14T00:52:19","guid":{"rendered":"https:\/\/musicuyinstrumentos.com\/?post_type=product&#038;p=2687"},"modified":"2025-05-22T14:25:11","modified_gmt":"2025-05-22T17:25:11","slug":"godin-artisan-st-signature","status":"publish","type":"product","link":"https:\/\/musicuyinstrumentos.com\/index.php\/producto\/godin-artisan-st-signature\/","title":{"rendered":"Godin Artisan ST Signature"},"content":{"rendered":"<div class=\"x11i5rnm xat24cr x1mh8g0r x1vvkbs xtlvy1s x126k92a\">\n<div dir=\"auto\">\u2705 Cuerpo: <strong data-start=\"1040\" data-end=\"1049\">Aliso<\/strong><br data-start=\"1049\" data-end=\"1052\" \/>\u2705 Tapa: <strong data-start=\"1060\" data-end=\"1077\">Arce flameado<\/strong><br data-start=\"1077\" data-end=\"1080\" \/>\u2705 M\u00e1stil: <strong data-start=\"1090\" data-end=\"1111\">Arce birdseye AAA<\/strong> (atornillado)<br data-start=\"1125\" data-end=\"1128\" \/>\u2705 Diapas\u00f3n: <strong data-start=\"1140\" data-end=\"1148\">Arce<\/strong><br data-start=\"1148\" data-end=\"1151\" \/>\u2705 Radio: <strong data-start=\"1160\" data-end=\"1167\">12\u2033<\/strong><br data-start=\"1167\" data-end=\"1170\" \/>\u2705 Escala: <strong data-start=\"1180\" data-end=\"1189\">25.5\u2033<\/strong><br data-start=\"1189\" data-end=\"1192\" \/>\u2705 Trastes: <strong data-start=\"1203\" data-end=\"1233\">Dunlop 6150 (medium jumbo)<\/strong><br data-start=\"1233\" data-end=\"1236\" \/>\u2705 Micr\u00f3fonos:<br data-start=\"1249\" data-end=\"1252\" \/>\u2003\u2022 <strong data-start=\"1255\" data-end=\"1284\">Seymour Duncan Little &#8217;59<\/strong> (en puente)<br data-start=\"1296\" data-end=\"1299\" \/>\u2003\u2022 Single coils en centro y m\u00e1stil (configuraci\u00f3n HSS)<br data-start=\"1353\" data-end=\"1356\" \/>\u2705 Puente: <strong data-start=\"1366\" data-end=\"1378\">Schaller<\/strong> con selletas giratorias<br data-start=\"1402\" data-end=\"1405\" \/>\u2705 Controles:<br data-start=\"1417\" data-end=\"1420\" \/>\u2003\u2022 1 x Volumen<br data-start=\"1434\" data-end=\"1437\" \/>\u2003\u2022 1 x Tono<br data-start=\"1448\" data-end=\"1451\" \/>\u2003\u2022 Selector de 5 posiciones<br data-start=\"1478\" data-end=\"1481\" \/>\u2705 Clavijas: Godin selladas<br data-start=\"1507\" data-end=\"1510\" \/>\u2705 Incrustaciones: Dot<br data-start=\"1531\" data-end=\"1534\" \/>\u2705 Color: Natural Gloss<br data-start=\"1556\" data-end=\"1559\" \/>\u2705 Incluye: <strong data-start=\"1570\" data-end=\"1597\">Estuche r\u00edgido original<\/strong><br data-start=\"1597\" data-end=\"1600\" \/>\u2705 Fabricada en: <strong data-start=\"1616\" data-end=\"1626\">Canad\u00e1<\/strong><\/div>\n<\/div>\n","protected":false},"excerpt":{"rendered":"<p>La <strong data-start=\"414\" data-end=\"444\">Godin Artisan ST Signature<\/strong> es una guitarra el\u00e9ctrica de alta gama, fabricada en Canad\u00e1 con materiales premium y atenci\u00f3n al detalle que la colocan a la altura de marcas boutique como <strong data-start=\"601\" data-end=\"609\">Suhr<\/strong> o <strong data-start=\"612\" data-end=\"628\">Tom Anderson<\/strong>. Este modelo combina <strong data-start=\"650\" data-end=\"668\">sonido potente<\/strong>, est\u00e9tica refinada y una comodidad de ejecuci\u00f3n superior. Su m\u00e1stil de <strong data-start=\"740\" data-end=\"761\">arce birdseye AAA<\/strong> y su tapa de <strong data-start=\"775\" data-end=\"792\">arce flameado<\/strong> no solo impresionan visualmente, sino que tambi\u00e9n contribuyen al car\u00e1cter brillante y definido de su tono. Una guitarra ideal para m\u00fasicos exigentes que buscan un instrumento profesional, vers\u00e1til y elegante.<\/p>\n","protected":false},"featured_media":2659,"template":"","meta":{"site-sidebar-layout":"no-sidebar","site-content-layout":"","ast-site-content-layout":"default","site-content-style":"default","site-sidebar-style":"default","ast-global-header-display":"","ast-banner-title-visibility":"","ast-main-header-display":"","ast-hfb-above-header-display":"","ast-hfb-below-header-display":"","ast-hfb-mobile-header-display":"","site-post-title":"","ast-breadcrumbs-content":"","ast-featured-img":"","footer-sml-layout":"","ast-disable-related-posts":"","theme-transparent-header-meta":"default","adv-header-id-meta":"","stick-header-meta":"","header-above-stick-meta":"","header-main-stick-meta":"","header-below-stick-meta":"","astra-migrate-meta-layouts":"set","ast-page-background-enabled":"default","ast-page-background-meta":{"desktop":{"background-color":"var(--ast-global-color-4)","background-image":"","background-repeat":"repeat","background-position":"center center","background-size":"auto","background-attachment":"scroll","background-type":"","background-media":"","overlay-type":"","overlay-color":"","overlay-opacity":"","overlay-gradient":""},"tablet":{"background-color":"","background-image":"","background-repeat":"repeat","background-position":"center center","background-size":"auto","background-attachment":"scroll","background-type":"","background-media":"","overlay-type":"","overlay-color":"","overlay-opacity":"","overlay-gradient":""},"mobile":{"background-color":"","background-image":"","background-repeat":"repeat","background-position":"center center","background-size":"auto","background-attachment":"scroll","background-type":"","background-media":"","overlay-type":"","overlay-color":"","overlay-opacity":"","overlay-gradient":""}},"ast-content-background-meta":{"desktop":{"background-color":"var(--ast-global-color-5)","background-image":"","background-repeat":"repeat","background-position":"center center","background-size":"auto","background-attachment":"scroll","background-type":"","background-media":"","overlay-type":"","overlay-color":"","overlay-opacity":"","overlay-gradient":""},"tablet":{"background-color":"var(--ast-global-color-5)","background-image":"","background-repeat":"repeat","background-position":"center center","background-size":"auto","background-attachment":"scroll","background-type":"","background-media":"","overlay-type":"","overlay-color":"","overlay-opacity":"","overlay-gradient":""},"mobile":{"background-color":"var(--ast-global-color-5)","background-image":"","background-repeat":"repeat","background-position":"center center","background-size":"auto","background-attachment":"scroll","background-type":"","background-media":"","overlay-type":"","overlay-color":"","overlay-opacity":"","overlay-gradient":""}},"_joinchat":[]},"product_brand":[],"product_cat":[22,21,15],"product_tag":[74,73],"class_list":{"0":"post-2687","1":"product","2":"type-product","3":"status-publish","4":"has-post-thumbnail","6":"product_cat-guitarras","7":"product_cat-guitarras-electricas","8":"product_cat-sin-categorizar","9":"product_tag-electrica","10":"product_tag-guitarra","11":"desktop-align-left","12":"tablet-align-left","13":"mobile-align-left","15":"first","16":"instock","17":"shipping-taxable","18":"purchasable","19":"product-type-simple"},"jetpack-related-posts":[{"id":2291,"url":"https:\/\/musicuyinstrumentos.com\/index.php\/producto\/cort-arena-1-matthias-jabs-signature\/","url_meta":{"origin":2687,"position":0},"title":"Cort Arena 1 Matthias Jabs Signature","author":"matiaspmartinez","date":"11 de enero de 2024","format":false,"excerpt":"La Cort Arena 1 es el modelo signature del legendario guitarrista de los Scorpions, Matthias Jabs. Fabricada en Corea del Sur, esta guitarra se destaca por su dise\u00f1o ergon\u00f3mico, calidad de construcci\u00f3n y versatilidad sonora. Su est\u00e9tica \u00fanica, con un cuerpo estilo offset semi-hueco y un elegante acabado flameado, la\u2026","rel":"","context":"Entrada similar","block_context":{"text":"Entrada similar","link":""},"img":{"alt_text":"","src":"https:\/\/i0.wp.com\/musicuyinstrumentos.com\/wp-content\/uploads\/2024\/01\/Cort-Arena-1-Matthias-Jabs-1-copia-Personalizado.jpg?fit=1080%2C1080&ssl=1&resize=350%2C200","width":350,"height":200,"srcset":"https:\/\/i0.wp.com\/musicuyinstrumentos.com\/wp-content\/uploads\/2024\/01\/Cort-Arena-1-Matthias-Jabs-1-copia-Personalizado.jpg?fit=1080%2C1080&ssl=1&resize=350%2C200 1x, https:\/\/i0.wp.com\/musicuyinstrumentos.com\/wp-content\/uploads\/2024\/01\/Cort-Arena-1-Matthias-Jabs-1-copia-Personalizado.jpg?fit=1080%2C1080&ssl=1&resize=525%2C300 1.5x, https:\/\/i0.wp.com\/musicuyinstrumentos.com\/wp-content\/uploads\/2024\/01\/Cort-Arena-1-Matthias-Jabs-1-copia-Personalizado.jpg?fit=1080%2C1080&ssl=1&resize=700%2C400 2x, https:\/\/i0.wp.com\/musicuyinstrumentos.com\/wp-content\/uploads\/2024\/01\/Cort-Arena-1-Matthias-Jabs-1-copia-Personalizado.jpg?fit=1080%2C1080&ssl=1&resize=1050%2C600 3x"},"classes":[]},{"id":2426,"url":"https:\/\/musicuyinstrumentos.com\/index.php\/producto\/godin-session-hg-mn\/","url_meta":{"origin":2687,"position":1},"title":"Godin Session HG MN","author":"matiaspmartinez","date":"26 de marzo de 2024","format":false,"excerpt":"La Godin Session HG (High Gloss) es una guitarra el\u00e9ctrica vers\u00e1til, moderna y de excelente calidad, fabricada en Canad\u00e1. Con una configuraci\u00f3n de micr\u00f3fonos HSS, ofrece un rango tonal ampl\u00edsimo, ideal para estilos que van desde el rock y pop hasta blues y funk. Su m\u00e1stil de arce y diapas\u00f3n\u2026","rel":"","context":"Entrada similar","block_context":{"text":"Entrada similar","link":""},"img":{"alt_text":"","src":"https:\/\/i0.wp.com\/musicuyinstrumentos.com\/wp-content\/uploads\/2024\/03\/Godin-Session-1.jpg?fit=1080%2C1080&ssl=1&resize=350%2C200","width":350,"height":200,"srcset":"https:\/\/i0.wp.com\/musicuyinstrumentos.com\/wp-content\/uploads\/2024\/03\/Godin-Session-1.jpg?fit=1080%2C1080&ssl=1&resize=350%2C200 1x, https:\/\/i0.wp.com\/musicuyinstrumentos.com\/wp-content\/uploads\/2024\/03\/Godin-Session-1.jpg?fit=1080%2C1080&ssl=1&resize=525%2C300 1.5x, https:\/\/i0.wp.com\/musicuyinstrumentos.com\/wp-content\/uploads\/2024\/03\/Godin-Session-1.jpg?fit=1080%2C1080&ssl=1&resize=700%2C400 2x, https:\/\/i0.wp.com\/musicuyinstrumentos.com\/wp-content\/uploads\/2024\/03\/Godin-Session-1.jpg?fit=1080%2C1080&ssl=1&resize=1050%2C600 3x"},"classes":[]},{"id":286,"url":"https:\/\/musicuyinstrumentos.com\/index.php\/producto\/dbz-cavallo-st\/","url_meta":{"origin":2687,"position":2},"title":"DBZ Cavallo ST","author":"matiaspmartinez","date":"1 de marzo de 2022","format":false,"excerpt":"La DBZ Cavallo ST Natural Vintage es una versi\u00f3n premium de esta m\u00edtica guitarra dise\u00f1ada por el reconocido luthier Dean B. Zelinsky (fundador de Dean Guitars). Este modelo pertenece a la serie original previa a la fusi\u00f3n con Diamond Guitars, y presenta una est\u00e9tica Natural Vintage con vetas visibles que\u2026","rel":"","context":"Entrada similar","block_context":{"text":"Entrada similar","link":""},"img":{"alt_text":"","src":"https:\/\/i0.wp.com\/musicuyinstrumentos.com\/wp-content\/uploads\/2022\/03\/DBZ-Cavallo-AV-1.jpg?fit=1080%2C1080&ssl=1&resize=350%2C200","width":350,"height":200,"srcset":"https:\/\/i0.wp.com\/musicuyinstrumentos.com\/wp-content\/uploads\/2022\/03\/DBZ-Cavallo-AV-1.jpg?fit=1080%2C1080&ssl=1&resize=350%2C200 1x, https:\/\/i0.wp.com\/musicuyinstrumentos.com\/wp-content\/uploads\/2022\/03\/DBZ-Cavallo-AV-1.jpg?fit=1080%2C1080&ssl=1&resize=525%2C300 1.5x, https:\/\/i0.wp.com\/musicuyinstrumentos.com\/wp-content\/uploads\/2022\/03\/DBZ-Cavallo-AV-1.jpg?fit=1080%2C1080&ssl=1&resize=700%2C400 2x, https:\/\/i0.wp.com\/musicuyinstrumentos.com\/wp-content\/uploads\/2022\/03\/DBZ-Cavallo-AV-1.jpg?fit=1080%2C1080&ssl=1&resize=1050%2C600 3x"},"classes":[]},{"id":3474,"url":"https:\/\/musicuyinstrumentos.com\/index.php\/producto\/epiphone-les-paul-standard-plus-top-korea\/","url_meta":{"origin":2687,"position":3},"title":"Epiphone Les Paul Standard Plus Top Korea","author":"matiaspmartinez","date":"27 de octubre de 2025","format":false,"excerpt":"Esta Epiphone Les Paul Standard de fabricaci\u00f3n coreana pertenece a una de las mejores \u00e9pocas de la marca, conocida por su excelente control de calidad y materiales superiores. Construida con cuerpo de caoba y tapa de arce flameado, ofrece el sustain, el peso y el tono cl\u00e1sico del dise\u00f1o Les\u2026","rel":"","context":"Entrada similar","block_context":{"text":"Entrada similar","link":""},"img":{"alt_text":"","src":"https:\/\/i0.wp.com\/musicuyinstrumentos.com\/wp-content\/uploads\/2025\/10\/FacturandoEpiphione-Les-Paul-Standatd-Korea-1.jpg?fit=1080%2C1080&ssl=1&resize=350%2C200","width":350,"height":200,"srcset":"https:\/\/i0.wp.com\/musicuyinstrumentos.com\/wp-content\/uploads\/2025\/10\/FacturandoEpiphione-Les-Paul-Standatd-Korea-1.jpg?fit=1080%2C1080&ssl=1&resize=350%2C200 1x, https:\/\/i0.wp.com\/musicuyinstrumentos.com\/wp-content\/uploads\/2025\/10\/FacturandoEpiphione-Les-Paul-Standatd-Korea-1.jpg?fit=1080%2C1080&ssl=1&resize=525%2C300 1.5x, https:\/\/i0.wp.com\/musicuyinstrumentos.com\/wp-content\/uploads\/2025\/10\/FacturandoEpiphione-Les-Paul-Standatd-Korea-1.jpg?fit=1080%2C1080&ssl=1&resize=700%2C400 2x, https:\/\/i0.wp.com\/musicuyinstrumentos.com\/wp-content\/uploads\/2025\/10\/FacturandoEpiphione-Les-Paul-Standatd-Korea-1.jpg?fit=1080%2C1080&ssl=1&resize=1050%2C600 3x"},"classes":[]},{"id":2806,"url":"https:\/\/musicuyinstrumentos.com\/index.php\/producto\/hammer-slammer-sunburst-flat-top-c-estuche-rigido-original\/","url_meta":{"origin":2687,"position":4},"title":"Hammer Slammer Sunburst Flat Top c\/estuche r\u00edgido original","author":"matiaspmartinez","date":"22 de noviembre de 2024","format":false,"excerpt":"El Hamer Slammer Sunburst Flat Top es un modelo de guitarra el\u00e9ctrica que data de finales de los a\u00f1os 90. Este instrumento es una excelente opci\u00f3n para quienes buscan un modelo con el sonido y la est\u00e9tica de las guitarras de gama alta, pero a un precio m\u00e1s accesible. Con\u2026","rel":"","context":"Entrada similar","block_context":{"text":"Entrada similar","link":""},"img":{"alt_text":"","src":"https:\/\/i0.wp.com\/musicuyinstrumentos.com\/wp-content\/uploads\/2024\/11\/Hamer-Slammer-Sunburst-Flat-Top-1.jpg?fit=1080%2C1080&ssl=1&resize=350%2C200","width":350,"height":200,"srcset":"https:\/\/i0.wp.com\/musicuyinstrumentos.com\/wp-content\/uploads\/2024\/11\/Hamer-Slammer-Sunburst-Flat-Top-1.jpg?fit=1080%2C1080&ssl=1&resize=350%2C200 1x, https:\/\/i0.wp.com\/musicuyinstrumentos.com\/wp-content\/uploads\/2024\/11\/Hamer-Slammer-Sunburst-Flat-Top-1.jpg?fit=1080%2C1080&ssl=1&resize=525%2C300 1.5x, https:\/\/i0.wp.com\/musicuyinstrumentos.com\/wp-content\/uploads\/2024\/11\/Hamer-Slammer-Sunburst-Flat-Top-1.jpg?fit=1080%2C1080&ssl=1&resize=700%2C400 2x, https:\/\/i0.wp.com\/musicuyinstrumentos.com\/wp-content\/uploads\/2024\/11\/Hamer-Slammer-Sunburst-Flat-Top-1.jpg?fit=1080%2C1080&ssl=1&resize=1050%2C600 3x"},"classes":[]},{"id":2100,"url":"https:\/\/musicuyinstrumentos.com\/index.php\/producto\/ibanez-sz-520-c-estuche-rigido\/","url_meta":{"origin":2687,"position":5},"title":"Ibanez SZ 520 c\/estuche r\u00edgido","author":"matiaspmartinez","date":"4 de julio de 2023","format":false,"excerpt":"La Ibanez SZ520 forma parte de la aclamada serie SZ, destac\u00e1ndose por su dise\u00f1o singlecut, sustain natural y comodidad al tocar. Fabricada con materiales de alta calidad, esta guitarra combina la calidez y cuerpo de la caoba con el ataque del arce flameado en la tapa. Su configuraci\u00f3n de micr\u00f3fonos\u2026","rel":"","context":"Entrada similar","block_context":{"text":"Entrada similar","link":""},"img":{"alt_text":"","src":"https:\/\/i0.wp.com\/musicuyinstrumentos.com\/wp-content\/uploads\/2023\/07\/Ibanez-SZ-520-1-copia.jpg?fit=1080%2C1080&ssl=1&resize=350%2C200","width":350,"height":200,"srcset":"https:\/\/i0.wp.com\/musicuyinstrumentos.com\/wp-content\/uploads\/2023\/07\/Ibanez-SZ-520-1-copia.jpg?fit=1080%2C1080&ssl=1&resize=350%2C200 1x, https:\/\/i0.wp.com\/musicuyinstrumentos.com\/wp-content\/uploads\/2023\/07\/Ibanez-SZ-520-1-copia.jpg?fit=1080%2C1080&ssl=1&resize=525%2C300 1.5x, https:\/\/i0.wp.com\/musicuyinstrumentos.com\/wp-content\/uploads\/2023\/07\/Ibanez-SZ-520-1-copia.jpg?fit=1080%2C1080&ssl=1&resize=700%2C400 2x, https:\/\/i0.wp.com\/musicuyinstrumentos.com\/wp-content\/uploads\/2023\/07\/Ibanez-SZ-520-1-copia.jpg?fit=1080%2C1080&ssl=1&resize=1050%2C600 3x"},"classes":[]}],"jetpack_sharing_enabled":true,"_links":{"self":[{"href":"https:\/\/musicuyinstrumentos.com\/index.php\/wp-json\/wp\/v2\/product\/2687","targetHints":{"allow":["GET"]}}],"collection":[{"href":"https:\/\/musicuyinstrumentos.com\/index.php\/wp-json\/wp\/v2\/product"}],"about":[{"href":"https:\/\/musicuyinstrumentos.com\/index.php\/wp-json\/wp\/v2\/types\/product"}],"version-history":[{"count":3,"href":"https:\/\/musicuyinstrumentos.com\/index.php\/wp-json\/wp\/v2\/product\/2687\/revisions"}],"predecessor-version":[{"id":3206,"href":"https:\/\/musicuyinstrumentos.com\/index.php\/wp-json\/wp\/v2\/product\/2687\/revisions\/3206"}],"wp:featuredmedia":[{"embeddable":true,"href":"https:\/\/musicuyinstrumentos.com\/index.php\/wp-json\/wp\/v2\/media\/2659"}],"wp:attachment":[{"href":"https:\/\/musicuyinstrumentos.com\/index.php\/wp-json\/wp\/v2\/media?parent=2687"}],"wp:term":[{"taxonomy":"product_brand","embeddable":true,"href":"https:\/\/musicuyinstrumentos.com\/index.php\/wp-json\/wp\/v2\/product_brand?post=2687"},{"taxonomy":"product_cat","embeddable":true,"href":"https:\/\/musicuyinstrumentos.com\/index.php\/wp-json\/wp\/v2\/product_cat?post=2687"},{"taxonomy":"product_tag","embeddable":true,"href":"https:\/\/musicuyinstrumentos.com\/index.php\/wp-json\/wp\/v2\/product_tag?post=2687"}],"curies":[{"name":"wp","href":"https:\/\/api.w.org\/{rel}","templated":true}]}}