{"id":2691,"date":"2024-10-13T21:57:03","date_gmt":"2024-10-14T00:57:03","guid":{"rendered":"https:\/\/musicuyinstrumentos.com\/?post_type=product&#038;p=2691"},"modified":"2025-05-22T14:22:09","modified_gmt":"2025-05-22T17:22:09","slug":"prs-se-a20e-angelus-c-estuche-rigido-original","status":"publish","type":"product","link":"https:\/\/musicuyinstrumentos.com\/index.php\/producto\/prs-se-a20e-angelus-c-estuche-rigido-original\/","title":{"rendered":"PRS SE A20E Angelus c\/estuche r\u00edgido original"},"content":{"rendered":"<div class=\"x11i5rnm xat24cr x1mh8g0r x1vvkbs xtlvy1s x126k92a\">\n<div dir=\"auto\">\u2705 <strong data-start=\"1291\" data-end=\"1302\">Origen:<\/strong> Corea<br data-start=\"1308\" data-end=\"1311\" \/>\u2705 <strong data-start=\"1313\" data-end=\"1324\">Cuerpo:<\/strong> Caoba (superior maciza \/ medio \/ trasero)<br data-start=\"1366\" data-end=\"1369\" \/>\u2705 <strong data-start=\"1371\" data-end=\"1381\">Forma:<\/strong> Angelus Cutaway<br data-start=\"1397\" data-end=\"1400\" \/>\u2705 <strong data-start=\"1402\" data-end=\"1432\">Profundidad cuerpo m\u00e1stil:<\/strong> 3 19\/32\u201d<br data-start=\"1441\" data-end=\"1444\" \/>\u2705 <strong data-start=\"1446\" data-end=\"1474\">Profundidad cuerpo cola:<\/strong> 4 3\/8\u201d<br data-start=\"1481\" data-end=\"1484\" \/>\u2705 <strong data-start=\"1486\" data-end=\"1501\">Vigorizado:<\/strong> Refuerzos h\u00edbridos PRS \u201cX\u201d\/Cl\u00e1sicos<br data-start=\"1537\" data-end=\"1540\" \/>\u2705 <strong data-start=\"1542\" data-end=\"1554\">Roset\u00f3n:<\/strong> Espiga color crema<br data-start=\"1573\" data-end=\"1576\" \/>\u2705 <strong data-start=\"1578\" data-end=\"1589\">M\u00e1stil:<\/strong> Caoba<br data-start=\"1595\" data-end=\"1598\" \/>\u2705 <strong data-start=\"1600\" data-end=\"1621\">Forma del m\u00e1stil:<\/strong> Wide Fat<br data-start=\"1630\" data-end=\"1633\" \/>\u2705 <strong data-start=\"1635\" data-end=\"1646\">Escala:<\/strong> 25,3\u201d<br data-start=\"1652\" data-end=\"1655\" \/>\u2705 <strong data-start=\"1657\" data-end=\"1670\">Diapas\u00f3n:<\/strong> Palorrosa<br data-start=\"1680\" data-end=\"1683\" \/>\u2705 <strong data-start=\"1685\" data-end=\"1708\">Radio del diapas\u00f3n:<\/strong> 11.81\u201d<br data-start=\"1715\" data-end=\"1718\" \/>\u2705 <strong data-start=\"1720\" data-end=\"1739\">Incrustaciones:<\/strong> Birds (P\u00e1jaros)<br data-start=\"1755\" data-end=\"1758\" \/>\u2705 <strong data-start=\"1760\" data-end=\"1782\">N\u00famero de trastes:<\/strong> 20<br data-start=\"1785\" data-end=\"1788\" \/>\u2705 <strong data-start=\"1790\" data-end=\"1802\">Cejuela:<\/strong> Hueso (ancho 1 11\/16\u201d)<br data-start=\"1825\" data-end=\"1828\" \/>\u2705 <strong data-start=\"1830\" data-end=\"1868\">Profundidad del m\u00e1stil en cejuela:<\/strong> 7\/8\u201d<br data-start=\"1873\" data-end=\"1876\" \/>\u2705 <strong data-start=\"1878\" data-end=\"1911\">Ancho del diapas\u00f3n en cuerpo:<\/strong> 2 9\/32\u201d<br data-start=\"1919\" data-end=\"1922\" \/>\u2705 <strong data-start=\"1924\" data-end=\"1952\">Espaciado entre cuerdas:<\/strong> 2 7\/32\u201d<br data-start=\"1960\" data-end=\"1963\" \/>\u2705 <strong data-start=\"1965\" data-end=\"1976\">Puente:<\/strong> \u00c9bano<br data-start=\"1982\" data-end=\"1985\" \/>\u2705 <strong data-start=\"1987\" data-end=\"1999\">Selleta:<\/strong> Hueso<br data-start=\"2005\" data-end=\"2008\" \/>\u2705 <strong data-start=\"2010\" data-end=\"2023\">Clavijas:<\/strong> Dise\u00f1adas por PRS<br data-start=\"2041\" data-end=\"2044\" \/>\u2705 <strong data-start=\"2046\" data-end=\"2062\">Electr\u00f3nica:<\/strong> PRS Voiced Fishman Sonitone<br data-start=\"2090\" data-end=\"2093\" \/>\u2705 <strong data-start=\"2095\" data-end=\"2109\">Controles:<\/strong> Volumen y tono (montados en la boca)<br data-start=\"2146\" data-end=\"2149\" \/>\u2705 <strong data-start=\"2151\" data-end=\"2163\">Incluye:<\/strong> Estuche r\u00edgido original PRS<\/div>\n<\/div>\n","protected":false},"excerpt":{"rendered":"<div class=\"x11i5rnm xat24cr x1mh8g0r x1vvkbs xtlvy1s x126k92a\">\n<div dir=\"auto\">La <strong data-start=\"458\" data-end=\"473\">PRS SE A20E<\/strong> es una guitarra electroac\u00fastica que combina el dise\u00f1o cl\u00e1sico de Paul Reed Smith con una construcci\u00f3n \u00edntegra de <strong data-start=\"587\" data-end=\"596\">caoba<\/strong>, entregando un sonido org\u00e1nico, c\u00e1lido y con una proyecci\u00f3n sorprendente. Su <strong data-start=\"674\" data-end=\"699\">forma Angelus Cutaway<\/strong> ofrece gran comodidad tanto para punteo como para fingerstyle, mientras que el sistema de refuerzos h\u00edbridos PRS \u201cX\u201d\/Cl\u00e1sico permite que la tapa vibre libremente, brindando un volumen impresionante y matices finos.<br data-start=\"914\" data-end=\"917\" \/>Amplificada, el sistema <strong data-start=\"941\" data-end=\"972\">PRS Voiced Fishman Sonitone<\/strong> entrega un tono musical, din\u00e1mico y natural, fiel a la ac\u00fastica del instrumento. Construida con materiales premium como <strong data-start=\"1093\" data-end=\"1109\" data-is-only-node=\"\">\u00e9bano, hueso<\/strong> y con detalles distintivos de la marca como las <strong data-start=\"1158\" data-end=\"1187\">incrustaciones de p\u00e1jaros<\/strong>, esta guitarra est\u00e1 lista para destacar en cualquier escenario.<\/div>\n<\/div>\n","protected":false},"featured_media":2667,"template":"","meta":{"site-sidebar-layout":"no-sidebar","site-content-layout":"","ast-site-content-layout":"default","site-content-style":"default","site-sidebar-style":"default","ast-global-header-display":"","ast-banner-title-visibility":"","ast-main-header-display":"","ast-hfb-above-header-display":"","ast-hfb-below-header-display":"","ast-hfb-mobile-header-display":"","site-post-title":"","ast-breadcrumbs-content":"","ast-featured-img":"","footer-sml-layout":"","ast-disable-related-posts":"","theme-transparent-header-meta":"default","adv-header-id-meta":"","stick-header-meta":"","header-above-stick-meta":"","header-main-stick-meta":"","header-below-stick-meta":"","astra-migrate-meta-layouts":"set","ast-page-background-enabled":"default","ast-page-background-meta":{"desktop":{"background-color":"var(--ast-global-color-4)","background-image":"","background-repeat":"repeat","background-position":"center center","background-size":"auto","background-attachment":"scroll","background-type":"","background-media":"","overlay-type":"","overlay-color":"","overlay-opacity":"","overlay-gradient":""},"tablet":{"background-color":"","background-image":"","background-repeat":"repeat","background-position":"center center","background-size":"auto","background-attachment":"scroll","background-type":"","background-media":"","overlay-type":"","overlay-color":"","overlay-opacity":"","overlay-gradient":""},"mobile":{"background-color":"","background-image":"","background-repeat":"repeat","background-position":"center center","background-size":"auto","background-attachment":"scroll","background-type":"","background-media":"","overlay-type":"","overlay-color":"","overlay-opacity":"","overlay-gradient":""}},"ast-content-background-meta":{"desktop":{"background-color":"var(--ast-global-color-5)","background-image":"","background-repeat":"repeat","background-position":"center center","background-size":"auto","background-attachment":"scroll","background-type":"","background-media":"","overlay-type":"","overlay-color":"","overlay-opacity":"","overlay-gradient":""},"tablet":{"background-color":"var(--ast-global-color-5)","background-image":"","background-repeat":"repeat","background-position":"center center","background-size":"auto","background-attachment":"scroll","background-type":"","background-media":"","overlay-type":"","overlay-color":"","overlay-opacity":"","overlay-gradient":""},"mobile":{"background-color":"var(--ast-global-color-5)","background-image":"","background-repeat":"repeat","background-position":"center center","background-size":"auto","background-attachment":"scroll","background-type":"","background-media":"","overlay-type":"","overlay-color":"","overlay-opacity":"","overlay-gradient":""}},"_joinchat":[]},"product_brand":[],"product_cat":[22,24,15],"product_tag":[75,73],"class_list":{"0":"post-2691","1":"product","2":"type-product","3":"status-publish","4":"has-post-thumbnail","6":"product_cat-guitarras","7":"product_cat-guitarras-acusticas","8":"product_cat-sin-categorizar","9":"product_tag-acustica","10":"product_tag-guitarra","11":"desktop-align-left","12":"tablet-align-left","13":"mobile-align-left","15":"first","16":"instock","17":"shipping-taxable","18":"purchasable","19":"product-type-simple"},"jetpack-related-posts":[{"id":747,"url":"https:\/\/musicuyinstrumentos.com\/index.php\/producto\/washburn-ea-26-craig-chaquico-signatures\/","url_meta":{"origin":2691,"position":0},"title":"Washburn EA-26 Craig Chaquico Signatures","author":"matiaspmartinez","date":"16 de marzo de 2022","format":false,"excerpt":"Dise\u00f1ada en colaboraci\u00f3n con Craig Chaquico, guitarrista de Starship y Jefferson Starship, la Washburn EA-26 es una guitarra electroac\u00fastica que combina una construcci\u00f3n de calidad con caracter\u00edsticas que la hacen perfecta para el escenario. Su cuerpo estilo mini jumbo con cutaway ofrece gran comodidad al tocar y un tono equilibrado.\u2026","rel":"","context":"Entrada similar","block_context":{"text":"Entrada similar","link":""},"img":{"alt_text":"","src":"https:\/\/i0.wp.com\/musicuyinstrumentos.com\/wp-content\/uploads\/2022\/03\/Washburn-EA-26-Craig-Chaquico-1-copia.jpg?fit=1080%2C1080&ssl=1&resize=350%2C200","width":350,"height":200,"srcset":"https:\/\/i0.wp.com\/musicuyinstrumentos.com\/wp-content\/uploads\/2022\/03\/Washburn-EA-26-Craig-Chaquico-1-copia.jpg?fit=1080%2C1080&ssl=1&resize=350%2C200 1x, https:\/\/i0.wp.com\/musicuyinstrumentos.com\/wp-content\/uploads\/2022\/03\/Washburn-EA-26-Craig-Chaquico-1-copia.jpg?fit=1080%2C1080&ssl=1&resize=525%2C300 1.5x, https:\/\/i0.wp.com\/musicuyinstrumentos.com\/wp-content\/uploads\/2022\/03\/Washburn-EA-26-Craig-Chaquico-1-copia.jpg?fit=1080%2C1080&ssl=1&resize=700%2C400 2x, https:\/\/i0.wp.com\/musicuyinstrumentos.com\/wp-content\/uploads\/2022\/03\/Washburn-EA-26-Craig-Chaquico-1-copia.jpg?fit=1080%2C1080&ssl=1&resize=1050%2C600 3x"},"classes":[]},{"id":37,"url":"https:\/\/musicuyinstrumentos.com\/index.php\/producto\/carvin-cobalt-ct770ts\/","url_meta":{"origin":2691,"position":1},"title":"Carvin Cobalt C770TS","author":"matiaspmartinez","date":"1 de marzo de 2022","format":false,"excerpt":"La Carvin Cobalt C770TS es una guitarra electroac\u00fastica de gama alta, dise\u00f1ada en USA y construida por luthiers selectos en Corea con materiales de primera. Su dise\u00f1o tipo dreadnought con corte veneciano y su electr\u00f3nica Fishman la convierten en una excelente opci\u00f3n tanto para grabaci\u00f3n como para shows en vivo.\u2026","rel":"","context":"Entrada similar","block_context":{"text":"Entrada similar","link":""},"img":{"alt_text":"","src":"https:\/\/i0.wp.com\/musicuyinstrumentos.com\/wp-content\/uploads\/2022\/03\/Carvin-Cobalt-C770T-1.jpg?fit=1080%2C1080&ssl=1&resize=350%2C200","width":350,"height":200,"srcset":"https:\/\/i0.wp.com\/musicuyinstrumentos.com\/wp-content\/uploads\/2022\/03\/Carvin-Cobalt-C770T-1.jpg?fit=1080%2C1080&ssl=1&resize=350%2C200 1x, https:\/\/i0.wp.com\/musicuyinstrumentos.com\/wp-content\/uploads\/2022\/03\/Carvin-Cobalt-C770T-1.jpg?fit=1080%2C1080&ssl=1&resize=525%2C300 1.5x, https:\/\/i0.wp.com\/musicuyinstrumentos.com\/wp-content\/uploads\/2022\/03\/Carvin-Cobalt-C770T-1.jpg?fit=1080%2C1080&ssl=1&resize=700%2C400 2x, https:\/\/i0.wp.com\/musicuyinstrumentos.com\/wp-content\/uploads\/2022\/03\/Carvin-Cobalt-C770T-1.jpg?fit=1080%2C1080&ssl=1&resize=1050%2C600 3x"},"classes":[]},{"id":3504,"url":"https:\/\/musicuyinstrumentos.com\/index.php\/producto\/takamine-ef360-bc-pro-series-1990-japon\/","url_meta":{"origin":2691,"position":2},"title":"Takamine EF360 BC Pro Series &#8211; 1990 &#8211; Jap\u00f3n","author":"matiaspmartinez","date":"29 de octubre de 2025","format":false,"excerpt":"La Takamine EF360 BC es una guitarra electroac\u00fastica de la serie profesional japonesa, fabricada en 1990, reconocida por su tono balanceado, proyecci\u00f3n excepcional y calidad de construcci\u00f3n artesanal. Este modelo ofrece un sonido c\u00e1lido, con graves definidos, medios redondos y agudos brillantes, ideal para int\u00e9rpretes que buscan una ac\u00fastica vers\u00e1til\u2026","rel":"","context":"Entrada similar","block_context":{"text":"Entrada similar","link":""},"img":{"alt_text":"","src":"https:\/\/i0.wp.com\/musicuyinstrumentos.com\/wp-content\/uploads\/2025\/10\/FacturandoTakamine-EF360-1.jpg?fit=1080%2C1080&ssl=1&resize=350%2C200","width":350,"height":200,"srcset":"https:\/\/i0.wp.com\/musicuyinstrumentos.com\/wp-content\/uploads\/2025\/10\/FacturandoTakamine-EF360-1.jpg?fit=1080%2C1080&ssl=1&resize=350%2C200 1x, https:\/\/i0.wp.com\/musicuyinstrumentos.com\/wp-content\/uploads\/2025\/10\/FacturandoTakamine-EF360-1.jpg?fit=1080%2C1080&ssl=1&resize=525%2C300 1.5x, https:\/\/i0.wp.com\/musicuyinstrumentos.com\/wp-content\/uploads\/2025\/10\/FacturandoTakamine-EF360-1.jpg?fit=1080%2C1080&ssl=1&resize=700%2C400 2x, https:\/\/i0.wp.com\/musicuyinstrumentos.com\/wp-content\/uploads\/2025\/10\/FacturandoTakamine-EF360-1.jpg?fit=1080%2C1080&ssl=1&resize=1050%2C600 3x"},"classes":[]},{"id":255,"url":"https:\/\/musicuyinstrumentos.com\/index.php\/producto\/carvin-cobalt-ct980ts-12-cuerdas\/","url_meta":{"origin":2691,"position":3},"title":"Carvin Cobalt C980T12 (12 cuerdas)","author":"matiaspmartinez","date":"1 de marzo de 2022","format":false,"excerpt":"La Carvin Cobalt C980T12 es una guitarra electroac\u00fastica de 12 cuerdas de alt\u00edsima calidad, fabricada en asociaci\u00f3n con luthiers seleccionados de Corea bajo los m\u00e1s exigentes est\u00e1ndares de Carvin USA. Se trata de un modelo que combina maderas nobles, un dise\u00f1o cl\u00e1sico y un sonido potente y balanceado, ideal tanto\u2026","rel":"","context":"Entrada similar","block_context":{"text":"Entrada similar","link":""},"img":{"alt_text":"","src":"https:\/\/i0.wp.com\/musicuyinstrumentos.com\/wp-content\/uploads\/2022\/03\/Carvin-C980T12-1.jpg?fit=1080%2C1080&ssl=1&resize=350%2C200","width":350,"height":200,"srcset":"https:\/\/i0.wp.com\/musicuyinstrumentos.com\/wp-content\/uploads\/2022\/03\/Carvin-C980T12-1.jpg?fit=1080%2C1080&ssl=1&resize=350%2C200 1x, https:\/\/i0.wp.com\/musicuyinstrumentos.com\/wp-content\/uploads\/2022\/03\/Carvin-C980T12-1.jpg?fit=1080%2C1080&ssl=1&resize=525%2C300 1.5x, https:\/\/i0.wp.com\/musicuyinstrumentos.com\/wp-content\/uploads\/2022\/03\/Carvin-C980T12-1.jpg?fit=1080%2C1080&ssl=1&resize=700%2C400 2x, https:\/\/i0.wp.com\/musicuyinstrumentos.com\/wp-content\/uploads\/2022\/03\/Carvin-C980T12-1.jpg?fit=1080%2C1080&ssl=1&resize=1050%2C600 3x"},"classes":[]},{"id":2884,"url":"https:\/\/musicuyinstrumentos.com\/index.php\/producto\/taylor-314-ce\/","url_meta":{"origin":2691,"position":4},"title":"Taylor 314 CE","author":"matiaspmartinez","date":"30 de diciembre de 2024","format":false,"excerpt":"La Taylor 314ce es uno de los modelos m\u00e1s equilibrados y buscados de la marca, perteneciente a la serie 300, reconocida por su construcci\u00f3n totalmente en maderas macizas y su rendimiento profesional tanto en vivo como en estudio. Su formato Grand Auditorium la convierte en una guitarra extremadamente vers\u00e1til: c\u00f3moda\u2026","rel":"","context":"Entrada similar","block_context":{"text":"Entrada similar","link":""},"img":{"alt_text":"","src":"https:\/\/i0.wp.com\/musicuyinstrumentos.com\/wp-content\/uploads\/2024\/12\/Taylor-314CE-1-Alibaba.jpg?fit=1080%2C1080&ssl=1&resize=350%2C200","width":350,"height":200,"srcset":"https:\/\/i0.wp.com\/musicuyinstrumentos.com\/wp-content\/uploads\/2024\/12\/Taylor-314CE-1-Alibaba.jpg?fit=1080%2C1080&ssl=1&resize=350%2C200 1x, https:\/\/i0.wp.com\/musicuyinstrumentos.com\/wp-content\/uploads\/2024\/12\/Taylor-314CE-1-Alibaba.jpg?fit=1080%2C1080&ssl=1&resize=525%2C300 1.5x, https:\/\/i0.wp.com\/musicuyinstrumentos.com\/wp-content\/uploads\/2024\/12\/Taylor-314CE-1-Alibaba.jpg?fit=1080%2C1080&ssl=1&resize=700%2C400 2x, https:\/\/i0.wp.com\/musicuyinstrumentos.com\/wp-content\/uploads\/2024\/12\/Taylor-314CE-1-Alibaba.jpg?fit=1080%2C1080&ssl=1&resize=1050%2C600 3x"},"classes":[]},{"id":3474,"url":"https:\/\/musicuyinstrumentos.com\/index.php\/producto\/epiphone-les-paul-standard-plus-top-korea\/","url_meta":{"origin":2691,"position":5},"title":"Epiphone Les Paul Standard Plus Top Korea","author":"matiaspmartinez","date":"27 de octubre de 2025","format":false,"excerpt":"Esta Epiphone Les Paul Standard de fabricaci\u00f3n coreana pertenece a una de las mejores \u00e9pocas de la marca, conocida por su excelente control de calidad y materiales superiores. Construida con cuerpo de caoba y tapa de arce flameado, ofrece el sustain, el peso y el tono cl\u00e1sico del dise\u00f1o Les\u2026","rel":"","context":"Entrada similar","block_context":{"text":"Entrada similar","link":""},"img":{"alt_text":"","src":"https:\/\/i0.wp.com\/musicuyinstrumentos.com\/wp-content\/uploads\/2025\/10\/FacturandoEpiphione-Les-Paul-Standatd-Korea-1.jpg?fit=1080%2C1080&ssl=1&resize=350%2C200","width":350,"height":200,"srcset":"https:\/\/i0.wp.com\/musicuyinstrumentos.com\/wp-content\/uploads\/2025\/10\/FacturandoEpiphione-Les-Paul-Standatd-Korea-1.jpg?fit=1080%2C1080&ssl=1&resize=350%2C200 1x, https:\/\/i0.wp.com\/musicuyinstrumentos.com\/wp-content\/uploads\/2025\/10\/FacturandoEpiphione-Les-Paul-Standatd-Korea-1.jpg?fit=1080%2C1080&ssl=1&resize=525%2C300 1.5x, https:\/\/i0.wp.com\/musicuyinstrumentos.com\/wp-content\/uploads\/2025\/10\/FacturandoEpiphione-Les-Paul-Standatd-Korea-1.jpg?fit=1080%2C1080&ssl=1&resize=700%2C400 2x, https:\/\/i0.wp.com\/musicuyinstrumentos.com\/wp-content\/uploads\/2025\/10\/FacturandoEpiphione-Les-Paul-Standatd-Korea-1.jpg?fit=1080%2C1080&ssl=1&resize=1050%2C600 3x"},"classes":[]}],"jetpack_sharing_enabled":true,"_links":{"self":[{"href":"https:\/\/musicuyinstrumentos.com\/index.php\/wp-json\/wp\/v2\/product\/2691","targetHints":{"allow":["GET"]}}],"collection":[{"href":"https:\/\/musicuyinstrumentos.com\/index.php\/wp-json\/wp\/v2\/product"}],"about":[{"href":"https:\/\/musicuyinstrumentos.com\/index.php\/wp-json\/wp\/v2\/types\/product"}],"version-history":[{"count":3,"href":"https:\/\/musicuyinstrumentos.com\/index.php\/wp-json\/wp\/v2\/product\/2691\/revisions"}],"predecessor-version":[{"id":3204,"href":"https:\/\/musicuyinstrumentos.com\/index.php\/wp-json\/wp\/v2\/product\/2691\/revisions\/3204"}],"wp:featuredmedia":[{"embeddable":true,"href":"https:\/\/musicuyinstrumentos.com\/index.php\/wp-json\/wp\/v2\/media\/2667"}],"wp:attachment":[{"href":"https:\/\/musicuyinstrumentos.com\/index.php\/wp-json\/wp\/v2\/media?parent=2691"}],"wp:term":[{"taxonomy":"product_brand","embeddable":true,"href":"https:\/\/musicuyinstrumentos.com\/index.php\/wp-json\/wp\/v2\/product_brand?post=2691"},{"taxonomy":"product_cat","embeddable":true,"href":"https:\/\/musicuyinstrumentos.com\/index.php\/wp-json\/wp\/v2\/product_cat?post=2691"},{"taxonomy":"product_tag","embeddable":true,"href":"https:\/\/musicuyinstrumentos.com\/index.php\/wp-json\/wp\/v2\/product_tag?post=2691"}],"curies":[{"name":"wp","href":"https:\/\/api.w.org\/{rel}","templated":true}]}}