{"id":2734,"date":"2024-11-06T15:21:55","date_gmt":"2024-11-06T18:21:55","guid":{"rendered":"https:\/\/musicuyinstrumentos.com\/?post_type=product&#038;p=2734"},"modified":"2025-05-22T14:14:33","modified_gmt":"2025-05-22T17:14:33","slug":"fender-marine-layer-reverb","status":"publish","type":"product","link":"https:\/\/musicuyinstrumentos.com\/index.php\/producto\/fender-marine-layer-reverb\/","title":{"rendered":"Fender Marine Layer Reverb"},"content":{"rendered":"<p>\u2705 Modos de Reverb: <strong data-start=\"1162\" data-end=\"1186\">Hall, Room y Shimmer<\/strong><br data-start=\"1186\" data-end=\"1189\" \/>\u2705 Controles: <strong data-start=\"1202\" data-end=\"1244\">Reverb Time, Damping, Pre-delay, Level<\/strong><br data-start=\"1244\" data-end=\"1247\" \/>\u2705 Conmutaci\u00f3n True\/Buffered Bypass con cola de reverb<br data-start=\"1300\" data-end=\"1303\" \/>\u2705 Entrada\/salida mono<br data-start=\"1324\" data-end=\"1327\" \/>\u2705 LED en perillas para m\u00e1xima visibilidad<br data-start=\"1368\" data-end=\"1371\" \/>\u2705 Carcasa de aluminio resistente<br data-start=\"1403\" data-end=\"1406\" \/>\u2705 Alimentaci\u00f3n: fuente est\u00e1ndar de 9V (no incluida)<\/p>\n","protected":false},"excerpt":{"rendered":"<p data-start=\"382\" data-end=\"758\">El <strong data-start=\"402\" data-end=\"425\">Marine Layer Reverb<\/strong> de Fender es una excelente opci\u00f3n para quienes buscan una <strong data-start=\"484\" data-end=\"510\">reverb rica y vers\u00e1til<\/strong> con controles intuitivos y un dise\u00f1o elegante. Ofrece varios modos (Hall, Room, Shimmer), con <strong data-start=\"605\" data-end=\"624\">decay ajustable<\/strong>, <strong data-start=\"626\" data-end=\"639\">pre-delay<\/strong>, y un <strong data-start=\"646\" data-end=\"676\">efecto shimmer con octavas<\/strong> que le da un car\u00e1cter et\u00e9reo y espacial ideal para ambient, shoegaze o post-rock.<\/p>\n<p data-start=\"760\" data-end=\"1103\">Dise\u00f1ado por Fender en California, este pedal cuenta con <strong data-start=\"817\" data-end=\"848\">circuito totalmente digital<\/strong>, <strong data-start=\"850\" data-end=\"876\">True y Buffered Bypass<\/strong>, y <strong data-start=\"880\" data-end=\"898\">buffer de cola<\/strong>, lo que permite que la reverb siga sonando cuando se apaga el pedal. Su <strong data-start=\"971\" data-end=\"1003\">chasis de aluminio anodizado<\/strong>, luces LED en los potes y construcci\u00f3n s\u00f3lida lo hacen perfecto tanto para estudio como para giras.<\/p>\n","protected":false},"featured_media":2705,"template":"","meta":{"site-sidebar-layout":"right-sidebar","site-content-layout":"","ast-site-content-layout":"default","site-content-style":"default","site-sidebar-style":"default","ast-global-header-display":"","ast-banner-title-visibility":"","ast-main-header-display":"","ast-hfb-above-header-display":"","ast-hfb-below-header-display":"","ast-hfb-mobile-header-display":"","site-post-title":"","ast-breadcrumbs-content":"","ast-featured-img":"","footer-sml-layout":"","ast-disable-related-posts":"","theme-transparent-header-meta":"default","adv-header-id-meta":"","stick-header-meta":"","header-above-stick-meta":"","header-main-stick-meta":"","header-below-stick-meta":"","astra-migrate-meta-layouts":"set","ast-page-background-enabled":"default","ast-page-background-meta":{"desktop":{"background-color":"var(--ast-global-color-4)","background-image":"","background-repeat":"repeat","background-position":"center center","background-size":"auto","background-attachment":"scroll","background-type":"","background-media":"","overlay-type":"","overlay-color":"","overlay-opacity":"","overlay-gradient":""},"tablet":{"background-color":"","background-image":"","background-repeat":"repeat","background-position":"center center","background-size":"auto","background-attachment":"scroll","background-type":"","background-media":"","overlay-type":"","overlay-color":"","overlay-opacity":"","overlay-gradient":""},"mobile":{"background-color":"","background-image":"","background-repeat":"repeat","background-position":"center center","background-size":"auto","background-attachment":"scroll","background-type":"","background-media":"","overlay-type":"","overlay-color":"","overlay-opacity":"","overlay-gradient":""}},"ast-content-background-meta":{"desktop":{"background-color":"var(--ast-global-color-5)","background-image":"","background-repeat":"repeat","background-position":"center center","background-size":"auto","background-attachment":"scroll","background-type":"","background-media":"","overlay-type":"","overlay-color":"","overlay-opacity":"","overlay-gradient":""},"tablet":{"background-color":"var(--ast-global-color-5)","background-image":"","background-repeat":"repeat","background-position":"center center","background-size":"auto","background-attachment":"scroll","background-type":"","background-media":"","overlay-type":"","overlay-color":"","overlay-opacity":"","overlay-gradient":""},"mobile":{"background-color":"var(--ast-global-color-5)","background-image":"","background-repeat":"repeat","background-position":"center center","background-size":"auto","background-attachment":"scroll","background-type":"","background-media":"","overlay-type":"","overlay-color":"","overlay-opacity":"","overlay-gradient":""}},"_joinchat":[]},"product_brand":[],"product_cat":[44,47,15],"product_tag":[88,161],"class_list":{"0":"post-2734","1":"product","2":"type-product","3":"status-publish","4":"has-post-thumbnail","6":"product_cat-accesorios","7":"product_cat-pedales","8":"product_cat-sin-categorizar","9":"product_tag-pedal","10":"product_tag-reverb","11":"desktop-align-left","12":"tablet-align-left","13":"mobile-align-left","15":"first","16":"instock","17":"shipping-taxable","18":"purchasable","19":"product-type-simple"},"jetpack-related-posts":[{"id":788,"url":"https:\/\/musicuyinstrumentos.com\/index.php\/producto\/rivera-m60\/","url_meta":{"origin":2734,"position":0},"title":"Rivera M60","author":"matiaspmartinez","date":"16 de marzo de 2022","format":false,"excerpt":"Combo valvular artesanal fabricado en California a principios de los a\u00f1os 90. El Rivera M60 es una verdadera joya boutique, reconocida por su construcci\u00f3n robusta, su tono c\u00e1lido y vers\u00e1til, y su capacidad para cubrir desde sonidos limpios cristalinos hasta saturaciones con cuerpo y car\u00e1cter. Esta unidad incluye el footswitch\u2026","rel":"","context":"Entrada similar","block_context":{"text":"Entrada similar","link":""},"img":{"alt_text":"","src":"https:\/\/i0.wp.com\/musicuyinstrumentos.com\/wp-content\/uploads\/2022\/03\/Rivera-M60-1-Personalizado.jpg?fit=1080%2C1080&ssl=1&resize=350%2C200","width":350,"height":200,"srcset":"https:\/\/i0.wp.com\/musicuyinstrumentos.com\/wp-content\/uploads\/2022\/03\/Rivera-M60-1-Personalizado.jpg?fit=1080%2C1080&ssl=1&resize=350%2C200 1x, https:\/\/i0.wp.com\/musicuyinstrumentos.com\/wp-content\/uploads\/2022\/03\/Rivera-M60-1-Personalizado.jpg?fit=1080%2C1080&ssl=1&resize=525%2C300 1.5x, https:\/\/i0.wp.com\/musicuyinstrumentos.com\/wp-content\/uploads\/2022\/03\/Rivera-M60-1-Personalizado.jpg?fit=1080%2C1080&ssl=1&resize=700%2C400 2x, https:\/\/i0.wp.com\/musicuyinstrumentos.com\/wp-content\/uploads\/2022\/03\/Rivera-M60-1-Personalizado.jpg?fit=1080%2C1080&ssl=1&resize=1050%2C600 3x"},"classes":[]},{"id":2732,"url":"https:\/\/musicuyinstrumentos.com\/index.php\/producto\/mxr-m169-carbon-copy-analog-delay\/","url_meta":{"origin":2734,"position":1},"title":"MXR M169 Carbon Copy Analog Delay","author":"matiaspmartinez","date":"6 de noviembre de 2024","format":false,"excerpt":"El MXR Carbon Copy es uno de los delays anal\u00f3gicos m\u00e1s queridos del mercado, famoso por su tono c\u00e1lido y org\u00e1nico. Con un tiempo de retardo de hasta 600ms y un mod switch para agregar un toque de chorus tipo cinta, este pedal se adapta a todo tipo de estilos:\u2026","rel":"","context":"Entrada similar","block_context":{"text":"Entrada similar","link":""},"img":{"alt_text":"","src":"https:\/\/i0.wp.com\/musicuyinstrumentos.com\/wp-content\/uploads\/2024\/11\/MXR-Carbon-Copy-Analog-Delay-1-Alibaba.jpg?fit=1080%2C1080&ssl=1&resize=350%2C200","width":350,"height":200,"srcset":"https:\/\/i0.wp.com\/musicuyinstrumentos.com\/wp-content\/uploads\/2024\/11\/MXR-Carbon-Copy-Analog-Delay-1-Alibaba.jpg?fit=1080%2C1080&ssl=1&resize=350%2C200 1x, https:\/\/i0.wp.com\/musicuyinstrumentos.com\/wp-content\/uploads\/2024\/11\/MXR-Carbon-Copy-Analog-Delay-1-Alibaba.jpg?fit=1080%2C1080&ssl=1&resize=525%2C300 1.5x, https:\/\/i0.wp.com\/musicuyinstrumentos.com\/wp-content\/uploads\/2024\/11\/MXR-Carbon-Copy-Analog-Delay-1-Alibaba.jpg?fit=1080%2C1080&ssl=1&resize=700%2C400 2x, https:\/\/i0.wp.com\/musicuyinstrumentos.com\/wp-content\/uploads\/2024\/11\/MXR-Carbon-Copy-Analog-Delay-1-Alibaba.jpg?fit=1080%2C1080&ssl=1&resize=1050%2C600 3x"},"classes":[]},{"id":1043,"url":"https:\/\/musicuyinstrumentos.com\/index.php\/producto\/fender-mini-tone-master\/","url_meta":{"origin":2734,"position":2},"title":"Fender Mini Tone Master","author":"matiaspmartinez","date":"28 de marzo de 2022","format":false,"excerpt":"\ud83c\uddfa\ud83c\uddf8 Miniatura del cl\u00e1sico Fender Tone Master, con estilo vintage Peque\u00f1o pero poderoso, el Fender Mini Tone Master ofrece un tono glorioso y aut\u00e9ntico, fiel a los detalles Fender vintage, desde su tela de rejilla retro hasta los controles blancos cl\u00e1sicos. Ideal para pr\u00e1ctica o como pieza de colecci\u00f3n, este\u2026","rel":"","context":"Entrada similar","block_context":{"text":"Entrada similar","link":""},"img":{"alt_text":"","src":"https:\/\/i0.wp.com\/musicuyinstrumentos.com\/wp-content\/uploads\/2022\/03\/Fender-Mini-Tone-Master-2-copia.jpg?fit=1080%2C1080&ssl=1&resize=350%2C200","width":350,"height":200,"srcset":"https:\/\/i0.wp.com\/musicuyinstrumentos.com\/wp-content\/uploads\/2022\/03\/Fender-Mini-Tone-Master-2-copia.jpg?fit=1080%2C1080&ssl=1&resize=350%2C200 1x, https:\/\/i0.wp.com\/musicuyinstrumentos.com\/wp-content\/uploads\/2022\/03\/Fender-Mini-Tone-Master-2-copia.jpg?fit=1080%2C1080&ssl=1&resize=525%2C300 1.5x, https:\/\/i0.wp.com\/musicuyinstrumentos.com\/wp-content\/uploads\/2022\/03\/Fender-Mini-Tone-Master-2-copia.jpg?fit=1080%2C1080&ssl=1&resize=700%2C400 2x, https:\/\/i0.wp.com\/musicuyinstrumentos.com\/wp-content\/uploads\/2022\/03\/Fender-Mini-Tone-Master-2-copia.jpg?fit=1080%2C1080&ssl=1&resize=1050%2C600 3x"},"classes":[]},{"id":3270,"url":"https:\/\/musicuyinstrumentos.com\/index.php\/producto\/fender-cd-140-sce\/","url_meta":{"origin":2734,"position":3},"title":"Fender CD-140 SCE","author":"matiaspmartinez","date":"24 de mayo de 2025","format":false,"excerpt":"La Fender CD-140SCE es una guitarra electroac\u00fastica ideal tanto para quienes est\u00e1n dando sus primeros pasos como para m\u00fasicos m\u00e1s experimentados que buscan una ac\u00fastica confiable y vers\u00e1til. Su dise\u00f1o de cuerpo tipo dreadnought con corte ofrece un excelente balance entre proyecci\u00f3n sonora y comodidad. Incorpora una tapa s\u00f3lida de\u2026","rel":"","context":"Entrada similar","block_context":{"text":"Entrada similar","link":""},"img":{"alt_text":"","src":"https:\/\/i0.wp.com\/musicuyinstrumentos.com\/wp-content\/uploads\/2025\/05\/Fender-CD-140-1.jpg?fit=1080%2C1080&ssl=1&resize=350%2C200","width":350,"height":200,"srcset":"https:\/\/i0.wp.com\/musicuyinstrumentos.com\/wp-content\/uploads\/2025\/05\/Fender-CD-140-1.jpg?fit=1080%2C1080&ssl=1&resize=350%2C200 1x, https:\/\/i0.wp.com\/musicuyinstrumentos.com\/wp-content\/uploads\/2025\/05\/Fender-CD-140-1.jpg?fit=1080%2C1080&ssl=1&resize=525%2C300 1.5x, https:\/\/i0.wp.com\/musicuyinstrumentos.com\/wp-content\/uploads\/2025\/05\/Fender-CD-140-1.jpg?fit=1080%2C1080&ssl=1&resize=700%2C400 2x, https:\/\/i0.wp.com\/musicuyinstrumentos.com\/wp-content\/uploads\/2025\/05\/Fender-CD-140-1.jpg?fit=1080%2C1080&ssl=1&resize=1050%2C600 3x"},"classes":[]},{"id":2109,"url":"https:\/\/musicuyinstrumentos.com\/index.php\/producto\/palmer-compressor\/","url_meta":{"origin":2734,"position":4},"title":"Palmer Compressor","author":"matiaspmartinez","date":"4 de julio de 2023","format":false,"excerpt":"El Palmer PECOMP Compressor es un pedal de compresi\u00f3n anal\u00f3gico que ofrece un control preciso sobre la din\u00e1mica de tu se\u00f1al, proporcionando mayor punch y sustain sin distorsi\u00f3n. Su circuito de bajo ruido y construcci\u00f3n robusta lo convierten en una opci\u00f3n confiable para guitarristas que buscan calidad y durabilidad en\u2026","rel":"","context":"Entrada similar","block_context":{"text":"Entrada similar","link":""},"img":{"alt_text":"","src":"https:\/\/i0.wp.com\/musicuyinstrumentos.com\/wp-content\/uploads\/2023\/07\/Palmer-Compressor-1-copia.jpg?fit=1080%2C1080&ssl=1&resize=350%2C200","width":350,"height":200,"srcset":"https:\/\/i0.wp.com\/musicuyinstrumentos.com\/wp-content\/uploads\/2023\/07\/Palmer-Compressor-1-copia.jpg?fit=1080%2C1080&ssl=1&resize=350%2C200 1x, https:\/\/i0.wp.com\/musicuyinstrumentos.com\/wp-content\/uploads\/2023\/07\/Palmer-Compressor-1-copia.jpg?fit=1080%2C1080&ssl=1&resize=525%2C300 1.5x, https:\/\/i0.wp.com\/musicuyinstrumentos.com\/wp-content\/uploads\/2023\/07\/Palmer-Compressor-1-copia.jpg?fit=1080%2C1080&ssl=1&resize=700%2C400 2x, https:\/\/i0.wp.com\/musicuyinstrumentos.com\/wp-content\/uploads\/2023\/07\/Palmer-Compressor-1-copia.jpg?fit=1080%2C1080&ssl=1&resize=1050%2C600 3x"},"classes":[]},{"id":988,"url":"https:\/\/musicuyinstrumentos.com\/index.php\/producto\/carl-martin-octaswitch\/","url_meta":{"origin":2734,"position":5},"title":"Carl Martin Octaswitch","author":"matiaspmartinez","date":"24 de marzo de 2022","format":false,"excerpt":"El Carl Martin Octa-Switch es un sistema de conmutaci\u00f3n de efectos anal\u00f3gico que permite controlar hasta ocho pedales de efectos mediante ocho loops independientes. Cada uno de los ocho bancos programables se configura f\u00e1cilmente mediante interruptores DIP, permitiendo activar combinaciones espec\u00edficas de efectos con un solo toque. Su dise\u00f1o robusto\u2026","rel":"","context":"Entrada similar","block_context":{"text":"Entrada similar","link":""},"img":{"alt_text":"","src":"https:\/\/i0.wp.com\/musicuyinstrumentos.com\/wp-content\/uploads\/2022\/03\/Carl-Martin-Octaswitch-2-copia.jpg?fit=1080%2C1080&ssl=1&resize=350%2C200","width":350,"height":200,"srcset":"https:\/\/i0.wp.com\/musicuyinstrumentos.com\/wp-content\/uploads\/2022\/03\/Carl-Martin-Octaswitch-2-copia.jpg?fit=1080%2C1080&ssl=1&resize=350%2C200 1x, https:\/\/i0.wp.com\/musicuyinstrumentos.com\/wp-content\/uploads\/2022\/03\/Carl-Martin-Octaswitch-2-copia.jpg?fit=1080%2C1080&ssl=1&resize=525%2C300 1.5x, https:\/\/i0.wp.com\/musicuyinstrumentos.com\/wp-content\/uploads\/2022\/03\/Carl-Martin-Octaswitch-2-copia.jpg?fit=1080%2C1080&ssl=1&resize=700%2C400 2x, https:\/\/i0.wp.com\/musicuyinstrumentos.com\/wp-content\/uploads\/2022\/03\/Carl-Martin-Octaswitch-2-copia.jpg?fit=1080%2C1080&ssl=1&resize=1050%2C600 3x"},"classes":[]}],"jetpack_sharing_enabled":true,"_links":{"self":[{"href":"https:\/\/musicuyinstrumentos.com\/index.php\/wp-json\/wp\/v2\/product\/2734","targetHints":{"allow":["GET"]}}],"collection":[{"href":"https:\/\/musicuyinstrumentos.com\/index.php\/wp-json\/wp\/v2\/product"}],"about":[{"href":"https:\/\/musicuyinstrumentos.com\/index.php\/wp-json\/wp\/v2\/types\/product"}],"version-history":[{"count":3,"href":"https:\/\/musicuyinstrumentos.com\/index.php\/wp-json\/wp\/v2\/product\/2734\/revisions"}],"predecessor-version":[{"id":3200,"href":"https:\/\/musicuyinstrumentos.com\/index.php\/wp-json\/wp\/v2\/product\/2734\/revisions\/3200"}],"wp:featuredmedia":[{"embeddable":true,"href":"https:\/\/musicuyinstrumentos.com\/index.php\/wp-json\/wp\/v2\/media\/2705"}],"wp:attachment":[{"href":"https:\/\/musicuyinstrumentos.com\/index.php\/wp-json\/wp\/v2\/media?parent=2734"}],"wp:term":[{"taxonomy":"product_brand","embeddable":true,"href":"https:\/\/musicuyinstrumentos.com\/index.php\/wp-json\/wp\/v2\/product_brand?post=2734"},{"taxonomy":"product_cat","embeddable":true,"href":"https:\/\/musicuyinstrumentos.com\/index.php\/wp-json\/wp\/v2\/product_cat?post=2734"},{"taxonomy":"product_tag","embeddable":true,"href":"https:\/\/musicuyinstrumentos.com\/index.php\/wp-json\/wp\/v2\/product_tag?post=2734"}],"curies":[{"name":"wp","href":"https:\/\/api.w.org\/{rel}","templated":true}]}}