{"id":2784,"date":"2024-11-22T10:52:29","date_gmt":"2024-11-22T13:52:29","guid":{"rendered":"https:\/\/musicuyinstrumentos.com\/?post_type=product&#038;p=2784"},"modified":"2025-05-22T12:36:37","modified_gmt":"2025-05-22T15:36:37","slug":"fernandes-mv-95ht-tomoyasu-hotei-signatures","status":"publish","type":"product","link":"https:\/\/musicuyinstrumentos.com\/index.php\/producto\/fernandes-mv-95ht-tomoyasu-hotei-signatures\/","title":{"rendered":"Fernandes MV-95HT Tomoyasu Hotei Signatures"},"content":{"rendered":"<div dir=\"auto\">\n<p data-start=\"1084\" data-end=\"1550\">\u2705 <strong data-start=\"1125\" data-end=\"1141\">Fabricaci\u00f3n:<\/strong> Jap\u00f3n \ud83c\uddef\ud83c\uddf5<br data-start=\"1152\" data-end=\"1155\" \/>\u2705 <strong data-start=\"1157\" data-end=\"1165\">A\u00f1o:<\/strong> 1988<br data-start=\"1170\" data-end=\"1173\" \/>\u2705 <strong data-start=\"1175\" data-end=\"1186\">Cuerpo:<\/strong> Aliso<br data-start=\"1192\" data-end=\"1195\" \/>\u2705 <strong data-start=\"1197\" data-end=\"1214\" data-is-only-node=\"\">Construcci\u00f3n:<\/strong> Set-neck (m\u00e1stil encolado)<br data-start=\"1241\" data-end=\"1244\" \/>\u2705 <strong data-start=\"1246\" data-end=\"1256\">Brazo:<\/strong> Arce<br data-start=\"1261\" data-end=\"1264\" \/>\u2705 <strong data-start=\"1266\" data-end=\"1279\">Diapas\u00f3n:<\/strong> \u00c9bano<br data-start=\"1285\" data-end=\"1288\" \/>\u2705 <strong data-start=\"1290\" data-end=\"1301\">Escala:<\/strong> 24,75&#8243;<br data-start=\"1308\" data-end=\"1311\" \/>\u2705 <strong data-start=\"1313\" data-end=\"1325\">Trastes:<\/strong> 22<br data-start=\"1328\" data-end=\"1331\" \/>\u2705 <strong data-start=\"1333\" data-end=\"1348\">Micr\u00f3fonos:<\/strong> F.G.I. Technology activos HH<br data-start=\"1377\" data-end=\"1380\" \/>\u2705 <strong data-start=\"1382\" data-end=\"1396\">Controles:<\/strong> 1 Volumen, 1 Tono, selector de 3 posiciones<br data-start=\"1440\" data-end=\"1443\" \/>\u2705 <strong data-start=\"1445\" data-end=\"1456\">Puente:<\/strong> Gotoh<br data-start=\"1462\" data-end=\"1465\" \/>\u2705 <strong data-start=\"1467\" data-end=\"1480\">Clavijas:<\/strong> Gotoh<br data-start=\"1486\" data-end=\"1489\" \/>\u2705 <strong data-start=\"1491\" data-end=\"1506\">Straplocks:<\/strong> Incluidos<\/p>\n<p data-start=\"1084\" data-end=\"1550\"><br data-start=\"1516\" data-end=\"1519\" \/>\ud83c\udfb6 Una guitarra de culto con car\u00e1cter propio, excelente sustain, y un sonido limpio y potente. Perfecta tanto para coleccionistas como para quienes buscan una pieza profesional y \u00fanica.<\/p>\n<\/div>\n","protected":false},"excerpt":{"rendered":"<p data-start=\"502\" data-end=\"980\">La <strong data-start=\"522\" data-end=\"533\">MV-95HT<\/strong> es un modelo signature del legendario guitarrista japon\u00e9s <strong data-start=\"592\" data-end=\"610\">Tomoyasu Hotei<\/strong>, lanzado por Fernandes a finales de los 80s. Esta guitarra combina un dise\u00f1o elegante y distintivo con electr\u00f3nica activa F.G.I. que ofrece un sonido moderno, claro y vers\u00e1til, ideal para una amplia gama de estilos m\u00e1s all\u00e1 del hard rock. Su fabricaci\u00f3n japonesa y su construcci\u00f3n set-neck garantizan calidad de primer nivel, sustain y una excelente respuesta din\u00e1mica.<\/p>\n<p data-start=\"982\" data-end=\"1082\">Un instrumento ic\u00f3nico para coleccionistas y m\u00fasicos exigentes, dif\u00edcil de encontrar en este estado.<\/p>\n","protected":false},"featured_media":2785,"template":"","meta":{"site-sidebar-layout":"default","site-content-layout":"","ast-site-content-layout":"default","site-content-style":"default","site-sidebar-style":"default","ast-global-header-display":"","ast-banner-title-visibility":"","ast-main-header-display":"","ast-hfb-above-header-display":"","ast-hfb-below-header-display":"","ast-hfb-mobile-header-display":"","site-post-title":"","ast-breadcrumbs-content":"","ast-featured-img":"","footer-sml-layout":"","ast-disable-related-posts":"","theme-transparent-header-meta":"default","adv-header-id-meta":"","stick-header-meta":"","header-above-stick-meta":"","header-main-stick-meta":"","header-below-stick-meta":"","astra-migrate-meta-layouts":"set","ast-page-background-enabled":"default","ast-page-background-meta":{"desktop":{"background-color":"var(--ast-global-color-4)","background-image":"","background-repeat":"repeat","background-position":"center center","background-size":"auto","background-attachment":"scroll","background-type":"","background-media":"","overlay-type":"","overlay-color":"","overlay-opacity":"","overlay-gradient":""},"tablet":{"background-color":"","background-image":"","background-repeat":"repeat","background-position":"center center","background-size":"auto","background-attachment":"scroll","background-type":"","background-media":"","overlay-type":"","overlay-color":"","overlay-opacity":"","overlay-gradient":""},"mobile":{"background-color":"","background-image":"","background-repeat":"repeat","background-position":"center center","background-size":"auto","background-attachment":"scroll","background-type":"","background-media":"","overlay-type":"","overlay-color":"","overlay-opacity":"","overlay-gradient":""}},"ast-content-background-meta":{"desktop":{"background-color":"var(--ast-global-color-5)","background-image":"","background-repeat":"repeat","background-position":"center center","background-size":"auto","background-attachment":"scroll","background-type":"","background-media":"","overlay-type":"","overlay-color":"","overlay-opacity":"","overlay-gradient":""},"tablet":{"background-color":"var(--ast-global-color-5)","background-image":"","background-repeat":"repeat","background-position":"center center","background-size":"auto","background-attachment":"scroll","background-type":"","background-media":"","overlay-type":"","overlay-color":"","overlay-opacity":"","overlay-gradient":""},"mobile":{"background-color":"var(--ast-global-color-5)","background-image":"","background-repeat":"repeat","background-position":"center center","background-size":"auto","background-attachment":"scroll","background-type":"","background-media":"","overlay-type":"","overlay-color":"","overlay-opacity":"","overlay-gradient":""}},"_joinchat":[]},"product_brand":[],"product_cat":[22,21,15],"product_tag":[],"class_list":{"0":"post-2784","1":"product","2":"type-product","3":"status-publish","4":"has-post-thumbnail","6":"product_cat-guitarras","7":"product_cat-guitarras-electricas","8":"product_cat-sin-categorizar","9":"desktop-align-left","10":"tablet-align-left","11":"mobile-align-left","13":"first","14":"instock","15":"sale","16":"shipping-taxable","17":"purchasable","18":"product-type-simple"},"jetpack-related-posts":[{"id":286,"url":"https:\/\/musicuyinstrumentos.com\/index.php\/producto\/dbz-cavallo-st\/","url_meta":{"origin":2784,"position":0},"title":"DBZ Cavallo ST","author":"matiaspmartinez","date":"1 de marzo de 2022","format":false,"excerpt":"La DBZ Cavallo ST Natural Vintage es una versi\u00f3n premium de esta m\u00edtica guitarra dise\u00f1ada por el reconocido luthier Dean B. Zelinsky (fundador de Dean Guitars). Este modelo pertenece a la serie original previa a la fusi\u00f3n con Diamond Guitars, y presenta una est\u00e9tica Natural Vintage con vetas visibles que\u2026","rel":"","context":"Entrada similar","block_context":{"text":"Entrada similar","link":""},"img":{"alt_text":"","src":"https:\/\/i0.wp.com\/musicuyinstrumentos.com\/wp-content\/uploads\/2022\/03\/DBZ-Cavallo-AV-1.jpg?fit=1080%2C1080&ssl=1&resize=350%2C200","width":350,"height":200,"srcset":"https:\/\/i0.wp.com\/musicuyinstrumentos.com\/wp-content\/uploads\/2022\/03\/DBZ-Cavallo-AV-1.jpg?fit=1080%2C1080&ssl=1&resize=350%2C200 1x, https:\/\/i0.wp.com\/musicuyinstrumentos.com\/wp-content\/uploads\/2022\/03\/DBZ-Cavallo-AV-1.jpg?fit=1080%2C1080&ssl=1&resize=525%2C300 1.5x, https:\/\/i0.wp.com\/musicuyinstrumentos.com\/wp-content\/uploads\/2022\/03\/DBZ-Cavallo-AV-1.jpg?fit=1080%2C1080&ssl=1&resize=700%2C400 2x, https:\/\/i0.wp.com\/musicuyinstrumentos.com\/wp-content\/uploads\/2022\/03\/DBZ-Cavallo-AV-1.jpg?fit=1080%2C1080&ssl=1&resize=1050%2C600 3x"},"classes":[]},{"id":3474,"url":"https:\/\/musicuyinstrumentos.com\/index.php\/producto\/epiphone-les-paul-standard-plus-top-korea\/","url_meta":{"origin":2784,"position":1},"title":"Epiphone Les Paul Standard Plus Top Korea","author":"matiaspmartinez","date":"27 de octubre de 2025","format":false,"excerpt":"Esta Epiphone Les Paul Standard de fabricaci\u00f3n coreana pertenece a una de las mejores \u00e9pocas de la marca, conocida por su excelente control de calidad y materiales superiores. Construida con cuerpo de caoba y tapa de arce flameado, ofrece el sustain, el peso y el tono cl\u00e1sico del dise\u00f1o Les\u2026","rel":"","context":"Entrada similar","block_context":{"text":"Entrada similar","link":""},"img":{"alt_text":"","src":"https:\/\/i0.wp.com\/musicuyinstrumentos.com\/wp-content\/uploads\/2025\/10\/FacturandoEpiphione-Les-Paul-Standatd-Korea-1.jpg?fit=1080%2C1080&ssl=1&resize=350%2C200","width":350,"height":200,"srcset":"https:\/\/i0.wp.com\/musicuyinstrumentos.com\/wp-content\/uploads\/2025\/10\/FacturandoEpiphione-Les-Paul-Standatd-Korea-1.jpg?fit=1080%2C1080&ssl=1&resize=350%2C200 1x, https:\/\/i0.wp.com\/musicuyinstrumentos.com\/wp-content\/uploads\/2025\/10\/FacturandoEpiphione-Les-Paul-Standatd-Korea-1.jpg?fit=1080%2C1080&ssl=1&resize=525%2C300 1.5x, https:\/\/i0.wp.com\/musicuyinstrumentos.com\/wp-content\/uploads\/2025\/10\/FacturandoEpiphione-Les-Paul-Standatd-Korea-1.jpg?fit=1080%2C1080&ssl=1&resize=700%2C400 2x, https:\/\/i0.wp.com\/musicuyinstrumentos.com\/wp-content\/uploads\/2025\/10\/FacturandoEpiphione-Les-Paul-Standatd-Korea-1.jpg?fit=1080%2C1080&ssl=1&resize=1050%2C600 3x"},"classes":[]},{"id":450,"url":"https:\/\/musicuyinstrumentos.com\/index.php\/producto\/ibanez-sr-1000\/","url_meta":{"origin":2784,"position":2},"title":"Ibanez SR 1000","author":"matiaspmartinez","date":"7 de marzo de 2022","format":false,"excerpt":"Bajo el\u00e9ctrico Ibanez Soundgear SR1000 fabricado en Jap\u00f3n en 1990, una \u00e9poca de excelente calidad de construcci\u00f3n de la marca. Este modelo presenta un dise\u00f1o s\u00faper ergon\u00f3mico, liviano y c\u00f3modo, ideal tanto para estudio como para escenarios exigentes. \ud83c\udfaf Cuenta con un set EMG PJ activo, lo que le da\u2026","rel":"","context":"Entrada similar","block_context":{"text":"Entrada similar","link":""},"img":{"alt_text":"","src":"https:\/\/i0.wp.com\/musicuyinstrumentos.com\/wp-content\/uploads\/2022\/03\/Ibanez-SR1000-1-1.jpg?fit=1080%2C1080&ssl=1&resize=350%2C200","width":350,"height":200,"srcset":"https:\/\/i0.wp.com\/musicuyinstrumentos.com\/wp-content\/uploads\/2022\/03\/Ibanez-SR1000-1-1.jpg?fit=1080%2C1080&ssl=1&resize=350%2C200 1x, https:\/\/i0.wp.com\/musicuyinstrumentos.com\/wp-content\/uploads\/2022\/03\/Ibanez-SR1000-1-1.jpg?fit=1080%2C1080&ssl=1&resize=525%2C300 1.5x, https:\/\/i0.wp.com\/musicuyinstrumentos.com\/wp-content\/uploads\/2022\/03\/Ibanez-SR1000-1-1.jpg?fit=1080%2C1080&ssl=1&resize=700%2C400 2x, https:\/\/i0.wp.com\/musicuyinstrumentos.com\/wp-content\/uploads\/2022\/03\/Ibanez-SR1000-1-1.jpg?fit=1080%2C1080&ssl=1&resize=1050%2C600 3x"},"classes":[]},{"id":747,"url":"https:\/\/musicuyinstrumentos.com\/index.php\/producto\/washburn-ea-26-craig-chaquico-signatures\/","url_meta":{"origin":2784,"position":3},"title":"Washburn EA-26 Craig Chaquico Signatures","author":"matiaspmartinez","date":"16 de marzo de 2022","format":false,"excerpt":"Dise\u00f1ada en colaboraci\u00f3n con Craig Chaquico, guitarrista de Starship y Jefferson Starship, la Washburn EA-26 es una guitarra electroac\u00fastica que combina una construcci\u00f3n de calidad con caracter\u00edsticas que la hacen perfecta para el escenario. Su cuerpo estilo mini jumbo con cutaway ofrece gran comodidad al tocar y un tono equilibrado.\u2026","rel":"","context":"Entrada similar","block_context":{"text":"Entrada similar","link":""},"img":{"alt_text":"","src":"https:\/\/i0.wp.com\/musicuyinstrumentos.com\/wp-content\/uploads\/2022\/03\/Washburn-EA-26-Craig-Chaquico-1-copia.jpg?fit=1080%2C1080&ssl=1&resize=350%2C200","width":350,"height":200,"srcset":"https:\/\/i0.wp.com\/musicuyinstrumentos.com\/wp-content\/uploads\/2022\/03\/Washburn-EA-26-Craig-Chaquico-1-copia.jpg?fit=1080%2C1080&ssl=1&resize=350%2C200 1x, https:\/\/i0.wp.com\/musicuyinstrumentos.com\/wp-content\/uploads\/2022\/03\/Washburn-EA-26-Craig-Chaquico-1-copia.jpg?fit=1080%2C1080&ssl=1&resize=525%2C300 1.5x, https:\/\/i0.wp.com\/musicuyinstrumentos.com\/wp-content\/uploads\/2022\/03\/Washburn-EA-26-Craig-Chaquico-1-copia.jpg?fit=1080%2C1080&ssl=1&resize=700%2C400 2x, https:\/\/i0.wp.com\/musicuyinstrumentos.com\/wp-content\/uploads\/2022\/03\/Washburn-EA-26-Craig-Chaquico-1-copia.jpg?fit=1080%2C1080&ssl=1&resize=1050%2C600 3x"},"classes":[]},{"id":608,"url":"https:\/\/musicuyinstrumentos.com\/index.php\/producto\/dbz-venom\/","url_meta":{"origin":2784,"position":4},"title":"DBZ Venom","author":"matiaspmartinez","date":"8 de marzo de 2022","format":false,"excerpt":"Una de las primeras versiones de la DBZ Venom, dise\u00f1ada por el legendario luthier Dean B. Zelinsky (fundador de Dean Guitars). Este modelo pertenece a las tandas iniciales fabricadas en Corea, y destaca no solo por su est\u00e9tica agresiva tipo V con l\u00edneas curvas, sino tambi\u00e9n por su potencia sonora\u2026","rel":"","context":"Entrada similar","block_context":{"text":"Entrada similar","link":""},"img":{"alt_text":"","src":"https:\/\/i0.wp.com\/musicuyinstrumentos.com\/wp-content\/uploads\/2022\/03\/DBZ-Venom-1.jpg?fit=1079%2C1080&ssl=1&resize=350%2C200","width":350,"height":200,"srcset":"https:\/\/i0.wp.com\/musicuyinstrumentos.com\/wp-content\/uploads\/2022\/03\/DBZ-Venom-1.jpg?fit=1079%2C1080&ssl=1&resize=350%2C200 1x, https:\/\/i0.wp.com\/musicuyinstrumentos.com\/wp-content\/uploads\/2022\/03\/DBZ-Venom-1.jpg?fit=1079%2C1080&ssl=1&resize=525%2C300 1.5x, https:\/\/i0.wp.com\/musicuyinstrumentos.com\/wp-content\/uploads\/2022\/03\/DBZ-Venom-1.jpg?fit=1079%2C1080&ssl=1&resize=700%2C400 2x, https:\/\/i0.wp.com\/musicuyinstrumentos.com\/wp-content\/uploads\/2022\/03\/DBZ-Venom-1.jpg?fit=1079%2C1080&ssl=1&resize=1050%2C600 3x"},"classes":[]},{"id":385,"url":"https:\/\/musicuyinstrumentos.com\/index.php\/producto\/ibanez-js1000-joe-satriani-signatures\/","url_meta":{"origin":2784,"position":5},"title":"Ibanez JS1000 Joe Satriani Signatures","author":"matiaspmartinez","date":"7 de marzo de 2022","format":false,"excerpt":"La Ibanez JS1000 es uno de los modelos m\u00e1s ic\u00f3nicos de la l\u00ednea signature del virtuoso guitarrista Joe Satriani. Fabricada en Jap\u00f3n con alt\u00edsimos est\u00e1ndares de calidad, esta guitarra se convirti\u00f3 en una favorita tanto para fans de Satriani como para guitarristas exigentes que buscan comodidad, versatilidad y un sonido\u2026","rel":"","context":"Entrada similar","block_context":{"text":"Entrada similar","link":""},"img":{"alt_text":"","src":"https:\/\/i0.wp.com\/musicuyinstrumentos.com\/wp-content\/uploads\/2022\/03\/Ibanez-JS1000-Joe-Satriani-1-1.jpg?fit=1080%2C1080&ssl=1&resize=350%2C200","width":350,"height":200,"srcset":"https:\/\/i0.wp.com\/musicuyinstrumentos.com\/wp-content\/uploads\/2022\/03\/Ibanez-JS1000-Joe-Satriani-1-1.jpg?fit=1080%2C1080&ssl=1&resize=350%2C200 1x, https:\/\/i0.wp.com\/musicuyinstrumentos.com\/wp-content\/uploads\/2022\/03\/Ibanez-JS1000-Joe-Satriani-1-1.jpg?fit=1080%2C1080&ssl=1&resize=525%2C300 1.5x, https:\/\/i0.wp.com\/musicuyinstrumentos.com\/wp-content\/uploads\/2022\/03\/Ibanez-JS1000-Joe-Satriani-1-1.jpg?fit=1080%2C1080&ssl=1&resize=700%2C400 2x, https:\/\/i0.wp.com\/musicuyinstrumentos.com\/wp-content\/uploads\/2022\/03\/Ibanez-JS1000-Joe-Satriani-1-1.jpg?fit=1080%2C1080&ssl=1&resize=1050%2C600 3x"},"classes":[]}],"jetpack_sharing_enabled":true,"_links":{"self":[{"href":"https:\/\/musicuyinstrumentos.com\/index.php\/wp-json\/wp\/v2\/product\/2784","targetHints":{"allow":["GET"]}}],"collection":[{"href":"https:\/\/musicuyinstrumentos.com\/index.php\/wp-json\/wp\/v2\/product"}],"about":[{"href":"https:\/\/musicuyinstrumentos.com\/index.php\/wp-json\/wp\/v2\/types\/product"}],"version-history":[{"count":2,"href":"https:\/\/musicuyinstrumentos.com\/index.php\/wp-json\/wp\/v2\/product\/2784\/revisions"}],"predecessor-version":[{"id":3189,"href":"https:\/\/musicuyinstrumentos.com\/index.php\/wp-json\/wp\/v2\/product\/2784\/revisions\/3189"}],"wp:featuredmedia":[{"embeddable":true,"href":"https:\/\/musicuyinstrumentos.com\/index.php\/wp-json\/wp\/v2\/media\/2785"}],"wp:attachment":[{"href":"https:\/\/musicuyinstrumentos.com\/index.php\/wp-json\/wp\/v2\/media?parent=2784"}],"wp:term":[{"taxonomy":"product_brand","embeddable":true,"href":"https:\/\/musicuyinstrumentos.com\/index.php\/wp-json\/wp\/v2\/product_brand?post=2784"},{"taxonomy":"product_cat","embeddable":true,"href":"https:\/\/musicuyinstrumentos.com\/index.php\/wp-json\/wp\/v2\/product_cat?post=2784"},{"taxonomy":"product_tag","embeddable":true,"href":"https:\/\/musicuyinstrumentos.com\/index.php\/wp-json\/wp\/v2\/product_tag?post=2784"}],"curies":[{"name":"wp","href":"https:\/\/api.w.org\/{rel}","templated":true}]}}