{"id":286,"date":"2022-03-01T17:53:02","date_gmt":"2022-03-01T20:53:02","guid":{"rendered":"https:\/\/musicuyinstrumentos.com\/?post_type=product&#038;p=286"},"modified":"2025-05-22T12:05:12","modified_gmt":"2025-05-22T15:05:12","slug":"dbz-cavallo-st","status":"publish","type":"product","link":"https:\/\/musicuyinstrumentos.com\/index.php\/producto\/dbz-cavallo-st\/","title":{"rendered":"DBZ Cavallo ST"},"content":{"rendered":"<p data-start=\"1169\" data-end=\"1766\">\u2705 <strong data-start=\"1207\" data-end=\"1218\">Cuerpo:<\/strong> Caoba con tapa de arce esculpido 3D<br data-start=\"1254\" data-end=\"1257\" \/>\u2705 <strong data-start=\"1259\" data-end=\"1270\">M\u00e1stil:<\/strong> Caoba \u2013 Set Neck<br data-start=\"1287\" data-end=\"1290\" \/>\u2705 <strong data-start=\"1292\" data-end=\"1303\">Perfil:<\/strong> Dean Zelinsky Signature \u2013 r\u00e1pido y ergon\u00f3mico<br data-start=\"1349\" data-end=\"1352\" \/>\u2705 <strong data-start=\"1354\" data-end=\"1367\">Diapas\u00f3n:<\/strong> Rosewood ebonizado<br data-start=\"1386\" data-end=\"1389\" \/>\u2705 <strong data-start=\"1391\" data-end=\"1402\">Escala:<\/strong> 24.75&#8243;<br data-start=\"1409\" data-end=\"1412\" \/>\u2705 <strong data-start=\"1414\" data-end=\"1426\">Trastes:<\/strong> 22<br data-start=\"1429\" data-end=\"1432\" \/>\u2705 <strong data-start=\"1434\" data-end=\"1453\">Incrustaciones:<\/strong> Premier Series<br data-start=\"1468\" data-end=\"1471\" \/>\u2705 <strong data-start=\"1473\" data-end=\"1485\">Binding:<\/strong> Pearloid Purfling<br data-start=\"1503\" data-end=\"1506\" \/>\u2705 <strong data-start=\"1508\" data-end=\"1523\">Micr\u00f3fonos:<\/strong> <strong data-start=\"1524\" data-end=\"1576\">Seymour Duncan Blackouts Activos (bridge + neck)<\/strong><br data-start=\"1576\" data-end=\"1579\" \/>\u2705 <strong data-start=\"1581\" data-end=\"1595\">Controles:<\/strong> 1 Volumen, 1 Tono, selector de 3 posiciones<br data-start=\"1639\" data-end=\"1642\" \/>\u2705 <strong data-start=\"1644\" data-end=\"1655\">Puente:<\/strong> Tune-O-Matic String Thru<br data-start=\"1680\" data-end=\"1683\" \/>\u2705 <strong data-start=\"1685\" data-end=\"1698\">Clavijas:<\/strong> Grover<br data-start=\"1705\" data-end=\"1708\" \/>\u2705 <strong data-start=\"1710\" data-end=\"1723\">Hardware:<\/strong> Negro<br data-start=\"1729\" data-end=\"1732\" \/>\u2705 <strong data-start=\"1734\" data-end=\"1744\">Color:<\/strong> Natural Vintage Gloss<\/p>\n<p data-start=\"1768\" data-end=\"1797\">\ud83c\udf81 <strong data-start=\"1771\" data-end=\"1797\">Incluye estuche r\u00edgido<\/strong><\/p>\n<p data-start=\"1799\" data-end=\"1829\">\ud83d\udee0\ufe0f <strong data-start=\"1803\" data-end=\"1827\">Upgrades realizados:<\/strong><\/p>\n<ul data-start=\"1830\" data-end=\"1950\">\n<li data-start=\"1830\" data-end=\"1894\">\n<p data-start=\"1832\" data-end=\"1894\">Reemplazo de pickups originales por Seymour Duncan Blackouts<\/p>\n<\/li>\n<li data-start=\"1895\" data-end=\"1950\">\n<p data-start=\"1897\" data-end=\"1950\">Instalaci\u00f3n profesional, sin modificaciones invasivas<\/p>\n<\/li>\n<\/ul>\n<p data-start=\"1952\" data-end=\"2145\">\ud83c\udfb8 El tono de esta guitarra es <strong data-start=\"1983\" data-end=\"2058\">demoledor, con gran salida, sustain prolongado y una claridad excelente<\/strong>, incluso en afinaciones bajas. Una pieza rara, de colecci\u00f3n y con performance moderna.<\/p>\n","protected":false},"excerpt":{"rendered":"<p data-start=\"520\" data-end=\"922\">La <strong data-start=\"545\" data-end=\"579\">DBZ Cavallo ST Natural Vintage<\/strong> es una versi\u00f3n premium de esta m\u00edtica guitarra dise\u00f1ada por el reconocido luthier <strong data-start=\"662\" data-end=\"682\">Dean B. Zelinsky<\/strong> (fundador de Dean Guitars). Este modelo pertenece a la <strong data-start=\"738\" data-end=\"795\">serie original previa a la fusi\u00f3n con Diamond Guitars<\/strong>, y presenta una est\u00e9tica <strong data-start=\"821\" data-end=\"840\">Natural Vintage<\/strong> con vetas visibles que realzan la calidad de su construcci\u00f3n en <strong data-start=\"905\" data-end=\"921\">caoba y arce<\/strong>.<\/p>\n<p data-start=\"924\" data-end=\"1167\">Esta unidad ha sido <strong data-start=\"944\" data-end=\"1001\">upgradeada con un set activo Seymour Duncan Blackouts<\/strong>, lo que la convierte en una bestia absoluta para g\u00e9neros como <strong data-start=\"1064\" data-end=\"1110\">metal, hardcore, rock pesado o alternativo<\/strong>, manteniendo siempre una excelente respuesta y claridad.<\/p>\n","protected":false},"featured_media":3127,"template":"","meta":{"site-sidebar-layout":"no-sidebar","site-content-layout":"default","ast-site-content-layout":"default","site-content-style":"default","site-sidebar-style":"default","ast-global-header-display":"","ast-banner-title-visibility":"","ast-main-header-display":"","ast-hfb-above-header-display":"","ast-hfb-below-header-display":"","ast-hfb-mobile-header-display":"","site-post-title":"","ast-breadcrumbs-content":"","ast-featured-img":"","footer-sml-layout":"","ast-disable-related-posts":"","theme-transparent-header-meta":"default","adv-header-id-meta":"","stick-header-meta":"","header-above-stick-meta":"","header-main-stick-meta":"","header-below-stick-meta":"","astra-migrate-meta-layouts":"set","ast-page-background-enabled":"default","ast-page-background-meta":{"desktop":{"background-color":"var(--ast-global-color-4)","background-image":"","background-repeat":"repeat","background-position":"center center","background-size":"auto","background-attachment":"scroll","background-type":"","background-media":"","overlay-type":"","overlay-color":"","overlay-opacity":"","overlay-gradient":""},"tablet":{"background-color":"","background-image":"","background-repeat":"repeat","background-position":"center center","background-size":"auto","background-attachment":"scroll","background-type":"","background-media":"","overlay-type":"","overlay-color":"","overlay-opacity":"","overlay-gradient":""},"mobile":{"background-color":"","background-image":"","background-repeat":"repeat","background-position":"center center","background-size":"auto","background-attachment":"scroll","background-type":"","background-media":"","overlay-type":"","overlay-color":"","overlay-opacity":"","overlay-gradient":""}},"ast-content-background-meta":{"desktop":{"background-color":"var(--ast-global-color-5)","background-image":"","background-repeat":"repeat","background-position":"center center","background-size":"auto","background-attachment":"scroll","background-type":"","background-media":"","overlay-type":"","overlay-color":"","overlay-opacity":"","overlay-gradient":""},"tablet":{"background-color":"var(--ast-global-color-5)","background-image":"","background-repeat":"repeat","background-position":"center center","background-size":"auto","background-attachment":"scroll","background-type":"","background-media":"","overlay-type":"","overlay-color":"","overlay-opacity":"","overlay-gradient":""},"mobile":{"background-color":"var(--ast-global-color-5)","background-image":"","background-repeat":"repeat","background-position":"center center","background-size":"auto","background-attachment":"scroll","background-type":"","background-media":"","overlay-type":"","overlay-color":"","overlay-opacity":"","overlay-gradient":""}},"_joinchat":[]},"product_brand":[],"product_cat":[22,21,15],"product_tag":[51,35,60],"class_list":{"0":"post-286","1":"product","2":"type-product","3":"status-publish","4":"has-post-thumbnail","6":"product_cat-guitarras","7":"product_cat-guitarras-electricas","8":"product_cat-sin-categorizar","9":"product_tag-emg","10":"product_tag-flying-v","11":"product_tag-seymour-duncan","12":"desktop-align-left","13":"tablet-align-left","14":"mobile-align-left","16":"first","17":"instock","18":"shipping-taxable","19":"purchasable","20":"product-type-simple"},"jetpack-related-posts":[{"id":608,"url":"https:\/\/musicuyinstrumentos.com\/index.php\/producto\/dbz-venom\/","url_meta":{"origin":286,"position":0},"title":"DBZ Venom","author":"matiaspmartinez","date":"8 de marzo de 2022","format":false,"excerpt":"Una de las primeras versiones de la DBZ Venom, dise\u00f1ada por el legendario luthier Dean B. Zelinsky (fundador de Dean Guitars). Este modelo pertenece a las tandas iniciales fabricadas en Corea, y destaca no solo por su est\u00e9tica agresiva tipo V con l\u00edneas curvas, sino tambi\u00e9n por su potencia sonora\u2026","rel":"","context":"Entrada similar","block_context":{"text":"Entrada similar","link":""},"img":{"alt_text":"","src":"https:\/\/i0.wp.com\/musicuyinstrumentos.com\/wp-content\/uploads\/2022\/03\/DBZ-Venom-1.jpg?fit=1079%2C1080&ssl=1&resize=350%2C200","width":350,"height":200,"srcset":"https:\/\/i0.wp.com\/musicuyinstrumentos.com\/wp-content\/uploads\/2022\/03\/DBZ-Venom-1.jpg?fit=1079%2C1080&ssl=1&resize=350%2C200 1x, https:\/\/i0.wp.com\/musicuyinstrumentos.com\/wp-content\/uploads\/2022\/03\/DBZ-Venom-1.jpg?fit=1079%2C1080&ssl=1&resize=525%2C300 1.5x, https:\/\/i0.wp.com\/musicuyinstrumentos.com\/wp-content\/uploads\/2022\/03\/DBZ-Venom-1.jpg?fit=1079%2C1080&ssl=1&resize=700%2C400 2x, https:\/\/i0.wp.com\/musicuyinstrumentos.com\/wp-content\/uploads\/2022\/03\/DBZ-Venom-1.jpg?fit=1079%2C1080&ssl=1&resize=1050%2C600 3x"},"classes":[]},{"id":3365,"url":"https:\/\/musicuyinstrumentos.com\/index.php\/producto\/dbz-bolero-st\/","url_meta":{"origin":286,"position":1},"title":"DBZ Bolero ST","author":"matiaspmartinez","date":"16 de agosto de 2025","format":false,"excerpt":"La DBZ Bolero ST es una guitarra con estilo cl\u00e1sico tipo Les Paul, pero con un dise\u00f1o moderno y refinado creado por Dean Zelinsky (fundador de Dean Guitars). Su combinaci\u00f3n de caoba con tapa de arce flameado entrega sustain, calidez y definici\u00f3n, mientras que sus micr\u00f3fonos dobles G&B con coil\u2026","rel":"","context":"Entrada similar","block_context":{"text":"Entrada similar","link":""},"img":{"alt_text":"","src":"https:\/\/i0.wp.com\/musicuyinstrumentos.com\/wp-content\/uploads\/2025\/08\/DBZ-Bolero-ST-1-scaled.jpg?fit=1200%2C1200&ssl=1&resize=350%2C200","width":350,"height":200,"srcset":"https:\/\/i0.wp.com\/musicuyinstrumentos.com\/wp-content\/uploads\/2025\/08\/DBZ-Bolero-ST-1-scaled.jpg?fit=1200%2C1200&ssl=1&resize=350%2C200 1x, https:\/\/i0.wp.com\/musicuyinstrumentos.com\/wp-content\/uploads\/2025\/08\/DBZ-Bolero-ST-1-scaled.jpg?fit=1200%2C1200&ssl=1&resize=525%2C300 1.5x, https:\/\/i0.wp.com\/musicuyinstrumentos.com\/wp-content\/uploads\/2025\/08\/DBZ-Bolero-ST-1-scaled.jpg?fit=1200%2C1200&ssl=1&resize=700%2C400 2x, https:\/\/i0.wp.com\/musicuyinstrumentos.com\/wp-content\/uploads\/2025\/08\/DBZ-Bolero-ST-1-scaled.jpg?fit=1200%2C1200&ssl=1&resize=1050%2C600 3x"},"classes":[]},{"id":2995,"url":"https:\/\/musicuyinstrumentos.com\/index.php\/producto\/dbz-barchetta-amber-tobacco-burst-upgrades\/","url_meta":{"origin":286,"position":2},"title":"DBZ Barchetta Amber Tobacco Burst + Upgrades","author":"matiaspmartinez","date":"20 de abril de 2025","format":false,"excerpt":"La DBZ Barchetta Amber Tobacco Burst es una guitarra el\u00e9ctrica de dise\u00f1o agresivo y sonido impresionante, perfecta para guitarristas que buscan un instrumento con un estilo \u00fanico y gran versatilidad. Este modelo cuenta con micr\u00f3fonos Seymour Duncan SH4-JB en el puente y SH-2 Jazz en el m\u00e1stil, lo que le\u2026","rel":"","context":"Entrada similar","block_context":{"text":"Entrada similar","link":""},"img":{"alt_text":"","src":"https:\/\/i0.wp.com\/musicuyinstrumentos.com\/wp-content\/uploads\/2025\/04\/DBZ-Barchetta-1.jpg?fit=1080%2C1080&ssl=1&resize=350%2C200","width":350,"height":200,"srcset":"https:\/\/i0.wp.com\/musicuyinstrumentos.com\/wp-content\/uploads\/2025\/04\/DBZ-Barchetta-1.jpg?fit=1080%2C1080&ssl=1&resize=350%2C200 1x, https:\/\/i0.wp.com\/musicuyinstrumentos.com\/wp-content\/uploads\/2025\/04\/DBZ-Barchetta-1.jpg?fit=1080%2C1080&ssl=1&resize=525%2C300 1.5x, https:\/\/i0.wp.com\/musicuyinstrumentos.com\/wp-content\/uploads\/2025\/04\/DBZ-Barchetta-1.jpg?fit=1080%2C1080&ssl=1&resize=700%2C400 2x, https:\/\/i0.wp.com\/musicuyinstrumentos.com\/wp-content\/uploads\/2025\/04\/DBZ-Barchetta-1.jpg?fit=1080%2C1080&ssl=1&resize=1050%2C600 3x"},"classes":[]},{"id":3474,"url":"https:\/\/musicuyinstrumentos.com\/index.php\/producto\/epiphone-les-paul-standard-plus-top-korea\/","url_meta":{"origin":286,"position":3},"title":"Epiphone Les Paul Standard Plus Top Korea","author":"matiaspmartinez","date":"27 de octubre de 2025","format":false,"excerpt":"Esta Epiphone Les Paul Standard de fabricaci\u00f3n coreana pertenece a una de las mejores \u00e9pocas de la marca, conocida por su excelente control de calidad y materiales superiores. Construida con cuerpo de caoba y tapa de arce flameado, ofrece el sustain, el peso y el tono cl\u00e1sico del dise\u00f1o Les\u2026","rel":"","context":"Entrada similar","block_context":{"text":"Entrada similar","link":""},"img":{"alt_text":"","src":"https:\/\/i0.wp.com\/musicuyinstrumentos.com\/wp-content\/uploads\/2025\/10\/FacturandoEpiphione-Les-Paul-Standatd-Korea-1.jpg?fit=1080%2C1080&ssl=1&resize=350%2C200","width":350,"height":200,"srcset":"https:\/\/i0.wp.com\/musicuyinstrumentos.com\/wp-content\/uploads\/2025\/10\/FacturandoEpiphione-Les-Paul-Standatd-Korea-1.jpg?fit=1080%2C1080&ssl=1&resize=350%2C200 1x, https:\/\/i0.wp.com\/musicuyinstrumentos.com\/wp-content\/uploads\/2025\/10\/FacturandoEpiphione-Les-Paul-Standatd-Korea-1.jpg?fit=1080%2C1080&ssl=1&resize=525%2C300 1.5x, https:\/\/i0.wp.com\/musicuyinstrumentos.com\/wp-content\/uploads\/2025\/10\/FacturandoEpiphione-Les-Paul-Standatd-Korea-1.jpg?fit=1080%2C1080&ssl=1&resize=700%2C400 2x, https:\/\/i0.wp.com\/musicuyinstrumentos.com\/wp-content\/uploads\/2025\/10\/FacturandoEpiphione-Les-Paul-Standatd-Korea-1.jpg?fit=1080%2C1080&ssl=1&resize=1050%2C600 3x"},"classes":[]},{"id":2100,"url":"https:\/\/musicuyinstrumentos.com\/index.php\/producto\/ibanez-sz-520-c-estuche-rigido\/","url_meta":{"origin":286,"position":4},"title":"Ibanez SZ 520 c\/estuche r\u00edgido","author":"matiaspmartinez","date":"4 de julio de 2023","format":false,"excerpt":"La Ibanez SZ520 forma parte de la aclamada serie SZ, destac\u00e1ndose por su dise\u00f1o singlecut, sustain natural y comodidad al tocar. Fabricada con materiales de alta calidad, esta guitarra combina la calidez y cuerpo de la caoba con el ataque del arce flameado en la tapa. Su configuraci\u00f3n de micr\u00f3fonos\u2026","rel":"","context":"Entrada similar","block_context":{"text":"Entrada similar","link":""},"img":{"alt_text":"","src":"https:\/\/i0.wp.com\/musicuyinstrumentos.com\/wp-content\/uploads\/2023\/07\/Ibanez-SZ-520-1-copia.jpg?fit=1080%2C1080&ssl=1&resize=350%2C200","width":350,"height":200,"srcset":"https:\/\/i0.wp.com\/musicuyinstrumentos.com\/wp-content\/uploads\/2023\/07\/Ibanez-SZ-520-1-copia.jpg?fit=1080%2C1080&ssl=1&resize=350%2C200 1x, https:\/\/i0.wp.com\/musicuyinstrumentos.com\/wp-content\/uploads\/2023\/07\/Ibanez-SZ-520-1-copia.jpg?fit=1080%2C1080&ssl=1&resize=525%2C300 1.5x, https:\/\/i0.wp.com\/musicuyinstrumentos.com\/wp-content\/uploads\/2023\/07\/Ibanez-SZ-520-1-copia.jpg?fit=1080%2C1080&ssl=1&resize=700%2C400 2x, https:\/\/i0.wp.com\/musicuyinstrumentos.com\/wp-content\/uploads\/2023\/07\/Ibanez-SZ-520-1-copia.jpg?fit=1080%2C1080&ssl=1&resize=1050%2C600 3x"},"classes":[]},{"id":2097,"url":"https:\/\/musicuyinstrumentos.com\/index.php\/producto\/gibson-nighthawk-standard-st-3-1994-tobacco-sunburst\/","url_meta":{"origin":286,"position":5},"title":"Gibson Nighthawk Standard ST-3 1994 Tobacco Sunburst","author":"matiaspmartinez","date":"4 de julio de 2023","format":false,"excerpt":"Una pieza ic\u00f3nica y cargada de historia, esta Gibson Nighthawk Standard ST-3 del a\u00f1o 1994 en color Tobacco Sunburst se destaca por su versatilidad y dise\u00f1o innovador para su \u00e9poca. Es reconocida por su tono h\u00edbrido que combina caracter\u00edsticas de guitarras el\u00e9ctricas tradicionales con un toque moderno. Esta guitarra tuvo\u2026","rel":"","context":"Entrada similar","block_context":{"text":"Entrada similar","link":""},"img":{"alt_text":"","src":"https:\/\/i0.wp.com\/musicuyinstrumentos.com\/wp-content\/uploads\/2023\/07\/Gibson-Nighthawk-Standard-ST-2-1-Editar-copia.jpg?fit=1080%2C1080&ssl=1&resize=350%2C200","width":350,"height":200,"srcset":"https:\/\/i0.wp.com\/musicuyinstrumentos.com\/wp-content\/uploads\/2023\/07\/Gibson-Nighthawk-Standard-ST-2-1-Editar-copia.jpg?fit=1080%2C1080&ssl=1&resize=350%2C200 1x, https:\/\/i0.wp.com\/musicuyinstrumentos.com\/wp-content\/uploads\/2023\/07\/Gibson-Nighthawk-Standard-ST-2-1-Editar-copia.jpg?fit=1080%2C1080&ssl=1&resize=525%2C300 1.5x, https:\/\/i0.wp.com\/musicuyinstrumentos.com\/wp-content\/uploads\/2023\/07\/Gibson-Nighthawk-Standard-ST-2-1-Editar-copia.jpg?fit=1080%2C1080&ssl=1&resize=700%2C400 2x, https:\/\/i0.wp.com\/musicuyinstrumentos.com\/wp-content\/uploads\/2023\/07\/Gibson-Nighthawk-Standard-ST-2-1-Editar-copia.jpg?fit=1080%2C1080&ssl=1&resize=1050%2C600 3x"},"classes":[]}],"jetpack_sharing_enabled":true,"_links":{"self":[{"href":"https:\/\/musicuyinstrumentos.com\/index.php\/wp-json\/wp\/v2\/product\/286","targetHints":{"allow":["GET"]}}],"collection":[{"href":"https:\/\/musicuyinstrumentos.com\/index.php\/wp-json\/wp\/v2\/product"}],"about":[{"href":"https:\/\/musicuyinstrumentos.com\/index.php\/wp-json\/wp\/v2\/types\/product"}],"version-history":[{"count":4,"href":"https:\/\/musicuyinstrumentos.com\/index.php\/wp-json\/wp\/v2\/product\/286\/revisions"}],"predecessor-version":[{"id":3179,"href":"https:\/\/musicuyinstrumentos.com\/index.php\/wp-json\/wp\/v2\/product\/286\/revisions\/3179"}],"wp:featuredmedia":[{"embeddable":true,"href":"https:\/\/musicuyinstrumentos.com\/index.php\/wp-json\/wp\/v2\/media\/3127"}],"wp:attachment":[{"href":"https:\/\/musicuyinstrumentos.com\/index.php\/wp-json\/wp\/v2\/media?parent=286"}],"wp:term":[{"taxonomy":"product_brand","embeddable":true,"href":"https:\/\/musicuyinstrumentos.com\/index.php\/wp-json\/wp\/v2\/product_brand?post=286"},{"taxonomy":"product_cat","embeddable":true,"href":"https:\/\/musicuyinstrumentos.com\/index.php\/wp-json\/wp\/v2\/product_cat?post=286"},{"taxonomy":"product_tag","embeddable":true,"href":"https:\/\/musicuyinstrumentos.com\/index.php\/wp-json\/wp\/v2\/product_tag?post=286"}],"curies":[{"name":"wp","href":"https:\/\/api.w.org\/{rel}","templated":true}]}}