{"id":2967,"date":"2025-04-06T14:04:24","date_gmt":"2025-04-06T17:04:24","guid":{"rendered":"https:\/\/musicuyinstrumentos.com\/?post_type=product&#038;p=2967"},"modified":"2025-04-06T14:04:24","modified_gmt":"2025-04-06T17:04:24","slug":"alvarez-yairi-dy-56-1986","status":"publish","type":"product","link":"https:\/\/musicuyinstrumentos.com\/index.php\/producto\/alvarez-yairi-dy-56-1986\/","title":{"rendered":"Alvarez Yairi DY-56 (1986)"},"content":{"rendered":"<div class=\"x11i5rnm xat24cr x1mh8g0r x1vvkbs xtlvy1s x126k92a\">\n<div dir=\"auto\"><span class=\"html-span xexx8yu x4uap5 x18d9i69 xkhd6sd x1hl2dhg x16tdsg8 x1vvkbs x3nfvp2 x1j61x8r x1fcty0u xdj266r xat24cr xgzva0m xhhsvwb xxymvpz xlup9mm x1kky2od\"><img decoding=\"async\" class=\"xz74otr x168nmei x13lgxp2 x5pf9jr xo71vjh\" src=\"https:\/\/static.xx.fbcdn.net\/images\/emoji.php\/v9\/t33\/1\/16\/2705.png\" alt=\"\u2705\" width=\"16\" height=\"16\" \/><\/span> Construcci\u00f3n y materiales:<\/div>\n<div dir=\"auto\">Tapa: Abeto s\u00f3lido.<\/div>\n<div dir=\"auto\">Aros y fondo: Caoba.<\/div>\n<div dir=\"auto\">M\u00e1stil: Caoba, perfil c\u00f3modo.<\/div>\n<div dir=\"auto\">Diapas\u00f3n: Rosewood.<\/div>\n<div dir=\"auto\">Puente: Rosewood.<\/div>\n<div dir=\"auto\">Longitud de escala: 25.5&#8243;.<\/div>\n<div dir=\"auto\">Trastes: 20.<\/div>\n<div dir=\"auto\">Cejuela: Hueso.<\/div>\n<\/div>\n<div class=\"x11i5rnm xat24cr x1mh8g0r x1vvkbs xtlvy1s x126k92a\">\n<div dir=\"auto\"><span class=\"html-span xexx8yu x4uap5 x18d9i69 xkhd6sd x1hl2dhg x16tdsg8 x1vvkbs x3nfvp2 x1j61x8r x1fcty0u xdj266r xat24cr xgzva0m xhhsvwb xxymvpz xlup9mm x1kky2od\"><img decoding=\"async\" class=\"xz74otr x168nmei x13lgxp2 x5pf9jr xo71vjh\" src=\"https:\/\/static.xx.fbcdn.net\/images\/emoji.php\/v9\/t33\/1\/16\/2705.png\" alt=\"\u2705\" width=\"16\" height=\"16\" \/><\/span> Detalles adicionales:<\/div>\n<div dir=\"auto\">Construcci\u00f3n Made in Japan, artesanal por Kazuo Yairi.<\/div>\n<div dir=\"auto\">Sonido c\u00e1lido, resonante y equilibrado.<\/div>\n<div dir=\"auto\">A la altura de cualquier guitarra de gama alta como Taylor o Martin.<\/div>\n<\/div>\n<div class=\"x11i5rnm xat24cr x1mh8g0r x1vvkbs xtlvy1s x126k92a\">\n<div dir=\"auto\"><span class=\"html-span xexx8yu x4uap5 x18d9i69 xkhd6sd x1hl2dhg x16tdsg8 x1vvkbs x3nfvp2 x1j61x8r x1fcty0u xdj266r xat24cr xgzva0m xhhsvwb xxymvpz xlup9mm x1kky2od\"><img decoding=\"async\" class=\"xz74otr x168nmei x13lgxp2 x5pf9jr xo71vjh\" src=\"https:\/\/static.xx.fbcdn.net\/images\/emoji.php\/v9\/tac\/1\/16\/1f4cc.png\" alt=\"\ud83d\udccc\" width=\"16\" height=\"16\" \/><\/span> Incluye estuche r\u00edgido.<\/div>\n<div dir=\"auto\"><span class=\"html-span xexx8yu x4uap5 x18d9i69 xkhd6sd x1hl2dhg x16tdsg8 x1vvkbs x3nfvp2 x1j61x8r x1fcty0u xdj266r xat24cr xgzva0m xhhsvwb xxymvpz xlup9mm x1kky2od\"><img decoding=\"async\" class=\"xz74otr x168nmei x13lgxp2 x5pf9jr xo71vjh\" src=\"https:\/\/static.xx.fbcdn.net\/images\/emoji.php\/v9\/tac\/1\/16\/1f4cc.png\" alt=\"\ud83d\udccc\" width=\"16\" height=\"16\" \/><\/span> En excelente estado para su edad, con el desgaste natural de una guitarra vintage.<\/div>\n<\/div>\n","protected":false},"excerpt":{"rendered":"<div class=\"x11i5rnm xat24cr x1mh8g0r x1vvkbs xtlvy1s x126k92a\">\n<div dir=\"auto\">Calidad Artesanal Japonesa<\/div>\n<div dir=\"auto\"><\/div>\n<\/div>\n<div class=\"x11i5rnm xat24cr x1mh8g0r x1vvkbs xtlvy1s x126k92a\">\n<div dir=\"auto\">La Alvarez Yairi DY-56 de 1986 es una guitarra ac\u00fastica de alta calidad, construida artesanalmente en Jap\u00f3n por Kazuo Yairi, un luthier reconocido por su meticulosa atenci\u00f3n al detalle. Este modelo ofrece una combinaci\u00f3n perfecta de tapa s\u00f3lida de abeto y cuerpo de caoba, lo que le otorga un sonido c\u00e1lido, con gran profundidad y excelente proyecci\u00f3n.<\/div>\n<div dir=\"auto\"><\/div>\n<\/div>\n<div class=\"x11i5rnm xat24cr x1mh8g0r x1vvkbs xtlvy1s x126k92a\">\n<div dir=\"auto\">Aunque la DY-56 es un modelo poco conocido, guitarras Alvarez Yairi han sido utilizadas por grandes m\u00fasicos. Un dato interesante es que Bono de U2 toc\u00f3 una guitarra Alvarez Yairi igaul durante \u00abThe Joshua Tree Tour\u00bb en 1987, lo que demuestra la calidad y el car\u00e1cter de estos instrumentos.<\/div>\n<div dir=\"auto\"><\/div>\n<\/div>\n<div class=\"x11i5rnm xat24cr x1mh8g0r x1vvkbs xtlvy1s x126k92a\">\n<div dir=\"auto\">Esta guitarra es una opci\u00f3n ideal para m\u00fasicos que buscan un tono vintage, con una construcci\u00f3n impecable y una gran comodidad al tocar.<\/div>\n<\/div>\n","protected":false},"featured_media":2968,"template":"","meta":{"site-sidebar-layout":"no-sidebar","site-content-layout":"","ast-site-content-layout":"default","site-content-style":"default","site-sidebar-style":"default","ast-global-header-display":"","ast-banner-title-visibility":"","ast-main-header-display":"","ast-hfb-above-header-display":"","ast-hfb-below-header-display":"","ast-hfb-mobile-header-display":"","site-post-title":"","ast-breadcrumbs-content":"","ast-featured-img":"","footer-sml-layout":"","ast-disable-related-posts":"","theme-transparent-header-meta":"default","adv-header-id-meta":"","stick-header-meta":"","header-above-stick-meta":"","header-main-stick-meta":"","header-below-stick-meta":"","astra-migrate-meta-layouts":"set","ast-page-background-enabled":"default","ast-page-background-meta":{"desktop":{"background-color":"var(--ast-global-color-4)","background-image":"","background-repeat":"repeat","background-position":"center center","background-size":"auto","background-attachment":"scroll","background-type":"","background-media":"","overlay-type":"","overlay-color":"","overlay-opacity":"","overlay-gradient":""},"tablet":{"background-color":"","background-image":"","background-repeat":"repeat","background-position":"center center","background-size":"auto","background-attachment":"scroll","background-type":"","background-media":"","overlay-type":"","overlay-color":"","overlay-opacity":"","overlay-gradient":""},"mobile":{"background-color":"","background-image":"","background-repeat":"repeat","background-position":"center center","background-size":"auto","background-attachment":"scroll","background-type":"","background-media":"","overlay-type":"","overlay-color":"","overlay-opacity":"","overlay-gradient":""}},"ast-content-background-meta":{"desktop":{"background-color":"var(--ast-global-color-5)","background-image":"","background-repeat":"repeat","background-position":"center center","background-size":"auto","background-attachment":"scroll","background-type":"","background-media":"","overlay-type":"","overlay-color":"","overlay-opacity":"","overlay-gradient":""},"tablet":{"background-color":"var(--ast-global-color-5)","background-image":"","background-repeat":"repeat","background-position":"center center","background-size":"auto","background-attachment":"scroll","background-type":"","background-media":"","overlay-type":"","overlay-color":"","overlay-opacity":"","overlay-gradient":""},"mobile":{"background-color":"var(--ast-global-color-5)","background-image":"","background-repeat":"repeat","background-position":"center center","background-size":"auto","background-attachment":"scroll","background-type":"","background-media":"","overlay-type":"","overlay-color":"","overlay-opacity":"","overlay-gradient":""}},"_joinchat":[]},"product_brand":[],"product_cat":[22,24,15],"product_tag":[],"class_list":{"0":"post-2967","1":"product","2":"type-product","3":"status-publish","4":"has-post-thumbnail","6":"product_cat-guitarras","7":"product_cat-guitarras-acusticas","8":"product_cat-sin-categorizar","9":"desktop-align-left","10":"tablet-align-left","11":"mobile-align-left","13":"first","14":"instock","15":"shipping-taxable","16":"purchasable","17":"product-type-simple"},"jetpack-related-posts":[{"id":255,"url":"https:\/\/musicuyinstrumentos.com\/index.php\/producto\/carvin-cobalt-ct980ts-12-cuerdas\/","url_meta":{"origin":2967,"position":0},"title":"Carvin Cobalt C980T12 (12 cuerdas)","author":"matiaspmartinez","date":"1 de marzo de 2022","format":false,"excerpt":"La Carvin Cobalt C980T12 es una guitarra electroac\u00fastica de 12 cuerdas de alt\u00edsima calidad, fabricada en asociaci\u00f3n con luthiers seleccionados de Corea bajo los m\u00e1s exigentes est\u00e1ndares de Carvin USA. Se trata de un modelo que combina maderas nobles, un dise\u00f1o cl\u00e1sico y un sonido potente y balanceado, ideal tanto\u2026","rel":"","context":"Entrada similar","block_context":{"text":"Entrada similar","link":""},"img":{"alt_text":"","src":"https:\/\/i0.wp.com\/musicuyinstrumentos.com\/wp-content\/uploads\/2022\/03\/Carvin-C980T12-1.jpg?fit=1080%2C1080&ssl=1&resize=350%2C200","width":350,"height":200,"srcset":"https:\/\/i0.wp.com\/musicuyinstrumentos.com\/wp-content\/uploads\/2022\/03\/Carvin-C980T12-1.jpg?fit=1080%2C1080&ssl=1&resize=350%2C200 1x, https:\/\/i0.wp.com\/musicuyinstrumentos.com\/wp-content\/uploads\/2022\/03\/Carvin-C980T12-1.jpg?fit=1080%2C1080&ssl=1&resize=525%2C300 1.5x, https:\/\/i0.wp.com\/musicuyinstrumentos.com\/wp-content\/uploads\/2022\/03\/Carvin-C980T12-1.jpg?fit=1080%2C1080&ssl=1&resize=700%2C400 2x, https:\/\/i0.wp.com\/musicuyinstrumentos.com\/wp-content\/uploads\/2022\/03\/Carvin-C980T12-1.jpg?fit=1080%2C1080&ssl=1&resize=1050%2C600 3x"},"classes":[]},{"id":3504,"url":"https:\/\/musicuyinstrumentos.com\/index.php\/producto\/takamine-ef360-bc-pro-series-1990-japon\/","url_meta":{"origin":2967,"position":1},"title":"Takamine EF360 BC Pro Series &#8211; 1990 &#8211; Jap\u00f3n","author":"matiaspmartinez","date":"29 de octubre de 2025","format":false,"excerpt":"La Takamine EF360 BC es una guitarra electroac\u00fastica de la serie profesional japonesa, fabricada en 1990, reconocida por su tono balanceado, proyecci\u00f3n excepcional y calidad de construcci\u00f3n artesanal. Este modelo ofrece un sonido c\u00e1lido, con graves definidos, medios redondos y agudos brillantes, ideal para int\u00e9rpretes que buscan una ac\u00fastica vers\u00e1til\u2026","rel":"","context":"Entrada similar","block_context":{"text":"Entrada similar","link":""},"img":{"alt_text":"","src":"https:\/\/i0.wp.com\/musicuyinstrumentos.com\/wp-content\/uploads\/2025\/10\/FacturandoTakamine-EF360-1.jpg?fit=1080%2C1080&ssl=1&resize=350%2C200","width":350,"height":200,"srcset":"https:\/\/i0.wp.com\/musicuyinstrumentos.com\/wp-content\/uploads\/2025\/10\/FacturandoTakamine-EF360-1.jpg?fit=1080%2C1080&ssl=1&resize=350%2C200 1x, https:\/\/i0.wp.com\/musicuyinstrumentos.com\/wp-content\/uploads\/2025\/10\/FacturandoTakamine-EF360-1.jpg?fit=1080%2C1080&ssl=1&resize=525%2C300 1.5x, https:\/\/i0.wp.com\/musicuyinstrumentos.com\/wp-content\/uploads\/2025\/10\/FacturandoTakamine-EF360-1.jpg?fit=1080%2C1080&ssl=1&resize=700%2C400 2x, https:\/\/i0.wp.com\/musicuyinstrumentos.com\/wp-content\/uploads\/2025\/10\/FacturandoTakamine-EF360-1.jpg?fit=1080%2C1080&ssl=1&resize=1050%2C600 3x"},"classes":[]},{"id":3606,"url":"https:\/\/musicuyinstrumentos.com\/index.php\/producto\/epiphone-les-paul-custom-black-beauty\/","url_meta":{"origin":2967,"position":2},"title":"Epiphone Les Paul Custom Black Beauty","author":"matiaspmartinez","date":"5 de febrero de 2026","format":false,"excerpt":"La Epiphone Les Paul Custom Black Beauty es uno de los modelos m\u00e1s ic\u00f3nicos y elegantes dentro del universo Les Paul. Inspirada en la legendaria Custom de Gibson, esta versi\u00f3n mantiene el esp\u00edritu cl\u00e1sico con una est\u00e9tica sobria y lujosa, sumado a una construcci\u00f3n s\u00f3lida y un sonido potente. Su\u2026","rel":"","context":"Entrada similar","block_context":{"text":"Entrada similar","link":""},"img":{"alt_text":"","src":"https:\/\/i0.wp.com\/musicuyinstrumentos.com\/wp-content\/uploads\/2026\/02\/Epiphone-Les-Paul-Custom-Black-Beauty-1-scaled.jpg?fit=1200%2C1200&ssl=1&resize=350%2C200","width":350,"height":200,"srcset":"https:\/\/i0.wp.com\/musicuyinstrumentos.com\/wp-content\/uploads\/2026\/02\/Epiphone-Les-Paul-Custom-Black-Beauty-1-scaled.jpg?fit=1200%2C1200&ssl=1&resize=350%2C200 1x, https:\/\/i0.wp.com\/musicuyinstrumentos.com\/wp-content\/uploads\/2026\/02\/Epiphone-Les-Paul-Custom-Black-Beauty-1-scaled.jpg?fit=1200%2C1200&ssl=1&resize=525%2C300 1.5x, https:\/\/i0.wp.com\/musicuyinstrumentos.com\/wp-content\/uploads\/2026\/02\/Epiphone-Les-Paul-Custom-Black-Beauty-1-scaled.jpg?fit=1200%2C1200&ssl=1&resize=700%2C400 2x, https:\/\/i0.wp.com\/musicuyinstrumentos.com\/wp-content\/uploads\/2026\/02\/Epiphone-Les-Paul-Custom-Black-Beauty-1-scaled.jpg?fit=1200%2C1200&ssl=1&resize=1050%2C600 3x"},"classes":[]},{"id":2339,"url":"https:\/\/musicuyinstrumentos.com\/index.php\/producto\/martin-d-16h\/","url_meta":{"origin":2967,"position":3},"title":"Martin D-16H 1995 c\/piezo LR Baggs","author":"matiaspmartinez","date":"14 de enero de 2024","format":false,"excerpt":"La Martin D-16H es una dreadnought construida en Nazareth, Pennsylvania (USA), con los m\u00e1s altos est\u00e1ndares de calidad y tono. Este modelo de 1995 presenta una construcci\u00f3n tradicional full solid y un sonido c\u00e1lido, potente y definido.Lo m\u00e1s destacable de esta unidad es su estado impecable: estuvo guardada en su\u2026","rel":"","context":"Entrada similar","block_context":{"text":"Entrada similar","link":""},"img":{"alt_text":"","src":"https:\/\/i0.wp.com\/musicuyinstrumentos.com\/wp-content\/uploads\/2024\/01\/Martin-D-16H-1.jpg?fit=1080%2C1080&ssl=1&resize=350%2C200","width":350,"height":200,"srcset":"https:\/\/i0.wp.com\/musicuyinstrumentos.com\/wp-content\/uploads\/2024\/01\/Martin-D-16H-1.jpg?fit=1080%2C1080&ssl=1&resize=350%2C200 1x, https:\/\/i0.wp.com\/musicuyinstrumentos.com\/wp-content\/uploads\/2024\/01\/Martin-D-16H-1.jpg?fit=1080%2C1080&ssl=1&resize=525%2C300 1.5x, https:\/\/i0.wp.com\/musicuyinstrumentos.com\/wp-content\/uploads\/2024\/01\/Martin-D-16H-1.jpg?fit=1080%2C1080&ssl=1&resize=700%2C400 2x, https:\/\/i0.wp.com\/musicuyinstrumentos.com\/wp-content\/uploads\/2024\/01\/Martin-D-16H-1.jpg?fit=1080%2C1080&ssl=1&resize=1050%2C600 3x"},"classes":[]},{"id":37,"url":"https:\/\/musicuyinstrumentos.com\/index.php\/producto\/carvin-cobalt-ct770ts\/","url_meta":{"origin":2967,"position":4},"title":"Carvin Cobalt C770TS","author":"matiaspmartinez","date":"1 de marzo de 2022","format":false,"excerpt":"La Carvin Cobalt C770TS es una guitarra electroac\u00fastica de gama alta, dise\u00f1ada en USA y construida por luthiers selectos en Corea con materiales de primera. Su dise\u00f1o tipo dreadnought con corte veneciano y su electr\u00f3nica Fishman la convierten en una excelente opci\u00f3n tanto para grabaci\u00f3n como para shows en vivo.\u2026","rel":"","context":"Entrada similar","block_context":{"text":"Entrada similar","link":""},"img":{"alt_text":"","src":"https:\/\/i0.wp.com\/musicuyinstrumentos.com\/wp-content\/uploads\/2022\/03\/Carvin-Cobalt-C770T-1.jpg?fit=1080%2C1080&ssl=1&resize=350%2C200","width":350,"height":200,"srcset":"https:\/\/i0.wp.com\/musicuyinstrumentos.com\/wp-content\/uploads\/2022\/03\/Carvin-Cobalt-C770T-1.jpg?fit=1080%2C1080&ssl=1&resize=350%2C200 1x, https:\/\/i0.wp.com\/musicuyinstrumentos.com\/wp-content\/uploads\/2022\/03\/Carvin-Cobalt-C770T-1.jpg?fit=1080%2C1080&ssl=1&resize=525%2C300 1.5x, https:\/\/i0.wp.com\/musicuyinstrumentos.com\/wp-content\/uploads\/2022\/03\/Carvin-Cobalt-C770T-1.jpg?fit=1080%2C1080&ssl=1&resize=700%2C400 2x, https:\/\/i0.wp.com\/musicuyinstrumentos.com\/wp-content\/uploads\/2022\/03\/Carvin-Cobalt-C770T-1.jpg?fit=1080%2C1080&ssl=1&resize=1050%2C600 3x"},"classes":[]},{"id":747,"url":"https:\/\/musicuyinstrumentos.com\/index.php\/producto\/washburn-ea-26-craig-chaquico-signatures\/","url_meta":{"origin":2967,"position":5},"title":"Washburn EA-26 Craig Chaquico Signatures","author":"matiaspmartinez","date":"16 de marzo de 2022","format":false,"excerpt":"Dise\u00f1ada en colaboraci\u00f3n con Craig Chaquico, guitarrista de Starship y Jefferson Starship, la Washburn EA-26 es una guitarra electroac\u00fastica que combina una construcci\u00f3n de calidad con caracter\u00edsticas que la hacen perfecta para el escenario. Su cuerpo estilo mini jumbo con cutaway ofrece gran comodidad al tocar y un tono equilibrado.\u2026","rel":"","context":"Entrada similar","block_context":{"text":"Entrada similar","link":""},"img":{"alt_text":"","src":"https:\/\/i0.wp.com\/musicuyinstrumentos.com\/wp-content\/uploads\/2022\/03\/Washburn-EA-26-Craig-Chaquico-1-copia.jpg?fit=1080%2C1080&ssl=1&resize=350%2C200","width":350,"height":200,"srcset":"https:\/\/i0.wp.com\/musicuyinstrumentos.com\/wp-content\/uploads\/2022\/03\/Washburn-EA-26-Craig-Chaquico-1-copia.jpg?fit=1080%2C1080&ssl=1&resize=350%2C200 1x, https:\/\/i0.wp.com\/musicuyinstrumentos.com\/wp-content\/uploads\/2022\/03\/Washburn-EA-26-Craig-Chaquico-1-copia.jpg?fit=1080%2C1080&ssl=1&resize=525%2C300 1.5x, https:\/\/i0.wp.com\/musicuyinstrumentos.com\/wp-content\/uploads\/2022\/03\/Washburn-EA-26-Craig-Chaquico-1-copia.jpg?fit=1080%2C1080&ssl=1&resize=700%2C400 2x, https:\/\/i0.wp.com\/musicuyinstrumentos.com\/wp-content\/uploads\/2022\/03\/Washburn-EA-26-Craig-Chaquico-1-copia.jpg?fit=1080%2C1080&ssl=1&resize=1050%2C600 3x"},"classes":[]}],"jetpack_sharing_enabled":true,"_links":{"self":[{"href":"https:\/\/musicuyinstrumentos.com\/index.php\/wp-json\/wp\/v2\/product\/2967","targetHints":{"allow":["GET"]}}],"collection":[{"href":"https:\/\/musicuyinstrumentos.com\/index.php\/wp-json\/wp\/v2\/product"}],"about":[{"href":"https:\/\/musicuyinstrumentos.com\/index.php\/wp-json\/wp\/v2\/types\/product"}],"version-history":[{"count":1,"href":"https:\/\/musicuyinstrumentos.com\/index.php\/wp-json\/wp\/v2\/product\/2967\/revisions"}],"predecessor-version":[{"id":2977,"href":"https:\/\/musicuyinstrumentos.com\/index.php\/wp-json\/wp\/v2\/product\/2967\/revisions\/2977"}],"wp:featuredmedia":[{"embeddable":true,"href":"https:\/\/musicuyinstrumentos.com\/index.php\/wp-json\/wp\/v2\/media\/2968"}],"wp:attachment":[{"href":"https:\/\/musicuyinstrumentos.com\/index.php\/wp-json\/wp\/v2\/media?parent=2967"}],"wp:term":[{"taxonomy":"product_brand","embeddable":true,"href":"https:\/\/musicuyinstrumentos.com\/index.php\/wp-json\/wp\/v2\/product_brand?post=2967"},{"taxonomy":"product_cat","embeddable":true,"href":"https:\/\/musicuyinstrumentos.com\/index.php\/wp-json\/wp\/v2\/product_cat?post=2967"},{"taxonomy":"product_tag","embeddable":true,"href":"https:\/\/musicuyinstrumentos.com\/index.php\/wp-json\/wp\/v2\/product_tag?post=2967"}],"curies":[{"name":"wp","href":"https:\/\/api.w.org\/{rel}","templated":true}]}}