{"id":2978,"date":"2025-04-06T14:07:24","date_gmt":"2025-04-06T17:07:24","guid":{"rendered":"https:\/\/musicuyinstrumentos.com\/?post_type=product&#038;p=2978"},"modified":"2026-04-29T15:16:14","modified_gmt":"2026-04-29T18:16:14","slug":"charvel-pro-mod-dk24-hh-2pt-cm","status":"publish","type":"product","link":"https:\/\/musicuyinstrumentos.com\/index.php\/producto\/charvel-pro-mod-dk24-hh-2pt-cm\/","title":{"rendered":"Charvel Pro-Mod DK24 HH 2PT CM"},"content":{"rendered":"<div class=\"x11i5rnm xat24cr x1mh8g0r x1vvkbs xtlvy1s x126k92a\">\n<div dir=\"auto\">\n<div class=\"\" data-block=\"true\" data-editor=\"94p55\" data-offset-key=\"29r7p-0-0\">\n<div class=\"_1mf _1mj\" data-offset-key=\"29r7p-0-0\"><span data-offset-key=\"29r7p-0-0\">\u2705 Modelo: Charvel Pro-Mod DK24 HH 2PT CM<\/span><\/div>\n<\/div>\n<div class=\"\" data-block=\"true\" data-editor=\"94p55\" data-offset-key=\"31gc5-0-0\">\n<div class=\"_1mf _1mj\" data-offset-key=\"31gc5-0-0\"><span data-offset-key=\"31gc5-0-0\">\u2705 Cuerpo: Tilo (Basswood)<\/span><\/div>\n<\/div>\n<div class=\"\" data-block=\"true\" data-editor=\"94p55\" data-offset-key=\"9eung-0-0\">\n<div class=\"_1mf _1mj\" data-offset-key=\"9eung-0-0\"><span data-offset-key=\"9eung-0-0\">\u2705 M\u00e1stil: Arce caramelizado con refuerzos de grafito<\/span><\/div>\n<\/div>\n<div class=\"\" data-block=\"true\" data-editor=\"94p55\" data-offset-key=\"s34j-0-0\">\n<div class=\"_1mf _1mj\" data-offset-key=\"s34j-0-0\"><span data-offset-key=\"s34j-0-0\">\u2705 Construcci\u00f3n: Bolt-On<\/span><\/div>\n<\/div>\n<div class=\"\" data-block=\"true\" data-editor=\"94p55\" data-offset-key=\"u78v-0-0\">\n<div class=\"_1mf _1mj\" data-offset-key=\"u78v-0-0\"><span data-offset-key=\"u78v-0-0\">\u2705 Perfil: Speed Neck<\/span><\/div>\n<\/div>\n<div class=\"\" data-block=\"true\" data-editor=\"94p55\" data-offset-key=\"9dasv-0-0\">\n<div class=\"_1mf _1mj\" data-offset-key=\"9dasv-0-0\"><span data-offset-key=\"9dasv-0-0\">\u2705 Diapas\u00f3n: Arce caramelizado<\/span><\/div>\n<\/div>\n<div class=\"\" data-block=\"true\" data-editor=\"94p55\" data-offset-key=\"fip7f-0-0\">\n<div class=\"_1mf _1mj\" data-offset-key=\"fip7f-0-0\"><span data-offset-key=\"fip7f-0-0\">\u2705 Radio: Compuesto 12\u201d\u201316\u201d<\/span><\/div>\n<\/div>\n<div class=\"\" data-block=\"true\" data-editor=\"94p55\" data-offset-key=\"ekrij-0-0\">\n<div class=\"_1mf _1mj\" data-offset-key=\"ekrij-0-0\"><span data-offset-key=\"ekrij-0-0\">\u2705 Escala: 25.5\u201d<\/span><\/div>\n<\/div>\n<div class=\"\" data-block=\"true\" data-editor=\"94p55\" data-offset-key=\"f8jh1-0-0\">\n<div class=\"_1mf _1mj\" data-offset-key=\"f8jh1-0-0\"><span data-offset-key=\"f8jh1-0-0\">\u2705 Trastes: 24 Jumbo<\/span><\/div>\n<\/div>\n<div class=\"\" data-block=\"true\" data-editor=\"94p55\" data-offset-key=\"5lefp-0-0\">\n<div class=\"_1mf _1mj\" data-offset-key=\"5lefp-0-0\"><span data-offset-key=\"5lefp-0-0\">\u2705 Pastillas:<\/span><\/div>\n<\/div>\n<div class=\"\" data-block=\"true\" data-editor=\"94p55\" data-offset-key=\"ehtcm-0-0\">\n<div class=\"_1mf _1mj\" data-offset-key=\"ehtcm-0-0\"><span data-offset-key=\"ehtcm-0-0\">\u2003\u2022 Bridge: Seymour Duncan Full Shred<\/span><\/div>\n<\/div>\n<div class=\"\" data-block=\"true\" data-editor=\"94p55\" data-offset-key=\"3s2nd-0-0\">\n<div class=\"_1mf _1mj\" data-offset-key=\"3s2nd-0-0\"><span data-offset-key=\"3s2nd-0-0\">\u2003\u2022 Neck: Seymour Duncan Alnico II Pro<\/span><\/div>\n<\/div>\n<div class=\"\" data-block=\"true\" data-editor=\"94p55\" data-offset-key=\"a1blu-0-0\">\n<div class=\"_1mf _1mj\" data-offset-key=\"a1blu-0-0\"><span data-offset-key=\"a1blu-0-0\">\u2705 Controles:<\/span><\/div>\n<\/div>\n<div class=\"\" data-block=\"true\" data-editor=\"94p55\" data-offset-key=\"2jjmr-0-0\">\n<div class=\"_1mf _1mj\" data-offset-key=\"2jjmr-0-0\"><span data-offset-key=\"2jjmr-0-0\">\u2003\u2022 Volumen<\/span><\/div>\n<\/div>\n<div class=\"\" data-block=\"true\" data-editor=\"94p55\" data-offset-key=\"9bj3v-0-0\">\n<div class=\"_1mf _1mj\" data-offset-key=\"9bj3v-0-0\"><span data-offset-key=\"9bj3v-0-0\">\u2003\u2022 Tono<\/span><\/div>\n<\/div>\n<div class=\"\" data-block=\"true\" data-editor=\"94p55\" data-offset-key=\"7963n-0-0\">\n<div class=\"_1mf _1mj\" data-offset-key=\"7963n-0-0\"><span data-offset-key=\"7963n-0-0\">\u2003\u2022 Mini switch (coil split)<\/span><\/div>\n<\/div>\n<div class=\"\" data-block=\"true\" data-editor=\"94p55\" data-offset-key=\"600bu-0-0\">\n<div class=\"_1mf _1mj\" data-offset-key=\"600bu-0-0\"><span data-offset-key=\"600bu-0-0\">\u2003\u2022 Selector de 5 posiciones<\/span><\/div>\n<\/div>\n<div class=\"\" data-block=\"true\" data-editor=\"94p55\" data-offset-key=\"7u9mb-0-0\">\n<div class=\"_1mf _1mj\" data-offset-key=\"7u9mb-0-0\"><span data-offset-key=\"7u9mb-0-0\">\u2705 Puente: Gotoh Custom 510 Tremolo<\/span><\/div>\n<\/div>\n<div class=\"\" data-block=\"true\" data-editor=\"94p55\" data-offset-key=\"lcm1-0-0\">\n<div class=\"_1mf _1mj\" data-offset-key=\"lcm1-0-0\"><span data-offset-key=\"lcm1-0-0\">\u2705 Clavijas: Charvel Locking Tuners<\/span><\/div>\n<\/div>\n<div class=\"\" data-block=\"true\" data-editor=\"94p55\" data-offset-key=\"8oon2-0-0\">\n<div class=\"_1mf _1mj\" data-offset-key=\"8oon2-0-0\"><span data-offset-key=\"8oon2-0-0\">\u2705 Cejuela: Graph Tech TUSQ XL<\/span><\/div>\n<\/div>\n<div class=\"\" data-block=\"true\" data-editor=\"94p55\" data-offset-key=\"bhohc-0-0\">\n<div class=\"_1mf _1mj\" data-offset-key=\"bhohc-0-0\"><span data-offset-key=\"bhohc-0-0\">\u2705 Color: Matte Blue Frost<\/span><\/div>\n<\/div>\n<div class=\"\" data-block=\"true\" data-editor=\"94p55\" data-offset-key=\"27k9-0-0\">\n<div class=\"_1mf _1mj\" data-offset-key=\"27k9-0-0\"><span data-offset-key=\"27k9-0-0\">\u2705 Hardware: Cromado<\/span><\/div>\n<\/div>\n<div class=\"\" data-block=\"true\" data-editor=\"94p55\" data-offset-key=\"qbao-0-0\">\n<div class=\"_1mf _1mj\" data-offset-key=\"qbao-0-0\"><span data-offset-key=\"qbao-0-0\">\u00a0<\/span><\/div>\n<\/div>\n<div class=\"\" data-block=\"true\" data-editor=\"94p55\" data-offset-key=\"bog4o-0-0\">\n<div class=\"_1mf _1mj\" data-offset-key=\"bog4o-0-0\"><span data-offset-key=\"bog4o-0-0\">\ud83c\udfb6 Car\u00e1cter sonoro<\/span><\/div>\n<\/div>\n<div class=\"\" data-block=\"true\" data-editor=\"94p55\" data-offset-key=\"8470l-0-0\">\n<div class=\"_1mf _1mj\" data-offset-key=\"8470l-0-0\"><span data-offset-key=\"8470l-0-0\">\ud83c\udfaf Gran definici\u00f3n incluso con alta ganancia<\/span><\/div>\n<\/div>\n<div class=\"\" data-block=\"true\" data-editor=\"94p55\" data-offset-key=\"7aond-0-0\">\n<div class=\"_1mf _1mj\" data-offset-key=\"7aond-0-0\"><span data-offset-key=\"7aond-0-0\">\ud83c\udfaf Excelente respuesta din\u00e1mica<\/span><\/div>\n<\/div>\n<div class=\"\" data-block=\"true\" data-editor=\"94p55\" data-offset-key=\"3u29i-0-0\">\n<div class=\"_1mf _1mj\" data-offset-key=\"3u29i-0-0\"><span data-offset-key=\"3u29i-0-0\">\ud83c\udfaf Posiciones single coil muy usables (coil split)<\/span><\/div>\n<\/div>\n<div class=\"\" data-block=\"true\" data-editor=\"94p55\" data-offset-key=\"ans30-0-0\">\n<div class=\"_1mf _1mj\" data-offset-key=\"ans30-0-0\"><span data-offset-key=\"ans30-0-0\">\ud83c\udfaf Balance perfecto entre ataque y sustain<\/span><\/div>\n<\/div>\n<div class=\"\" data-block=\"true\" data-editor=\"94p55\" data-offset-key=\"1o7qb-0-0\">\n<div class=\"_1mf _1mj\" data-offset-key=\"1o7qb-0-0\"><span data-offset-key=\"1o7qb-0-0\">\ud83c\udfaf Sonido moderno y vers\u00e1til<\/span><\/div>\n<\/div>\n<div class=\"\" data-block=\"true\" data-editor=\"94p55\" data-offset-key=\"28rv-0-0\">\n<div class=\"_1mf _1mj\" data-offset-key=\"28rv-0-0\"><span data-offset-key=\"28rv-0-0\">\u00a0<\/span><\/div>\n<\/div>\n<div class=\"\" data-block=\"true\" data-editor=\"94p55\" data-offset-key=\"79b9h-0-0\">\n<div class=\"_1mf _1mj\" data-offset-key=\"79b9h-0-0\"><span data-offset-key=\"79b9h-0-0\">Ideal para:<\/span><\/div>\n<\/div>\n<div class=\"\" data-block=\"true\" data-editor=\"94p55\" data-offset-key=\"fa4hu-0-0\">\n<div class=\"_1mf _1mj\" data-offset-key=\"fa4hu-0-0\"><span data-offset-key=\"fa4hu-0-0\">\ud83c\udfb8 Rock<\/span><\/div>\n<\/div>\n<div class=\"\" data-block=\"true\" data-editor=\"94p55\" data-offset-key=\"5mavc-0-0\">\n<div class=\"_1mf _1mj\" data-offset-key=\"5mavc-0-0\"><span data-offset-key=\"5mavc-0-0\">\ud83c\udfb8 Metal<\/span><\/div>\n<\/div>\n<div class=\"\" data-block=\"true\" data-editor=\"94p55\" data-offset-key=\"99st2-0-0\">\n<div class=\"_1mf _1mj\" data-offset-key=\"99st2-0-0\"><span data-offset-key=\"99st2-0-0\">\ud83c\udfb8 Fusi\u00f3n<\/span><\/div>\n<\/div>\n<div class=\"\" data-block=\"true\" data-editor=\"94p55\" data-offset-key=\"3ohk4-0-0\">\n<div class=\"_1mf _1mj\" data-offset-key=\"3ohk4-0-0\"><span data-offset-key=\"3ohk4-0-0\">\ud83c\udfb8 Progresivo<\/span><\/div>\n<\/div>\n<div class=\"\" data-block=\"true\" data-editor=\"94p55\" data-offset-key=\"etulo-0-0\">\n<div class=\"_1mf _1mj\" data-offset-key=\"etulo-0-0\"><span data-offset-key=\"etulo-0-0\">\ud83c\udfb8 Sesi\u00f3n \/ estudio<\/span><\/div>\n<\/div>\n<div class=\"\" data-block=\"true\" data-editor=\"94p55\" data-offset-key=\"4st7-0-0\">\n<div class=\"_1mf _1mj\" data-offset-key=\"4st7-0-0\"><span data-offset-key=\"4st7-0-0\">\u00a0<\/span><\/div>\n<\/div>\n<div class=\"\" data-block=\"true\" data-editor=\"94p55\" data-offset-key=\"f5m6k-0-0\">\n<div class=\"_1mf _1mj\" data-offset-key=\"f5m6k-0-0\"><span data-offset-key=\"f5m6k-0-0\">\ud83d\udc4c Excelente estado general<\/span><\/div>\n<\/div>\n<div class=\"\" data-block=\"true\" data-editor=\"94p55\" data-offset-key=\"fagj4-0-0\">\n<div class=\"_1mf _1mj\" data-offset-key=\"fagj4-0-0\"><span data-offset-key=\"fagj4-0-0\">\u00a0<\/span><\/div>\n<\/div>\n<div class=\"\" data-block=\"true\" data-editor=\"94p55\" data-offset-key=\"8tmio-0-0\">\n<div class=\"_1mf _1mj\" data-offset-key=\"8tmio-0-0\"><span data-offset-key=\"8tmio-0-0\">\ud83d\udd25 Una guitarra moderna, r\u00e1pida y extremadamente completa.<\/span><\/div>\n<\/div>\n<div class=\"\" data-block=\"true\" data-editor=\"94p55\" data-offset-key=\"5ibef-0-0\">\n<div class=\"_1mf _1mj\" data-offset-key=\"5ibef-0-0\"><span data-offset-key=\"5ibef-0-0\">\ud83d\udca1 Si busc\u00e1s una superstrat de nivel profesional sin irte a precios boutique, esta Charvel es un acierto total.<\/span><\/div>\n<\/div>\n<\/div>\n<\/div>\n","protected":false},"excerpt":{"rendered":"<div class=\"x11i5rnm xat24cr x1mh8g0r x1vvkbs xtlvy1s x126k92a\">\n<div dir=\"auto\">\n<div class=\"\" data-block=\"true\" data-editor=\"94p55\" data-offset-key=\"f3bpd-0-0\"><\/div>\n<div class=\"\" data-block=\"true\" data-editor=\"94p55\" data-offset-key=\"ao57o-0-0\">\n<div class=\"_1mf _1mj\" data-offset-key=\"ao57o-0-0\"><span style=\"font-size: 16px;\">La Charvel Pro-Mod DK24 HH 2PT CM es una guitarra moderna de alto rendimiento, pensada para guitarristas que priorizan velocidad, comodidad y versatilidad real.<\/span><\/div>\n<\/div>\n<div class=\"\" data-block=\"true\" data-editor=\"94p55\" data-offset-key=\"94o7k-0-0\">\n<div class=\"_1mf _1mj\" data-offset-key=\"94o7k-0-0\"><span data-offset-key=\"94o7k-0-0\">\u00a0<\/span><\/div>\n<\/div>\n<div class=\"\" data-block=\"true\" data-editor=\"94p55\" data-offset-key=\"enf2e-0-0\">\n<div class=\"_1mf _1mj\" data-offset-key=\"enf2e-0-0\"><span data-offset-key=\"enf2e-0-0\">Su dise\u00f1o tipo superstrat con acceso total a los \u00faltimos trastes, combinado con el m\u00e1stil de arce caramelizado \u201cSpeed Neck\u201d, la convierten en un instrumento extremadamente r\u00e1pido y c\u00f3modo.<\/span><\/div>\n<\/div>\n<div class=\"\" data-block=\"true\" data-editor=\"94p55\" data-offset-key=\"9pod2-0-0\">\n<div class=\"_1mf _1mj\" data-offset-key=\"9pod2-0-0\"><span data-offset-key=\"9pod2-0-0\">\u00a0<\/span><\/div>\n<\/div>\n<div class=\"\" data-block=\"true\" data-editor=\"94p55\" data-offset-key=\"e83eo-0-0\">\n<div class=\"_1mf _1mj\" data-offset-key=\"e83eo-0-0\"><span data-offset-key=\"e83eo-0-0\">Equipada con un set de Seymour Duncan, ofrece desde limpios definidos hasta high gain con excelente articulaci\u00f3n, ideal para estilos exigentes.<\/span><\/div>\n<\/div>\n<div class=\"\" data-block=\"true\" data-editor=\"94p55\" data-offset-key=\"62b84-0-0\">\n<div class=\"_1mf _1mj\" data-offset-key=\"62b84-0-0\"><span data-offset-key=\"62b84-0-0\">\u00a0<\/span><\/div>\n<\/div>\n<div class=\"\" data-block=\"true\" data-editor=\"94p55\" data-offset-key=\"7c9cc-0-0\">\n<div class=\"_1mf _1mj\" data-offset-key=\"7c9cc-0-0\"><span data-offset-key=\"7c9cc-0-0\">El puente Gotoh 510 aporta estabilidad, suavidad en el uso del tremolo y gran sustain, coloc\u00e1ndola claramente en una gama profesional.<\/span><\/div>\n<\/div>\n<\/div>\n<\/div>\n","protected":false},"featured_media":2979,"template":"","meta":{"site-sidebar-layout":"no-sidebar","site-content-layout":"","ast-site-content-layout":"default","site-content-style":"default","site-sidebar-style":"default","ast-global-header-display":"","ast-banner-title-visibility":"","ast-main-header-display":"","ast-hfb-above-header-display":"","ast-hfb-below-header-display":"","ast-hfb-mobile-header-display":"","site-post-title":"","ast-breadcrumbs-content":"","ast-featured-img":"","footer-sml-layout":"","ast-disable-related-posts":"","theme-transparent-header-meta":"default","adv-header-id-meta":"","stick-header-meta":"","header-above-stick-meta":"","header-main-stick-meta":"","header-below-stick-meta":"","astra-migrate-meta-layouts":"set","ast-page-background-enabled":"default","ast-page-background-meta":{"desktop":{"background-color":"var(--ast-global-color-4)","background-image":"","background-repeat":"repeat","background-position":"center center","background-size":"auto","background-attachment":"scroll","background-type":"","background-media":"","overlay-type":"","overlay-color":"","overlay-opacity":"","overlay-gradient":""},"tablet":{"background-color":"","background-image":"","background-repeat":"repeat","background-position":"center center","background-size":"auto","background-attachment":"scroll","background-type":"","background-media":"","overlay-type":"","overlay-color":"","overlay-opacity":"","overlay-gradient":""},"mobile":{"background-color":"","background-image":"","background-repeat":"repeat","background-position":"center center","background-size":"auto","background-attachment":"scroll","background-type":"","background-media":"","overlay-type":"","overlay-color":"","overlay-opacity":"","overlay-gradient":""}},"ast-content-background-meta":{"desktop":{"background-color":"var(--ast-global-color-5)","background-image":"","background-repeat":"repeat","background-position":"center center","background-size":"auto","background-attachment":"scroll","background-type":"","background-media":"","overlay-type":"","overlay-color":"","overlay-opacity":"","overlay-gradient":""},"tablet":{"background-color":"var(--ast-global-color-5)","background-image":"","background-repeat":"repeat","background-position":"center center","background-size":"auto","background-attachment":"scroll","background-type":"","background-media":"","overlay-type":"","overlay-color":"","overlay-opacity":"","overlay-gradient":""},"mobile":{"background-color":"var(--ast-global-color-5)","background-image":"","background-repeat":"repeat","background-position":"center center","background-size":"auto","background-attachment":"scroll","background-type":"","background-media":"","overlay-type":"","overlay-color":"","overlay-opacity":"","overlay-gradient":""}},"_joinchat":[]},"product_brand":[],"product_cat":[22,21,15],"product_tag":[],"class_list":{"0":"post-2978","1":"product","2":"type-product","3":"status-publish","4":"has-post-thumbnail","6":"product_cat-guitarras","7":"product_cat-guitarras-electricas","8":"product_cat-sin-categorizar","9":"desktop-align-left","10":"tablet-align-left","11":"mobile-align-left","13":"first","14":"instock","15":"shipping-taxable","16":"purchasable","17":"product-type-simple"},"jetpack-related-posts":[{"id":2784,"url":"https:\/\/musicuyinstrumentos.com\/index.php\/producto\/fernandes-mv-95ht-tomoyasu-hotei-signatures\/","url_meta":{"origin":2978,"position":0},"title":"Fernandes MV-95HT Tomoyasu Hotei Signatures","author":"matiaspmartinez","date":"22 de noviembre de 2024","format":false,"excerpt":"La MV-95HT es un modelo signature del legendario guitarrista japon\u00e9s Tomoyasu Hotei, lanzado por Fernandes a finales de los 80s. Esta guitarra combina un dise\u00f1o elegante y distintivo con electr\u00f3nica activa F.G.I. que ofrece un sonido moderno, claro y vers\u00e1til, ideal para una amplia gama de estilos m\u00e1s all\u00e1 del\u2026","rel":"","context":"Entrada similar","block_context":{"text":"Entrada similar","link":""},"img":{"alt_text":"","src":"https:\/\/i0.wp.com\/musicuyinstrumentos.com\/wp-content\/uploads\/2024\/11\/Fernandes-MV-95HT-1.jpg?fit=1080%2C1080&ssl=1&resize=350%2C200","width":350,"height":200,"srcset":"https:\/\/i0.wp.com\/musicuyinstrumentos.com\/wp-content\/uploads\/2024\/11\/Fernandes-MV-95HT-1.jpg?fit=1080%2C1080&ssl=1&resize=350%2C200 1x, https:\/\/i0.wp.com\/musicuyinstrumentos.com\/wp-content\/uploads\/2024\/11\/Fernandes-MV-95HT-1.jpg?fit=1080%2C1080&ssl=1&resize=525%2C300 1.5x, https:\/\/i0.wp.com\/musicuyinstrumentos.com\/wp-content\/uploads\/2024\/11\/Fernandes-MV-95HT-1.jpg?fit=1080%2C1080&ssl=1&resize=700%2C400 2x, https:\/\/i0.wp.com\/musicuyinstrumentos.com\/wp-content\/uploads\/2024\/11\/Fernandes-MV-95HT-1.jpg?fit=1080%2C1080&ssl=1&resize=1050%2C600 3x"},"classes":[]},{"id":3504,"url":"https:\/\/musicuyinstrumentos.com\/index.php\/producto\/takamine-ef360-bc-pro-series-1990-japon\/","url_meta":{"origin":2978,"position":1},"title":"Takamine EF360 BC Pro Series &#8211; 1990 &#8211; Jap\u00f3n","author":"matiaspmartinez","date":"29 de octubre de 2025","format":false,"excerpt":"La Takamine EF360 BC es una guitarra electroac\u00fastica de la serie profesional japonesa, fabricada en 1990, reconocida por su tono balanceado, proyecci\u00f3n excepcional y calidad de construcci\u00f3n artesanal. Este modelo ofrece un sonido c\u00e1lido, con graves definidos, medios redondos y agudos brillantes, ideal para int\u00e9rpretes que buscan una ac\u00fastica vers\u00e1til\u2026","rel":"","context":"Entrada similar","block_context":{"text":"Entrada similar","link":""},"img":{"alt_text":"","src":"https:\/\/i0.wp.com\/musicuyinstrumentos.com\/wp-content\/uploads\/2025\/10\/FacturandoTakamine-EF360-1.jpg?fit=1080%2C1080&ssl=1&resize=350%2C200","width":350,"height":200,"srcset":"https:\/\/i0.wp.com\/musicuyinstrumentos.com\/wp-content\/uploads\/2025\/10\/FacturandoTakamine-EF360-1.jpg?fit=1080%2C1080&ssl=1&resize=350%2C200 1x, https:\/\/i0.wp.com\/musicuyinstrumentos.com\/wp-content\/uploads\/2025\/10\/FacturandoTakamine-EF360-1.jpg?fit=1080%2C1080&ssl=1&resize=525%2C300 1.5x, https:\/\/i0.wp.com\/musicuyinstrumentos.com\/wp-content\/uploads\/2025\/10\/FacturandoTakamine-EF360-1.jpg?fit=1080%2C1080&ssl=1&resize=700%2C400 2x, https:\/\/i0.wp.com\/musicuyinstrumentos.com\/wp-content\/uploads\/2025\/10\/FacturandoTakamine-EF360-1.jpg?fit=1080%2C1080&ssl=1&resize=1050%2C600 3x"},"classes":[]},{"id":988,"url":"https:\/\/musicuyinstrumentos.com\/index.php\/producto\/carl-martin-octaswitch\/","url_meta":{"origin":2978,"position":2},"title":"Carl Martin Octaswitch","author":"matiaspmartinez","date":"24 de marzo de 2022","format":false,"excerpt":"El Carl Martin Octa-Switch es un sistema de conmutaci\u00f3n de efectos anal\u00f3gico que permite controlar hasta ocho pedales de efectos mediante ocho loops independientes. Cada uno de los ocho bancos programables se configura f\u00e1cilmente mediante interruptores DIP, permitiendo activar combinaciones espec\u00edficas de efectos con un solo toque. Su dise\u00f1o robusto\u2026","rel":"","context":"Entrada similar","block_context":{"text":"Entrada similar","link":""},"img":{"alt_text":"","src":"https:\/\/i0.wp.com\/musicuyinstrumentos.com\/wp-content\/uploads\/2022\/03\/Carl-Martin-Octaswitch-2-copia.jpg?fit=1080%2C1080&ssl=1&resize=350%2C200","width":350,"height":200,"srcset":"https:\/\/i0.wp.com\/musicuyinstrumentos.com\/wp-content\/uploads\/2022\/03\/Carl-Martin-Octaswitch-2-copia.jpg?fit=1080%2C1080&ssl=1&resize=350%2C200 1x, https:\/\/i0.wp.com\/musicuyinstrumentos.com\/wp-content\/uploads\/2022\/03\/Carl-Martin-Octaswitch-2-copia.jpg?fit=1080%2C1080&ssl=1&resize=525%2C300 1.5x, https:\/\/i0.wp.com\/musicuyinstrumentos.com\/wp-content\/uploads\/2022\/03\/Carl-Martin-Octaswitch-2-copia.jpg?fit=1080%2C1080&ssl=1&resize=700%2C400 2x, https:\/\/i0.wp.com\/musicuyinstrumentos.com\/wp-content\/uploads\/2022\/03\/Carl-Martin-Octaswitch-2-copia.jpg?fit=1080%2C1080&ssl=1&resize=1050%2C600 3x"},"classes":[]},{"id":385,"url":"https:\/\/musicuyinstrumentos.com\/index.php\/producto\/ibanez-js1000-joe-satriani-signatures\/","url_meta":{"origin":2978,"position":3},"title":"Ibanez JS1000 Joe Satriani Signatures","author":"matiaspmartinez","date":"7 de marzo de 2022","format":false,"excerpt":"La Ibanez JS1000 es uno de los modelos m\u00e1s ic\u00f3nicos de la l\u00ednea signature del virtuoso guitarrista Joe Satriani. Fabricada en Jap\u00f3n con alt\u00edsimos est\u00e1ndares de calidad, esta guitarra se convirti\u00f3 en una favorita tanto para fans de Satriani como para guitarristas exigentes que buscan comodidad, versatilidad y un sonido\u2026","rel":"","context":"Entrada similar","block_context":{"text":"Entrada similar","link":""},"img":{"alt_text":"","src":"https:\/\/i0.wp.com\/musicuyinstrumentos.com\/wp-content\/uploads\/2022\/03\/Ibanez-JS1000-Joe-Satriani-1-1.jpg?fit=1080%2C1080&ssl=1&resize=350%2C200","width":350,"height":200,"srcset":"https:\/\/i0.wp.com\/musicuyinstrumentos.com\/wp-content\/uploads\/2022\/03\/Ibanez-JS1000-Joe-Satriani-1-1.jpg?fit=1080%2C1080&ssl=1&resize=350%2C200 1x, https:\/\/i0.wp.com\/musicuyinstrumentos.com\/wp-content\/uploads\/2022\/03\/Ibanez-JS1000-Joe-Satriani-1-1.jpg?fit=1080%2C1080&ssl=1&resize=525%2C300 1.5x, https:\/\/i0.wp.com\/musicuyinstrumentos.com\/wp-content\/uploads\/2022\/03\/Ibanez-JS1000-Joe-Satriani-1-1.jpg?fit=1080%2C1080&ssl=1&resize=700%2C400 2x, https:\/\/i0.wp.com\/musicuyinstrumentos.com\/wp-content\/uploads\/2022\/03\/Ibanez-JS1000-Joe-Satriani-1-1.jpg?fit=1080%2C1080&ssl=1&resize=1050%2C600 3x"},"classes":[]},{"id":999,"url":"https:\/\/musicuyinstrumentos.com\/index.php\/producto\/boss-digital-delay-dd-3-made-in-japan\/","url_meta":{"origin":2978,"position":4},"title":"Boss Digital Delay DD-3 (Made in Japan)","author":"matiaspmartinez","date":"24 de marzo de 2022","format":false,"excerpt":"El Boss DD-3 es uno de los pedales de delay digitales m\u00e1s ic\u00f3nicos de todos los tiempos, conocido por su tono cristalino y operaci\u00f3n sencilla. Esta versi\u00f3n en particular fue fabricada en Jap\u00f3n, lo cual la vuelve altamente buscada por coleccionistas y amantes del audio cl\u00e1sico de Boss. Lanzado originalmente\u2026","rel":"","context":"Entrada similar","block_context":{"text":"Entrada similar","link":""},"img":{"alt_text":"","src":"https:\/\/i0.wp.com\/musicuyinstrumentos.com\/wp-content\/uploads\/2022\/03\/Boss-Digital-Delay-DD-3-3-copia.jpg?fit=1080%2C1080&ssl=1&resize=350%2C200","width":350,"height":200,"srcset":"https:\/\/i0.wp.com\/musicuyinstrumentos.com\/wp-content\/uploads\/2022\/03\/Boss-Digital-Delay-DD-3-3-copia.jpg?fit=1080%2C1080&ssl=1&resize=350%2C200 1x, https:\/\/i0.wp.com\/musicuyinstrumentos.com\/wp-content\/uploads\/2022\/03\/Boss-Digital-Delay-DD-3-3-copia.jpg?fit=1080%2C1080&ssl=1&resize=525%2C300 1.5x, https:\/\/i0.wp.com\/musicuyinstrumentos.com\/wp-content\/uploads\/2022\/03\/Boss-Digital-Delay-DD-3-3-copia.jpg?fit=1080%2C1080&ssl=1&resize=700%2C400 2x, https:\/\/i0.wp.com\/musicuyinstrumentos.com\/wp-content\/uploads\/2022\/03\/Boss-Digital-Delay-DD-3-3-copia.jpg?fit=1080%2C1080&ssl=1&resize=1050%2C600 3x"},"classes":[]},{"id":2291,"url":"https:\/\/musicuyinstrumentos.com\/index.php\/producto\/cort-arena-1-matthias-jabs-signature\/","url_meta":{"origin":2978,"position":5},"title":"Cort Arena 1 Matthias Jabs Signature","author":"matiaspmartinez","date":"11 de enero de 2024","format":false,"excerpt":"La Cort Arena 1 es el modelo signature del legendario guitarrista de los Scorpions, Matthias Jabs. Fabricada en Corea del Sur, esta guitarra se destaca por su dise\u00f1o ergon\u00f3mico, calidad de construcci\u00f3n y versatilidad sonora. Su est\u00e9tica \u00fanica, con un cuerpo estilo offset semi-hueco y un elegante acabado flameado, la\u2026","rel":"","context":"Entrada similar","block_context":{"text":"Entrada similar","link":""},"img":{"alt_text":"","src":"https:\/\/i0.wp.com\/musicuyinstrumentos.com\/wp-content\/uploads\/2024\/01\/Cort-Arena-1-Matthias-Jabs-1-copia-Personalizado.jpg?fit=1080%2C1080&ssl=1&resize=350%2C200","width":350,"height":200,"srcset":"https:\/\/i0.wp.com\/musicuyinstrumentos.com\/wp-content\/uploads\/2024\/01\/Cort-Arena-1-Matthias-Jabs-1-copia-Personalizado.jpg?fit=1080%2C1080&ssl=1&resize=350%2C200 1x, https:\/\/i0.wp.com\/musicuyinstrumentos.com\/wp-content\/uploads\/2024\/01\/Cort-Arena-1-Matthias-Jabs-1-copia-Personalizado.jpg?fit=1080%2C1080&ssl=1&resize=525%2C300 1.5x, https:\/\/i0.wp.com\/musicuyinstrumentos.com\/wp-content\/uploads\/2024\/01\/Cort-Arena-1-Matthias-Jabs-1-copia-Personalizado.jpg?fit=1080%2C1080&ssl=1&resize=700%2C400 2x, https:\/\/i0.wp.com\/musicuyinstrumentos.com\/wp-content\/uploads\/2024\/01\/Cort-Arena-1-Matthias-Jabs-1-copia-Personalizado.jpg?fit=1080%2C1080&ssl=1&resize=1050%2C600 3x"},"classes":[]}],"jetpack_sharing_enabled":true,"_links":{"self":[{"href":"https:\/\/musicuyinstrumentos.com\/index.php\/wp-json\/wp\/v2\/product\/2978","targetHints":{"allow":["GET"]}}],"collection":[{"href":"https:\/\/musicuyinstrumentos.com\/index.php\/wp-json\/wp\/v2\/product"}],"about":[{"href":"https:\/\/musicuyinstrumentos.com\/index.php\/wp-json\/wp\/v2\/types\/product"}],"version-history":[{"count":2,"href":"https:\/\/musicuyinstrumentos.com\/index.php\/wp-json\/wp\/v2\/product\/2978\/revisions"}],"predecessor-version":[{"id":3645,"href":"https:\/\/musicuyinstrumentos.com\/index.php\/wp-json\/wp\/v2\/product\/2978\/revisions\/3645"}],"wp:featuredmedia":[{"embeddable":true,"href":"https:\/\/musicuyinstrumentos.com\/index.php\/wp-json\/wp\/v2\/media\/2979"}],"wp:attachment":[{"href":"https:\/\/musicuyinstrumentos.com\/index.php\/wp-json\/wp\/v2\/media?parent=2978"}],"wp:term":[{"taxonomy":"product_brand","embeddable":true,"href":"https:\/\/musicuyinstrumentos.com\/index.php\/wp-json\/wp\/v2\/product_brand?post=2978"},{"taxonomy":"product_cat","embeddable":true,"href":"https:\/\/musicuyinstrumentos.com\/index.php\/wp-json\/wp\/v2\/product_cat?post=2978"},{"taxonomy":"product_tag","embeddable":true,"href":"https:\/\/musicuyinstrumentos.com\/index.php\/wp-json\/wp\/v2\/product_tag?post=2978"}],"curies":[{"name":"wp","href":"https:\/\/api.w.org\/{rel}","templated":true}]}}