{"id":2995,"date":"2025-04-20T00:11:33","date_gmt":"2025-04-20T03:11:33","guid":{"rendered":"https:\/\/musicuyinstrumentos.com\/?post_type=product&#038;p=2995"},"modified":"2025-05-22T12:39:17","modified_gmt":"2025-05-22T15:39:17","slug":"dbz-barchetta-amber-tobacco-burst-upgrades","status":"publish","type":"product","link":"https:\/\/musicuyinstrumentos.com\/index.php\/producto\/dbz-barchetta-amber-tobacco-burst-upgrades\/","title":{"rendered":"DBZ Barchetta Amber Tobacco Burst + Upgrades"},"content":{"rendered":"<p class=\"\" data-start=\"1275\" data-end=\"1722\">\u2705 <strong data-start=\"1316\" data-end=\"1327\">Cuerpo:<\/strong> Aliso<br data-start=\"1333\" data-end=\"1336\" \/>\u2705 <strong data-start=\"1338\" data-end=\"1347\">Tapa:<\/strong> Arce<br data-start=\"1352\" data-end=\"1355\" \/>\u2705 <strong data-start=\"1357\" data-end=\"1368\">M\u00e1stil:<\/strong> Caoba<br data-start=\"1374\" data-end=\"1377\" \/>\u2705 <strong data-start=\"1379\" data-end=\"1392\" data-is-only-node=\"\">Diapas\u00f3n:<\/strong> Palorrosa<br data-start=\"1403\" data-end=\"1406\" \/>\u2705 <strong data-start=\"1408\" data-end=\"1419\">Escala:<\/strong> 25,5\u2033<br data-start=\"1425\" data-end=\"1428\" \/>\u2705 <strong data-start=\"1430\" data-end=\"1445\">Micr\u00f3fonos:<\/strong> Seymour Duncan SH4-JB (puente) y SH-2 Jazz (m\u00e1stil)<br data-start=\"1497\" data-end=\"1500\" \/>\u2705 <strong data-start=\"1502\" data-end=\"1515\">Clavijas:<\/strong> Grover Lock para mayor estabilidad<br data-start=\"1550\" data-end=\"1553\" \/>\u2705 <strong data-start=\"1555\" data-end=\"1569\">Controles:<\/strong> 1 volumen, 1 tono, interruptor de 3 posiciones<br data-start=\"1616\" data-end=\"1619\" \/>\u2705 <strong data-start=\"1621\" data-end=\"1634\">Herrajes:<\/strong> Cromados<br data-start=\"1643\" data-end=\"1646\" \/>\u2705 <strong data-start=\"1648\" data-end=\"1665\">Construcci\u00f3n:<\/strong> Set-neck<\/p>\n<p class=\"\" data-start=\"1724\" data-end=\"1810\">\ud83c\udfb6 Ideal para rock, metal y estilos con mayor demanda de potencia y definici\u00f3n sonora.<\/p>\n","protected":false},"excerpt":{"rendered":"<p class=\"\" data-start=\"440\" data-end=\"1062\">La <strong data-start=\"460\" data-end=\"497\">DBZ Barchetta Amber Tobacco Burst<\/strong> es una guitarra el\u00e9ctrica de dise\u00f1o agresivo y sonido impresionante, perfecta para guitarristas que buscan un instrumento con un estilo \u00fanico y gran versatilidad. Este modelo cuenta con <strong data-start=\"684\" data-end=\"720\">micr\u00f3fonos Seymour Duncan SH4-JB<\/strong> en el puente y <strong data-start=\"736\" data-end=\"749\">SH-2 Jazz<\/strong> en el m\u00e1stil, lo que le da una gama sonora amplia, desde tonos c\u00e1lidos y suaves hasta un sonido agresivo y potente para el rock y el metal. Adem\u00e1s, se le han agregado <strong data-start=\"917\" data-end=\"941\">clavijas Grover Lock<\/strong>, mejorando la estabilidad y afinaci\u00f3n del instrumento, ideal para quienes necesitan un rendimiento confiable y preciso.<\/p>\n<p class=\"\" data-start=\"1064\" data-end=\"1273\">Con una construcci\u00f3n s\u00f3lida, un acabado Amber Tobacco Burst que resalta su car\u00e1cter, y las mejoras mencionadas, esta guitarra ofrece una experiencia de tocado superior tanto en el escenario como en el estudio.<\/p>\n","protected":false},"featured_media":2996,"template":"","meta":{"site-sidebar-layout":"no-sidebar","site-content-layout":"","ast-site-content-layout":"default","site-content-style":"default","site-sidebar-style":"default","ast-global-header-display":"","ast-banner-title-visibility":"","ast-main-header-display":"","ast-hfb-above-header-display":"","ast-hfb-below-header-display":"","ast-hfb-mobile-header-display":"","site-post-title":"","ast-breadcrumbs-content":"","ast-featured-img":"","footer-sml-layout":"","ast-disable-related-posts":"","theme-transparent-header-meta":"default","adv-header-id-meta":"","stick-header-meta":"","header-above-stick-meta":"","header-main-stick-meta":"","header-below-stick-meta":"","astra-migrate-meta-layouts":"set","ast-page-background-enabled":"default","ast-page-background-meta":{"desktop":{"background-color":"var(--ast-global-color-4)","background-image":"","background-repeat":"repeat","background-position":"center center","background-size":"auto","background-attachment":"scroll","background-type":"","background-media":"","overlay-type":"","overlay-color":"","overlay-opacity":"","overlay-gradient":""},"tablet":{"background-color":"","background-image":"","background-repeat":"repeat","background-position":"center center","background-size":"auto","background-attachment":"scroll","background-type":"","background-media":"","overlay-type":"","overlay-color":"","overlay-opacity":"","overlay-gradient":""},"mobile":{"background-color":"","background-image":"","background-repeat":"repeat","background-position":"center center","background-size":"auto","background-attachment":"scroll","background-type":"","background-media":"","overlay-type":"","overlay-color":"","overlay-opacity":"","overlay-gradient":""}},"ast-content-background-meta":{"desktop":{"background-color":"var(--ast-global-color-5)","background-image":"","background-repeat":"repeat","background-position":"center center","background-size":"auto","background-attachment":"scroll","background-type":"","background-media":"","overlay-type":"","overlay-color":"","overlay-opacity":"","overlay-gradient":""},"tablet":{"background-color":"var(--ast-global-color-5)","background-image":"","background-repeat":"repeat","background-position":"center center","background-size":"auto","background-attachment":"scroll","background-type":"","background-media":"","overlay-type":"","overlay-color":"","overlay-opacity":"","overlay-gradient":""},"mobile":{"background-color":"var(--ast-global-color-5)","background-image":"","background-repeat":"repeat","background-position":"center center","background-size":"auto","background-attachment":"scroll","background-type":"","background-media":"","overlay-type":"","overlay-color":"","overlay-opacity":"","overlay-gradient":""}},"_joinchat":[]},"product_brand":[],"product_cat":[22,21,15],"product_tag":[],"class_list":{"0":"post-2995","1":"product","2":"type-product","3":"status-publish","4":"has-post-thumbnail","6":"product_cat-guitarras","7":"product_cat-guitarras-electricas","8":"product_cat-sin-categorizar","9":"desktop-align-left","10":"tablet-align-left","11":"mobile-align-left","13":"first","14":"instock","15":"sale","16":"shipping-taxable","17":"purchasable","18":"product-type-simple"},"jetpack-related-posts":[{"id":286,"url":"https:\/\/musicuyinstrumentos.com\/index.php\/producto\/dbz-cavallo-st\/","url_meta":{"origin":2995,"position":0},"title":"DBZ Cavallo ST","author":"matiaspmartinez","date":"1 de marzo de 2022","format":false,"excerpt":"La DBZ Cavallo ST Natural Vintage es una versi\u00f3n premium de esta m\u00edtica guitarra dise\u00f1ada por el reconocido luthier Dean B. Zelinsky (fundador de Dean Guitars). Este modelo pertenece a la serie original previa a la fusi\u00f3n con Diamond Guitars, y presenta una est\u00e9tica Natural Vintage con vetas visibles que\u2026","rel":"","context":"Entrada similar","block_context":{"text":"Entrada similar","link":""},"img":{"alt_text":"","src":"https:\/\/i0.wp.com\/musicuyinstrumentos.com\/wp-content\/uploads\/2022\/03\/DBZ-Cavallo-AV-1.jpg?fit=1080%2C1080&ssl=1&resize=350%2C200","width":350,"height":200,"srcset":"https:\/\/i0.wp.com\/musicuyinstrumentos.com\/wp-content\/uploads\/2022\/03\/DBZ-Cavallo-AV-1.jpg?fit=1080%2C1080&ssl=1&resize=350%2C200 1x, https:\/\/i0.wp.com\/musicuyinstrumentos.com\/wp-content\/uploads\/2022\/03\/DBZ-Cavallo-AV-1.jpg?fit=1080%2C1080&ssl=1&resize=525%2C300 1.5x, https:\/\/i0.wp.com\/musicuyinstrumentos.com\/wp-content\/uploads\/2022\/03\/DBZ-Cavallo-AV-1.jpg?fit=1080%2C1080&ssl=1&resize=700%2C400 2x, https:\/\/i0.wp.com\/musicuyinstrumentos.com\/wp-content\/uploads\/2022\/03\/DBZ-Cavallo-AV-1.jpg?fit=1080%2C1080&ssl=1&resize=1050%2C600 3x"},"classes":[]},{"id":608,"url":"https:\/\/musicuyinstrumentos.com\/index.php\/producto\/dbz-venom\/","url_meta":{"origin":2995,"position":1},"title":"DBZ Venom","author":"matiaspmartinez","date":"8 de marzo de 2022","format":false,"excerpt":"Una de las primeras versiones de la DBZ Venom, dise\u00f1ada por el legendario luthier Dean B. Zelinsky (fundador de Dean Guitars). Este modelo pertenece a las tandas iniciales fabricadas en Corea, y destaca no solo por su est\u00e9tica agresiva tipo V con l\u00edneas curvas, sino tambi\u00e9n por su potencia sonora\u2026","rel":"","context":"Entrada similar","block_context":{"text":"Entrada similar","link":""},"img":{"alt_text":"","src":"https:\/\/i0.wp.com\/musicuyinstrumentos.com\/wp-content\/uploads\/2022\/03\/DBZ-Venom-1.jpg?fit=1079%2C1080&ssl=1&resize=350%2C200","width":350,"height":200,"srcset":"https:\/\/i0.wp.com\/musicuyinstrumentos.com\/wp-content\/uploads\/2022\/03\/DBZ-Venom-1.jpg?fit=1079%2C1080&ssl=1&resize=350%2C200 1x, https:\/\/i0.wp.com\/musicuyinstrumentos.com\/wp-content\/uploads\/2022\/03\/DBZ-Venom-1.jpg?fit=1079%2C1080&ssl=1&resize=525%2C300 1.5x, https:\/\/i0.wp.com\/musicuyinstrumentos.com\/wp-content\/uploads\/2022\/03\/DBZ-Venom-1.jpg?fit=1079%2C1080&ssl=1&resize=700%2C400 2x, https:\/\/i0.wp.com\/musicuyinstrumentos.com\/wp-content\/uploads\/2022\/03\/DBZ-Venom-1.jpg?fit=1079%2C1080&ssl=1&resize=1050%2C600 3x"},"classes":[]},{"id":477,"url":"https:\/\/musicuyinstrumentos.com\/index.php\/producto\/schecter-c1-classic\/","url_meta":{"origin":2995,"position":2},"title":"Schecter C1-Classic","author":"matiaspmartinez","date":"8 de marzo de 2022","format":false,"excerpt":"Una guitarra de alta gama con un nivel de detalle y construcci\u00f3n dignos de gamas Custom Shop. Fabricada en Corea a principios de los 2000, la C1-Classic es reconocida por su est\u00e9tica elegante y su gran versatilidad sonora. Equipada con pastillas Seymour Duncan y hardware de calidad, es ideal para\u2026","rel":"","context":"Entrada similar","block_context":{"text":"Entrada similar","link":""},"img":{"alt_text":"","src":"https:\/\/i0.wp.com\/musicuyinstrumentos.com\/wp-content\/uploads\/2022\/03\/Schecter-C1-Classic-1.jpg?fit=1080%2C1080&ssl=1&resize=350%2C200","width":350,"height":200,"srcset":"https:\/\/i0.wp.com\/musicuyinstrumentos.com\/wp-content\/uploads\/2022\/03\/Schecter-C1-Classic-1.jpg?fit=1080%2C1080&ssl=1&resize=350%2C200 1x, https:\/\/i0.wp.com\/musicuyinstrumentos.com\/wp-content\/uploads\/2022\/03\/Schecter-C1-Classic-1.jpg?fit=1080%2C1080&ssl=1&resize=525%2C300 1.5x, https:\/\/i0.wp.com\/musicuyinstrumentos.com\/wp-content\/uploads\/2022\/03\/Schecter-C1-Classic-1.jpg?fit=1080%2C1080&ssl=1&resize=700%2C400 2x, https:\/\/i0.wp.com\/musicuyinstrumentos.com\/wp-content\/uploads\/2022\/03\/Schecter-C1-Classic-1.jpg?fit=1080%2C1080&ssl=1&resize=1050%2C600 3x"},"classes":[]},{"id":2687,"url":"https:\/\/musicuyinstrumentos.com\/index.php\/producto\/godin-artisan-st-signature\/","url_meta":{"origin":2995,"position":3},"title":"Godin Artisan ST Signature","author":"matiaspmartinez","date":"13 de octubre de 2024","format":false,"excerpt":"La Godin Artisan ST Signature es una guitarra el\u00e9ctrica de alta gama, fabricada en Canad\u00e1 con materiales premium y atenci\u00f3n al detalle que la colocan a la altura de marcas boutique como Suhr o Tom Anderson. Este modelo combina sonido potente, est\u00e9tica refinada y una comodidad de ejecuci\u00f3n superior. Su\u2026","rel":"","context":"Entrada similar","block_context":{"text":"Entrada similar","link":""},"img":{"alt_text":"","src":"https:\/\/i0.wp.com\/musicuyinstrumentos.com\/wp-content\/uploads\/2024\/10\/Godin-Artisan-ST-Signature-1-Alibaba.jpg?fit=1080%2C1080&ssl=1&resize=350%2C200","width":350,"height":200,"srcset":"https:\/\/i0.wp.com\/musicuyinstrumentos.com\/wp-content\/uploads\/2024\/10\/Godin-Artisan-ST-Signature-1-Alibaba.jpg?fit=1080%2C1080&ssl=1&resize=350%2C200 1x, https:\/\/i0.wp.com\/musicuyinstrumentos.com\/wp-content\/uploads\/2024\/10\/Godin-Artisan-ST-Signature-1-Alibaba.jpg?fit=1080%2C1080&ssl=1&resize=525%2C300 1.5x, https:\/\/i0.wp.com\/musicuyinstrumentos.com\/wp-content\/uploads\/2024\/10\/Godin-Artisan-ST-Signature-1-Alibaba.jpg?fit=1080%2C1080&ssl=1&resize=700%2C400 2x, https:\/\/i0.wp.com\/musicuyinstrumentos.com\/wp-content\/uploads\/2024\/10\/Godin-Artisan-ST-Signature-1-Alibaba.jpg?fit=1080%2C1080&ssl=1&resize=1050%2C600 3x"},"classes":[]},{"id":2208,"url":"https:\/\/musicuyinstrumentos.com\/index.php\/producto\/kramer-baretta-ruby-red\/","url_meta":{"origin":2995,"position":4},"title":"Kramer Baretta Ruby Red","author":"matiaspmartinez","date":"8 de septiembre de 2023","format":false,"excerpt":"La Kramer Baretta es un \u00edcono del rock ochentero, famosa por su simplicidad, potencia y actitud. Este modelo en color Ruby Red mantiene la esencia cl\u00e1sica de la marca, con una est\u00e9tica agresiva y un rendimiento orientado al shred. Su configuraci\u00f3n con un solo humbucker y puente Floyd Rose es\u2026","rel":"","context":"Entrada similar","block_context":{"text":"Entrada similar","link":""},"img":{"alt_text":"","src":"https:\/\/i0.wp.com\/musicuyinstrumentos.com\/wp-content\/uploads\/2023\/09\/Kramer-Baretta-1-Editar-copia.jpg?fit=1080%2C1080&ssl=1&resize=350%2C200","width":350,"height":200,"srcset":"https:\/\/i0.wp.com\/musicuyinstrumentos.com\/wp-content\/uploads\/2023\/09\/Kramer-Baretta-1-Editar-copia.jpg?fit=1080%2C1080&ssl=1&resize=350%2C200 1x, https:\/\/i0.wp.com\/musicuyinstrumentos.com\/wp-content\/uploads\/2023\/09\/Kramer-Baretta-1-Editar-copia.jpg?fit=1080%2C1080&ssl=1&resize=525%2C300 1.5x, https:\/\/i0.wp.com\/musicuyinstrumentos.com\/wp-content\/uploads\/2023\/09\/Kramer-Baretta-1-Editar-copia.jpg?fit=1080%2C1080&ssl=1&resize=700%2C400 2x, https:\/\/i0.wp.com\/musicuyinstrumentos.com\/wp-content\/uploads\/2023\/09\/Kramer-Baretta-1-Editar-copia.jpg?fit=1080%2C1080&ssl=1&resize=1050%2C600 3x"},"classes":[]},{"id":2978,"url":"https:\/\/musicuyinstrumentos.com\/index.php\/producto\/charvel-pro-mod-dk24-hh-2pt-cm\/","url_meta":{"origin":2995,"position":5},"title":"Charvel Pro-Mod DK24 HH 2PT CM","author":"matiaspmartinez","date":"6 de abril de 2025","format":false,"excerpt":"La Charvel Pro-Mod DK24 HH 2PT CM es una guitarra moderna de alto rendimiento, pensada para guitarristas que priorizan velocidad, comodidad y versatilidad real. \u00a0 Su dise\u00f1o tipo superstrat con acceso total a los \u00faltimos trastes, combinado con el m\u00e1stil de arce caramelizado \u201cSpeed Neck\u201d, la convierten en un instrumento\u2026","rel":"","context":"Entrada similar","block_context":{"text":"Entrada similar","link":""},"img":{"alt_text":"","src":"https:\/\/i0.wp.com\/musicuyinstrumentos.com\/wp-content\/uploads\/2025\/04\/Charvel-Pro-Mod-DK24-HH-1-1.jpg?fit=1024%2C1024&ssl=1&resize=350%2C200","width":350,"height":200,"srcset":"https:\/\/i0.wp.com\/musicuyinstrumentos.com\/wp-content\/uploads\/2025\/04\/Charvel-Pro-Mod-DK24-HH-1-1.jpg?fit=1024%2C1024&ssl=1&resize=350%2C200 1x, https:\/\/i0.wp.com\/musicuyinstrumentos.com\/wp-content\/uploads\/2025\/04\/Charvel-Pro-Mod-DK24-HH-1-1.jpg?fit=1024%2C1024&ssl=1&resize=525%2C300 1.5x, https:\/\/i0.wp.com\/musicuyinstrumentos.com\/wp-content\/uploads\/2025\/04\/Charvel-Pro-Mod-DK24-HH-1-1.jpg?fit=1024%2C1024&ssl=1&resize=700%2C400 2x"},"classes":[]}],"jetpack_sharing_enabled":true,"_links":{"self":[{"href":"https:\/\/musicuyinstrumentos.com\/index.php\/wp-json\/wp\/v2\/product\/2995","targetHints":{"allow":["GET"]}}],"collection":[{"href":"https:\/\/musicuyinstrumentos.com\/index.php\/wp-json\/wp\/v2\/product"}],"about":[{"href":"https:\/\/musicuyinstrumentos.com\/index.php\/wp-json\/wp\/v2\/types\/product"}],"version-history":[{"count":2,"href":"https:\/\/musicuyinstrumentos.com\/index.php\/wp-json\/wp\/v2\/product\/2995\/revisions"}],"predecessor-version":[{"id":3190,"href":"https:\/\/musicuyinstrumentos.com\/index.php\/wp-json\/wp\/v2\/product\/2995\/revisions\/3190"}],"wp:featuredmedia":[{"embeddable":true,"href":"https:\/\/musicuyinstrumentos.com\/index.php\/wp-json\/wp\/v2\/media\/2996"}],"wp:attachment":[{"href":"https:\/\/musicuyinstrumentos.com\/index.php\/wp-json\/wp\/v2\/media?parent=2995"}],"wp:term":[{"taxonomy":"product_brand","embeddable":true,"href":"https:\/\/musicuyinstrumentos.com\/index.php\/wp-json\/wp\/v2\/product_brand?post=2995"},{"taxonomy":"product_cat","embeddable":true,"href":"https:\/\/musicuyinstrumentos.com\/index.php\/wp-json\/wp\/v2\/product_cat?post=2995"},{"taxonomy":"product_tag","embeddable":true,"href":"https:\/\/musicuyinstrumentos.com\/index.php\/wp-json\/wp\/v2\/product_tag?post=2995"}],"curies":[{"name":"wp","href":"https:\/\/api.w.org\/{rel}","templated":true}]}}