{"id":3268,"date":"2025-05-24T11:38:29","date_gmt":"2025-05-24T14:38:29","guid":{"rendered":"https:\/\/musicuyinstrumentos.com\/?post_type=product&#038;p=3268"},"modified":"2025-05-24T11:38:30","modified_gmt":"2025-05-24T14:38:30","slug":"marshall-drivemaster","status":"publish","type":"product","link":"https:\/\/musicuyinstrumentos.com\/index.php\/producto\/marshall-drivemaster\/","title":{"rendered":"Marshall DriveMaster"},"content":{"rendered":"<p data-start=\"841\" data-end=\"860\">\ud83e\udde8 <strong data-start=\"844\" data-end=\"858\">Controles:<\/strong><\/p>\n<ul data-start=\"861\" data-end=\"909\">\n<li data-start=\"861\" data-end=\"869\">\n<p data-start=\"863\" data-end=\"869\">Gain<\/p>\n<\/li>\n<li data-start=\"870\" data-end=\"878\">\n<p data-start=\"872\" data-end=\"878\">Bass<\/p>\n<\/li>\n<li data-start=\"879\" data-end=\"889\">\n<p data-start=\"881\" data-end=\"889\">Middle<\/p>\n<\/li>\n<li data-start=\"890\" data-end=\"900\">\n<p data-start=\"892\" data-end=\"900\">Treble<\/p>\n<\/li>\n<li data-start=\"901\" data-end=\"909\">\n<p data-start=\"903\" data-end=\"909\">Volume<\/p>\n<\/li>\n<\/ul>\n<p data-start=\"911\" data-end=\"1131\">\ud83d\udd0a <strong data-start=\"914\" data-end=\"945\">Caracter\u00edsticas destacadas:<\/strong><br data-start=\"945\" data-end=\"948\" \/>\u2705 Sonido aut\u00e9ntico Marshall en formato pedal<br data-start=\"992\" data-end=\"995\" \/>\u2705 Circuito 100% anal\u00f3gico<br data-start=\"1020\" data-end=\"1023\" \/>\u2705 Made in England \u2013 primera serie<br data-start=\"1056\" data-end=\"1059\" \/>\u2705 EQ de 3 bandas como un amp real<br data-start=\"1092\" data-end=\"1095\" \/>\u2705 Construcci\u00f3n robusta tipo tanque<\/p>\n<p data-start=\"1133\" data-end=\"1327\">\ud83c\udfaf <strong data-start=\"1136\" data-end=\"1151\">Ideal para:<\/strong><br data-start=\"1151\" data-end=\"1154\" \/>Guitarristas que buscan el tono Marshall cl\u00e1sico sin cargar con un cabezal. Suena excelente tanto en amplis limpios como en grabaciones directas con simuladores de gabinete.<\/p>\n","protected":false},"excerpt":{"rendered":"<p>El <strong data-start=\"516\" data-end=\"531\">DriveMaster<\/strong> forma parte de la legendaria serie de pedales compactos de Marshall de los 90s, junto con el ShredMaster y el BluesBreaker. Es el m\u00e1s cercano en sonido a un <strong data-start=\"689\" data-end=\"721\">amplificador Marshall JCM800<\/strong>, ofreciendo una distorsi\u00f3n rica, c\u00e1lida y con cuerpo, ideal para rock cl\u00e1sico, hard rock y heavy de la vieja escuela.<\/p>\n","protected":false},"featured_media":2713,"template":"","meta":{"site-sidebar-layout":"no-sidebar","site-content-layout":"","ast-site-content-layout":"default","site-content-style":"default","site-sidebar-style":"default","ast-global-header-display":"","ast-banner-title-visibility":"","ast-main-header-display":"","ast-hfb-above-header-display":"","ast-hfb-below-header-display":"","ast-hfb-mobile-header-display":"","site-post-title":"","ast-breadcrumbs-content":"","ast-featured-img":"","footer-sml-layout":"","ast-disable-related-posts":"","theme-transparent-header-meta":"default","adv-header-id-meta":"","stick-header-meta":"","header-above-stick-meta":"","header-main-stick-meta":"","header-below-stick-meta":"","astra-migrate-meta-layouts":"set","ast-page-background-enabled":"default","ast-page-background-meta":{"desktop":{"background-color":"var(--ast-global-color-4)","background-image":"","background-repeat":"repeat","background-position":"center center","background-size":"auto","background-attachment":"scroll","background-type":"","background-media":"","overlay-type":"","overlay-color":"","overlay-opacity":"","overlay-gradient":""},"tablet":{"background-color":"","background-image":"","background-repeat":"repeat","background-position":"center center","background-size":"auto","background-attachment":"scroll","background-type":"","background-media":"","overlay-type":"","overlay-color":"","overlay-opacity":"","overlay-gradient":""},"mobile":{"background-color":"","background-image":"","background-repeat":"repeat","background-position":"center center","background-size":"auto","background-attachment":"scroll","background-type":"","background-media":"","overlay-type":"","overlay-color":"","overlay-opacity":"","overlay-gradient":""}},"ast-content-background-meta":{"desktop":{"background-color":"var(--ast-global-color-5)","background-image":"","background-repeat":"repeat","background-position":"center center","background-size":"auto","background-attachment":"scroll","background-type":"","background-media":"","overlay-type":"","overlay-color":"","overlay-opacity":"","overlay-gradient":""},"tablet":{"background-color":"var(--ast-global-color-5)","background-image":"","background-repeat":"repeat","background-position":"center center","background-size":"auto","background-attachment":"scroll","background-type":"","background-media":"","overlay-type":"","overlay-color":"","overlay-opacity":"","overlay-gradient":""},"mobile":{"background-color":"var(--ast-global-color-5)","background-image":"","background-repeat":"repeat","background-position":"center center","background-size":"auto","background-attachment":"scroll","background-type":"","background-media":"","overlay-type":"","overlay-color":"","overlay-opacity":"","overlay-gradient":""}},"_joinchat":[]},"product_brand":[],"product_cat":[44,47,15],"product_tag":[],"class_list":{"0":"post-3268","1":"product","2":"type-product","3":"status-publish","4":"has-post-thumbnail","6":"product_cat-accesorios","7":"product_cat-pedales","8":"product_cat-sin-categorizar","9":"desktop-align-left","10":"tablet-align-left","11":"mobile-align-left","13":"first","14":"instock","15":"shipping-taxable","16":"purchasable","17":"product-type-simple"},"jetpack-related-posts":[{"id":788,"url":"https:\/\/musicuyinstrumentos.com\/index.php\/producto\/rivera-m60\/","url_meta":{"origin":3268,"position":0},"title":"Rivera M60","author":"matiaspmartinez","date":"16 de marzo de 2022","format":false,"excerpt":"Combo valvular artesanal fabricado en California a principios de los a\u00f1os 90. El Rivera M60 es una verdadera joya boutique, reconocida por su construcci\u00f3n robusta, su tono c\u00e1lido y vers\u00e1til, y su capacidad para cubrir desde sonidos limpios cristalinos hasta saturaciones con cuerpo y car\u00e1cter. Esta unidad incluye el footswitch\u2026","rel":"","context":"Entrada similar","block_context":{"text":"Entrada similar","link":""},"img":{"alt_text":"","src":"https:\/\/i0.wp.com\/musicuyinstrumentos.com\/wp-content\/uploads\/2022\/03\/Rivera-M60-1-Personalizado.jpg?fit=1080%2C1080&ssl=1&resize=350%2C200","width":350,"height":200,"srcset":"https:\/\/i0.wp.com\/musicuyinstrumentos.com\/wp-content\/uploads\/2022\/03\/Rivera-M60-1-Personalizado.jpg?fit=1080%2C1080&ssl=1&resize=350%2C200 1x, https:\/\/i0.wp.com\/musicuyinstrumentos.com\/wp-content\/uploads\/2022\/03\/Rivera-M60-1-Personalizado.jpg?fit=1080%2C1080&ssl=1&resize=525%2C300 1.5x, https:\/\/i0.wp.com\/musicuyinstrumentos.com\/wp-content\/uploads\/2022\/03\/Rivera-M60-1-Personalizado.jpg?fit=1080%2C1080&ssl=1&resize=700%2C400 2x, https:\/\/i0.wp.com\/musicuyinstrumentos.com\/wp-content\/uploads\/2022\/03\/Rivera-M60-1-Personalizado.jpg?fit=1080%2C1080&ssl=1&resize=1050%2C600 3x"},"classes":[]},{"id":2734,"url":"https:\/\/musicuyinstrumentos.com\/index.php\/producto\/fender-marine-layer-reverb\/","url_meta":{"origin":3268,"position":1},"title":"Fender Marine Layer Reverb","author":"matiaspmartinez","date":"6 de noviembre de 2024","format":false,"excerpt":"El Marine Layer Reverb de Fender es una excelente opci\u00f3n para quienes buscan una reverb rica y vers\u00e1til con controles intuitivos y un dise\u00f1o elegante. Ofrece varios modos (Hall, Room, Shimmer), con decay ajustable, pre-delay, y un efecto shimmer con octavas que le da un car\u00e1cter et\u00e9reo y espacial ideal\u2026","rel":"","context":"Entrada similar","block_context":{"text":"Entrada similar","link":""},"img":{"alt_text":"","src":"https:\/\/i0.wp.com\/musicuyinstrumentos.com\/wp-content\/uploads\/2024\/11\/Fender-Marine-Layer-Reverb-1-Alibaba.jpg?fit=1080%2C1080&ssl=1&resize=350%2C200","width":350,"height":200,"srcset":"https:\/\/i0.wp.com\/musicuyinstrumentos.com\/wp-content\/uploads\/2024\/11\/Fender-Marine-Layer-Reverb-1-Alibaba.jpg?fit=1080%2C1080&ssl=1&resize=350%2C200 1x, https:\/\/i0.wp.com\/musicuyinstrumentos.com\/wp-content\/uploads\/2024\/11\/Fender-Marine-Layer-Reverb-1-Alibaba.jpg?fit=1080%2C1080&ssl=1&resize=525%2C300 1.5x, https:\/\/i0.wp.com\/musicuyinstrumentos.com\/wp-content\/uploads\/2024\/11\/Fender-Marine-Layer-Reverb-1-Alibaba.jpg?fit=1080%2C1080&ssl=1&resize=700%2C400 2x, https:\/\/i0.wp.com\/musicuyinstrumentos.com\/wp-content\/uploads\/2024\/11\/Fender-Marine-Layer-Reverb-1-Alibaba.jpg?fit=1080%2C1080&ssl=1&resize=1050%2C600 3x"},"classes":[]},{"id":2732,"url":"https:\/\/musicuyinstrumentos.com\/index.php\/producto\/mxr-m169-carbon-copy-analog-delay\/","url_meta":{"origin":3268,"position":2},"title":"MXR M169 Carbon Copy Analog Delay","author":"matiaspmartinez","date":"6 de noviembre de 2024","format":false,"excerpt":"El MXR Carbon Copy es uno de los delays anal\u00f3gicos m\u00e1s queridos del mercado, famoso por su tono c\u00e1lido y org\u00e1nico. Con un tiempo de retardo de hasta 600ms y un mod switch para agregar un toque de chorus tipo cinta, este pedal se adapta a todo tipo de estilos:\u2026","rel":"","context":"Entrada similar","block_context":{"text":"Entrada similar","link":""},"img":{"alt_text":"","src":"https:\/\/i0.wp.com\/musicuyinstrumentos.com\/wp-content\/uploads\/2024\/11\/MXR-Carbon-Copy-Analog-Delay-1-Alibaba.jpg?fit=1080%2C1080&ssl=1&resize=350%2C200","width":350,"height":200,"srcset":"https:\/\/i0.wp.com\/musicuyinstrumentos.com\/wp-content\/uploads\/2024\/11\/MXR-Carbon-Copy-Analog-Delay-1-Alibaba.jpg?fit=1080%2C1080&ssl=1&resize=350%2C200 1x, https:\/\/i0.wp.com\/musicuyinstrumentos.com\/wp-content\/uploads\/2024\/11\/MXR-Carbon-Copy-Analog-Delay-1-Alibaba.jpg?fit=1080%2C1080&ssl=1&resize=525%2C300 1.5x, https:\/\/i0.wp.com\/musicuyinstrumentos.com\/wp-content\/uploads\/2024\/11\/MXR-Carbon-Copy-Analog-Delay-1-Alibaba.jpg?fit=1080%2C1080&ssl=1&resize=700%2C400 2x, https:\/\/i0.wp.com\/musicuyinstrumentos.com\/wp-content\/uploads\/2024\/11\/MXR-Carbon-Copy-Analog-Delay-1-Alibaba.jpg?fit=1080%2C1080&ssl=1&resize=1050%2C600 3x"},"classes":[]},{"id":999,"url":"https:\/\/musicuyinstrumentos.com\/index.php\/producto\/boss-digital-delay-dd-3-made-in-japan\/","url_meta":{"origin":3268,"position":3},"title":"Boss Digital Delay DD-3 (Made in Japan)","author":"matiaspmartinez","date":"24 de marzo de 2022","format":false,"excerpt":"El Boss DD-3 es uno de los pedales de delay digitales m\u00e1s ic\u00f3nicos de todos los tiempos, conocido por su tono cristalino y operaci\u00f3n sencilla. Esta versi\u00f3n en particular fue fabricada en Jap\u00f3n, lo cual la vuelve altamente buscada por coleccionistas y amantes del audio cl\u00e1sico de Boss. Lanzado originalmente\u2026","rel":"","context":"Entrada similar","block_context":{"text":"Entrada similar","link":""},"img":{"alt_text":"","src":"https:\/\/i0.wp.com\/musicuyinstrumentos.com\/wp-content\/uploads\/2022\/03\/Boss-Digital-Delay-DD-3-3-copia.jpg?fit=1080%2C1080&ssl=1&resize=350%2C200","width":350,"height":200,"srcset":"https:\/\/i0.wp.com\/musicuyinstrumentos.com\/wp-content\/uploads\/2022\/03\/Boss-Digital-Delay-DD-3-3-copia.jpg?fit=1080%2C1080&ssl=1&resize=350%2C200 1x, https:\/\/i0.wp.com\/musicuyinstrumentos.com\/wp-content\/uploads\/2022\/03\/Boss-Digital-Delay-DD-3-3-copia.jpg?fit=1080%2C1080&ssl=1&resize=525%2C300 1.5x, https:\/\/i0.wp.com\/musicuyinstrumentos.com\/wp-content\/uploads\/2022\/03\/Boss-Digital-Delay-DD-3-3-copia.jpg?fit=1080%2C1080&ssl=1&resize=700%2C400 2x, https:\/\/i0.wp.com\/musicuyinstrumentos.com\/wp-content\/uploads\/2022\/03\/Boss-Digital-Delay-DD-3-3-copia.jpg?fit=1080%2C1080&ssl=1&resize=1050%2C600 3x"},"classes":[]},{"id":2109,"url":"https:\/\/musicuyinstrumentos.com\/index.php\/producto\/palmer-compressor\/","url_meta":{"origin":3268,"position":4},"title":"Palmer Compressor","author":"matiaspmartinez","date":"4 de julio de 2023","format":false,"excerpt":"El Palmer PECOMP Compressor es un pedal de compresi\u00f3n anal\u00f3gico que ofrece un control preciso sobre la din\u00e1mica de tu se\u00f1al, proporcionando mayor punch y sustain sin distorsi\u00f3n. Su circuito de bajo ruido y construcci\u00f3n robusta lo convierten en una opci\u00f3n confiable para guitarristas que buscan calidad y durabilidad en\u2026","rel":"","context":"Entrada similar","block_context":{"text":"Entrada similar","link":""},"img":{"alt_text":"","src":"https:\/\/i0.wp.com\/musicuyinstrumentos.com\/wp-content\/uploads\/2023\/07\/Palmer-Compressor-1-copia.jpg?fit=1080%2C1080&ssl=1&resize=350%2C200","width":350,"height":200,"srcset":"https:\/\/i0.wp.com\/musicuyinstrumentos.com\/wp-content\/uploads\/2023\/07\/Palmer-Compressor-1-copia.jpg?fit=1080%2C1080&ssl=1&resize=350%2C200 1x, https:\/\/i0.wp.com\/musicuyinstrumentos.com\/wp-content\/uploads\/2023\/07\/Palmer-Compressor-1-copia.jpg?fit=1080%2C1080&ssl=1&resize=525%2C300 1.5x, https:\/\/i0.wp.com\/musicuyinstrumentos.com\/wp-content\/uploads\/2023\/07\/Palmer-Compressor-1-copia.jpg?fit=1080%2C1080&ssl=1&resize=700%2C400 2x, https:\/\/i0.wp.com\/musicuyinstrumentos.com\/wp-content\/uploads\/2023\/07\/Palmer-Compressor-1-copia.jpg?fit=1080%2C1080&ssl=1&resize=1050%2C600 3x"},"classes":[]},{"id":988,"url":"https:\/\/musicuyinstrumentos.com\/index.php\/producto\/carl-martin-octaswitch\/","url_meta":{"origin":3268,"position":5},"title":"Carl Martin Octaswitch","author":"matiaspmartinez","date":"24 de marzo de 2022","format":false,"excerpt":"El Carl Martin Octa-Switch es un sistema de conmutaci\u00f3n de efectos anal\u00f3gico que permite controlar hasta ocho pedales de efectos mediante ocho loops independientes. Cada uno de los ocho bancos programables se configura f\u00e1cilmente mediante interruptores DIP, permitiendo activar combinaciones espec\u00edficas de efectos con un solo toque. Su dise\u00f1o robusto\u2026","rel":"","context":"Entrada similar","block_context":{"text":"Entrada similar","link":""},"img":{"alt_text":"","src":"https:\/\/i0.wp.com\/musicuyinstrumentos.com\/wp-content\/uploads\/2022\/03\/Carl-Martin-Octaswitch-2-copia.jpg?fit=1080%2C1080&ssl=1&resize=350%2C200","width":350,"height":200,"srcset":"https:\/\/i0.wp.com\/musicuyinstrumentos.com\/wp-content\/uploads\/2022\/03\/Carl-Martin-Octaswitch-2-copia.jpg?fit=1080%2C1080&ssl=1&resize=350%2C200 1x, https:\/\/i0.wp.com\/musicuyinstrumentos.com\/wp-content\/uploads\/2022\/03\/Carl-Martin-Octaswitch-2-copia.jpg?fit=1080%2C1080&ssl=1&resize=525%2C300 1.5x, https:\/\/i0.wp.com\/musicuyinstrumentos.com\/wp-content\/uploads\/2022\/03\/Carl-Martin-Octaswitch-2-copia.jpg?fit=1080%2C1080&ssl=1&resize=700%2C400 2x, https:\/\/i0.wp.com\/musicuyinstrumentos.com\/wp-content\/uploads\/2022\/03\/Carl-Martin-Octaswitch-2-copia.jpg?fit=1080%2C1080&ssl=1&resize=1050%2C600 3x"},"classes":[]}],"jetpack_sharing_enabled":true,"_links":{"self":[{"href":"https:\/\/musicuyinstrumentos.com\/index.php\/wp-json\/wp\/v2\/product\/3268","targetHints":{"allow":["GET"]}}],"collection":[{"href":"https:\/\/musicuyinstrumentos.com\/index.php\/wp-json\/wp\/v2\/product"}],"about":[{"href":"https:\/\/musicuyinstrumentos.com\/index.php\/wp-json\/wp\/v2\/types\/product"}],"version-history":[{"count":1,"href":"https:\/\/musicuyinstrumentos.com\/index.php\/wp-json\/wp\/v2\/product\/3268\/revisions"}],"predecessor-version":[{"id":3269,"href":"https:\/\/musicuyinstrumentos.com\/index.php\/wp-json\/wp\/v2\/product\/3268\/revisions\/3269"}],"wp:featuredmedia":[{"embeddable":true,"href":"https:\/\/musicuyinstrumentos.com\/index.php\/wp-json\/wp\/v2\/media\/2713"}],"wp:attachment":[{"href":"https:\/\/musicuyinstrumentos.com\/index.php\/wp-json\/wp\/v2\/media?parent=3268"}],"wp:term":[{"taxonomy":"product_brand","embeddable":true,"href":"https:\/\/musicuyinstrumentos.com\/index.php\/wp-json\/wp\/v2\/product_brand?post=3268"},{"taxonomy":"product_cat","embeddable":true,"href":"https:\/\/musicuyinstrumentos.com\/index.php\/wp-json\/wp\/v2\/product_cat?post=3268"},{"taxonomy":"product_tag","embeddable":true,"href":"https:\/\/musicuyinstrumentos.com\/index.php\/wp-json\/wp\/v2\/product_tag?post=3268"}],"curies":[{"name":"wp","href":"https:\/\/api.w.org\/{rel}","templated":true}]}}