{"id":3504,"date":"2025-10-29T23:25:59","date_gmt":"2025-10-30T02:25:59","guid":{"rendered":"https:\/\/musicuyinstrumentos.com\/?post_type=product&#038;p=3504"},"modified":"2025-10-29T23:26:10","modified_gmt":"2025-10-30T02:26:10","slug":"takamine-ef360-bc-pro-series-1990-japon","status":"publish","type":"product","link":"https:\/\/musicuyinstrumentos.com\/index.php\/producto\/takamine-ef360-bc-pro-series-1990-japon\/","title":{"rendered":"Takamine EF360 BC Pro Series &#8211; 1990 &#8211; Jap\u00f3n"},"content":{"rendered":"<p>\ud83e\uddf1 <strong>Especificaciones t\u00e9cnicas:<\/strong><br \/>\n\u2705 Modelo: Takamine EF360 BC (Brown Sunburst Cutaway)<br \/>\n\u2705 A\u00f1o: 1990<br \/>\n\u2705 Origen: Jap\u00f3n (Pro Series)<br \/>\n\u2705 Cuerpo: Dreadnought con cutaway<br \/>\n\u2705 Tapa: Abeto macizo (Solid Spruce Top)<br \/>\n\u2705 Aros y fondo: Palisandro<br \/>\n\u2705 M\u00e1stil: Caoba (Mahogany)<br \/>\n\u2705 Diapas\u00f3n: Palisandro con incrustaciones \u201cSnowflake\u201d<br \/>\n\u2705 Escala: 25.4\u201d<br \/>\n\u2705 Radio: 12\u201d<br \/>\n\u2705 Trastes: 20<br \/>\n\u2705 Preamp: Takamine CT4B II con EQ de 3 bandas y afinador<br \/>\n\u2705 Clavijas: Cromadas Takamine<br \/>\n\u2705 Binding: M\u00faltiple en cuerpo y m\u00e1stil<br \/>\n\u2705 Color: Brown Sunburst<br \/>\n\u2705 Acabado: Gloss<\/p>\n<p>\ud83c\udfb8 <strong>Estado:<\/strong><br \/>\nExcelente estado general, con m\u00ednimos signos de uso para sus m\u00e1s de 30 a\u00f1os. Acci\u00f3n c\u00f3moda y sonido potente tanto desenchufado como amplificado.<\/p>\n<p>\u26a1 <strong>Una guitarra japonesa profesional de la era dorada de Takamine, con tono premium y construcci\u00f3n impecable. Perfecta para grabaci\u00f3n, escenario o colecci\u00f3n.<\/strong><\/p>\n","protected":false},"excerpt":{"rendered":"<p>La <strong>Takamine EF360 BC<\/strong> es una guitarra electroac\u00fastica de la serie profesional japonesa, fabricada en 1990, reconocida por su tono balanceado, proyecci\u00f3n excepcional y calidad de construcci\u00f3n artesanal.<br \/>\nEste modelo ofrece un sonido c\u00e1lido, con graves definidos, medios redondos y agudos brillantes, ideal para int\u00e9rpretes que buscan una ac\u00fastica vers\u00e1til para estudio o escenario.<\/p>\n<p>Su tapa maciza de abeto combinada con fondo y aros de palisandro le confieren un car\u00e1cter tonal cl\u00e1sico y gran resonancia. El acabado \u201cBrown Sunburst\u201d aporta una est\u00e9tica elegante y distintiva con aire vintage.<br \/>\nEquipada con el preamp <strong>Takamine CT4B II<\/strong>, brinda un sonido amplificado natural, fiel al timbre ac\u00fastico del instrumento.<\/p>\n","protected":false},"featured_media":3505,"template":"","meta":{"site-sidebar-layout":"no-sidebar","site-content-layout":"","ast-site-content-layout":"default","site-content-style":"default","site-sidebar-style":"default","ast-global-header-display":"","ast-banner-title-visibility":"","ast-main-header-display":"","ast-hfb-above-header-display":"","ast-hfb-below-header-display":"","ast-hfb-mobile-header-display":"","site-post-title":"","ast-breadcrumbs-content":"","ast-featured-img":"","footer-sml-layout":"","ast-disable-related-posts":"","theme-transparent-header-meta":"default","adv-header-id-meta":"","stick-header-meta":"","header-above-stick-meta":"","header-main-stick-meta":"","header-below-stick-meta":"","astra-migrate-meta-layouts":"set","ast-page-background-enabled":"default","ast-page-background-meta":{"desktop":{"background-color":"var(--ast-global-color-4)","background-image":"","background-repeat":"repeat","background-position":"center center","background-size":"auto","background-attachment":"scroll","background-type":"","background-media":"","overlay-type":"","overlay-color":"","overlay-opacity":"","overlay-gradient":""},"tablet":{"background-color":"","background-image":"","background-repeat":"repeat","background-position":"center center","background-size":"auto","background-attachment":"scroll","background-type":"","background-media":"","overlay-type":"","overlay-color":"","overlay-opacity":"","overlay-gradient":""},"mobile":{"background-color":"","background-image":"","background-repeat":"repeat","background-position":"center center","background-size":"auto","background-attachment":"scroll","background-type":"","background-media":"","overlay-type":"","overlay-color":"","overlay-opacity":"","overlay-gradient":""}},"ast-content-background-meta":{"desktop":{"background-color":"var(--ast-global-color-5)","background-image":"","background-repeat":"repeat","background-position":"center center","background-size":"auto","background-attachment":"scroll","background-type":"","background-media":"","overlay-type":"","overlay-color":"","overlay-opacity":"","overlay-gradient":""},"tablet":{"background-color":"var(--ast-global-color-5)","background-image":"","background-repeat":"repeat","background-position":"center center","background-size":"auto","background-attachment":"scroll","background-type":"","background-media":"","overlay-type":"","overlay-color":"","overlay-opacity":"","overlay-gradient":""},"mobile":{"background-color":"var(--ast-global-color-5)","background-image":"","background-repeat":"repeat","background-position":"center center","background-size":"auto","background-attachment":"scroll","background-type":"","background-media":"","overlay-type":"","overlay-color":"","overlay-opacity":"","overlay-gradient":""}},"_joinchat":[]},"product_brand":[],"product_cat":[22,24,15],"product_tag":[],"class_list":{"0":"post-3504","1":"product","2":"type-product","3":"status-publish","4":"has-post-thumbnail","6":"product_cat-guitarras","7":"product_cat-guitarras-acusticas","8":"product_cat-sin-categorizar","9":"desktop-align-left","10":"tablet-align-left","11":"mobile-align-left","13":"first","14":"instock","15":"shipping-taxable","16":"purchasable","17":"product-type-simple"},"jetpack-related-posts":[{"id":2097,"url":"https:\/\/musicuyinstrumentos.com\/index.php\/producto\/gibson-nighthawk-standard-st-3-1994-tobacco-sunburst\/","url_meta":{"origin":3504,"position":0},"title":"Gibson Nighthawk Standard ST-3 1994 Tobacco Sunburst","author":"matiaspmartinez","date":"4 de julio de 2023","format":false,"excerpt":"Una pieza ic\u00f3nica y cargada de historia, esta Gibson Nighthawk Standard ST-3 del a\u00f1o 1994 en color Tobacco Sunburst se destaca por su versatilidad y dise\u00f1o innovador para su \u00e9poca. Es reconocida por su tono h\u00edbrido que combina caracter\u00edsticas de guitarras el\u00e9ctricas tradicionales con un toque moderno. Esta guitarra tuvo\u2026","rel":"","context":"Entrada similar","block_context":{"text":"Entrada similar","link":""},"img":{"alt_text":"","src":"https:\/\/i0.wp.com\/musicuyinstrumentos.com\/wp-content\/uploads\/2023\/07\/Gibson-Nighthawk-Standard-ST-2-1-Editar-copia.jpg?fit=1080%2C1080&ssl=1&resize=350%2C200","width":350,"height":200,"srcset":"https:\/\/i0.wp.com\/musicuyinstrumentos.com\/wp-content\/uploads\/2023\/07\/Gibson-Nighthawk-Standard-ST-2-1-Editar-copia.jpg?fit=1080%2C1080&ssl=1&resize=350%2C200 1x, https:\/\/i0.wp.com\/musicuyinstrumentos.com\/wp-content\/uploads\/2023\/07\/Gibson-Nighthawk-Standard-ST-2-1-Editar-copia.jpg?fit=1080%2C1080&ssl=1&resize=525%2C300 1.5x, https:\/\/i0.wp.com\/musicuyinstrumentos.com\/wp-content\/uploads\/2023\/07\/Gibson-Nighthawk-Standard-ST-2-1-Editar-copia.jpg?fit=1080%2C1080&ssl=1&resize=700%2C400 2x, https:\/\/i0.wp.com\/musicuyinstrumentos.com\/wp-content\/uploads\/2023\/07\/Gibson-Nighthawk-Standard-ST-2-1-Editar-copia.jpg?fit=1080%2C1080&ssl=1&resize=1050%2C600 3x"},"classes":[]},{"id":21,"url":"https:\/\/musicuyinstrumentos.com\/index.php\/producto\/bc-rich-jr-v-nt-series\/","url_meta":{"origin":3504,"position":1},"title":"BC Rich JR V NT Series","author":"matiaspmartinez","date":"1 de marzo de 2022","format":false,"excerpt":"La BC Rich NT Jr V forma parte de la serie V Standard de la marca, una reinterpretaci\u00f3n moderna del cl\u00e1sico dise\u00f1o \"V\", con construcci\u00f3n neck-thru que asegura un sustain prolongado, gran estabilidad y acceso completo a todos los trastes. Este modelo en particular fue fabricado en Corea en 2004\u2026","rel":"","context":"Entrada similar","block_context":{"text":"Entrada similar","link":""},"img":{"alt_text":"","src":"https:\/\/i0.wp.com\/musicuyinstrumentos.com\/wp-content\/uploads\/2022\/03\/BC-Rich-JRV-NT-Series-1.jpg?fit=1080%2C1080&ssl=1&resize=350%2C200","width":350,"height":200,"srcset":"https:\/\/i0.wp.com\/musicuyinstrumentos.com\/wp-content\/uploads\/2022\/03\/BC-Rich-JRV-NT-Series-1.jpg?fit=1080%2C1080&ssl=1&resize=350%2C200 1x, https:\/\/i0.wp.com\/musicuyinstrumentos.com\/wp-content\/uploads\/2022\/03\/BC-Rich-JRV-NT-Series-1.jpg?fit=1080%2C1080&ssl=1&resize=525%2C300 1.5x, https:\/\/i0.wp.com\/musicuyinstrumentos.com\/wp-content\/uploads\/2022\/03\/BC-Rich-JRV-NT-Series-1.jpg?fit=1080%2C1080&ssl=1&resize=700%2C400 2x, https:\/\/i0.wp.com\/musicuyinstrumentos.com\/wp-content\/uploads\/2022\/03\/BC-Rich-JRV-NT-Series-1.jpg?fit=1080%2C1080&ssl=1&resize=1050%2C600 3x"},"classes":[]},{"id":3474,"url":"https:\/\/musicuyinstrumentos.com\/index.php\/producto\/epiphone-les-paul-standard-plus-top-korea\/","url_meta":{"origin":3504,"position":2},"title":"Epiphone Les Paul Standard Plus Top Korea","author":"matiaspmartinez","date":"27 de octubre de 2025","format":false,"excerpt":"Esta Epiphone Les Paul Standard de fabricaci\u00f3n coreana pertenece a una de las mejores \u00e9pocas de la marca, conocida por su excelente control de calidad y materiales superiores. Construida con cuerpo de caoba y tapa de arce flameado, ofrece el sustain, el peso y el tono cl\u00e1sico del dise\u00f1o Les\u2026","rel":"","context":"Entrada similar","block_context":{"text":"Entrada similar","link":""},"img":{"alt_text":"","src":"https:\/\/i0.wp.com\/musicuyinstrumentos.com\/wp-content\/uploads\/2025\/10\/FacturandoEpiphione-Les-Paul-Standatd-Korea-1.jpg?fit=1080%2C1080&ssl=1&resize=350%2C200","width":350,"height":200,"srcset":"https:\/\/i0.wp.com\/musicuyinstrumentos.com\/wp-content\/uploads\/2025\/10\/FacturandoEpiphione-Les-Paul-Standatd-Korea-1.jpg?fit=1080%2C1080&ssl=1&resize=350%2C200 1x, https:\/\/i0.wp.com\/musicuyinstrumentos.com\/wp-content\/uploads\/2025\/10\/FacturandoEpiphione-Les-Paul-Standatd-Korea-1.jpg?fit=1080%2C1080&ssl=1&resize=525%2C300 1.5x, https:\/\/i0.wp.com\/musicuyinstrumentos.com\/wp-content\/uploads\/2025\/10\/FacturandoEpiphione-Les-Paul-Standatd-Korea-1.jpg?fit=1080%2C1080&ssl=1&resize=700%2C400 2x, https:\/\/i0.wp.com\/musicuyinstrumentos.com\/wp-content\/uploads\/2025\/10\/FacturandoEpiphione-Les-Paul-Standatd-Korea-1.jpg?fit=1080%2C1080&ssl=1&resize=1050%2C600 3x"},"classes":[]},{"id":2691,"url":"https:\/\/musicuyinstrumentos.com\/index.php\/producto\/prs-se-a20e-angelus-c-estuche-rigido-original\/","url_meta":{"origin":3504,"position":3},"title":"PRS SE A20E Angelus c\/estuche r\u00edgido original","author":"matiaspmartinez","date":"13 de octubre de 2024","format":false,"excerpt":"La PRS SE A20E es una guitarra electroac\u00fastica que combina el dise\u00f1o cl\u00e1sico de Paul Reed Smith con una construcci\u00f3n \u00edntegra de caoba, entregando un sonido org\u00e1nico, c\u00e1lido y con una proyecci\u00f3n sorprendente. Su forma Angelus Cutaway ofrece gran comodidad tanto para punteo como para fingerstyle, mientras que el sistema\u2026","rel":"","context":"Entrada similar","block_context":{"text":"Entrada similar","link":""},"img":{"alt_text":"","src":"https:\/\/i0.wp.com\/musicuyinstrumentos.com\/wp-content\/uploads\/2024\/10\/PRS-Se-A20E-Angelus-1-Alibaba.jpg?fit=1080%2C1080&ssl=1&resize=350%2C200","width":350,"height":200,"srcset":"https:\/\/i0.wp.com\/musicuyinstrumentos.com\/wp-content\/uploads\/2024\/10\/PRS-Se-A20E-Angelus-1-Alibaba.jpg?fit=1080%2C1080&ssl=1&resize=350%2C200 1x, https:\/\/i0.wp.com\/musicuyinstrumentos.com\/wp-content\/uploads\/2024\/10\/PRS-Se-A20E-Angelus-1-Alibaba.jpg?fit=1080%2C1080&ssl=1&resize=525%2C300 1.5x, https:\/\/i0.wp.com\/musicuyinstrumentos.com\/wp-content\/uploads\/2024\/10\/PRS-Se-A20E-Angelus-1-Alibaba.jpg?fit=1080%2C1080&ssl=1&resize=700%2C400 2x, https:\/\/i0.wp.com\/musicuyinstrumentos.com\/wp-content\/uploads\/2024\/10\/PRS-Se-A20E-Angelus-1-Alibaba.jpg?fit=1080%2C1080&ssl=1&resize=1050%2C600 3x"},"classes":[]},{"id":2806,"url":"https:\/\/musicuyinstrumentos.com\/index.php\/producto\/hammer-slammer-sunburst-flat-top-c-estuche-rigido-original\/","url_meta":{"origin":3504,"position":4},"title":"Hammer Slammer Sunburst Flat Top c\/estuche r\u00edgido original","author":"matiaspmartinez","date":"22 de noviembre de 2024","format":false,"excerpt":"El Hamer Slammer Sunburst Flat Top es un modelo de guitarra el\u00e9ctrica que data de finales de los a\u00f1os 90. Este instrumento es una excelente opci\u00f3n para quienes buscan un modelo con el sonido y la est\u00e9tica de las guitarras de gama alta, pero a un precio m\u00e1s accesible. Con\u2026","rel":"","context":"Entrada similar","block_context":{"text":"Entrada similar","link":""},"img":{"alt_text":"","src":"https:\/\/i0.wp.com\/musicuyinstrumentos.com\/wp-content\/uploads\/2024\/11\/Hamer-Slammer-Sunburst-Flat-Top-1.jpg?fit=1080%2C1080&ssl=1&resize=350%2C200","width":350,"height":200,"srcset":"https:\/\/i0.wp.com\/musicuyinstrumentos.com\/wp-content\/uploads\/2024\/11\/Hamer-Slammer-Sunburst-Flat-Top-1.jpg?fit=1080%2C1080&ssl=1&resize=350%2C200 1x, https:\/\/i0.wp.com\/musicuyinstrumentos.com\/wp-content\/uploads\/2024\/11\/Hamer-Slammer-Sunburst-Flat-Top-1.jpg?fit=1080%2C1080&ssl=1&resize=525%2C300 1.5x, https:\/\/i0.wp.com\/musicuyinstrumentos.com\/wp-content\/uploads\/2024\/11\/Hamer-Slammer-Sunburst-Flat-Top-1.jpg?fit=1080%2C1080&ssl=1&resize=700%2C400 2x, https:\/\/i0.wp.com\/musicuyinstrumentos.com\/wp-content\/uploads\/2024\/11\/Hamer-Slammer-Sunburst-Flat-Top-1.jpg?fit=1080%2C1080&ssl=1&resize=1050%2C600 3x"},"classes":[]},{"id":747,"url":"https:\/\/musicuyinstrumentos.com\/index.php\/producto\/washburn-ea-26-craig-chaquico-signatures\/","url_meta":{"origin":3504,"position":5},"title":"Washburn EA-26 Craig Chaquico Signatures","author":"matiaspmartinez","date":"16 de marzo de 2022","format":false,"excerpt":"Dise\u00f1ada en colaboraci\u00f3n con Craig Chaquico, guitarrista de Starship y Jefferson Starship, la Washburn EA-26 es una guitarra electroac\u00fastica que combina una construcci\u00f3n de calidad con caracter\u00edsticas que la hacen perfecta para el escenario. Su cuerpo estilo mini jumbo con cutaway ofrece gran comodidad al tocar y un tono equilibrado.\u2026","rel":"","context":"Entrada similar","block_context":{"text":"Entrada similar","link":""},"img":{"alt_text":"","src":"https:\/\/i0.wp.com\/musicuyinstrumentos.com\/wp-content\/uploads\/2022\/03\/Washburn-EA-26-Craig-Chaquico-1-copia.jpg?fit=1080%2C1080&ssl=1&resize=350%2C200","width":350,"height":200,"srcset":"https:\/\/i0.wp.com\/musicuyinstrumentos.com\/wp-content\/uploads\/2022\/03\/Washburn-EA-26-Craig-Chaquico-1-copia.jpg?fit=1080%2C1080&ssl=1&resize=350%2C200 1x, https:\/\/i0.wp.com\/musicuyinstrumentos.com\/wp-content\/uploads\/2022\/03\/Washburn-EA-26-Craig-Chaquico-1-copia.jpg?fit=1080%2C1080&ssl=1&resize=525%2C300 1.5x, https:\/\/i0.wp.com\/musicuyinstrumentos.com\/wp-content\/uploads\/2022\/03\/Washburn-EA-26-Craig-Chaquico-1-copia.jpg?fit=1080%2C1080&ssl=1&resize=700%2C400 2x, https:\/\/i0.wp.com\/musicuyinstrumentos.com\/wp-content\/uploads\/2022\/03\/Washburn-EA-26-Craig-Chaquico-1-copia.jpg?fit=1080%2C1080&ssl=1&resize=1050%2C600 3x"},"classes":[]}],"jetpack_sharing_enabled":true,"_links":{"self":[{"href":"https:\/\/musicuyinstrumentos.com\/index.php\/wp-json\/wp\/v2\/product\/3504","targetHints":{"allow":["GET"]}}],"collection":[{"href":"https:\/\/musicuyinstrumentos.com\/index.php\/wp-json\/wp\/v2\/product"}],"about":[{"href":"https:\/\/musicuyinstrumentos.com\/index.php\/wp-json\/wp\/v2\/types\/product"}],"version-history":[{"count":1,"href":"https:\/\/musicuyinstrumentos.com\/index.php\/wp-json\/wp\/v2\/product\/3504\/revisions"}],"predecessor-version":[{"id":3513,"href":"https:\/\/musicuyinstrumentos.com\/index.php\/wp-json\/wp\/v2\/product\/3504\/revisions\/3513"}],"wp:featuredmedia":[{"embeddable":true,"href":"https:\/\/musicuyinstrumentos.com\/index.php\/wp-json\/wp\/v2\/media\/3505"}],"wp:attachment":[{"href":"https:\/\/musicuyinstrumentos.com\/index.php\/wp-json\/wp\/v2\/media?parent=3504"}],"wp:term":[{"taxonomy":"product_brand","embeddable":true,"href":"https:\/\/musicuyinstrumentos.com\/index.php\/wp-json\/wp\/v2\/product_brand?post=3504"},{"taxonomy":"product_cat","embeddable":true,"href":"https:\/\/musicuyinstrumentos.com\/index.php\/wp-json\/wp\/v2\/product_cat?post=3504"},{"taxonomy":"product_tag","embeddable":true,"href":"https:\/\/musicuyinstrumentos.com\/index.php\/wp-json\/wp\/v2\/product_tag?post=3504"}],"curies":[{"name":"wp","href":"https:\/\/api.w.org\/{rel}","templated":true}]}}