{"id":3542,"date":"2026-01-29T13:50:54","date_gmt":"2026-01-29T16:50:54","guid":{"rendered":"https:\/\/musicuyinstrumentos.com\/?post_type=product&#038;p=3542"},"modified":"2026-01-29T13:51:05","modified_gmt":"2026-01-29T16:51:05","slug":"schecter-c-1-exotic-star","status":"publish","type":"product","link":"https:\/\/musicuyinstrumentos.com\/index.php\/producto\/schecter-c-1-exotic-star\/","title":{"rendered":"Schecter C-1 Exotic Star"},"content":{"rendered":"<div class=\"x14z9mp xat24cr x1lziwak x1vvkbs xtlvy1s x126k92a\">\n<div dir=\"auto\"><span class=\"html-span xexx8yu xyri2b x18d9i69 x1c1uobl x1hl2dhg x16tdsg8 x1vvkbs x3nfvp2 x1j61x8r x1fcty0u xdj266r xat24cr xm2jcoa x1mpyi22 xxymvpz xlup9mm x1kky2od\"><img decoding=\"async\" class=\"xz74otr x15mokao x1ga7v0g x16uus16 xbiv7yw\" src=\"https:\/\/static.xx.fbcdn.net\/images\/emoji.php\/v9\/t33\/1\/16\/2705.png\" alt=\"\u2705\" width=\"16\" height=\"16\" \/><\/span> Modelo: Schecter C-1 Exotic Star<\/div>\n<div dir=\"auto\"><span class=\"html-span xexx8yu xyri2b x18d9i69 x1c1uobl x1hl2dhg x16tdsg8 x1vvkbs x3nfvp2 x1j61x8r x1fcty0u xdj266r xat24cr xm2jcoa x1mpyi22 xxymvpz xlup9mm x1kky2od\"><img decoding=\"async\" class=\"xz74otr x15mokao x1ga7v0g x16uus16 xbiv7yw\" src=\"https:\/\/static.xx.fbcdn.net\/images\/emoji.php\/v9\/t33\/1\/16\/2705.png\" alt=\"\u2705\" width=\"16\" height=\"16\" \/><\/span> Origen: Corea<\/div>\n<div dir=\"auto\"><span class=\"html-span xexx8yu xyri2b x18d9i69 x1c1uobl x1hl2dhg x16tdsg8 x1vvkbs x3nfvp2 x1j61x8r x1fcty0u xdj266r xat24cr xm2jcoa x1mpyi22 xxymvpz xlup9mm x1kky2od\"><img decoding=\"async\" class=\"xz74otr x15mokao x1ga7v0g x16uus16 xbiv7yw\" src=\"https:\/\/static.xx.fbcdn.net\/images\/emoji.php\/v9\/t33\/1\/16\/2705.png\" alt=\"\u2705\" width=\"16\" height=\"16\" \/><\/span> Cuerpo: Caoba<\/div>\n<div dir=\"auto\"><span class=\"html-span xexx8yu xyri2b x18d9i69 x1c1uobl x1hl2dhg x16tdsg8 x1vvkbs x3nfvp2 x1j61x8r x1fcty0u xdj266r xat24cr xm2jcoa x1mpyi22 xxymvpz xlup9mm x1kky2od\"><img decoding=\"async\" class=\"xz74otr x15mokao x1ga7v0g x16uus16 xbiv7yw\" src=\"https:\/\/static.xx.fbcdn.net\/images\/emoji.php\/v9\/t33\/1\/16\/2705.png\" alt=\"\u2705\" width=\"16\" height=\"16\" \/><\/span> Tapa: Arce flameado (Exotic Top)<\/div>\n<div dir=\"auto\"><span class=\"html-span xexx8yu xyri2b x18d9i69 x1c1uobl x1hl2dhg x16tdsg8 x1vvkbs x3nfvp2 x1j61x8r x1fcty0u xdj266r xat24cr xm2jcoa x1mpyi22 xxymvpz xlup9mm x1kky2od\"><img decoding=\"async\" class=\"xz74otr x15mokao x1ga7v0g x16uus16 xbiv7yw\" src=\"https:\/\/static.xx.fbcdn.net\/images\/emoji.php\/v9\/t33\/1\/16\/2705.png\" alt=\"\u2705\" width=\"16\" height=\"16\" \/><\/span> M\u00e1stil: Caoba encolado (Set-Neck) c\/ultra access<\/div>\n<div dir=\"auto\"><span class=\"html-span xexx8yu xyri2b x18d9i69 x1c1uobl x1hl2dhg x16tdsg8 x1vvkbs x3nfvp2 x1j61x8r x1fcty0u xdj266r xat24cr xm2jcoa x1mpyi22 xxymvpz xlup9mm x1kky2od\"><img decoding=\"async\" class=\"xz74otr x15mokao x1ga7v0g x16uus16 xbiv7yw\" src=\"https:\/\/static.xx.fbcdn.net\/images\/emoji.php\/v9\/t33\/1\/16\/2705.png\" alt=\"\u2705\" width=\"16\" height=\"16\" \/><\/span> Diapas\u00f3n: \u00c9bano<\/div>\n<div dir=\"auto\"><span class=\"html-span xexx8yu xyri2b x18d9i69 x1c1uobl x1hl2dhg x16tdsg8 x1vvkbs x3nfvp2 x1j61x8r x1fcty0u xdj266r xat24cr xm2jcoa x1mpyi22 xxymvpz xlup9mm x1kky2od\"><img decoding=\"async\" class=\"xz74otr x15mokao x1ga7v0g x16uus16 xbiv7yw\" src=\"https:\/\/static.xx.fbcdn.net\/images\/emoji.php\/v9\/t33\/1\/16\/2705.png\" alt=\"\u2705\" width=\"16\" height=\"16\" \/><\/span> Escala: 25.5\u201d<\/div>\n<div dir=\"auto\"><span class=\"html-span xexx8yu xyri2b x18d9i69 x1c1uobl x1hl2dhg x16tdsg8 x1vvkbs x3nfvp2 x1j61x8r x1fcty0u xdj266r xat24cr xm2jcoa x1mpyi22 xxymvpz xlup9mm x1kky2od\"><img decoding=\"async\" class=\"xz74otr x15mokao x1ga7v0g x16uus16 xbiv7yw\" src=\"https:\/\/static.xx.fbcdn.net\/images\/emoji.php\/v9\/t33\/1\/16\/2705.png\" alt=\"\u2705\" width=\"16\" height=\"16\" \/><\/span> Trastes: 24 Jumbo<\/div>\n<div dir=\"auto\"><span class=\"html-span xexx8yu xyri2b x18d9i69 x1c1uobl x1hl2dhg x16tdsg8 x1vvkbs x3nfvp2 x1j61x8r x1fcty0u xdj266r xat24cr xm2jcoa x1mpyi22 xxymvpz xlup9mm x1kky2od\"><img decoding=\"async\" class=\"xz74otr x15mokao x1ga7v0g x16uus16 xbiv7yw\" src=\"https:\/\/static.xx.fbcdn.net\/images\/emoji.php\/v9\/t33\/1\/16\/2705.png\" alt=\"\u2705\" width=\"16\" height=\"16\" \/><\/span> Inlays: Star \/ Custom<\/div>\n<div dir=\"auto\"><span class=\"html-span xexx8yu xyri2b x18d9i69 x1c1uobl x1hl2dhg x16tdsg8 x1vvkbs x3nfvp2 x1j61x8r x1fcty0u xdj266r xat24cr xm2jcoa x1mpyi22 xxymvpz xlup9mm x1kky2od\"><img decoding=\"async\" class=\"xz74otr x15mokao x1ga7v0g x16uus16 xbiv7yw\" src=\"https:\/\/static.xx.fbcdn.net\/images\/emoji.php\/v9\/t33\/1\/16\/2705.png\" alt=\"\u2705\" width=\"16\" height=\"16\" \/><\/span> Puente: Tones Pros Tune-O-Matic con Stop Tailpiece<\/div>\n<div dir=\"auto\"><span class=\"html-span xexx8yu xyri2b x18d9i69 x1c1uobl x1hl2dhg x16tdsg8 x1vvkbs x3nfvp2 x1j61x8r x1fcty0u xdj266r xat24cr xm2jcoa x1mpyi22 xxymvpz xlup9mm x1kky2od\"><img decoding=\"async\" class=\"xz74otr x15mokao x1ga7v0g x16uus16 xbiv7yw\" src=\"https:\/\/static.xx.fbcdn.net\/images\/emoji.php\/v9\/t33\/1\/16\/2705.png\" alt=\"\u2705\" width=\"16\" height=\"16\" \/><\/span> Cejilla: Graph Tech Tusq<\/div>\n<div dir=\"auto\"><span class=\"html-span xexx8yu xyri2b x18d9i69 x1c1uobl x1hl2dhg x16tdsg8 x1vvkbs x3nfvp2 x1j61x8r x1fcty0u xdj266r xat24cr xm2jcoa x1mpyi22 xxymvpz xlup9mm x1kky2od\"><img decoding=\"async\" class=\"xz74otr x15mokao x1ga7v0g x16uus16 xbiv7yw\" src=\"https:\/\/static.xx.fbcdn.net\/images\/emoji.php\/v9\/t33\/1\/16\/2705.png\" alt=\"\u2705\" width=\"16\" height=\"16\" \/><\/span> Clavijas: Grover<\/div>\n<div dir=\"auto\"><span class=\"html-span xexx8yu xyri2b x18d9i69 x1c1uobl x1hl2dhg x16tdsg8 x1vvkbs x3nfvp2 x1j61x8r x1fcty0u xdj266r xat24cr xm2jcoa x1mpyi22 xxymvpz xlup9mm x1kky2od\"><img decoding=\"async\" class=\"xz74otr x15mokao x1ga7v0g x16uus16 xbiv7yw\" src=\"https:\/\/static.xx.fbcdn.net\/images\/emoji.php\/v9\/t33\/1\/16\/2705.png\" alt=\"\u2705\" width=\"16\" height=\"16\" \/><\/span> Micr\u00f3fonos: 2 x Humbuckers Schecter SuperRockII con matching covers<\/div>\n<div dir=\"auto\"><span class=\"html-span xexx8yu xyri2b x18d9i69 x1c1uobl x1hl2dhg x16tdsg8 x1vvkbs x3nfvp2 x1j61x8r x1fcty0u xdj266r xat24cr xm2jcoa x1mpyi22 xxymvpz xlup9mm x1kky2od\"><img decoding=\"async\" class=\"xz74otr x15mokao x1ga7v0g x16uus16 xbiv7yw\" src=\"https:\/\/static.xx.fbcdn.net\/images\/emoji.php\/v9\/t33\/1\/16\/2705.png\" alt=\"\u2705\" width=\"16\" height=\"16\" \/><\/span> Controles:<\/div>\n<div dir=\"auto\">\u2022 Volumen<\/div>\n<div dir=\"auto\">\u2022 Tono<\/div>\n<div dir=\"auto\">\u2022 Push Pull<\/div>\n<div dir=\"auto\">\u2022 Selector de 3 posiciones<\/div>\n<div dir=\"auto\"><span class=\"html-span xexx8yu xyri2b x18d9i69 x1c1uobl x1hl2dhg x16tdsg8 x1vvkbs x3nfvp2 x1j61x8r x1fcty0u xdj266r xat24cr xm2jcoa x1mpyi22 xxymvpz xlup9mm x1kky2od\"><img decoding=\"async\" class=\"xz74otr x15mokao x1ga7v0g x16uus16 xbiv7yw\" src=\"https:\/\/static.xx.fbcdn.net\/images\/emoji.php\/v9\/t33\/1\/16\/2705.png\" alt=\"\u2705\" width=\"16\" height=\"16\" \/><\/span> Hardware: Black Chrome<\/div>\n<div dir=\"auto\"><span class=\"html-span xexx8yu xyri2b x18d9i69 x1c1uobl x1hl2dhg x16tdsg8 x1vvkbs x3nfvp2 x1j61x8r x1fcty0u xdj266r xat24cr xm2jcoa x1mpyi22 xxymvpz xlup9mm x1kky2od\"><img decoding=\"async\" class=\"xz74otr x15mokao x1ga7v0g x16uus16 xbiv7yw\" src=\"https:\/\/static.xx.fbcdn.net\/images\/emoji.php\/v9\/t33\/1\/16\/2705.png\" alt=\"\u2705\" width=\"16\" height=\"16\" \/><\/span> Color: Blue Burst (tapa flameada visible)<\/p>\n<\/div>\n<\/div>\n<div class=\"x14z9mp xat24cr x1lziwak x1vvkbs xtlvy1s x126k92a\">\n<div dir=\"auto\">Muy buen estado general.<\/div>\n<div dir=\"auto\">El instrumento tuvo una reparaci\u00f3n en la pala, realizada por el luthier Carlos Carabajal, donde se instalaron dos barras internas de refuerzo en la zona de la quebradura.<\/div>\n<div dir=\"auto\">El trabajo est\u00e1 perfectamente ejecutado, es estructuralmente s\u00f3lido y no presenta ni presentar\u00e1 problemas de uso.<\/div>\n<div dir=\"auto\">Guitarra totalmente funcional, estable y lista para tocar.<\/div>\n<\/div>\n<div class=\"x14z9mp xat24cr x1lziwak x1vvkbs xtlvy1s x126k92a\">\n<div dir=\"auto\"><span class=\"html-span xexx8yu xyri2b x18d9i69 x1c1uobl x1hl2dhg x16tdsg8 x1vvkbs x3nfvp2 x1j61x8r x1fcty0u xdj266r xat24cr xm2jcoa x1mpyi22 xxymvpz xlup9mm x1kky2od\"><br \/>\n<img decoding=\"async\" class=\"xz74otr x15mokao x1ga7v0g x16uus16 xbiv7yw\" src=\"https:\/\/static.xx.fbcdn.net\/images\/emoji.php\/v9\/t5d\/1\/16\/26a1.png\" alt=\"\u26a1\" width=\"16\" height=\"16\" \/><\/span> Una Schecter s\u00f3lida, c\u00f3moda y potente, con est\u00e9tica impactante y una reparaci\u00f3n profesional de primer nivel. Ideal para quien busca calidad y rendimiento sin sorpresas.<\/div>\n<\/div>\n","protected":false},"excerpt":{"rendered":"<div class=\"x14z9mp xat24cr x1lziwak x1vvkbs xtlvy1s x126k92a\">\n<div dir=\"auto\">La Schecter C-1 Exotic Star es una guitarra de est\u00e9tica moderna y construcci\u00f3n de alto nivel, reconocida por su comodidad, sustain y sonido potente. Su tapa flameada y su dise\u00f1o ergon\u00f3mico la convierten en un instrumento ideal tanto para escenarios como para estudio, destac\u00e1ndose en estilos como rock, hard rock y metal, sin perder versatilidad para sonidos m\u00e1s limpios.<\/p>\n<\/div>\n<\/div>\n<div class=\"x14z9mp xat24cr x1lziwak x1vvkbs xtlvy1s x126k92a\">\n<div dir=\"auto\">Este modelo combina maderas seleccionadas con una electr\u00f3nica confiable y un m\u00e1stil extremadamente c\u00f3modo, caracter\u00edstico de la serie C-1 de Schecter.<\/div>\n<\/div>\n","protected":false},"featured_media":3544,"template":"","meta":{"site-sidebar-layout":"no-sidebar","site-content-layout":"","ast-site-content-layout":"default","site-content-style":"default","site-sidebar-style":"default","ast-global-header-display":"","ast-banner-title-visibility":"","ast-main-header-display":"","ast-hfb-above-header-display":"","ast-hfb-below-header-display":"","ast-hfb-mobile-header-display":"","site-post-title":"","ast-breadcrumbs-content":"","ast-featured-img":"","footer-sml-layout":"","ast-disable-related-posts":"","theme-transparent-header-meta":"default","adv-header-id-meta":"","stick-header-meta":"","header-above-stick-meta":"","header-main-stick-meta":"","header-below-stick-meta":"","astra-migrate-meta-layouts":"set","ast-page-background-enabled":"default","ast-page-background-meta":{"desktop":{"background-color":"var(--ast-global-color-4)","background-image":"","background-repeat":"repeat","background-position":"center center","background-size":"auto","background-attachment":"scroll","background-type":"","background-media":"","overlay-type":"","overlay-color":"","overlay-opacity":"","overlay-gradient":""},"tablet":{"background-color":"","background-image":"","background-repeat":"repeat","background-position":"center center","background-size":"auto","background-attachment":"scroll","background-type":"","background-media":"","overlay-type":"","overlay-color":"","overlay-opacity":"","overlay-gradient":""},"mobile":{"background-color":"","background-image":"","background-repeat":"repeat","background-position":"center center","background-size":"auto","background-attachment":"scroll","background-type":"","background-media":"","overlay-type":"","overlay-color":"","overlay-opacity":"","overlay-gradient":""}},"ast-content-background-meta":{"desktop":{"background-color":"var(--ast-global-color-5)","background-image":"","background-repeat":"repeat","background-position":"center center","background-size":"auto","background-attachment":"scroll","background-type":"","background-media":"","overlay-type":"","overlay-color":"","overlay-opacity":"","overlay-gradient":""},"tablet":{"background-color":"var(--ast-global-color-5)","background-image":"","background-repeat":"repeat","background-position":"center center","background-size":"auto","background-attachment":"scroll","background-type":"","background-media":"","overlay-type":"","overlay-color":"","overlay-opacity":"","overlay-gradient":""},"mobile":{"background-color":"var(--ast-global-color-5)","background-image":"","background-repeat":"repeat","background-position":"center center","background-size":"auto","background-attachment":"scroll","background-type":"","background-media":"","overlay-type":"","overlay-color":"","overlay-opacity":"","overlay-gradient":""}},"_joinchat":[]},"product_brand":[],"product_cat":[22,21,15],"product_tag":[],"class_list":{"0":"post-3542","1":"product","2":"type-product","3":"status-publish","4":"has-post-thumbnail","6":"product_cat-guitarras","7":"product_cat-guitarras-electricas","8":"product_cat-sin-categorizar","9":"desktop-align-left","10":"tablet-align-left","11":"mobile-align-left","13":"first","14":"instock","15":"shipping-taxable","16":"purchasable","17":"product-type-simple"},"jetpack-related-posts":[{"id":2806,"url":"https:\/\/musicuyinstrumentos.com\/index.php\/producto\/hammer-slammer-sunburst-flat-top-c-estuche-rigido-original\/","url_meta":{"origin":3542,"position":0},"title":"Hammer Slammer Sunburst Flat Top c\/estuche r\u00edgido original","author":"matiaspmartinez","date":"22 de noviembre de 2024","format":false,"excerpt":"El Hamer Slammer Sunburst Flat Top es un modelo de guitarra el\u00e9ctrica que data de finales de los a\u00f1os 90. Este instrumento es una excelente opci\u00f3n para quienes buscan un modelo con el sonido y la est\u00e9tica de las guitarras de gama alta, pero a un precio m\u00e1s accesible. Con\u2026","rel":"","context":"Entrada similar","block_context":{"text":"Entrada similar","link":""},"img":{"alt_text":"","src":"https:\/\/i0.wp.com\/musicuyinstrumentos.com\/wp-content\/uploads\/2024\/11\/Hamer-Slammer-Sunburst-Flat-Top-1.jpg?fit=1080%2C1080&ssl=1&resize=350%2C200","width":350,"height":200,"srcset":"https:\/\/i0.wp.com\/musicuyinstrumentos.com\/wp-content\/uploads\/2024\/11\/Hamer-Slammer-Sunburst-Flat-Top-1.jpg?fit=1080%2C1080&ssl=1&resize=350%2C200 1x, https:\/\/i0.wp.com\/musicuyinstrumentos.com\/wp-content\/uploads\/2024\/11\/Hamer-Slammer-Sunburst-Flat-Top-1.jpg?fit=1080%2C1080&ssl=1&resize=525%2C300 1.5x, https:\/\/i0.wp.com\/musicuyinstrumentos.com\/wp-content\/uploads\/2024\/11\/Hamer-Slammer-Sunburst-Flat-Top-1.jpg?fit=1080%2C1080&ssl=1&resize=700%2C400 2x, https:\/\/i0.wp.com\/musicuyinstrumentos.com\/wp-content\/uploads\/2024\/11\/Hamer-Slammer-Sunburst-Flat-Top-1.jpg?fit=1080%2C1080&ssl=1&resize=1050%2C600 3x"},"classes":[]},{"id":3553,"url":"https:\/\/musicuyinstrumentos.com\/index.php\/producto\/gretsch-g2655t-streamliner-c-estuche-rigido-original\/","url_meta":{"origin":3542,"position":1},"title":"Gretsch G2655T Streamliner c\/estuche r\u00edgido original","author":"matiaspmartinez","date":"30 de enero de 2026","format":false,"excerpt":"La Gretsch G2655T Streamliner es una guitarra semi-hollow compacta que combina el cl\u00e1sico ADN Gretsch con una impronta moderna y muy vers\u00e1til. Gracias a su cuerpo Center Block Jr., ofrece mayor control frente al acople sin perder el car\u00e1cter abierto y resonante t\u00edpico de las hollow y semi-hollow. Equipada con\u2026","rel":"","context":"Entrada similar","block_context":{"text":"Entrada similar","link":""},"img":{"alt_text":"","src":"https:\/\/i0.wp.com\/musicuyinstrumentos.com\/wp-content\/uploads\/2026\/01\/Gretsch-G2655T-Streamliner-1-scaled.jpg?fit=1200%2C1200&ssl=1&resize=350%2C200","width":350,"height":200,"srcset":"https:\/\/i0.wp.com\/musicuyinstrumentos.com\/wp-content\/uploads\/2026\/01\/Gretsch-G2655T-Streamliner-1-scaled.jpg?fit=1200%2C1200&ssl=1&resize=350%2C200 1x, https:\/\/i0.wp.com\/musicuyinstrumentos.com\/wp-content\/uploads\/2026\/01\/Gretsch-G2655T-Streamliner-1-scaled.jpg?fit=1200%2C1200&ssl=1&resize=525%2C300 1.5x, https:\/\/i0.wp.com\/musicuyinstrumentos.com\/wp-content\/uploads\/2026\/01\/Gretsch-G2655T-Streamliner-1-scaled.jpg?fit=1200%2C1200&ssl=1&resize=700%2C400 2x, https:\/\/i0.wp.com\/musicuyinstrumentos.com\/wp-content\/uploads\/2026\/01\/Gretsch-G2655T-Streamliner-1-scaled.jpg?fit=1200%2C1200&ssl=1&resize=1050%2C600 3x"},"classes":[]},{"id":3586,"url":"https:\/\/musicuyinstrumentos.com\/index.php\/producto\/fender-precision-standard\/","url_meta":{"origin":3542,"position":2},"title":"Fender Precision Standard","author":"matiaspmartinez","date":"3 de febrero de 2026","format":false,"excerpt":"El Fender Standard Precision Bass es un verdadero cl\u00e1sico de Fender, reconocido por su sonido s\u00f3lido, definido y con mucho cuerpo. Fabricado en M\u00e9xico durante los a\u00f1os 2006\/2007, este modelo mantiene el ADN tradicional del Precision Bass, siendo una opci\u00f3n confiable tanto para estudio como para escenario. Su configuraci\u00f3n cl\u00e1sica\u2026","rel":"","context":"Entrada similar","block_context":{"text":"Entrada similar","link":""},"img":{"alt_text":"","src":"https:\/\/i0.wp.com\/musicuyinstrumentos.com\/wp-content\/uploads\/2026\/02\/Fender-Precision-Standard-1-copia-scaled.jpg?fit=1200%2C1200&ssl=1&resize=350%2C200","width":350,"height":200,"srcset":"https:\/\/i0.wp.com\/musicuyinstrumentos.com\/wp-content\/uploads\/2026\/02\/Fender-Precision-Standard-1-copia-scaled.jpg?fit=1200%2C1200&ssl=1&resize=350%2C200 1x, https:\/\/i0.wp.com\/musicuyinstrumentos.com\/wp-content\/uploads\/2026\/02\/Fender-Precision-Standard-1-copia-scaled.jpg?fit=1200%2C1200&ssl=1&resize=525%2C300 1.5x, https:\/\/i0.wp.com\/musicuyinstrumentos.com\/wp-content\/uploads\/2026\/02\/Fender-Precision-Standard-1-copia-scaled.jpg?fit=1200%2C1200&ssl=1&resize=700%2C400 2x, https:\/\/i0.wp.com\/musicuyinstrumentos.com\/wp-content\/uploads\/2026\/02\/Fender-Precision-Standard-1-copia-scaled.jpg?fit=1200%2C1200&ssl=1&resize=1050%2C600 3x"},"classes":[]},{"id":2100,"url":"https:\/\/musicuyinstrumentos.com\/index.php\/producto\/ibanez-sz-520-c-estuche-rigido\/","url_meta":{"origin":3542,"position":3},"title":"Ibanez SZ 520 c\/estuche r\u00edgido","author":"matiaspmartinez","date":"4 de julio de 2023","format":false,"excerpt":"La Ibanez SZ520 forma parte de la aclamada serie SZ, destac\u00e1ndose por su dise\u00f1o singlecut, sustain natural y comodidad al tocar. Fabricada con materiales de alta calidad, esta guitarra combina la calidez y cuerpo de la caoba con el ataque del arce flameado en la tapa. Su configuraci\u00f3n de micr\u00f3fonos\u2026","rel":"","context":"Entrada similar","block_context":{"text":"Entrada similar","link":""},"img":{"alt_text":"","src":"https:\/\/i0.wp.com\/musicuyinstrumentos.com\/wp-content\/uploads\/2023\/07\/Ibanez-SZ-520-1-copia.jpg?fit=1080%2C1080&ssl=1&resize=350%2C200","width":350,"height":200,"srcset":"https:\/\/i0.wp.com\/musicuyinstrumentos.com\/wp-content\/uploads\/2023\/07\/Ibanez-SZ-520-1-copia.jpg?fit=1080%2C1080&ssl=1&resize=350%2C200 1x, https:\/\/i0.wp.com\/musicuyinstrumentos.com\/wp-content\/uploads\/2023\/07\/Ibanez-SZ-520-1-copia.jpg?fit=1080%2C1080&ssl=1&resize=525%2C300 1.5x, https:\/\/i0.wp.com\/musicuyinstrumentos.com\/wp-content\/uploads\/2023\/07\/Ibanez-SZ-520-1-copia.jpg?fit=1080%2C1080&ssl=1&resize=700%2C400 2x, https:\/\/i0.wp.com\/musicuyinstrumentos.com\/wp-content\/uploads\/2023\/07\/Ibanez-SZ-520-1-copia.jpg?fit=1080%2C1080&ssl=1&resize=1050%2C600 3x"},"classes":[]},{"id":3387,"url":"https:\/\/musicuyinstrumentos.com\/index.php\/producto\/ibanez-s540-custom-made-1993-c-estuche-rigido\/","url_meta":{"origin":3542,"position":4},"title":"Ibanez S540 Custom Made 1993 c\/estuche r\u00edgido","author":"matiaspmartinez","date":"25 de agosto de 2025","format":false,"excerpt":"La Ibanez S540 Custom Made es parte de la legendaria serie S fabricada en Jap\u00f3n durante los 90, conocida por su cuerpo ultradelgado, gran comodidad y calidad de construcci\u00f3n superior. Este modelo Custom Made combina el dise\u00f1o moderno y ergon\u00f3mico de la serie S con componentes de alta gama, convirti\u00e9ndose\u2026","rel":"","context":"Entrada similar","block_context":{"text":"Entrada similar","link":""},"img":{"alt_text":"","src":"https:\/\/i0.wp.com\/musicuyinstrumentos.com\/wp-content\/uploads\/2025\/08\/Ibanez-S540-Custom-Made-1-scaled.jpg?fit=1200%2C1200&ssl=1&resize=350%2C200","width":350,"height":200,"srcset":"https:\/\/i0.wp.com\/musicuyinstrumentos.com\/wp-content\/uploads\/2025\/08\/Ibanez-S540-Custom-Made-1-scaled.jpg?fit=1200%2C1200&ssl=1&resize=350%2C200 1x, https:\/\/i0.wp.com\/musicuyinstrumentos.com\/wp-content\/uploads\/2025\/08\/Ibanez-S540-Custom-Made-1-scaled.jpg?fit=1200%2C1200&ssl=1&resize=525%2C300 1.5x, https:\/\/i0.wp.com\/musicuyinstrumentos.com\/wp-content\/uploads\/2025\/08\/Ibanez-S540-Custom-Made-1-scaled.jpg?fit=1200%2C1200&ssl=1&resize=700%2C400 2x, https:\/\/i0.wp.com\/musicuyinstrumentos.com\/wp-content\/uploads\/2025\/08\/Ibanez-S540-Custom-Made-1-scaled.jpg?fit=1200%2C1200&ssl=1&resize=1050%2C600 3x"},"classes":[]},{"id":2691,"url":"https:\/\/musicuyinstrumentos.com\/index.php\/producto\/prs-se-a20e-angelus-c-estuche-rigido-original\/","url_meta":{"origin":3542,"position":5},"title":"PRS SE A20E Angelus c\/estuche r\u00edgido original","author":"matiaspmartinez","date":"13 de octubre de 2024","format":false,"excerpt":"La PRS SE A20E es una guitarra electroac\u00fastica que combina el dise\u00f1o cl\u00e1sico de Paul Reed Smith con una construcci\u00f3n \u00edntegra de caoba, entregando un sonido org\u00e1nico, c\u00e1lido y con una proyecci\u00f3n sorprendente. Su forma Angelus Cutaway ofrece gran comodidad tanto para punteo como para fingerstyle, mientras que el sistema\u2026","rel":"","context":"Entrada similar","block_context":{"text":"Entrada similar","link":""},"img":{"alt_text":"","src":"https:\/\/i0.wp.com\/musicuyinstrumentos.com\/wp-content\/uploads\/2024\/10\/PRS-Se-A20E-Angelus-1-Alibaba.jpg?fit=1080%2C1080&ssl=1&resize=350%2C200","width":350,"height":200,"srcset":"https:\/\/i0.wp.com\/musicuyinstrumentos.com\/wp-content\/uploads\/2024\/10\/PRS-Se-A20E-Angelus-1-Alibaba.jpg?fit=1080%2C1080&ssl=1&resize=350%2C200 1x, https:\/\/i0.wp.com\/musicuyinstrumentos.com\/wp-content\/uploads\/2024\/10\/PRS-Se-A20E-Angelus-1-Alibaba.jpg?fit=1080%2C1080&ssl=1&resize=525%2C300 1.5x, https:\/\/i0.wp.com\/musicuyinstrumentos.com\/wp-content\/uploads\/2024\/10\/PRS-Se-A20E-Angelus-1-Alibaba.jpg?fit=1080%2C1080&ssl=1&resize=700%2C400 2x, https:\/\/i0.wp.com\/musicuyinstrumentos.com\/wp-content\/uploads\/2024\/10\/PRS-Se-A20E-Angelus-1-Alibaba.jpg?fit=1080%2C1080&ssl=1&resize=1050%2C600 3x"},"classes":[]}],"jetpack_sharing_enabled":true,"_links":{"self":[{"href":"https:\/\/musicuyinstrumentos.com\/index.php\/wp-json\/wp\/v2\/product\/3542","targetHints":{"allow":["GET"]}}],"collection":[{"href":"https:\/\/musicuyinstrumentos.com\/index.php\/wp-json\/wp\/v2\/product"}],"about":[{"href":"https:\/\/musicuyinstrumentos.com\/index.php\/wp-json\/wp\/v2\/types\/product"}],"version-history":[{"count":2,"href":"https:\/\/musicuyinstrumentos.com\/index.php\/wp-json\/wp\/v2\/product\/3542\/revisions"}],"predecessor-version":[{"id":3552,"href":"https:\/\/musicuyinstrumentos.com\/index.php\/wp-json\/wp\/v2\/product\/3542\/revisions\/3552"}],"wp:featuredmedia":[{"embeddable":true,"href":"https:\/\/musicuyinstrumentos.com\/index.php\/wp-json\/wp\/v2\/media\/3544"}],"wp:attachment":[{"href":"https:\/\/musicuyinstrumentos.com\/index.php\/wp-json\/wp\/v2\/media?parent=3542"}],"wp:term":[{"taxonomy":"product_brand","embeddable":true,"href":"https:\/\/musicuyinstrumentos.com\/index.php\/wp-json\/wp\/v2\/product_brand?post=3542"},{"taxonomy":"product_cat","embeddable":true,"href":"https:\/\/musicuyinstrumentos.com\/index.php\/wp-json\/wp\/v2\/product_cat?post=3542"},{"taxonomy":"product_tag","embeddable":true,"href":"https:\/\/musicuyinstrumentos.com\/index.php\/wp-json\/wp\/v2\/product_tag?post=3542"}],"curies":[{"name":"wp","href":"https:\/\/api.w.org\/{rel}","templated":true}]}}