{"id":37,"date":"2022-03-01T11:55:28","date_gmt":"2022-03-01T14:55:28","guid":{"rendered":"https:\/\/musicuyinstrumentos.com\/?post_type=product&#038;p=37"},"modified":"2025-05-22T12:08:04","modified_gmt":"2025-05-22T15:08:04","slug":"carvin-cobalt-ct770ts","status":"publish","type":"product","link":"https:\/\/musicuyinstrumentos.com\/index.php\/producto\/carvin-cobalt-ct770ts\/","title":{"rendered":"Carvin Cobalt C770TS"},"content":{"rendered":"<p data-start=\"840\" data-end=\"1356\">\u2705 <strong data-start=\"878\" data-end=\"899\">Forma del cuerpo:<\/strong> Dreadnought con corte (single cutaway)<br data-start=\"938\" data-end=\"941\" \/>\u2705 <strong data-start=\"943\" data-end=\"962\">Tipo de cuerpo:<\/strong> Hollowbody<br data-start=\"973\" data-end=\"976\" \/>\u2705 <strong data-start=\"978\" data-end=\"995\">Construcci\u00f3n:<\/strong> Ac\u00fastica<br data-start=\"1004\" data-end=\"1007\" \/>\u2705 <strong data-start=\"1009\" data-end=\"1018\">Tapa:<\/strong> Caoba<br data-start=\"1024\" data-end=\"1027\" \/>\u2705 <strong data-start=\"1029\" data-end=\"1046\">Aros y fondo:<\/strong> Caoba<br data-start=\"1052\" data-end=\"1055\" \/>\u2705 <strong data-start=\"1057\" data-end=\"1069\">Binding:<\/strong> Multi-ply<br data-start=\"1079\" data-end=\"1082\" \/>\u2705 <strong data-start=\"1084\" data-end=\"1095\">Puente:<\/strong> Rosewood<br data-start=\"1104\" data-end=\"1107\" \/>\u2705 <strong data-start=\"1109\" data-end=\"1120\">M\u00e1stil:<\/strong> Caoba<br data-start=\"1126\" data-end=\"1129\" \/>\u2705 <strong data-start=\"1131\" data-end=\"1152\">Uni\u00f3n del m\u00e1stil:<\/strong> Dovetail<br data-start=\"1161\" data-end=\"1164\" \/>\u2705 <strong data-start=\"1166\" data-end=\"1179\">Diapas\u00f3n:<\/strong> Rosewood<br data-start=\"1188\" data-end=\"1191\" \/>\u2705 <strong data-start=\"1193\" data-end=\"1212\">Incrustaciones:<\/strong> Puntos<br data-start=\"1219\" data-end=\"1222\" \/>\u2705 <strong data-start=\"1224\" data-end=\"1248\">Cantidad de trastes:<\/strong> 20 (medium)<br data-start=\"1260\" data-end=\"1263\" \/>\u2705 <strong data-start=\"1265\" data-end=\"1278\">Clavijas:<\/strong> Grover<br data-start=\"1285\" data-end=\"1288\" \/>\u2705 <strong data-start=\"1290\" data-end=\"1303\">Hardware:<\/strong> Cromado<br data-start=\"1311\" data-end=\"1314\" \/>\u2705 <strong data-start=\"1316\" data-end=\"1332\">Electr\u00f3nica:<\/strong> Fishman Prefix Plus-T<\/p>\n<ul data-start=\"1360\" data-end=\"1460\">\n<li data-start=\"1360\" data-end=\"1376\">\n<p data-start=\"1362\" data-end=\"1376\">Pickup piezo<\/p>\n<\/li>\n<li data-start=\"1380\" data-end=\"1460\">\n<p data-start=\"1382\" data-end=\"1460\">Controles de volumen, tono y preamp<br data-start=\"1417\" data-end=\"1420\" \/>\u2705 <strong data-start=\"1422\" data-end=\"1436\">Golpeador:<\/strong> S\u00ed<br data-start=\"1439\" data-end=\"1442\" \/>\u2705 <strong data-start=\"1444\" data-end=\"1456\">Cuerdas:<\/strong> 6<\/p>\n<\/li>\n<\/ul>\n<p data-start=\"1462\" data-end=\"1507\">\ud83c\udf81 <strong data-start=\"1465\" data-end=\"1507\">Incluye estuche r\u00edgido original Carvin<\/strong><\/p>\n<p data-start=\"1509\" data-end=\"1681\">\ud83d\udd0a Excelente opci\u00f3n para m\u00fasicos que buscan <strong data-start=\"1553\" data-end=\"1621\">un instrumento confiable, con gran sonido ac\u00fastico y amplificado<\/strong>, y detalles de construcci\u00f3n propios de gamas profesionales.<\/p>\n","protected":false},"excerpt":{"rendered":"<p>La <strong data-start=\"439\" data-end=\"463\">Carvin Cobalt C770TS<\/strong> es una guitarra electroac\u00fastica de gama alta, dise\u00f1ada en USA y construida por luthiers selectos en Corea con materiales de primera. Su dise\u00f1o tipo dreadnought con corte veneciano y su electr\u00f3nica Fishman la convierten en una excelente opci\u00f3n tanto para grabaci\u00f3n como para shows en vivo. Destaca por su <strong data-start=\"768\" data-end=\"837\">proyecci\u00f3n potente, tono balanceado y gran comodidad de ejecuci\u00f3n<\/strong>.<\/p>\n","protected":false},"featured_media":3143,"template":"","meta":{"site-sidebar-layout":"no-sidebar","site-content-layout":"default","ast-site-content-layout":"default","site-content-style":"default","site-sidebar-style":"default","ast-global-header-display":"","ast-banner-title-visibility":"","ast-main-header-display":"","ast-hfb-above-header-display":"","ast-hfb-below-header-display":"","ast-hfb-mobile-header-display":"","site-post-title":"","ast-breadcrumbs-content":"","ast-featured-img":"","footer-sml-layout":"","ast-disable-related-posts":"","theme-transparent-header-meta":"default","adv-header-id-meta":"","stick-header-meta":"","header-above-stick-meta":"","header-main-stick-meta":"","header-below-stick-meta":"","astra-migrate-meta-layouts":"set","ast-page-background-enabled":"default","ast-page-background-meta":{"desktop":{"background-color":"var(--ast-global-color-4)","background-image":"","background-repeat":"repeat","background-position":"center center","background-size":"auto","background-attachment":"scroll","background-type":"","background-media":"","overlay-type":"","overlay-color":"","overlay-opacity":"","overlay-gradient":""},"tablet":{"background-color":"","background-image":"","background-repeat":"repeat","background-position":"center center","background-size":"auto","background-attachment":"scroll","background-type":"","background-media":"","overlay-type":"","overlay-color":"","overlay-opacity":"","overlay-gradient":""},"mobile":{"background-color":"","background-image":"","background-repeat":"repeat","background-position":"center center","background-size":"auto","background-attachment":"scroll","background-type":"","background-media":"","overlay-type":"","overlay-color":"","overlay-opacity":"","overlay-gradient":""}},"ast-content-background-meta":{"desktop":{"background-color":"var(--ast-global-color-5)","background-image":"","background-repeat":"repeat","background-position":"center center","background-size":"auto","background-attachment":"scroll","background-type":"","background-media":"","overlay-type":"","overlay-color":"","overlay-opacity":"","overlay-gradient":""},"tablet":{"background-color":"var(--ast-global-color-5)","background-image":"","background-repeat":"repeat","background-position":"center center","background-size":"auto","background-attachment":"scroll","background-type":"","background-media":"","overlay-type":"","overlay-color":"","overlay-opacity":"","overlay-gradient":""},"mobile":{"background-color":"var(--ast-global-color-5)","background-image":"","background-repeat":"repeat","background-position":"center center","background-size":"auto","background-attachment":"scroll","background-type":"","background-media":"","overlay-type":"","overlay-color":"","overlay-opacity":"","overlay-gradient":""}},"_joinchat":[]},"product_brand":[],"product_cat":[22,24,15],"product_tag":[38],"class_list":{"0":"post-37","1":"product","2":"type-product","3":"status-publish","4":"has-post-thumbnail","6":"product_cat-guitarras","7":"product_cat-guitarras-acusticas","8":"product_cat-sin-categorizar","9":"product_tag-electroacustica","10":"desktop-align-left","11":"tablet-align-left","12":"mobile-align-left","14":"first","15":"instock","16":"shipping-taxable","17":"purchasable","18":"product-type-simple"},"jetpack-related-posts":[{"id":3270,"url":"https:\/\/musicuyinstrumentos.com\/index.php\/producto\/fender-cd-140-sce\/","url_meta":{"origin":37,"position":0},"title":"Fender CD-140 SCE","author":"matiaspmartinez","date":"24 de mayo de 2025","format":false,"excerpt":"La Fender CD-140SCE es una guitarra electroac\u00fastica ideal tanto para quienes est\u00e1n dando sus primeros pasos como para m\u00fasicos m\u00e1s experimentados que buscan una ac\u00fastica confiable y vers\u00e1til. Su dise\u00f1o de cuerpo tipo dreadnought con corte ofrece un excelente balance entre proyecci\u00f3n sonora y comodidad. Incorpora una tapa s\u00f3lida de\u2026","rel":"","context":"Entrada similar","block_context":{"text":"Entrada similar","link":""},"img":{"alt_text":"","src":"https:\/\/i0.wp.com\/musicuyinstrumentos.com\/wp-content\/uploads\/2025\/05\/Fender-CD-140-1.jpg?fit=1080%2C1080&ssl=1&resize=350%2C200","width":350,"height":200,"srcset":"https:\/\/i0.wp.com\/musicuyinstrumentos.com\/wp-content\/uploads\/2025\/05\/Fender-CD-140-1.jpg?fit=1080%2C1080&ssl=1&resize=350%2C200 1x, https:\/\/i0.wp.com\/musicuyinstrumentos.com\/wp-content\/uploads\/2025\/05\/Fender-CD-140-1.jpg?fit=1080%2C1080&ssl=1&resize=525%2C300 1.5x, https:\/\/i0.wp.com\/musicuyinstrumentos.com\/wp-content\/uploads\/2025\/05\/Fender-CD-140-1.jpg?fit=1080%2C1080&ssl=1&resize=700%2C400 2x, https:\/\/i0.wp.com\/musicuyinstrumentos.com\/wp-content\/uploads\/2025\/05\/Fender-CD-140-1.jpg?fit=1080%2C1080&ssl=1&resize=1050%2C600 3x"},"classes":[]},{"id":255,"url":"https:\/\/musicuyinstrumentos.com\/index.php\/producto\/carvin-cobalt-ct980ts-12-cuerdas\/","url_meta":{"origin":37,"position":1},"title":"Carvin Cobalt C980T12 (12 cuerdas)","author":"matiaspmartinez","date":"1 de marzo de 2022","format":false,"excerpt":"La Carvin Cobalt C980T12 es una guitarra electroac\u00fastica de 12 cuerdas de alt\u00edsima calidad, fabricada en asociaci\u00f3n con luthiers seleccionados de Corea bajo los m\u00e1s exigentes est\u00e1ndares de Carvin USA. Se trata de un modelo que combina maderas nobles, un dise\u00f1o cl\u00e1sico y un sonido potente y balanceado, ideal tanto\u2026","rel":"","context":"Entrada similar","block_context":{"text":"Entrada similar","link":""},"img":{"alt_text":"","src":"https:\/\/i0.wp.com\/musicuyinstrumentos.com\/wp-content\/uploads\/2022\/03\/Carvin-C980T12-1.jpg?fit=1080%2C1080&ssl=1&resize=350%2C200","width":350,"height":200,"srcset":"https:\/\/i0.wp.com\/musicuyinstrumentos.com\/wp-content\/uploads\/2022\/03\/Carvin-C980T12-1.jpg?fit=1080%2C1080&ssl=1&resize=350%2C200 1x, https:\/\/i0.wp.com\/musicuyinstrumentos.com\/wp-content\/uploads\/2022\/03\/Carvin-C980T12-1.jpg?fit=1080%2C1080&ssl=1&resize=525%2C300 1.5x, https:\/\/i0.wp.com\/musicuyinstrumentos.com\/wp-content\/uploads\/2022\/03\/Carvin-C980T12-1.jpg?fit=1080%2C1080&ssl=1&resize=700%2C400 2x, https:\/\/i0.wp.com\/musicuyinstrumentos.com\/wp-content\/uploads\/2022\/03\/Carvin-C980T12-1.jpg?fit=1080%2C1080&ssl=1&resize=1050%2C600 3x"},"classes":[]},{"id":2339,"url":"https:\/\/musicuyinstrumentos.com\/index.php\/producto\/martin-d-16h\/","url_meta":{"origin":37,"position":2},"title":"Martin D-16H 1995 c\/piezo LR Baggs","author":"matiaspmartinez","date":"14 de enero de 2024","format":false,"excerpt":"La Martin D-16H es una dreadnought construida en Nazareth, Pennsylvania (USA), con los m\u00e1s altos est\u00e1ndares de calidad y tono. Este modelo de 1995 presenta una construcci\u00f3n tradicional full solid y un sonido c\u00e1lido, potente y definido.Lo m\u00e1s destacable de esta unidad es su estado impecable: estuvo guardada en su\u2026","rel":"","context":"Entrada similar","block_context":{"text":"Entrada similar","link":""},"img":{"alt_text":"","src":"https:\/\/i0.wp.com\/musicuyinstrumentos.com\/wp-content\/uploads\/2024\/01\/Martin-D-16H-1.jpg?fit=1080%2C1080&ssl=1&resize=350%2C200","width":350,"height":200,"srcset":"https:\/\/i0.wp.com\/musicuyinstrumentos.com\/wp-content\/uploads\/2024\/01\/Martin-D-16H-1.jpg?fit=1080%2C1080&ssl=1&resize=350%2C200 1x, https:\/\/i0.wp.com\/musicuyinstrumentos.com\/wp-content\/uploads\/2024\/01\/Martin-D-16H-1.jpg?fit=1080%2C1080&ssl=1&resize=525%2C300 1.5x, https:\/\/i0.wp.com\/musicuyinstrumentos.com\/wp-content\/uploads\/2024\/01\/Martin-D-16H-1.jpg?fit=1080%2C1080&ssl=1&resize=700%2C400 2x, https:\/\/i0.wp.com\/musicuyinstrumentos.com\/wp-content\/uploads\/2024\/01\/Martin-D-16H-1.jpg?fit=1080%2C1080&ssl=1&resize=1050%2C600 3x"},"classes":[]},{"id":2806,"url":"https:\/\/musicuyinstrumentos.com\/index.php\/producto\/hammer-slammer-sunburst-flat-top-c-estuche-rigido-original\/","url_meta":{"origin":37,"position":3},"title":"Hammer Slammer Sunburst Flat Top c\/estuche r\u00edgido original","author":"matiaspmartinez","date":"22 de noviembre de 2024","format":false,"excerpt":"El Hamer Slammer Sunburst Flat Top es un modelo de guitarra el\u00e9ctrica que data de finales de los a\u00f1os 90. Este instrumento es una excelente opci\u00f3n para quienes buscan un modelo con el sonido y la est\u00e9tica de las guitarras de gama alta, pero a un precio m\u00e1s accesible. Con\u2026","rel":"","context":"Entrada similar","block_context":{"text":"Entrada similar","link":""},"img":{"alt_text":"","src":"https:\/\/i0.wp.com\/musicuyinstrumentos.com\/wp-content\/uploads\/2024\/11\/Hamer-Slammer-Sunburst-Flat-Top-1.jpg?fit=1080%2C1080&ssl=1&resize=350%2C200","width":350,"height":200,"srcset":"https:\/\/i0.wp.com\/musicuyinstrumentos.com\/wp-content\/uploads\/2024\/11\/Hamer-Slammer-Sunburst-Flat-Top-1.jpg?fit=1080%2C1080&ssl=1&resize=350%2C200 1x, https:\/\/i0.wp.com\/musicuyinstrumentos.com\/wp-content\/uploads\/2024\/11\/Hamer-Slammer-Sunburst-Flat-Top-1.jpg?fit=1080%2C1080&ssl=1&resize=525%2C300 1.5x, https:\/\/i0.wp.com\/musicuyinstrumentos.com\/wp-content\/uploads\/2024\/11\/Hamer-Slammer-Sunburst-Flat-Top-1.jpg?fit=1080%2C1080&ssl=1&resize=700%2C400 2x, https:\/\/i0.wp.com\/musicuyinstrumentos.com\/wp-content\/uploads\/2024\/11\/Hamer-Slammer-Sunburst-Flat-Top-1.jpg?fit=1080%2C1080&ssl=1&resize=1050%2C600 3x"},"classes":[]},{"id":2691,"url":"https:\/\/musicuyinstrumentos.com\/index.php\/producto\/prs-se-a20e-angelus-c-estuche-rigido-original\/","url_meta":{"origin":37,"position":4},"title":"PRS SE A20E Angelus c\/estuche r\u00edgido original","author":"matiaspmartinez","date":"13 de octubre de 2024","format":false,"excerpt":"La PRS SE A20E es una guitarra electroac\u00fastica que combina el dise\u00f1o cl\u00e1sico de Paul Reed Smith con una construcci\u00f3n \u00edntegra de caoba, entregando un sonido org\u00e1nico, c\u00e1lido y con una proyecci\u00f3n sorprendente. Su forma Angelus Cutaway ofrece gran comodidad tanto para punteo como para fingerstyle, mientras que el sistema\u2026","rel":"","context":"Entrada similar","block_context":{"text":"Entrada similar","link":""},"img":{"alt_text":"","src":"https:\/\/i0.wp.com\/musicuyinstrumentos.com\/wp-content\/uploads\/2024\/10\/PRS-Se-A20E-Angelus-1-Alibaba.jpg?fit=1080%2C1080&ssl=1&resize=350%2C200","width":350,"height":200,"srcset":"https:\/\/i0.wp.com\/musicuyinstrumentos.com\/wp-content\/uploads\/2024\/10\/PRS-Se-A20E-Angelus-1-Alibaba.jpg?fit=1080%2C1080&ssl=1&resize=350%2C200 1x, https:\/\/i0.wp.com\/musicuyinstrumentos.com\/wp-content\/uploads\/2024\/10\/PRS-Se-A20E-Angelus-1-Alibaba.jpg?fit=1080%2C1080&ssl=1&resize=525%2C300 1.5x, https:\/\/i0.wp.com\/musicuyinstrumentos.com\/wp-content\/uploads\/2024\/10\/PRS-Se-A20E-Angelus-1-Alibaba.jpg?fit=1080%2C1080&ssl=1&resize=700%2C400 2x, https:\/\/i0.wp.com\/musicuyinstrumentos.com\/wp-content\/uploads\/2024\/10\/PRS-Se-A20E-Angelus-1-Alibaba.jpg?fit=1080%2C1080&ssl=1&resize=1050%2C600 3x"},"classes":[]},{"id":3504,"url":"https:\/\/musicuyinstrumentos.com\/index.php\/producto\/takamine-ef360-bc-pro-series-1990-japon\/","url_meta":{"origin":37,"position":5},"title":"Takamine EF360 BC Pro Series &#8211; 1990 &#8211; Jap\u00f3n","author":"matiaspmartinez","date":"29 de octubre de 2025","format":false,"excerpt":"La Takamine EF360 BC es una guitarra electroac\u00fastica de la serie profesional japonesa, fabricada en 1990, reconocida por su tono balanceado, proyecci\u00f3n excepcional y calidad de construcci\u00f3n artesanal. Este modelo ofrece un sonido c\u00e1lido, con graves definidos, medios redondos y agudos brillantes, ideal para int\u00e9rpretes que buscan una ac\u00fastica vers\u00e1til\u2026","rel":"","context":"Entrada similar","block_context":{"text":"Entrada similar","link":""},"img":{"alt_text":"","src":"https:\/\/i0.wp.com\/musicuyinstrumentos.com\/wp-content\/uploads\/2025\/10\/FacturandoTakamine-EF360-1.jpg?fit=1080%2C1080&ssl=1&resize=350%2C200","width":350,"height":200,"srcset":"https:\/\/i0.wp.com\/musicuyinstrumentos.com\/wp-content\/uploads\/2025\/10\/FacturandoTakamine-EF360-1.jpg?fit=1080%2C1080&ssl=1&resize=350%2C200 1x, https:\/\/i0.wp.com\/musicuyinstrumentos.com\/wp-content\/uploads\/2025\/10\/FacturandoTakamine-EF360-1.jpg?fit=1080%2C1080&ssl=1&resize=525%2C300 1.5x, https:\/\/i0.wp.com\/musicuyinstrumentos.com\/wp-content\/uploads\/2025\/10\/FacturandoTakamine-EF360-1.jpg?fit=1080%2C1080&ssl=1&resize=700%2C400 2x, https:\/\/i0.wp.com\/musicuyinstrumentos.com\/wp-content\/uploads\/2025\/10\/FacturandoTakamine-EF360-1.jpg?fit=1080%2C1080&ssl=1&resize=1050%2C600 3x"},"classes":[]}],"jetpack_sharing_enabled":true,"_links":{"self":[{"href":"https:\/\/musicuyinstrumentos.com\/index.php\/wp-json\/wp\/v2\/product\/37","targetHints":{"allow":["GET"]}}],"collection":[{"href":"https:\/\/musicuyinstrumentos.com\/index.php\/wp-json\/wp\/v2\/product"}],"about":[{"href":"https:\/\/musicuyinstrumentos.com\/index.php\/wp-json\/wp\/v2\/types\/product"}],"version-history":[{"count":4,"href":"https:\/\/musicuyinstrumentos.com\/index.php\/wp-json\/wp\/v2\/product\/37\/revisions"}],"predecessor-version":[{"id":3183,"href":"https:\/\/musicuyinstrumentos.com\/index.php\/wp-json\/wp\/v2\/product\/37\/revisions\/3183"}],"wp:featuredmedia":[{"embeddable":true,"href":"https:\/\/musicuyinstrumentos.com\/index.php\/wp-json\/wp\/v2\/media\/3143"}],"wp:attachment":[{"href":"https:\/\/musicuyinstrumentos.com\/index.php\/wp-json\/wp\/v2\/media?parent=37"}],"wp:term":[{"taxonomy":"product_brand","embeddable":true,"href":"https:\/\/musicuyinstrumentos.com\/index.php\/wp-json\/wp\/v2\/product_brand?post=37"},{"taxonomy":"product_cat","embeddable":true,"href":"https:\/\/musicuyinstrumentos.com\/index.php\/wp-json\/wp\/v2\/product_cat?post=37"},{"taxonomy":"product_tag","embeddable":true,"href":"https:\/\/musicuyinstrumentos.com\/index.php\/wp-json\/wp\/v2\/product_tag?post=37"}],"curies":[{"name":"wp","href":"https:\/\/api.w.org\/{rel}","templated":true}]}}