{"id":385,"date":"2022-03-07T02:30:47","date_gmt":"2022-03-07T05:30:47","guid":{"rendered":"https:\/\/musicuyinstrumentos.com\/?post_type=product&#038;p=385"},"modified":"2025-05-22T12:01:35","modified_gmt":"2025-05-22T15:01:35","slug":"ibanez-js1000-joe-satriani-signatures","status":"publish","type":"product","link":"https:\/\/musicuyinstrumentos.com\/index.php\/producto\/ibanez-js1000-joe-satriani-signatures\/","title":{"rendered":"Ibanez JS1000 Joe Satriani Signatures"},"content":{"rendered":"<p data-start=\"992\" data-end=\"1650\">\ud83e\uddf1 <strong data-start=\"995\" data-end=\"1025\">Especificaciones t\u00e9cnicas:<\/strong><br data-start=\"1025\" data-end=\"1028\" \/>\u2705 Origen: Jap\u00f3n<br data-start=\"1043\" data-end=\"1046\" \/>\u2705 Cuerpo: Basswood<br data-start=\"1064\" data-end=\"1067\" \/>\u2705 M\u00e1stil: 1 pieza de maple, JS Prestige<br data-start=\"1106\" data-end=\"1109\" \/>\u2705 Diapas\u00f3n: Rosewood con radio compuesto<br data-start=\"1149\" data-end=\"1152\" \/>\u2705 Trastes: 22 medium frets, Prestige fret edge treatment<br data-start=\"1208\" data-end=\"1211\" \/>\u2705 Escala: 25.5&#8243;<br data-start=\"1226\" data-end=\"1229\" \/>\u2705 Inlays: Dot<br data-start=\"1242\" data-end=\"1245\" \/>\u2705 Micr\u00f3fonos:<br data-start=\"1258\" data-end=\"1261\" \/>\u2003\ud83d\udd38 DiMarzio PAF Pro (m\u00e1stil)<br data-start=\"1290\" data-end=\"1293\" \/>\u2003\ud83d\udd38 DiMarzio FRED (puente)<br data-start=\"1319\" data-end=\"1322\" \/>\u2705 Controles: Volumen (con push-pull High Pass Filter), Tono (con push-pull Coil Tap), Selector de 3 posiciones<br data-start=\"1432\" data-end=\"1435\" \/>\u2705 Puente: <strong data-start=\"1445\" data-end=\"1477\">Ibanez Edge Original Tremolo<\/strong><br data-start=\"1477\" data-end=\"1480\" \/>\u2705 Clavijas: Gotoh<br data-start=\"1497\" data-end=\"1500\" \/>\u2705 Hardware: Cosmo Black<br data-start=\"1523\" data-end=\"1526\" \/>\u2705 Color: (consultar el color exacto, ej. Black Pearl, White, Burnt Transparent Blue)<br data-start=\"1610\" data-end=\"1613\" \/>\u2705 Estuche: incluido<\/p>\n<p data-start=\"1652\" data-end=\"1814\">\ud83d\udee0\ufe0f <strong data-start=\"1656\" data-end=\"1667\">Estado:<\/strong><br data-start=\"1667\" data-end=\"1670\" \/>Instrumento en excelente estado, electr\u00f3nica 100% funcional.<\/p>\n<p data-start=\"1816\" data-end=\"1957\">\ud83d\udd25 <strong data-start=\"1819\" data-end=\"1957\">Ideal para guitarristas que buscan una signature profesional con prestaciones de alta gama y la confiabilidad del sello Made in Japan.<\/strong><\/p>\n","protected":false},"excerpt":{"rendered":"<p data-start=\"440\" data-end=\"804\">La <strong data-start=\"465\" data-end=\"482\">Ibanez JS1000<\/strong> es uno de los modelos m\u00e1s ic\u00f3nicos de la l\u00ednea signature del virtuoso guitarrista <strong data-start=\"565\" data-end=\"581\">Joe Satriani<\/strong>. Fabricada en Jap\u00f3n con alt\u00edsimos est\u00e1ndares de calidad, esta guitarra se convirti\u00f3 en una favorita tanto para fans de Satriani como para guitarristas exigentes que buscan comodidad, versatilidad y un sonido profesional.<\/p>\n<p data-start=\"806\" data-end=\"990\">Su dise\u00f1o ergon\u00f3mico, m\u00e1stil ultrac\u00f3modo JS Prestige, electr\u00f3nica vers\u00e1til y el sistema de tr\u00e9molo <strong data-start=\"905\" data-end=\"913\">Edge<\/strong> hacen de esta JS1000 una herramienta ideal para rock, fusi\u00f3n, shred y m\u00e1s.<\/p>\n","protected":false},"featured_media":3111,"template":"","meta":{"site-sidebar-layout":"no-sidebar","site-content-layout":"default","ast-site-content-layout":"default","site-content-style":"default","site-sidebar-style":"default","ast-global-header-display":"","ast-banner-title-visibility":"","ast-main-header-display":"","ast-hfb-above-header-display":"","ast-hfb-below-header-display":"","ast-hfb-mobile-header-display":"","site-post-title":"","ast-breadcrumbs-content":"","ast-featured-img":"","footer-sml-layout":"","ast-disable-related-posts":"","theme-transparent-header-meta":"default","adv-header-id-meta":"","stick-header-meta":"","header-above-stick-meta":"","header-main-stick-meta":"","header-below-stick-meta":"","astra-migrate-meta-layouts":"set","ast-page-background-enabled":"default","ast-page-background-meta":{"desktop":{"background-color":"var(--ast-global-color-4)","background-image":"","background-repeat":"repeat","background-position":"center center","background-size":"auto","background-attachment":"scroll","background-type":"","background-media":"","overlay-type":"","overlay-color":"","overlay-opacity":"","overlay-gradient":""},"tablet":{"background-color":"","background-image":"","background-repeat":"repeat","background-position":"center center","background-size":"auto","background-attachment":"scroll","background-type":"","background-media":"","overlay-type":"","overlay-color":"","overlay-opacity":"","overlay-gradient":""},"mobile":{"background-color":"","background-image":"","background-repeat":"repeat","background-position":"center center","background-size":"auto","background-attachment":"scroll","background-type":"","background-media":"","overlay-type":"","overlay-color":"","overlay-opacity":"","overlay-gradient":""}},"ast-content-background-meta":{"desktop":{"background-color":"var(--ast-global-color-5)","background-image":"","background-repeat":"repeat","background-position":"center center","background-size":"auto","background-attachment":"scroll","background-type":"","background-media":"","overlay-type":"","overlay-color":"","overlay-opacity":"","overlay-gradient":""},"tablet":{"background-color":"var(--ast-global-color-5)","background-image":"","background-repeat":"repeat","background-position":"center center","background-size":"auto","background-attachment":"scroll","background-type":"","background-media":"","overlay-type":"","overlay-color":"","overlay-opacity":"","overlay-gradient":""},"mobile":{"background-color":"var(--ast-global-color-5)","background-image":"","background-repeat":"repeat","background-position":"center center","background-size":"auto","background-attachment":"scroll","background-type":"","background-media":"","overlay-type":"","overlay-color":"","overlay-opacity":"","overlay-gradient":""}},"_joinchat":[]},"product_brand":[],"product_cat":[22,21,15],"product_tag":[64],"class_list":{"0":"post-385","1":"product","2":"type-product","3":"status-publish","4":"has-post-thumbnail","6":"product_cat-guitarras","7":"product_cat-guitarras-electricas","8":"product_cat-sin-categorizar","9":"product_tag-dimarzio","10":"desktop-align-left","11":"tablet-align-left","12":"mobile-align-left","14":"first","15":"instock","16":"shipping-taxable","17":"purchasable","18":"product-type-simple"},"jetpack-related-posts":[{"id":388,"url":"https:\/\/musicuyinstrumentos.com\/index.php\/producto\/ibanez-musician-mc-350\/","url_meta":{"origin":385,"position":0},"title":"Ibanez Musician MC 350","author":"matiaspmartinez","date":"7 de marzo de 2022","format":false,"excerpt":"\ud83d\udd70\ufe0f Vintage \u2013 Made in Japan \u2013 Toda original La Ibanez Musician MC350 es parte de una de las l\u00edneas m\u00e1s emblem\u00e1ticas de la marca japonesa durante su era dorada. Fabricada en 1981, esta guitarra destaca por su calidad de construcci\u00f3n, versatilidad sonora y dise\u00f1o refinado. Construida con maderas seleccionadas\u2026","rel":"","context":"Entrada similar","block_context":{"text":"Entrada similar","link":""},"img":{"alt_text":"","src":"https:\/\/i0.wp.com\/musicuyinstrumentos.com\/wp-content\/uploads\/2022\/03\/Ibanez-Musician-MC350-1-1.jpg?fit=1080%2C1080&ssl=1&resize=350%2C200","width":350,"height":200,"srcset":"https:\/\/i0.wp.com\/musicuyinstrumentos.com\/wp-content\/uploads\/2022\/03\/Ibanez-Musician-MC350-1-1.jpg?fit=1080%2C1080&ssl=1&resize=350%2C200 1x, https:\/\/i0.wp.com\/musicuyinstrumentos.com\/wp-content\/uploads\/2022\/03\/Ibanez-Musician-MC350-1-1.jpg?fit=1080%2C1080&ssl=1&resize=525%2C300 1.5x, https:\/\/i0.wp.com\/musicuyinstrumentos.com\/wp-content\/uploads\/2022\/03\/Ibanez-Musician-MC350-1-1.jpg?fit=1080%2C1080&ssl=1&resize=700%2C400 2x, https:\/\/i0.wp.com\/musicuyinstrumentos.com\/wp-content\/uploads\/2022\/03\/Ibanez-Musician-MC350-1-1.jpg?fit=1080%2C1080&ssl=1&resize=1050%2C600 3x"},"classes":[]},{"id":2291,"url":"https:\/\/musicuyinstrumentos.com\/index.php\/producto\/cort-arena-1-matthias-jabs-signature\/","url_meta":{"origin":385,"position":1},"title":"Cort Arena 1 Matthias Jabs Signature","author":"matiaspmartinez","date":"11 de enero de 2024","format":false,"excerpt":"La Cort Arena 1 es el modelo signature del legendario guitarrista de los Scorpions, Matthias Jabs. Fabricada en Corea del Sur, esta guitarra se destaca por su dise\u00f1o ergon\u00f3mico, calidad de construcci\u00f3n y versatilidad sonora. Su est\u00e9tica \u00fanica, con un cuerpo estilo offset semi-hueco y un elegante acabado flameado, la\u2026","rel":"","context":"Entrada similar","block_context":{"text":"Entrada similar","link":""},"img":{"alt_text":"","src":"https:\/\/i0.wp.com\/musicuyinstrumentos.com\/wp-content\/uploads\/2024\/01\/Cort-Arena-1-Matthias-Jabs-1-copia-Personalizado.jpg?fit=1080%2C1080&ssl=1&resize=350%2C200","width":350,"height":200,"srcset":"https:\/\/i0.wp.com\/musicuyinstrumentos.com\/wp-content\/uploads\/2024\/01\/Cort-Arena-1-Matthias-Jabs-1-copia-Personalizado.jpg?fit=1080%2C1080&ssl=1&resize=350%2C200 1x, https:\/\/i0.wp.com\/musicuyinstrumentos.com\/wp-content\/uploads\/2024\/01\/Cort-Arena-1-Matthias-Jabs-1-copia-Personalizado.jpg?fit=1080%2C1080&ssl=1&resize=525%2C300 1.5x, https:\/\/i0.wp.com\/musicuyinstrumentos.com\/wp-content\/uploads\/2024\/01\/Cort-Arena-1-Matthias-Jabs-1-copia-Personalizado.jpg?fit=1080%2C1080&ssl=1&resize=700%2C400 2x, https:\/\/i0.wp.com\/musicuyinstrumentos.com\/wp-content\/uploads\/2024\/01\/Cort-Arena-1-Matthias-Jabs-1-copia-Personalizado.jpg?fit=1080%2C1080&ssl=1&resize=1050%2C600 3x"},"classes":[]},{"id":448,"url":"https:\/\/musicuyinstrumentos.com\/index.php\/producto\/ibanez-sr-5005\/","url_meta":{"origin":385,"position":2},"title":"Ibanez SR 5005","author":"matiaspmartinez","date":"7 de marzo de 2022","format":false,"excerpt":"El Ibanez SR5005 es un bajo japon\u00e9s de gama alta perteneciente a la l\u00ednea Soundgear Prestige, conocido por su excelente construcci\u00f3n, comodidad y tono vers\u00e1til. Este modelo de 5 cuerdas ha sido modificado con un set de micr\u00f3fonos activos EMG 40DC, lo que le brinda un sonido moderno, potente y\u2026","rel":"","context":"Entrada similar","block_context":{"text":"Entrada similar","link":""},"img":{"alt_text":"","src":"https:\/\/i0.wp.com\/musicuyinstrumentos.com\/wp-content\/uploads\/2022\/03\/Ibanez-SR5005-1.jpg?fit=1080%2C1080&ssl=1&resize=350%2C200","width":350,"height":200,"srcset":"https:\/\/i0.wp.com\/musicuyinstrumentos.com\/wp-content\/uploads\/2022\/03\/Ibanez-SR5005-1.jpg?fit=1080%2C1080&ssl=1&resize=350%2C200 1x, https:\/\/i0.wp.com\/musicuyinstrumentos.com\/wp-content\/uploads\/2022\/03\/Ibanez-SR5005-1.jpg?fit=1080%2C1080&ssl=1&resize=525%2C300 1.5x, https:\/\/i0.wp.com\/musicuyinstrumentos.com\/wp-content\/uploads\/2022\/03\/Ibanez-SR5005-1.jpg?fit=1080%2C1080&ssl=1&resize=700%2C400 2x, https:\/\/i0.wp.com\/musicuyinstrumentos.com\/wp-content\/uploads\/2022\/03\/Ibanez-SR5005-1.jpg?fit=1080%2C1080&ssl=1&resize=1050%2C600 3x"},"classes":[]},{"id":2426,"url":"https:\/\/musicuyinstrumentos.com\/index.php\/producto\/godin-session-hg-mn\/","url_meta":{"origin":385,"position":3},"title":"Godin Session HG MN","author":"matiaspmartinez","date":"26 de marzo de 2024","format":false,"excerpt":"La Godin Session HG (High Gloss) es una guitarra el\u00e9ctrica vers\u00e1til, moderna y de excelente calidad, fabricada en Canad\u00e1. Con una configuraci\u00f3n de micr\u00f3fonos HSS, ofrece un rango tonal ampl\u00edsimo, ideal para estilos que van desde el rock y pop hasta blues y funk. Su m\u00e1stil de arce y diapas\u00f3n\u2026","rel":"","context":"Entrada similar","block_context":{"text":"Entrada similar","link":""},"img":{"alt_text":"","src":"https:\/\/i0.wp.com\/musicuyinstrumentos.com\/wp-content\/uploads\/2024\/03\/Godin-Session-1.jpg?fit=1080%2C1080&ssl=1&resize=350%2C200","width":350,"height":200,"srcset":"https:\/\/i0.wp.com\/musicuyinstrumentos.com\/wp-content\/uploads\/2024\/03\/Godin-Session-1.jpg?fit=1080%2C1080&ssl=1&resize=350%2C200 1x, https:\/\/i0.wp.com\/musicuyinstrumentos.com\/wp-content\/uploads\/2024\/03\/Godin-Session-1.jpg?fit=1080%2C1080&ssl=1&resize=525%2C300 1.5x, https:\/\/i0.wp.com\/musicuyinstrumentos.com\/wp-content\/uploads\/2024\/03\/Godin-Session-1.jpg?fit=1080%2C1080&ssl=1&resize=700%2C400 2x, https:\/\/i0.wp.com\/musicuyinstrumentos.com\/wp-content\/uploads\/2024\/03\/Godin-Session-1.jpg?fit=1080%2C1080&ssl=1&resize=1050%2C600 3x"},"classes":[]},{"id":2687,"url":"https:\/\/musicuyinstrumentos.com\/index.php\/producto\/godin-artisan-st-signature\/","url_meta":{"origin":385,"position":4},"title":"Godin Artisan ST Signature","author":"matiaspmartinez","date":"13 de octubre de 2024","format":false,"excerpt":"La Godin Artisan ST Signature es una guitarra el\u00e9ctrica de alta gama, fabricada en Canad\u00e1 con materiales premium y atenci\u00f3n al detalle que la colocan a la altura de marcas boutique como Suhr o Tom Anderson. Este modelo combina sonido potente, est\u00e9tica refinada y una comodidad de ejecuci\u00f3n superior. Su\u2026","rel":"","context":"Entrada similar","block_context":{"text":"Entrada similar","link":""},"img":{"alt_text":"","src":"https:\/\/i0.wp.com\/musicuyinstrumentos.com\/wp-content\/uploads\/2024\/10\/Godin-Artisan-ST-Signature-1-Alibaba.jpg?fit=1080%2C1080&ssl=1&resize=350%2C200","width":350,"height":200,"srcset":"https:\/\/i0.wp.com\/musicuyinstrumentos.com\/wp-content\/uploads\/2024\/10\/Godin-Artisan-ST-Signature-1-Alibaba.jpg?fit=1080%2C1080&ssl=1&resize=350%2C200 1x, https:\/\/i0.wp.com\/musicuyinstrumentos.com\/wp-content\/uploads\/2024\/10\/Godin-Artisan-ST-Signature-1-Alibaba.jpg?fit=1080%2C1080&ssl=1&resize=525%2C300 1.5x, https:\/\/i0.wp.com\/musicuyinstrumentos.com\/wp-content\/uploads\/2024\/10\/Godin-Artisan-ST-Signature-1-Alibaba.jpg?fit=1080%2C1080&ssl=1&resize=700%2C400 2x, https:\/\/i0.wp.com\/musicuyinstrumentos.com\/wp-content\/uploads\/2024\/10\/Godin-Artisan-ST-Signature-1-Alibaba.jpg?fit=1080%2C1080&ssl=1&resize=1050%2C600 3x"},"classes":[]},{"id":477,"url":"https:\/\/musicuyinstrumentos.com\/index.php\/producto\/schecter-c1-classic\/","url_meta":{"origin":385,"position":5},"title":"Schecter C1-Classic","author":"matiaspmartinez","date":"8 de marzo de 2022","format":false,"excerpt":"Una guitarra de alta gama con un nivel de detalle y construcci\u00f3n dignos de gamas Custom Shop. Fabricada en Corea a principios de los 2000, la C1-Classic es reconocida por su est\u00e9tica elegante y su gran versatilidad sonora. Equipada con pastillas Seymour Duncan y hardware de calidad, es ideal para\u2026","rel":"","context":"Entrada similar","block_context":{"text":"Entrada similar","link":""},"img":{"alt_text":"","src":"https:\/\/i0.wp.com\/musicuyinstrumentos.com\/wp-content\/uploads\/2022\/03\/Schecter-C1-Classic-1.jpg?fit=1080%2C1080&ssl=1&resize=350%2C200","width":350,"height":200,"srcset":"https:\/\/i0.wp.com\/musicuyinstrumentos.com\/wp-content\/uploads\/2022\/03\/Schecter-C1-Classic-1.jpg?fit=1080%2C1080&ssl=1&resize=350%2C200 1x, https:\/\/i0.wp.com\/musicuyinstrumentos.com\/wp-content\/uploads\/2022\/03\/Schecter-C1-Classic-1.jpg?fit=1080%2C1080&ssl=1&resize=525%2C300 1.5x, https:\/\/i0.wp.com\/musicuyinstrumentos.com\/wp-content\/uploads\/2022\/03\/Schecter-C1-Classic-1.jpg?fit=1080%2C1080&ssl=1&resize=700%2C400 2x, https:\/\/i0.wp.com\/musicuyinstrumentos.com\/wp-content\/uploads\/2022\/03\/Schecter-C1-Classic-1.jpg?fit=1080%2C1080&ssl=1&resize=1050%2C600 3x"},"classes":[]}],"jetpack_sharing_enabled":true,"_links":{"self":[{"href":"https:\/\/musicuyinstrumentos.com\/index.php\/wp-json\/wp\/v2\/product\/385","targetHints":{"allow":["GET"]}}],"collection":[{"href":"https:\/\/musicuyinstrumentos.com\/index.php\/wp-json\/wp\/v2\/product"}],"about":[{"href":"https:\/\/musicuyinstrumentos.com\/index.php\/wp-json\/wp\/v2\/types\/product"}],"version-history":[{"count":4,"href":"https:\/\/musicuyinstrumentos.com\/index.php\/wp-json\/wp\/v2\/product\/385\/revisions"}],"predecessor-version":[{"id":3176,"href":"https:\/\/musicuyinstrumentos.com\/index.php\/wp-json\/wp\/v2\/product\/385\/revisions\/3176"}],"wp:featuredmedia":[{"embeddable":true,"href":"https:\/\/musicuyinstrumentos.com\/index.php\/wp-json\/wp\/v2\/media\/3111"}],"wp:attachment":[{"href":"https:\/\/musicuyinstrumentos.com\/index.php\/wp-json\/wp\/v2\/media?parent=385"}],"wp:term":[{"taxonomy":"product_brand","embeddable":true,"href":"https:\/\/musicuyinstrumentos.com\/index.php\/wp-json\/wp\/v2\/product_brand?post=385"},{"taxonomy":"product_cat","embeddable":true,"href":"https:\/\/musicuyinstrumentos.com\/index.php\/wp-json\/wp\/v2\/product_cat?post=385"},{"taxonomy":"product_tag","embeddable":true,"href":"https:\/\/musicuyinstrumentos.com\/index.php\/wp-json\/wp\/v2\/product_tag?post=385"}],"curies":[{"name":"wp","href":"https:\/\/api.w.org\/{rel}","templated":true}]}}