{"id":388,"date":"2022-03-07T02:36:38","date_gmt":"2022-03-07T05:36:38","guid":{"rendered":"https:\/\/musicuyinstrumentos.com\/?post_type=product&#038;p=388"},"modified":"2025-05-23T16:28:44","modified_gmt":"2025-05-23T19:28:44","slug":"ibanez-musician-mc-350","status":"publish","type":"product","link":"https:\/\/musicuyinstrumentos.com\/index.php\/producto\/ibanez-musician-mc-350\/","title":{"rendered":"Ibanez Musician MC 350"},"content":{"rendered":"<p data-start=\"834\" data-end=\"1288\">\u2705 Origen: Jap\u00f3n<br data-start=\"885\" data-end=\"888\" \/>\u2705 Cuerpo: Maple con alas de caoba<br data-start=\"921\" data-end=\"924\" \/>\u2705 M\u00e1stil: Maple y nogal, neck-thru<br data-start=\"958\" data-end=\"961\" \/>\u2705 Diapas\u00f3n: Rosewood<br data-start=\"981\" data-end=\"984\" \/>\u2705 Escala: 24.75&#8243;<br data-start=\"1000\" data-end=\"1003\" \/>\u2705 Trastes: 22<br data-start=\"1016\" data-end=\"1019\" data-is-only-node=\"\" \/>\u2705 Inlays: Dot<br data-start=\"1032\" data-end=\"1035\" \/>\u2705 Micr\u00f3fonos: Super 58 Humbuckers<br data-start=\"1068\" data-end=\"1071\" \/>\u2705 Controles: 2 Volumen, 2 Tono, Selector de 3 posiciones<br data-start=\"1127\" data-end=\"1130\" \/>\u2705 Push\/Pull Coil Tap en potenci\u00f3metros<br data-start=\"1168\" data-end=\"1171\" \/>\u2705 Puente: Gibraltar con sustain block<br data-start=\"1208\" data-end=\"1211\" \/>\u2705 Clavijas: Smooth Tuner II<br data-start=\"1238\" data-end=\"1241\" \/>\u2705 Hardware: Dorado<\/p>\n<p data-start=\"1290\" data-end=\"1539\">\ud83d\udee0\ufe0f <strong data-start=\"1294\" data-end=\"1305\">Estado:<\/strong><br data-start=\"1305\" data-end=\"1308\" \/>Instrumento en excelente estado para sus m\u00e1s de 40 a\u00f1os. Completamente original, sin modificaciones. Trastes en buen estado, electr\u00f3nica funcionando a la perfecci\u00f3n. Lista para tocar o para sumar a una colecci\u00f3n vintage de calidad.<\/p>\n<p data-start=\"1541\" data-end=\"1645\">\ud83d\udd25 <strong data-start=\"1544\" data-end=\"1645\">Una guitarra de culto, con sonido c\u00e1lido y poderoso, t\u00edpica del alto est\u00e1ndar japon\u00e9s de los 80s.<\/strong><\/p>\n","protected":false},"excerpt":{"rendered":"<p data-start=\"361\" data-end=\"448\">\ud83d\udd70\ufe0f Vintage \u2013 Made in Japan \u2013 Toda original<\/p>\n<p data-start=\"450\" data-end=\"832\">La Ibanez Musician MC350 es parte de una de las l\u00edneas m\u00e1s emblem\u00e1ticas de la marca japonesa durante su era dorada. Fabricada en 1981, esta guitarra destaca por su calidad de construcci\u00f3n, versatilidad sonora y dise\u00f1o refinado. Construida con maderas seleccionadas y hardware de alta gama, es una pieza de colecci\u00f3n tanto para m\u00fasicos como para coleccionistas.<\/p>\n","protected":false},"featured_media":3103,"template":"","meta":{"site-sidebar-layout":"no-sidebar","site-content-layout":"default","ast-site-content-layout":"default","site-content-style":"default","site-sidebar-style":"default","ast-global-header-display":"","ast-banner-title-visibility":"","ast-main-header-display":"","ast-hfb-above-header-display":"","ast-hfb-below-header-display":"","ast-hfb-mobile-header-display":"","site-post-title":"","ast-breadcrumbs-content":"","ast-featured-img":"","footer-sml-layout":"","ast-disable-related-posts":"","theme-transparent-header-meta":"default","adv-header-id-meta":"","stick-header-meta":"","header-above-stick-meta":"","header-main-stick-meta":"","header-below-stick-meta":"","astra-migrate-meta-layouts":"set","ast-page-background-enabled":"default","ast-page-background-meta":{"desktop":{"background-color":"var(--ast-global-color-4)","background-image":"","background-repeat":"repeat","background-position":"center center","background-size":"auto","background-attachment":"scroll","background-type":"","background-media":"","overlay-type":"","overlay-color":"","overlay-opacity":"","overlay-gradient":""},"tablet":{"background-color":"","background-image":"","background-repeat":"repeat","background-position":"center center","background-size":"auto","background-attachment":"scroll","background-type":"","background-media":"","overlay-type":"","overlay-color":"","overlay-opacity":"","overlay-gradient":""},"mobile":{"background-color":"","background-image":"","background-repeat":"repeat","background-position":"center center","background-size":"auto","background-attachment":"scroll","background-type":"","background-media":"","overlay-type":"","overlay-color":"","overlay-opacity":"","overlay-gradient":""}},"ast-content-background-meta":{"desktop":{"background-color":"var(--ast-global-color-5)","background-image":"","background-repeat":"repeat","background-position":"center center","background-size":"auto","background-attachment":"scroll","background-type":"","background-media":"","overlay-type":"","overlay-color":"","overlay-opacity":"","overlay-gradient":""},"tablet":{"background-color":"var(--ast-global-color-5)","background-image":"","background-repeat":"repeat","background-position":"center center","background-size":"auto","background-attachment":"scroll","background-type":"","background-media":"","overlay-type":"","overlay-color":"","overlay-opacity":"","overlay-gradient":""},"mobile":{"background-color":"var(--ast-global-color-5)","background-image":"","background-repeat":"repeat","background-position":"center center","background-size":"auto","background-attachment":"scroll","background-type":"","background-media":"","overlay-type":"","overlay-color":"","overlay-opacity":"","overlay-gradient":""}},"_joinchat":[]},"product_brand":[],"product_cat":[22,21,15],"product_tag":[37],"class_list":{"0":"post-388","1":"product","2":"type-product","3":"status-publish","4":"has-post-thumbnail","6":"product_cat-guitarras","7":"product_cat-guitarras-electricas","8":"product_cat-sin-categorizar","9":"product_tag-vintage","10":"desktop-align-left","11":"tablet-align-left","12":"mobile-align-left","14":"first","15":"instock","16":"sale","17":"shipping-taxable","18":"purchasable","19":"product-type-simple"},"jetpack-related-posts":[{"id":450,"url":"https:\/\/musicuyinstrumentos.com\/index.php\/producto\/ibanez-sr-1000\/","url_meta":{"origin":388,"position":0},"title":"Ibanez SR 1000","author":"matiaspmartinez","date":"7 de marzo de 2022","format":false,"excerpt":"Bajo el\u00e9ctrico Ibanez Soundgear SR1000 fabricado en Jap\u00f3n en 1990, una \u00e9poca de excelente calidad de construcci\u00f3n de la marca. Este modelo presenta un dise\u00f1o s\u00faper ergon\u00f3mico, liviano y c\u00f3modo, ideal tanto para estudio como para escenarios exigentes. \ud83c\udfaf Cuenta con un set EMG PJ activo, lo que le da\u2026","rel":"","context":"Entrada similar","block_context":{"text":"Entrada similar","link":""},"img":{"alt_text":"","src":"https:\/\/i0.wp.com\/musicuyinstrumentos.com\/wp-content\/uploads\/2022\/03\/Ibanez-SR1000-1-1.jpg?fit=1080%2C1080&ssl=1&resize=350%2C200","width":350,"height":200,"srcset":"https:\/\/i0.wp.com\/musicuyinstrumentos.com\/wp-content\/uploads\/2022\/03\/Ibanez-SR1000-1-1.jpg?fit=1080%2C1080&ssl=1&resize=350%2C200 1x, https:\/\/i0.wp.com\/musicuyinstrumentos.com\/wp-content\/uploads\/2022\/03\/Ibanez-SR1000-1-1.jpg?fit=1080%2C1080&ssl=1&resize=525%2C300 1.5x, https:\/\/i0.wp.com\/musicuyinstrumentos.com\/wp-content\/uploads\/2022\/03\/Ibanez-SR1000-1-1.jpg?fit=1080%2C1080&ssl=1&resize=700%2C400 2x, https:\/\/i0.wp.com\/musicuyinstrumentos.com\/wp-content\/uploads\/2022\/03\/Ibanez-SR1000-1-1.jpg?fit=1080%2C1080&ssl=1&resize=1050%2C600 3x"},"classes":[]},{"id":385,"url":"https:\/\/musicuyinstrumentos.com\/index.php\/producto\/ibanez-js1000-joe-satriani-signatures\/","url_meta":{"origin":388,"position":1},"title":"Ibanez JS1000 Joe Satriani Signatures","author":"matiaspmartinez","date":"7 de marzo de 2022","format":false,"excerpt":"La Ibanez JS1000 es uno de los modelos m\u00e1s ic\u00f3nicos de la l\u00ednea signature del virtuoso guitarrista Joe Satriani. Fabricada en Jap\u00f3n con alt\u00edsimos est\u00e1ndares de calidad, esta guitarra se convirti\u00f3 en una favorita tanto para fans de Satriani como para guitarristas exigentes que buscan comodidad, versatilidad y un sonido\u2026","rel":"","context":"Entrada similar","block_context":{"text":"Entrada similar","link":""},"img":{"alt_text":"","src":"https:\/\/i0.wp.com\/musicuyinstrumentos.com\/wp-content\/uploads\/2022\/03\/Ibanez-JS1000-Joe-Satriani-1-1.jpg?fit=1080%2C1080&ssl=1&resize=350%2C200","width":350,"height":200,"srcset":"https:\/\/i0.wp.com\/musicuyinstrumentos.com\/wp-content\/uploads\/2022\/03\/Ibanez-JS1000-Joe-Satriani-1-1.jpg?fit=1080%2C1080&ssl=1&resize=350%2C200 1x, https:\/\/i0.wp.com\/musicuyinstrumentos.com\/wp-content\/uploads\/2022\/03\/Ibanez-JS1000-Joe-Satriani-1-1.jpg?fit=1080%2C1080&ssl=1&resize=525%2C300 1.5x, https:\/\/i0.wp.com\/musicuyinstrumentos.com\/wp-content\/uploads\/2022\/03\/Ibanez-JS1000-Joe-Satriani-1-1.jpg?fit=1080%2C1080&ssl=1&resize=700%2C400 2x, https:\/\/i0.wp.com\/musicuyinstrumentos.com\/wp-content\/uploads\/2022\/03\/Ibanez-JS1000-Joe-Satriani-1-1.jpg?fit=1080%2C1080&ssl=1&resize=1050%2C600 3x"},"classes":[]},{"id":448,"url":"https:\/\/musicuyinstrumentos.com\/index.php\/producto\/ibanez-sr-5005\/","url_meta":{"origin":388,"position":2},"title":"Ibanez SR 5005","author":"matiaspmartinez","date":"7 de marzo de 2022","format":false,"excerpt":"El Ibanez SR5005 es un bajo japon\u00e9s de gama alta perteneciente a la l\u00ednea Soundgear Prestige, conocido por su excelente construcci\u00f3n, comodidad y tono vers\u00e1til. Este modelo de 5 cuerdas ha sido modificado con un set de micr\u00f3fonos activos EMG 40DC, lo que le brinda un sonido moderno, potente y\u2026","rel":"","context":"Entrada similar","block_context":{"text":"Entrada similar","link":""},"img":{"alt_text":"","src":"https:\/\/i0.wp.com\/musicuyinstrumentos.com\/wp-content\/uploads\/2022\/03\/Ibanez-SR5005-1.jpg?fit=1080%2C1080&ssl=1&resize=350%2C200","width":350,"height":200,"srcset":"https:\/\/i0.wp.com\/musicuyinstrumentos.com\/wp-content\/uploads\/2022\/03\/Ibanez-SR5005-1.jpg?fit=1080%2C1080&ssl=1&resize=350%2C200 1x, https:\/\/i0.wp.com\/musicuyinstrumentos.com\/wp-content\/uploads\/2022\/03\/Ibanez-SR5005-1.jpg?fit=1080%2C1080&ssl=1&resize=525%2C300 1.5x, https:\/\/i0.wp.com\/musicuyinstrumentos.com\/wp-content\/uploads\/2022\/03\/Ibanez-SR5005-1.jpg?fit=1080%2C1080&ssl=1&resize=700%2C400 2x, https:\/\/i0.wp.com\/musicuyinstrumentos.com\/wp-content\/uploads\/2022\/03\/Ibanez-SR5005-1.jpg?fit=1080%2C1080&ssl=1&resize=1050%2C600 3x"},"classes":[]},{"id":2180,"url":"https:\/\/musicuyinstrumentos.com\/index.php\/producto\/ibanez-roadster-rs924-1980\/","url_meta":{"origin":388,"position":3},"title":"Ibanez Roadster RS924 1980","author":"matiaspmartinez","date":"5 de septiembre de 2023","format":false,"excerpt":"Directamente desde la era dorada de Ibanez, el RS924 Roadster es un bajo japon\u00e9s vintage de alt\u00edsima calidad y gran versatilidad. Fabricado en 1980, este modelo ofrece una electr\u00f3nica activa conmutable, dise\u00f1o s\u00f3lido y componentes originales que lo convierten en una pieza buscada tanto por m\u00fasicos como por coleccionistas.","rel":"","context":"Entrada similar","block_context":{"text":"Entrada similar","link":""},"img":{"alt_text":"","src":"https:\/\/i0.wp.com\/musicuyinstrumentos.com\/wp-content\/uploads\/2023\/09\/Ibanez-Roadster-928-1-Editar-copia.jpg?fit=1080%2C1080&ssl=1&resize=350%2C200","width":350,"height":200,"srcset":"https:\/\/i0.wp.com\/musicuyinstrumentos.com\/wp-content\/uploads\/2023\/09\/Ibanez-Roadster-928-1-Editar-copia.jpg?fit=1080%2C1080&ssl=1&resize=350%2C200 1x, https:\/\/i0.wp.com\/musicuyinstrumentos.com\/wp-content\/uploads\/2023\/09\/Ibanez-Roadster-928-1-Editar-copia.jpg?fit=1080%2C1080&ssl=1&resize=525%2C300 1.5x, https:\/\/i0.wp.com\/musicuyinstrumentos.com\/wp-content\/uploads\/2023\/09\/Ibanez-Roadster-928-1-Editar-copia.jpg?fit=1080%2C1080&ssl=1&resize=700%2C400 2x, https:\/\/i0.wp.com\/musicuyinstrumentos.com\/wp-content\/uploads\/2023\/09\/Ibanez-Roadster-928-1-Editar-copia.jpg?fit=1080%2C1080&ssl=1&resize=1050%2C600 3x"},"classes":[]},{"id":497,"url":"https:\/\/musicuyinstrumentos.com\/index.php\/producto\/tobias-growler-5\/","url_meta":{"origin":388,"position":4},"title":"Tobias Growler 5","author":"matiaspmartinez","date":"8 de marzo de 2022","format":false,"excerpt":"El Tobias Growler 5 es un bajo Made in USA de mediados de los 90s, fabricado durante la etapa Gibson de la marca, manteniendo el ADN de dise\u00f1o ergon\u00f3mico y sonido moderno caracter\u00edstico de Tobias. Este modelo se destaca por su construcci\u00f3n neck-thru, excelente balance y una respuesta sonora muy\u2026","rel":"","context":"Entrada similar","block_context":{"text":"Entrada similar","link":""},"img":{"alt_text":"","src":"https:\/\/i0.wp.com\/musicuyinstrumentos.com\/wp-content\/uploads\/2022\/03\/Tobias-Growler-5-1.jpg?fit=1080%2C1080&ssl=1&resize=350%2C200","width":350,"height":200,"srcset":"https:\/\/i0.wp.com\/musicuyinstrumentos.com\/wp-content\/uploads\/2022\/03\/Tobias-Growler-5-1.jpg?fit=1080%2C1080&ssl=1&resize=350%2C200 1x, https:\/\/i0.wp.com\/musicuyinstrumentos.com\/wp-content\/uploads\/2022\/03\/Tobias-Growler-5-1.jpg?fit=1080%2C1080&ssl=1&resize=525%2C300 1.5x, https:\/\/i0.wp.com\/musicuyinstrumentos.com\/wp-content\/uploads\/2022\/03\/Tobias-Growler-5-1.jpg?fit=1080%2C1080&ssl=1&resize=700%2C400 2x, https:\/\/i0.wp.com\/musicuyinstrumentos.com\/wp-content\/uploads\/2022\/03\/Tobias-Growler-5-1.jpg?fit=1080%2C1080&ssl=1&resize=1050%2C600 3x"},"classes":[]},{"id":2426,"url":"https:\/\/musicuyinstrumentos.com\/index.php\/producto\/godin-session-hg-mn\/","url_meta":{"origin":388,"position":5},"title":"Godin Session HG MN","author":"matiaspmartinez","date":"26 de marzo de 2024","format":false,"excerpt":"La Godin Session HG (High Gloss) es una guitarra el\u00e9ctrica vers\u00e1til, moderna y de excelente calidad, fabricada en Canad\u00e1. Con una configuraci\u00f3n de micr\u00f3fonos HSS, ofrece un rango tonal ampl\u00edsimo, ideal para estilos que van desde el rock y pop hasta blues y funk. Su m\u00e1stil de arce y diapas\u00f3n\u2026","rel":"","context":"Entrada similar","block_context":{"text":"Entrada similar","link":""},"img":{"alt_text":"","src":"https:\/\/i0.wp.com\/musicuyinstrumentos.com\/wp-content\/uploads\/2024\/03\/Godin-Session-1.jpg?fit=1080%2C1080&ssl=1&resize=350%2C200","width":350,"height":200,"srcset":"https:\/\/i0.wp.com\/musicuyinstrumentos.com\/wp-content\/uploads\/2024\/03\/Godin-Session-1.jpg?fit=1080%2C1080&ssl=1&resize=350%2C200 1x, https:\/\/i0.wp.com\/musicuyinstrumentos.com\/wp-content\/uploads\/2024\/03\/Godin-Session-1.jpg?fit=1080%2C1080&ssl=1&resize=525%2C300 1.5x, https:\/\/i0.wp.com\/musicuyinstrumentos.com\/wp-content\/uploads\/2024\/03\/Godin-Session-1.jpg?fit=1080%2C1080&ssl=1&resize=700%2C400 2x, https:\/\/i0.wp.com\/musicuyinstrumentos.com\/wp-content\/uploads\/2024\/03\/Godin-Session-1.jpg?fit=1080%2C1080&ssl=1&resize=1050%2C600 3x"},"classes":[]}],"jetpack_sharing_enabled":true,"_links":{"self":[{"href":"https:\/\/musicuyinstrumentos.com\/index.php\/wp-json\/wp\/v2\/product\/388","targetHints":{"allow":["GET"]}}],"collection":[{"href":"https:\/\/musicuyinstrumentos.com\/index.php\/wp-json\/wp\/v2\/product"}],"about":[{"href":"https:\/\/musicuyinstrumentos.com\/index.php\/wp-json\/wp\/v2\/types\/product"}],"version-history":[{"count":3,"href":"https:\/\/musicuyinstrumentos.com\/index.php\/wp-json\/wp\/v2\/product\/388\/revisions"}],"predecessor-version":[{"id":3255,"href":"https:\/\/musicuyinstrumentos.com\/index.php\/wp-json\/wp\/v2\/product\/388\/revisions\/3255"}],"wp:featuredmedia":[{"embeddable":true,"href":"https:\/\/musicuyinstrumentos.com\/index.php\/wp-json\/wp\/v2\/media\/3103"}],"wp:attachment":[{"href":"https:\/\/musicuyinstrumentos.com\/index.php\/wp-json\/wp\/v2\/media?parent=388"}],"wp:term":[{"taxonomy":"product_brand","embeddable":true,"href":"https:\/\/musicuyinstrumentos.com\/index.php\/wp-json\/wp\/v2\/product_brand?post=388"},{"taxonomy":"product_cat","embeddable":true,"href":"https:\/\/musicuyinstrumentos.com\/index.php\/wp-json\/wp\/v2\/product_cat?post=388"},{"taxonomy":"product_tag","embeddable":true,"href":"https:\/\/musicuyinstrumentos.com\/index.php\/wp-json\/wp\/v2\/product_tag?post=388"}],"curies":[{"name":"wp","href":"https:\/\/api.w.org\/{rel}","templated":true}]}}