{"id":448,"date":"2022-03-07T21:35:13","date_gmt":"2022-03-08T00:35:13","guid":{"rendered":"https:\/\/musicuyinstrumentos.com\/?post_type=product&#038;p=448"},"modified":"2025-05-22T16:30:10","modified_gmt":"2025-05-22T19:30:10","slug":"ibanez-sr-5005","status":"publish","type":"product","link":"https:\/\/musicuyinstrumentos.com\/index.php\/producto\/ibanez-sr-5005\/","title":{"rendered":"Ibanez SR 5005"},"content":{"rendered":"<p>\u2705 A\u00f1o: <strong data-start=\"842\" data-end=\"850\">1997<\/strong><br data-start=\"850\" data-end=\"853\" \/>\u2705 Hecho en Jap\u00f3n \ud83c\uddef\ud83c\uddf5<br data-start=\"874\" data-end=\"877\" \/>\u2705 Cuerpo: <strong data-start=\"887\" data-end=\"899\">Ovangkol<\/strong> con tapa de <strong data-start=\"912\" data-end=\"934\">nogal (Walnut Top)<\/strong><br data-start=\"934\" data-end=\"937\" \/>\u2705 M\u00e1stil: 5 piezas de <strong data-start=\"959\" data-end=\"976\">Wenge\/Bubinga<\/strong>, perfil SR5 delgado<br data-start=\"996\" data-end=\"999\" \/>\u2705 Diapas\u00f3n: <strong data-start=\"1011\" data-end=\"1020\">Wenge<\/strong><br data-start=\"1020\" data-end=\"1023\" \/>\u2705 Trastes: 24 (medium)<br data-start=\"1045\" data-end=\"1048\" \/>\u2705 Escala: 34&#8243;<br data-start=\"1061\" data-end=\"1064\" \/>\u2705 Cejuela: 45 mm<br data-start=\"1080\" data-end=\"1083\" \/>\u2705 Micr\u00f3fonos: <strong data-start=\"1097\" data-end=\"1109\">EMG 40DC<\/strong> (modificaci\u00f3n)<br data-start=\"1124\" data-end=\"1127\" \/>\u2705 Electr\u00f3nica: Activa<br data-start=\"1148\" data-end=\"1151\" \/>\u2705 Controles:<br data-start=\"1163\" data-end=\"1166\" \/>\u2003\u2022 Volumen<br data-start=\"1176\" data-end=\"1179\" \/>\u2003\u2022 Balance<br data-start=\"1189\" data-end=\"1192\" \/>\u2003\u2022 EQ de 3 bandas (graves, medios y agudos activos)<br data-start=\"1243\" data-end=\"1246\" \/>\u2705 Hardware: Dorado<br data-start=\"1264\" data-end=\"1267\" \/>\u2705 Clavijas: Gotoh<br data-start=\"1284\" data-end=\"1287\" \/>\u2705 Est\u00e9tica natural con acabado al aceite<br data-start=\"1327\" data-end=\"1330\" \/>\u2705 Fabricaci\u00f3n japonesa de alt\u00edsima calidad<\/p>\n","protected":false},"excerpt":{"rendered":"<p>El <strong data-start=\"334\" data-end=\"351\">Ibanez SR5005<\/strong> es un bajo japon\u00e9s de gama alta perteneciente a la l\u00ednea <strong data-start=\"409\" data-end=\"431\">Soundgear Prestige<\/strong>, conocido por su excelente construcci\u00f3n, comodidad y tono vers\u00e1til. Este modelo de 5 cuerdas ha sido <strong data-start=\"533\" data-end=\"589\">modificado con un set de micr\u00f3fonos activos EMG 40DC<\/strong>, lo que le brinda un sonido moderno, potente y con una gran claridad, ideal para estilos que requieren precisi\u00f3n y ataque. Su dise\u00f1o liviano y ergon\u00f3mico lo hace perfecto tanto para el estudio como para el escenario.<\/p>\n","protected":false},"featured_media":2459,"template":"","meta":{"site-sidebar-layout":"no-sidebar","site-content-layout":"default","ast-site-content-layout":"default","site-content-style":"default","site-sidebar-style":"default","ast-global-header-display":"","ast-banner-title-visibility":"","ast-main-header-display":"","ast-hfb-above-header-display":"","ast-hfb-below-header-display":"","ast-hfb-mobile-header-display":"","site-post-title":"","ast-breadcrumbs-content":"","ast-featured-img":"","footer-sml-layout":"","ast-disable-related-posts":"","theme-transparent-header-meta":"default","adv-header-id-meta":"","stick-header-meta":"","header-above-stick-meta":"","header-main-stick-meta":"","header-below-stick-meta":"","astra-migrate-meta-layouts":"set","ast-page-background-enabled":"default","ast-page-background-meta":{"desktop":{"background-color":"var(--ast-global-color-4)","background-image":"","background-repeat":"repeat","background-position":"center center","background-size":"auto","background-attachment":"scroll","background-type":"","background-media":"","overlay-type":"","overlay-color":"","overlay-opacity":"","overlay-gradient":""},"tablet":{"background-color":"","background-image":"","background-repeat":"repeat","background-position":"center center","background-size":"auto","background-attachment":"scroll","background-type":"","background-media":"","overlay-type":"","overlay-color":"","overlay-opacity":"","overlay-gradient":""},"mobile":{"background-color":"","background-image":"","background-repeat":"repeat","background-position":"center center","background-size":"auto","background-attachment":"scroll","background-type":"","background-media":"","overlay-type":"","overlay-color":"","overlay-opacity":"","overlay-gradient":""}},"ast-content-background-meta":{"desktop":{"background-color":"var(--ast-global-color-5)","background-image":"","background-repeat":"repeat","background-position":"center center","background-size":"auto","background-attachment":"scroll","background-type":"","background-media":"","overlay-type":"","overlay-color":"","overlay-opacity":"","overlay-gradient":""},"tablet":{"background-color":"var(--ast-global-color-5)","background-image":"","background-repeat":"repeat","background-position":"center center","background-size":"auto","background-attachment":"scroll","background-type":"","background-media":"","overlay-type":"","overlay-color":"","overlay-opacity":"","overlay-gradient":""},"mobile":{"background-color":"var(--ast-global-color-5)","background-image":"","background-repeat":"repeat","background-position":"center center","background-size":"auto","background-attachment":"scroll","background-type":"","background-media":"","overlay-type":"","overlay-color":"","overlay-opacity":"","overlay-gradient":""}},"_joinchat":[]},"product_brand":[],"product_cat":[25,15],"product_tag":[54,55,51],"class_list":{"0":"post-448","1":"product","2":"type-product","3":"status-publish","4":"has-post-thumbnail","6":"product_cat-bajos","7":"product_cat-sin-categorizar","8":"product_tag-5-cuerdas","9":"product_tag-activo","10":"product_tag-emg","11":"desktop-align-left","12":"tablet-align-left","13":"mobile-align-left","15":"first","16":"instock","17":"shipping-taxable","18":"purchasable","19":"product-type-simple"},"jetpack-related-posts":[{"id":450,"url":"https:\/\/musicuyinstrumentos.com\/index.php\/producto\/ibanez-sr-1000\/","url_meta":{"origin":448,"position":0},"title":"Ibanez SR 1000","author":"matiaspmartinez","date":"7 de marzo de 2022","format":false,"excerpt":"Bajo el\u00e9ctrico Ibanez Soundgear SR1000 fabricado en Jap\u00f3n en 1990, una \u00e9poca de excelente calidad de construcci\u00f3n de la marca. Este modelo presenta un dise\u00f1o s\u00faper ergon\u00f3mico, liviano y c\u00f3modo, ideal tanto para estudio como para escenarios exigentes. \ud83c\udfaf Cuenta con un set EMG PJ activo, lo que le da\u2026","rel":"","context":"Entrada similar","block_context":{"text":"Entrada similar","link":""},"img":{"alt_text":"","src":"https:\/\/i0.wp.com\/musicuyinstrumentos.com\/wp-content\/uploads\/2022\/03\/Ibanez-SR1000-1-1.jpg?fit=1080%2C1080&ssl=1&resize=350%2C200","width":350,"height":200,"srcset":"https:\/\/i0.wp.com\/musicuyinstrumentos.com\/wp-content\/uploads\/2022\/03\/Ibanez-SR1000-1-1.jpg?fit=1080%2C1080&ssl=1&resize=350%2C200 1x, https:\/\/i0.wp.com\/musicuyinstrumentos.com\/wp-content\/uploads\/2022\/03\/Ibanez-SR1000-1-1.jpg?fit=1080%2C1080&ssl=1&resize=525%2C300 1.5x, https:\/\/i0.wp.com\/musicuyinstrumentos.com\/wp-content\/uploads\/2022\/03\/Ibanez-SR1000-1-1.jpg?fit=1080%2C1080&ssl=1&resize=700%2C400 2x, https:\/\/i0.wp.com\/musicuyinstrumentos.com\/wp-content\/uploads\/2022\/03\/Ibanez-SR1000-1-1.jpg?fit=1080%2C1080&ssl=1&resize=1050%2C600 3x"},"classes":[]},{"id":608,"url":"https:\/\/musicuyinstrumentos.com\/index.php\/producto\/dbz-venom\/","url_meta":{"origin":448,"position":1},"title":"DBZ Venom","author":"matiaspmartinez","date":"8 de marzo de 2022","format":false,"excerpt":"Una de las primeras versiones de la DBZ Venom, dise\u00f1ada por el legendario luthier Dean B. Zelinsky (fundador de Dean Guitars). Este modelo pertenece a las tandas iniciales fabricadas en Corea, y destaca no solo por su est\u00e9tica agresiva tipo V con l\u00edneas curvas, sino tambi\u00e9n por su potencia sonora\u2026","rel":"","context":"Entrada similar","block_context":{"text":"Entrada similar","link":""},"img":{"alt_text":"","src":"https:\/\/i0.wp.com\/musicuyinstrumentos.com\/wp-content\/uploads\/2022\/03\/DBZ-Venom-1.jpg?fit=1079%2C1080&ssl=1&resize=350%2C200","width":350,"height":200,"srcset":"https:\/\/i0.wp.com\/musicuyinstrumentos.com\/wp-content\/uploads\/2022\/03\/DBZ-Venom-1.jpg?fit=1079%2C1080&ssl=1&resize=350%2C200 1x, https:\/\/i0.wp.com\/musicuyinstrumentos.com\/wp-content\/uploads\/2022\/03\/DBZ-Venom-1.jpg?fit=1079%2C1080&ssl=1&resize=525%2C300 1.5x, https:\/\/i0.wp.com\/musicuyinstrumentos.com\/wp-content\/uploads\/2022\/03\/DBZ-Venom-1.jpg?fit=1079%2C1080&ssl=1&resize=700%2C400 2x, https:\/\/i0.wp.com\/musicuyinstrumentos.com\/wp-content\/uploads\/2022\/03\/DBZ-Venom-1.jpg?fit=1079%2C1080&ssl=1&resize=1050%2C600 3x"},"classes":[]},{"id":978,"url":"https:\/\/musicuyinstrumentos.com\/index.php\/producto\/emg-j-set-lj-sj\/","url_meta":{"origin":448,"position":2},"title":"Micr\u00f3fonos EMG J Set (LJ\/SJ)","author":"matiaspmartinez","date":"24 de marzo de 2022","format":false,"excerpt":"\u26a1 Para bajo Jazz Bass \u2013 Versi\u00f3n activa Set de micr\u00f3fonos EMG activos para bajo tipo Jazz Bass, compuesto por un LJ (puente) y un SJ (m\u00e1stil). Son ideales para quienes buscan un tono moderno, claro y con gran salida, perfecto para slap, fingerstyle y estilos que requieren precisi\u00f3n y\u2026","rel":"","context":"Entrada similar","block_context":{"text":"Entrada similar","link":""},"img":{"alt_text":"","src":"https:\/\/i0.wp.com\/musicuyinstrumentos.com\/wp-content\/uploads\/2022\/03\/EMG-J-Set-1-copia.jpg?fit=1080%2C1080&ssl=1&resize=350%2C200","width":350,"height":200,"srcset":"https:\/\/i0.wp.com\/musicuyinstrumentos.com\/wp-content\/uploads\/2022\/03\/EMG-J-Set-1-copia.jpg?fit=1080%2C1080&ssl=1&resize=350%2C200 1x, https:\/\/i0.wp.com\/musicuyinstrumentos.com\/wp-content\/uploads\/2022\/03\/EMG-J-Set-1-copia.jpg?fit=1080%2C1080&ssl=1&resize=525%2C300 1.5x, https:\/\/i0.wp.com\/musicuyinstrumentos.com\/wp-content\/uploads\/2022\/03\/EMG-J-Set-1-copia.jpg?fit=1080%2C1080&ssl=1&resize=700%2C400 2x, https:\/\/i0.wp.com\/musicuyinstrumentos.com\/wp-content\/uploads\/2022\/03\/EMG-J-Set-1-copia.jpg?fit=1080%2C1080&ssl=1&resize=1050%2C600 3x"},"classes":[]},{"id":457,"url":"https:\/\/musicuyinstrumentos.com\/index.php\/producto\/kramer-forum-iii\/","url_meta":{"origin":448,"position":3},"title":"Kramer Forum III","author":"matiaspmartinez","date":"7 de marzo de 2022","format":false,"excerpt":"Bajo de alt\u00edsima gama fabricado en Estados Unidos por Kramer, una de las marcas m\u00e1s respetadas de la era dorada de los 80s. El Forum III es una rareza absoluta por sus especificaciones y calidad de construcci\u00f3n. Ideal para coleccionistas y m\u00fasicos exigentes que buscan sonido, comodidad y car\u00e1cter vintage.","rel":"","context":"Entrada similar","block_context":{"text":"Entrada similar","link":""},"img":{"alt_text":"","src":"https:\/\/i0.wp.com\/musicuyinstrumentos.com\/wp-content\/uploads\/2022\/03\/Kramer-Forum-III-1.jpg?fit=1080%2C1080&ssl=1&resize=350%2C200","width":350,"height":200,"srcset":"https:\/\/i0.wp.com\/musicuyinstrumentos.com\/wp-content\/uploads\/2022\/03\/Kramer-Forum-III-1.jpg?fit=1080%2C1080&ssl=1&resize=350%2C200 1x, https:\/\/i0.wp.com\/musicuyinstrumentos.com\/wp-content\/uploads\/2022\/03\/Kramer-Forum-III-1.jpg?fit=1080%2C1080&ssl=1&resize=525%2C300 1.5x, https:\/\/i0.wp.com\/musicuyinstrumentos.com\/wp-content\/uploads\/2022\/03\/Kramer-Forum-III-1.jpg?fit=1080%2C1080&ssl=1&resize=700%2C400 2x, https:\/\/i0.wp.com\/musicuyinstrumentos.com\/wp-content\/uploads\/2022\/03\/Kramer-Forum-III-1.jpg?fit=1080%2C1080&ssl=1&resize=1050%2C600 3x"},"classes":[]},{"id":388,"url":"https:\/\/musicuyinstrumentos.com\/index.php\/producto\/ibanez-musician-mc-350\/","url_meta":{"origin":448,"position":4},"title":"Ibanez Musician MC 350","author":"matiaspmartinez","date":"7 de marzo de 2022","format":false,"excerpt":"\ud83d\udd70\ufe0f Vintage \u2013 Made in Japan \u2013 Toda original La Ibanez Musician MC350 es parte de una de las l\u00edneas m\u00e1s emblem\u00e1ticas de la marca japonesa durante su era dorada. Fabricada en 1981, esta guitarra destaca por su calidad de construcci\u00f3n, versatilidad sonora y dise\u00f1o refinado. Construida con maderas seleccionadas\u2026","rel":"","context":"Entrada similar","block_context":{"text":"Entrada similar","link":""},"img":{"alt_text":"","src":"https:\/\/i0.wp.com\/musicuyinstrumentos.com\/wp-content\/uploads\/2022\/03\/Ibanez-Musician-MC350-1-1.jpg?fit=1080%2C1080&ssl=1&resize=350%2C200","width":350,"height":200,"srcset":"https:\/\/i0.wp.com\/musicuyinstrumentos.com\/wp-content\/uploads\/2022\/03\/Ibanez-Musician-MC350-1-1.jpg?fit=1080%2C1080&ssl=1&resize=350%2C200 1x, https:\/\/i0.wp.com\/musicuyinstrumentos.com\/wp-content\/uploads\/2022\/03\/Ibanez-Musician-MC350-1-1.jpg?fit=1080%2C1080&ssl=1&resize=525%2C300 1.5x, https:\/\/i0.wp.com\/musicuyinstrumentos.com\/wp-content\/uploads\/2022\/03\/Ibanez-Musician-MC350-1-1.jpg?fit=1080%2C1080&ssl=1&resize=700%2C400 2x, https:\/\/i0.wp.com\/musicuyinstrumentos.com\/wp-content\/uploads\/2022\/03\/Ibanez-Musician-MC350-1-1.jpg?fit=1080%2C1080&ssl=1&resize=1050%2C600 3x"},"classes":[]},{"id":497,"url":"https:\/\/musicuyinstrumentos.com\/index.php\/producto\/tobias-growler-5\/","url_meta":{"origin":448,"position":5},"title":"Tobias Growler 5","author":"matiaspmartinez","date":"8 de marzo de 2022","format":false,"excerpt":"El Tobias Growler 5 es un bajo Made in USA de mediados de los 90s, fabricado durante la etapa Gibson de la marca, manteniendo el ADN de dise\u00f1o ergon\u00f3mico y sonido moderno caracter\u00edstico de Tobias. Este modelo se destaca por su construcci\u00f3n neck-thru, excelente balance y una respuesta sonora muy\u2026","rel":"","context":"Entrada similar","block_context":{"text":"Entrada similar","link":""},"img":{"alt_text":"","src":"https:\/\/i0.wp.com\/musicuyinstrumentos.com\/wp-content\/uploads\/2022\/03\/Tobias-Growler-5-1.jpg?fit=1080%2C1080&ssl=1&resize=350%2C200","width":350,"height":200,"srcset":"https:\/\/i0.wp.com\/musicuyinstrumentos.com\/wp-content\/uploads\/2022\/03\/Tobias-Growler-5-1.jpg?fit=1080%2C1080&ssl=1&resize=350%2C200 1x, https:\/\/i0.wp.com\/musicuyinstrumentos.com\/wp-content\/uploads\/2022\/03\/Tobias-Growler-5-1.jpg?fit=1080%2C1080&ssl=1&resize=525%2C300 1.5x, https:\/\/i0.wp.com\/musicuyinstrumentos.com\/wp-content\/uploads\/2022\/03\/Tobias-Growler-5-1.jpg?fit=1080%2C1080&ssl=1&resize=700%2C400 2x, https:\/\/i0.wp.com\/musicuyinstrumentos.com\/wp-content\/uploads\/2022\/03\/Tobias-Growler-5-1.jpg?fit=1080%2C1080&ssl=1&resize=1050%2C600 3x"},"classes":[]}],"jetpack_sharing_enabled":true,"_links":{"self":[{"href":"https:\/\/musicuyinstrumentos.com\/index.php\/wp-json\/wp\/v2\/product\/448","targetHints":{"allow":["GET"]}}],"collection":[{"href":"https:\/\/musicuyinstrumentos.com\/index.php\/wp-json\/wp\/v2\/product"}],"about":[{"href":"https:\/\/musicuyinstrumentos.com\/index.php\/wp-json\/wp\/v2\/types\/product"}],"version-history":[{"count":2,"href":"https:\/\/musicuyinstrumentos.com\/index.php\/wp-json\/wp\/v2\/product\/448\/revisions"}],"predecessor-version":[{"id":3212,"href":"https:\/\/musicuyinstrumentos.com\/index.php\/wp-json\/wp\/v2\/product\/448\/revisions\/3212"}],"wp:featuredmedia":[{"embeddable":true,"href":"https:\/\/musicuyinstrumentos.com\/index.php\/wp-json\/wp\/v2\/media\/2459"}],"wp:attachment":[{"href":"https:\/\/musicuyinstrumentos.com\/index.php\/wp-json\/wp\/v2\/media?parent=448"}],"wp:term":[{"taxonomy":"product_brand","embeddable":true,"href":"https:\/\/musicuyinstrumentos.com\/index.php\/wp-json\/wp\/v2\/product_brand?post=448"},{"taxonomy":"product_cat","embeddable":true,"href":"https:\/\/musicuyinstrumentos.com\/index.php\/wp-json\/wp\/v2\/product_cat?post=448"},{"taxonomy":"product_tag","embeddable":true,"href":"https:\/\/musicuyinstrumentos.com\/index.php\/wp-json\/wp\/v2\/product_tag?post=448"}],"curies":[{"name":"wp","href":"https:\/\/api.w.org\/{rel}","templated":true}]}}