{"id":450,"date":"2022-03-07T21:42:22","date_gmt":"2022-03-08T00:42:22","guid":{"rendered":"https:\/\/musicuyinstrumentos.com\/?post_type=product&#038;p=450"},"modified":"2025-05-23T16:26:22","modified_gmt":"2025-05-23T19:26:22","slug":"ibanez-sr-1000","status":"publish","type":"product","link":"https:\/\/musicuyinstrumentos.com\/index.php\/producto\/ibanez-sr-1000\/","title":{"rendered":"Ibanez SR 1000"},"content":{"rendered":"<p data-start=\"914\" data-end=\"1344\">\u2705 Origen: Jap\u00f3n<br data-start=\"965\" data-end=\"968\" \/>\u2705 A\u00f1o: 1990<br data-start=\"979\" data-end=\"982\" \/>\u2705 Cuerpo: Likely Basswood o Alder (seg\u00fan \u00e9poca)<br data-start=\"1029\" data-end=\"1032\" \/>\u2705 M\u00e1stil: 3 piezas Maple \/ Bubinga (neck-through o bolt-on seg\u00fan variante)<br data-start=\"1106\" data-end=\"1109\" \/>\u2705 Diapas\u00f3n: <strong data-start=\"1121\" data-end=\"1130\">\u00c9bano<\/strong><br data-start=\"1130\" data-end=\"1133\" \/>\u2705 Escala: 34\u201d<br data-start=\"1146\" data-end=\"1149\" \/>\u2705 Trastes: 24<br data-start=\"1162\" data-end=\"1165\" data-is-only-node=\"\" \/>\u2705 Inlays: Dot<br data-start=\"1178\" data-end=\"1181\" \/>\u2705 Micr\u00f3fonos: <strong data-start=\"1195\" data-end=\"1216\">Set activo EMG PJ<\/strong><br data-start=\"1216\" data-end=\"1219\" \/>\u2705 Electr\u00f3nica: Activa<br data-start=\"1240\" data-end=\"1243\" \/>\u2705 Controles: Volumen, Balance, EQ<br data-start=\"1276\" data-end=\"1279\" \/>\u2705 Color: Negro<br data-start=\"1293\" data-end=\"1296\" \/>\u2705 Hardware: Dorado<br data-start=\"1314\" data-end=\"1317\" \/>\u2705 Estuche r\u00edgido incluido<\/p>\n<p data-start=\"1346\" data-end=\"1482\">\ud83d\udee0\ufe0f <strong data-start=\"1350\" data-end=\"1361\">Estado:<\/strong><br data-start=\"1361\" data-end=\"1364\" \/>Excelente estado general para su a\u00f1o. Muy bien mantenido, electr\u00f3nica funcionando al 100%, sin detalles estructurales.<\/p>\n<p data-start=\"1484\" data-end=\"1547\">\ud83c\udf81 Una pieza cl\u00e1sica de los 90, lista para tocar o coleccionar.<\/p>\n","protected":false},"excerpt":{"rendered":"<p data-start=\"461\" data-end=\"741\">Bajo el\u00e9ctrico <strong data-start=\"498\" data-end=\"525\">Ibanez Soundgear SR1000<\/strong> fabricado en <strong data-start=\"539\" data-end=\"556\">Jap\u00f3n en 1990<\/strong>, una \u00e9poca de excelente calidad de construcci\u00f3n de la marca. Este modelo presenta un dise\u00f1o s\u00faper ergon\u00f3mico, liviano y c\u00f3modo, ideal tanto para estudio como para escenarios exigentes.<\/p>\n<p data-start=\"743\" data-end=\"880\">\ud83c\udfaf <strong data-start=\"746\" data-end=\"785\">Cuenta con un set EMG PJ activo<\/strong>, lo que le da una respuesta poderosa, n\u00edtida y con gran definici\u00f3n en todas las frecuencias.<\/p>\n<p data-start=\"882\" data-end=\"912\">\ud83d\udd39 <strong data-start=\"885\" data-end=\"912\">Incluye estuche r\u00edgido.<\/strong><\/p>\n","protected":false},"featured_media":3087,"template":"","meta":{"site-sidebar-layout":"no-sidebar","site-content-layout":"default","ast-site-content-layout":"default","site-content-style":"default","site-sidebar-style":"default","ast-global-header-display":"","ast-banner-title-visibility":"","ast-main-header-display":"","ast-hfb-above-header-display":"","ast-hfb-below-header-display":"","ast-hfb-mobile-header-display":"","site-post-title":"","ast-breadcrumbs-content":"","ast-featured-img":"","footer-sml-layout":"","ast-disable-related-posts":"","theme-transparent-header-meta":"default","adv-header-id-meta":"","stick-header-meta":"","header-above-stick-meta":"","header-main-stick-meta":"","header-below-stick-meta":"","astra-migrate-meta-layouts":"set","ast-page-background-enabled":"default","ast-page-background-meta":{"desktop":{"background-color":"var(--ast-global-color-4)","background-image":"","background-repeat":"repeat","background-position":"center center","background-size":"auto","background-attachment":"scroll","background-type":"","background-media":"","overlay-type":"","overlay-color":"","overlay-opacity":"","overlay-gradient":""},"tablet":{"background-color":"","background-image":"","background-repeat":"repeat","background-position":"center center","background-size":"auto","background-attachment":"scroll","background-type":"","background-media":"","overlay-type":"","overlay-color":"","overlay-opacity":"","overlay-gradient":""},"mobile":{"background-color":"","background-image":"","background-repeat":"repeat","background-position":"center center","background-size":"auto","background-attachment":"scroll","background-type":"","background-media":"","overlay-type":"","overlay-color":"","overlay-opacity":"","overlay-gradient":""}},"ast-content-background-meta":{"desktop":{"background-color":"var(--ast-global-color-5)","background-image":"","background-repeat":"repeat","background-position":"center center","background-size":"auto","background-attachment":"scroll","background-type":"","background-media":"","overlay-type":"","overlay-color":"","overlay-opacity":"","overlay-gradient":""},"tablet":{"background-color":"var(--ast-global-color-5)","background-image":"","background-repeat":"repeat","background-position":"center center","background-size":"auto","background-attachment":"scroll","background-type":"","background-media":"","overlay-type":"","overlay-color":"","overlay-opacity":"","overlay-gradient":""},"mobile":{"background-color":"var(--ast-global-color-5)","background-image":"","background-repeat":"repeat","background-position":"center center","background-size":"auto","background-attachment":"scroll","background-type":"","background-media":"","overlay-type":"","overlay-color":"","overlay-opacity":"","overlay-gradient":""}},"_joinchat":[]},"product_brand":[],"product_cat":[25,15],"product_tag":[58,55,51],"class_list":{"0":"post-450","1":"product","2":"type-product","3":"status-publish","4":"has-post-thumbnail","6":"product_cat-bajos","7":"product_cat-sin-categorizar","8":"product_tag-4-cuerdas","9":"product_tag-activo","10":"product_tag-emg","11":"desktop-align-left","12":"tablet-align-left","13":"mobile-align-left","15":"first","16":"instock","17":"shipping-taxable","18":"purchasable","19":"product-type-simple"},"jetpack-related-posts":[{"id":608,"url":"https:\/\/musicuyinstrumentos.com\/index.php\/producto\/dbz-venom\/","url_meta":{"origin":450,"position":0},"title":"DBZ Venom","author":"matiaspmartinez","date":"8 de marzo de 2022","format":false,"excerpt":"Una de las primeras versiones de la DBZ Venom, dise\u00f1ada por el legendario luthier Dean B. Zelinsky (fundador de Dean Guitars). Este modelo pertenece a las tandas iniciales fabricadas en Corea, y destaca no solo por su est\u00e9tica agresiva tipo V con l\u00edneas curvas, sino tambi\u00e9n por su potencia sonora\u2026","rel":"","context":"Entrada similar","block_context":{"text":"Entrada similar","link":""},"img":{"alt_text":"","src":"https:\/\/i0.wp.com\/musicuyinstrumentos.com\/wp-content\/uploads\/2022\/03\/DBZ-Venom-1.jpg?fit=1079%2C1080&ssl=1&resize=350%2C200","width":350,"height":200,"srcset":"https:\/\/i0.wp.com\/musicuyinstrumentos.com\/wp-content\/uploads\/2022\/03\/DBZ-Venom-1.jpg?fit=1079%2C1080&ssl=1&resize=350%2C200 1x, https:\/\/i0.wp.com\/musicuyinstrumentos.com\/wp-content\/uploads\/2022\/03\/DBZ-Venom-1.jpg?fit=1079%2C1080&ssl=1&resize=525%2C300 1.5x, https:\/\/i0.wp.com\/musicuyinstrumentos.com\/wp-content\/uploads\/2022\/03\/DBZ-Venom-1.jpg?fit=1079%2C1080&ssl=1&resize=700%2C400 2x, https:\/\/i0.wp.com\/musicuyinstrumentos.com\/wp-content\/uploads\/2022\/03\/DBZ-Venom-1.jpg?fit=1079%2C1080&ssl=1&resize=1050%2C600 3x"},"classes":[]},{"id":448,"url":"https:\/\/musicuyinstrumentos.com\/index.php\/producto\/ibanez-sr-5005\/","url_meta":{"origin":450,"position":1},"title":"Ibanez SR 5005","author":"matiaspmartinez","date":"7 de marzo de 2022","format":false,"excerpt":"El Ibanez SR5005 es un bajo japon\u00e9s de gama alta perteneciente a la l\u00ednea Soundgear Prestige, conocido por su excelente construcci\u00f3n, comodidad y tono vers\u00e1til. Este modelo de 5 cuerdas ha sido modificado con un set de micr\u00f3fonos activos EMG 40DC, lo que le brinda un sonido moderno, potente y\u2026","rel":"","context":"Entrada similar","block_context":{"text":"Entrada similar","link":""},"img":{"alt_text":"","src":"https:\/\/i0.wp.com\/musicuyinstrumentos.com\/wp-content\/uploads\/2022\/03\/Ibanez-SR5005-1.jpg?fit=1080%2C1080&ssl=1&resize=350%2C200","width":350,"height":200,"srcset":"https:\/\/i0.wp.com\/musicuyinstrumentos.com\/wp-content\/uploads\/2022\/03\/Ibanez-SR5005-1.jpg?fit=1080%2C1080&ssl=1&resize=350%2C200 1x, https:\/\/i0.wp.com\/musicuyinstrumentos.com\/wp-content\/uploads\/2022\/03\/Ibanez-SR5005-1.jpg?fit=1080%2C1080&ssl=1&resize=525%2C300 1.5x, https:\/\/i0.wp.com\/musicuyinstrumentos.com\/wp-content\/uploads\/2022\/03\/Ibanez-SR5005-1.jpg?fit=1080%2C1080&ssl=1&resize=700%2C400 2x, https:\/\/i0.wp.com\/musicuyinstrumentos.com\/wp-content\/uploads\/2022\/03\/Ibanez-SR5005-1.jpg?fit=1080%2C1080&ssl=1&resize=1050%2C600 3x"},"classes":[]},{"id":2100,"url":"https:\/\/musicuyinstrumentos.com\/index.php\/producto\/ibanez-sz-520-c-estuche-rigido\/","url_meta":{"origin":450,"position":2},"title":"Ibanez SZ 520 c\/estuche r\u00edgido","author":"matiaspmartinez","date":"4 de julio de 2023","format":false,"excerpt":"La Ibanez SZ520 forma parte de la aclamada serie SZ, destac\u00e1ndose por su dise\u00f1o singlecut, sustain natural y comodidad al tocar. Fabricada con materiales de alta calidad, esta guitarra combina la calidez y cuerpo de la caoba con el ataque del arce flameado en la tapa. Su configuraci\u00f3n de micr\u00f3fonos\u2026","rel":"","context":"Entrada similar","block_context":{"text":"Entrada similar","link":""},"img":{"alt_text":"","src":"https:\/\/i0.wp.com\/musicuyinstrumentos.com\/wp-content\/uploads\/2023\/07\/Ibanez-SZ-520-1-copia.jpg?fit=1080%2C1080&ssl=1&resize=350%2C200","width":350,"height":200,"srcset":"https:\/\/i0.wp.com\/musicuyinstrumentos.com\/wp-content\/uploads\/2023\/07\/Ibanez-SZ-520-1-copia.jpg?fit=1080%2C1080&ssl=1&resize=350%2C200 1x, https:\/\/i0.wp.com\/musicuyinstrumentos.com\/wp-content\/uploads\/2023\/07\/Ibanez-SZ-520-1-copia.jpg?fit=1080%2C1080&ssl=1&resize=525%2C300 1.5x, https:\/\/i0.wp.com\/musicuyinstrumentos.com\/wp-content\/uploads\/2023\/07\/Ibanez-SZ-520-1-copia.jpg?fit=1080%2C1080&ssl=1&resize=700%2C400 2x, https:\/\/i0.wp.com\/musicuyinstrumentos.com\/wp-content\/uploads\/2023\/07\/Ibanez-SZ-520-1-copia.jpg?fit=1080%2C1080&ssl=1&resize=1050%2C600 3x"},"classes":[]},{"id":457,"url":"https:\/\/musicuyinstrumentos.com\/index.php\/producto\/kramer-forum-iii\/","url_meta":{"origin":450,"position":3},"title":"Kramer Forum III","author":"matiaspmartinez","date":"7 de marzo de 2022","format":false,"excerpt":"Bajo de alt\u00edsima gama fabricado en Estados Unidos por Kramer, una de las marcas m\u00e1s respetadas de la era dorada de los 80s. El Forum III es una rareza absoluta por sus especificaciones y calidad de construcci\u00f3n. Ideal para coleccionistas y m\u00fasicos exigentes que buscan sonido, comodidad y car\u00e1cter vintage.","rel":"","context":"Entrada similar","block_context":{"text":"Entrada similar","link":""},"img":{"alt_text":"","src":"https:\/\/i0.wp.com\/musicuyinstrumentos.com\/wp-content\/uploads\/2022\/03\/Kramer-Forum-III-1.jpg?fit=1080%2C1080&ssl=1&resize=350%2C200","width":350,"height":200,"srcset":"https:\/\/i0.wp.com\/musicuyinstrumentos.com\/wp-content\/uploads\/2022\/03\/Kramer-Forum-III-1.jpg?fit=1080%2C1080&ssl=1&resize=350%2C200 1x, https:\/\/i0.wp.com\/musicuyinstrumentos.com\/wp-content\/uploads\/2022\/03\/Kramer-Forum-III-1.jpg?fit=1080%2C1080&ssl=1&resize=525%2C300 1.5x, https:\/\/i0.wp.com\/musicuyinstrumentos.com\/wp-content\/uploads\/2022\/03\/Kramer-Forum-III-1.jpg?fit=1080%2C1080&ssl=1&resize=700%2C400 2x, https:\/\/i0.wp.com\/musicuyinstrumentos.com\/wp-content\/uploads\/2022\/03\/Kramer-Forum-III-1.jpg?fit=1080%2C1080&ssl=1&resize=1050%2C600 3x"},"classes":[]},{"id":286,"url":"https:\/\/musicuyinstrumentos.com\/index.php\/producto\/dbz-cavallo-st\/","url_meta":{"origin":450,"position":4},"title":"DBZ Cavallo ST","author":"matiaspmartinez","date":"1 de marzo de 2022","format":false,"excerpt":"La DBZ Cavallo ST Natural Vintage es una versi\u00f3n premium de esta m\u00edtica guitarra dise\u00f1ada por el reconocido luthier Dean B. Zelinsky (fundador de Dean Guitars). Este modelo pertenece a la serie original previa a la fusi\u00f3n con Diamond Guitars, y presenta una est\u00e9tica Natural Vintage con vetas visibles que\u2026","rel":"","context":"Entrada similar","block_context":{"text":"Entrada similar","link":""},"img":{"alt_text":"","src":"https:\/\/i0.wp.com\/musicuyinstrumentos.com\/wp-content\/uploads\/2022\/03\/DBZ-Cavallo-AV-1.jpg?fit=1080%2C1080&ssl=1&resize=350%2C200","width":350,"height":200,"srcset":"https:\/\/i0.wp.com\/musicuyinstrumentos.com\/wp-content\/uploads\/2022\/03\/DBZ-Cavallo-AV-1.jpg?fit=1080%2C1080&ssl=1&resize=350%2C200 1x, https:\/\/i0.wp.com\/musicuyinstrumentos.com\/wp-content\/uploads\/2022\/03\/DBZ-Cavallo-AV-1.jpg?fit=1080%2C1080&ssl=1&resize=525%2C300 1.5x, https:\/\/i0.wp.com\/musicuyinstrumentos.com\/wp-content\/uploads\/2022\/03\/DBZ-Cavallo-AV-1.jpg?fit=1080%2C1080&ssl=1&resize=700%2C400 2x, https:\/\/i0.wp.com\/musicuyinstrumentos.com\/wp-content\/uploads\/2022\/03\/DBZ-Cavallo-AV-1.jpg?fit=1080%2C1080&ssl=1&resize=1050%2C600 3x"},"classes":[]},{"id":978,"url":"https:\/\/musicuyinstrumentos.com\/index.php\/producto\/emg-j-set-lj-sj\/","url_meta":{"origin":450,"position":5},"title":"Micr\u00f3fonos EMG J Set (LJ\/SJ)","author":"matiaspmartinez","date":"24 de marzo de 2022","format":false,"excerpt":"\u26a1 Para bajo Jazz Bass \u2013 Versi\u00f3n activa Set de micr\u00f3fonos EMG activos para bajo tipo Jazz Bass, compuesto por un LJ (puente) y un SJ (m\u00e1stil). Son ideales para quienes buscan un tono moderno, claro y con gran salida, perfecto para slap, fingerstyle y estilos que requieren precisi\u00f3n y\u2026","rel":"","context":"Entrada similar","block_context":{"text":"Entrada similar","link":""},"img":{"alt_text":"","src":"https:\/\/i0.wp.com\/musicuyinstrumentos.com\/wp-content\/uploads\/2022\/03\/EMG-J-Set-1-copia.jpg?fit=1080%2C1080&ssl=1&resize=350%2C200","width":350,"height":200,"srcset":"https:\/\/i0.wp.com\/musicuyinstrumentos.com\/wp-content\/uploads\/2022\/03\/EMG-J-Set-1-copia.jpg?fit=1080%2C1080&ssl=1&resize=350%2C200 1x, https:\/\/i0.wp.com\/musicuyinstrumentos.com\/wp-content\/uploads\/2022\/03\/EMG-J-Set-1-copia.jpg?fit=1080%2C1080&ssl=1&resize=525%2C300 1.5x, https:\/\/i0.wp.com\/musicuyinstrumentos.com\/wp-content\/uploads\/2022\/03\/EMG-J-Set-1-copia.jpg?fit=1080%2C1080&ssl=1&resize=700%2C400 2x, https:\/\/i0.wp.com\/musicuyinstrumentos.com\/wp-content\/uploads\/2022\/03\/EMG-J-Set-1-copia.jpg?fit=1080%2C1080&ssl=1&resize=1050%2C600 3x"},"classes":[]}],"jetpack_sharing_enabled":true,"_links":{"self":[{"href":"https:\/\/musicuyinstrumentos.com\/index.php\/wp-json\/wp\/v2\/product\/450","targetHints":{"allow":["GET"]}}],"collection":[{"href":"https:\/\/musicuyinstrumentos.com\/index.php\/wp-json\/wp\/v2\/product"}],"about":[{"href":"https:\/\/musicuyinstrumentos.com\/index.php\/wp-json\/wp\/v2\/types\/product"}],"version-history":[{"count":3,"href":"https:\/\/musicuyinstrumentos.com\/index.php\/wp-json\/wp\/v2\/product\/450\/revisions"}],"predecessor-version":[{"id":3253,"href":"https:\/\/musicuyinstrumentos.com\/index.php\/wp-json\/wp\/v2\/product\/450\/revisions\/3253"}],"wp:featuredmedia":[{"embeddable":true,"href":"https:\/\/musicuyinstrumentos.com\/index.php\/wp-json\/wp\/v2\/media\/3087"}],"wp:attachment":[{"href":"https:\/\/musicuyinstrumentos.com\/index.php\/wp-json\/wp\/v2\/media?parent=450"}],"wp:term":[{"taxonomy":"product_brand","embeddable":true,"href":"https:\/\/musicuyinstrumentos.com\/index.php\/wp-json\/wp\/v2\/product_brand?post=450"},{"taxonomy":"product_cat","embeddable":true,"href":"https:\/\/musicuyinstrumentos.com\/index.php\/wp-json\/wp\/v2\/product_cat?post=450"},{"taxonomy":"product_tag","embeddable":true,"href":"https:\/\/musicuyinstrumentos.com\/index.php\/wp-json\/wp\/v2\/product_tag?post=450"}],"curies":[{"name":"wp","href":"https:\/\/api.w.org\/{rel}","templated":true}]}}