{"id":487,"date":"2022-03-08T12:04:42","date_gmt":"2022-03-08T15:04:42","guid":{"rendered":"https:\/\/musicuyinstrumentos.com\/?post_type=product&#038;p=487"},"modified":"2025-05-25T22:58:39","modified_gmt":"2025-05-26T01:58:39","slug":"shadow-s100","status":"publish","type":"product","link":"https:\/\/musicuyinstrumentos.com\/index.php\/producto\/shadow-s100\/","title":{"rendered":"Shadow S100"},"content":{"rendered":"<p data-start=\"1152\" data-end=\"1718\">\u2705 A\u00f1o estimado: D\u00e9cada del 80<br data-start=\"1217\" data-end=\"1220\" \/>\u2705 Origen: Alemania<br data-start=\"1238\" data-end=\"1241\" \/>\u2705 Cuerpo: American Lime Tree (tilo americano) \u2013 Color Black Onyx<br data-start=\"1305\" data-end=\"1308\" \/>\u2705 M\u00e1stil: Maple de Yugoslavia<br data-start=\"1337\" data-end=\"1340\" \/>\u2705 Diapas\u00f3n: Palisandro de India del Este con 22 trastes jumbo<br data-start=\"1401\" data-end=\"1404\" \/>\u2705 Construcci\u00f3n: M\u00e1stil atornillado<br data-start=\"1438\" data-end=\"1441\" \/>\u2705 Clavijas: <strong data-start=\"1453\" data-end=\"1465\">Schaller<\/strong><br data-start=\"1465\" data-end=\"1468\" \/>\u2705 Puente: <strong data-start=\"1478\" data-end=\"1513\">Schaller Double Locking Tremolo<\/strong><br data-start=\"1513\" data-end=\"1516\" \/>\u2705 Pastillas:<br data-start=\"1528\" data-end=\"1531\" \/>\u2003\u2022 Bridge: Humbucker Shadow Hot (similar a Duncan JB)<br data-start=\"1584\" data-end=\"1587\" \/>\u2003\u2022 Middle &amp; Neck: 2 x Single Coil Shadow<br data-start=\"1627\" data-end=\"1630\" \/>\u2705 Controles:<br data-start=\"1642\" data-end=\"1645\" \/>\u2003\u2022 Volumen<br data-start=\"1655\" data-end=\"1658\" \/>\u2003\u2022 Tono<br data-start=\"1665\" data-end=\"1668\" \/>\u2003\u2022 Selector de 5 posiciones<br data-start=\"1695\" data-end=\"1698\" \/>\u2705 Herrajes: Negros<\/p>\n<p data-start=\"1720\" data-end=\"2014\">\ud83c\udfb8 <strong data-start=\"1723\" data-end=\"1734\">Estado:<\/strong><br data-start=\"1734\" data-end=\"1737\" \/>Excelente estado general, con desgaste m\u00ednimo para su edad. Electr\u00f3nica funcionando perfectamente. Trastes en excelente estado, afinaci\u00f3n estable gracias al sistema Schaller. Una guitarra de colecci\u00f3n, construida a mano con componentes premium, lista para seguir dando batalla.<\/p>\n<p data-start=\"2016\" data-end=\"2138\">\u26a1 Rareza absoluta en Sudam\u00e9rica. Ideal para m\u00fasicos exigentes o coleccionistas de guitarras vintage europeas de alta gama.<\/p>\n","protected":false},"excerpt":{"rendered":"<p data-start=\"476\" data-end=\"1001\">No hay nada como una guitarra Shadow. Cada contorno, cada incrustaci\u00f3n y cada traste se trabajan a mano hasta lograr la perfecci\u00f3n. Esta <strong data-start=\"635\" data-end=\"650\">Shadow S100<\/strong>, fabricada en Alemania en los a\u00f1os 80, es un claro ejemplo del alt\u00edsimo nivel de calidad y atenci\u00f3n al detalle que caracteriza a la marca. Equipada con componentes <strong data-start=\"815\" data-end=\"827\">Schaller<\/strong>, micr\u00f3fonos <strong data-start=\"840\" data-end=\"850\">Shadow<\/strong> y una construcci\u00f3n pensada para durar toda la vida, esta guitarra se encuentra al nivel de modelos de <strong data-start=\"953\" data-end=\"968\">Charvel USA<\/strong> o <strong data-start=\"971\" data-end=\"980\">Hamer<\/strong> de la misma \u00e9poca.<\/p>\n<p data-start=\"1003\" data-end=\"1150\">Una superstrat vintage con est\u00e9tica sobria y potencia sonora, ideal para quienes buscan una alternativa de boutique a los cl\u00e1sicos norteamericanos.<\/p>\n","protected":false},"featured_media":3052,"template":"","meta":{"site-sidebar-layout":"no-sidebar","site-content-layout":"default","ast-site-content-layout":"default","site-content-style":"default","site-sidebar-style":"default","ast-global-header-display":"","ast-banner-title-visibility":"","ast-main-header-display":"","ast-hfb-above-header-display":"","ast-hfb-below-header-display":"","ast-hfb-mobile-header-display":"","site-post-title":"","ast-breadcrumbs-content":"","ast-featured-img":"","footer-sml-layout":"","ast-disable-related-posts":"","theme-transparent-header-meta":"default","adv-header-id-meta":"","stick-header-meta":"","header-above-stick-meta":"","header-main-stick-meta":"","header-below-stick-meta":"","astra-migrate-meta-layouts":"set","ast-page-background-enabled":"default","ast-page-background-meta":{"desktop":{"background-color":"var(--ast-global-color-4)","background-image":"","background-repeat":"repeat","background-position":"center center","background-size":"auto","background-attachment":"scroll","background-type":"","background-media":"","overlay-type":"","overlay-color":"","overlay-opacity":"","overlay-gradient":""},"tablet":{"background-color":"","background-image":"","background-repeat":"repeat","background-position":"center center","background-size":"auto","background-attachment":"scroll","background-type":"","background-media":"","overlay-type":"","overlay-color":"","overlay-opacity":"","overlay-gradient":""},"mobile":{"background-color":"","background-image":"","background-repeat":"repeat","background-position":"center center","background-size":"auto","background-attachment":"scroll","background-type":"","background-media":"","overlay-type":"","overlay-color":"","overlay-opacity":"","overlay-gradient":""}},"ast-content-background-meta":{"desktop":{"background-color":"var(--ast-global-color-5)","background-image":"","background-repeat":"repeat","background-position":"center center","background-size":"auto","background-attachment":"scroll","background-type":"","background-media":"","overlay-type":"","overlay-color":"","overlay-opacity":"","overlay-gradient":""},"tablet":{"background-color":"var(--ast-global-color-5)","background-image":"","background-repeat":"repeat","background-position":"center center","background-size":"auto","background-attachment":"scroll","background-type":"","background-media":"","overlay-type":"","overlay-color":"","overlay-opacity":"","overlay-gradient":""},"mobile":{"background-color":"var(--ast-global-color-5)","background-image":"","background-repeat":"repeat","background-position":"center center","background-size":"auto","background-attachment":"scroll","background-type":"","background-media":"","overlay-type":"","overlay-color":"","overlay-opacity":"","overlay-gradient":""}},"_joinchat":[]},"product_brand":[],"product_cat":[22,21,15],"product_tag":[36,59],"class_list":{"0":"post-487","1":"product","2":"type-product","3":"status-publish","4":"has-post-thumbnail","6":"product_cat-guitarras","7":"product_cat-guitarras-electricas","8":"product_cat-sin-categorizar","9":"product_tag-floyd-rose","10":"product_tag-schaller","11":"desktop-align-left","12":"tablet-align-left","13":"mobile-align-left","15":"first","16":"instock","17":"sale","18":"shipping-taxable","19":"purchasable","20":"product-type-simple"},"jetpack-related-posts":[{"id":2410,"url":"https:\/\/musicuyinstrumentos.com\/index.php\/producto\/traveler-guitar-escape-mark-iii\/","url_meta":{"origin":487,"position":0},"title":"Traveler Guitar Escape Mark III","author":"matiaspmartinez","date":"20 de enero de 2024","format":false,"excerpt":"La Traveler Escape Mark III es la compa\u00f1era perfecta para guitarristas en movimiento. Su dise\u00f1o ultra compacto y liviano la convierte en una excelente opci\u00f3n para viajar sin renunciar a la sensaci\u00f3n y escala de una guitarra de tama\u00f1o completo. Esta versi\u00f3n incluye un sistema de preamplificador con ecualizaci\u00f3n y\u2026","rel":"","context":"Entrada similar","block_context":{"text":"Entrada similar","link":""},"img":{"alt_text":"","src":"https:\/\/i0.wp.com\/musicuyinstrumentos.com\/wp-content\/uploads\/2024\/01\/Traveler-Guitar-1-Personalizado.jpg?fit=1080%2C1080&ssl=1&resize=350%2C200","width":350,"height":200,"srcset":"https:\/\/i0.wp.com\/musicuyinstrumentos.com\/wp-content\/uploads\/2024\/01\/Traveler-Guitar-1-Personalizado.jpg?fit=1080%2C1080&ssl=1&resize=350%2C200 1x, https:\/\/i0.wp.com\/musicuyinstrumentos.com\/wp-content\/uploads\/2024\/01\/Traveler-Guitar-1-Personalizado.jpg?fit=1080%2C1080&ssl=1&resize=525%2C300 1.5x, https:\/\/i0.wp.com\/musicuyinstrumentos.com\/wp-content\/uploads\/2024\/01\/Traveler-Guitar-1-Personalizado.jpg?fit=1080%2C1080&ssl=1&resize=700%2C400 2x, https:\/\/i0.wp.com\/musicuyinstrumentos.com\/wp-content\/uploads\/2024\/01\/Traveler-Guitar-1-Personalizado.jpg?fit=1080%2C1080&ssl=1&resize=1050%2C600 3x"},"classes":[]},{"id":477,"url":"https:\/\/musicuyinstrumentos.com\/index.php\/producto\/schecter-c1-classic\/","url_meta":{"origin":487,"position":1},"title":"Schecter C1-Classic","author":"matiaspmartinez","date":"8 de marzo de 2022","format":false,"excerpt":"Una guitarra de alta gama con un nivel de detalle y construcci\u00f3n dignos de gamas Custom Shop. Fabricada en Corea a principios de los 2000, la C1-Classic es reconocida por su est\u00e9tica elegante y su gran versatilidad sonora. Equipada con pastillas Seymour Duncan y hardware de calidad, es ideal para\u2026","rel":"","context":"Entrada similar","block_context":{"text":"Entrada similar","link":""},"img":{"alt_text":"","src":"https:\/\/i0.wp.com\/musicuyinstrumentos.com\/wp-content\/uploads\/2022\/03\/Schecter-C1-Classic-1.jpg?fit=1080%2C1080&ssl=1&resize=350%2C200","width":350,"height":200,"srcset":"https:\/\/i0.wp.com\/musicuyinstrumentos.com\/wp-content\/uploads\/2022\/03\/Schecter-C1-Classic-1.jpg?fit=1080%2C1080&ssl=1&resize=350%2C200 1x, https:\/\/i0.wp.com\/musicuyinstrumentos.com\/wp-content\/uploads\/2022\/03\/Schecter-C1-Classic-1.jpg?fit=1080%2C1080&ssl=1&resize=525%2C300 1.5x, https:\/\/i0.wp.com\/musicuyinstrumentos.com\/wp-content\/uploads\/2022\/03\/Schecter-C1-Classic-1.jpg?fit=1080%2C1080&ssl=1&resize=700%2C400 2x, https:\/\/i0.wp.com\/musicuyinstrumentos.com\/wp-content\/uploads\/2022\/03\/Schecter-C1-Classic-1.jpg?fit=1080%2C1080&ssl=1&resize=1050%2C600 3x"},"classes":[]},{"id":21,"url":"https:\/\/musicuyinstrumentos.com\/index.php\/producto\/bc-rich-jr-v-nt-series\/","url_meta":{"origin":487,"position":2},"title":"BC Rich JR V NT Series","author":"matiaspmartinez","date":"1 de marzo de 2022","format":false,"excerpt":"La BC Rich NT Jr V forma parte de la serie V Standard de la marca, una reinterpretaci\u00f3n moderna del cl\u00e1sico dise\u00f1o \"V\", con construcci\u00f3n neck-thru que asegura un sustain prolongado, gran estabilidad y acceso completo a todos los trastes. Este modelo en particular fue fabricado en Corea en 2004\u2026","rel":"","context":"Entrada similar","block_context":{"text":"Entrada similar","link":""},"img":{"alt_text":"","src":"https:\/\/i0.wp.com\/musicuyinstrumentos.com\/wp-content\/uploads\/2022\/03\/BC-Rich-JRV-NT-Series-1.jpg?fit=1080%2C1080&ssl=1&resize=350%2C200","width":350,"height":200,"srcset":"https:\/\/i0.wp.com\/musicuyinstrumentos.com\/wp-content\/uploads\/2022\/03\/BC-Rich-JRV-NT-Series-1.jpg?fit=1080%2C1080&ssl=1&resize=350%2C200 1x, https:\/\/i0.wp.com\/musicuyinstrumentos.com\/wp-content\/uploads\/2022\/03\/BC-Rich-JRV-NT-Series-1.jpg?fit=1080%2C1080&ssl=1&resize=525%2C300 1.5x, https:\/\/i0.wp.com\/musicuyinstrumentos.com\/wp-content\/uploads\/2022\/03\/BC-Rich-JRV-NT-Series-1.jpg?fit=1080%2C1080&ssl=1&resize=700%2C400 2x, https:\/\/i0.wp.com\/musicuyinstrumentos.com\/wp-content\/uploads\/2022\/03\/BC-Rich-JRV-NT-Series-1.jpg?fit=1080%2C1080&ssl=1&resize=1050%2C600 3x"},"classes":[]},{"id":608,"url":"https:\/\/musicuyinstrumentos.com\/index.php\/producto\/dbz-venom\/","url_meta":{"origin":487,"position":3},"title":"DBZ Venom","author":"matiaspmartinez","date":"8 de marzo de 2022","format":false,"excerpt":"Una de las primeras versiones de la DBZ Venom, dise\u00f1ada por el legendario luthier Dean B. Zelinsky (fundador de Dean Guitars). Este modelo pertenece a las tandas iniciales fabricadas en Corea, y destaca no solo por su est\u00e9tica agresiva tipo V con l\u00edneas curvas, sino tambi\u00e9n por su potencia sonora\u2026","rel":"","context":"Entrada similar","block_context":{"text":"Entrada similar","link":""},"img":{"alt_text":"","src":"https:\/\/i0.wp.com\/musicuyinstrumentos.com\/wp-content\/uploads\/2022\/03\/DBZ-Venom-1.jpg?fit=1079%2C1080&ssl=1&resize=350%2C200","width":350,"height":200,"srcset":"https:\/\/i0.wp.com\/musicuyinstrumentos.com\/wp-content\/uploads\/2022\/03\/DBZ-Venom-1.jpg?fit=1079%2C1080&ssl=1&resize=350%2C200 1x, https:\/\/i0.wp.com\/musicuyinstrumentos.com\/wp-content\/uploads\/2022\/03\/DBZ-Venom-1.jpg?fit=1079%2C1080&ssl=1&resize=525%2C300 1.5x, https:\/\/i0.wp.com\/musicuyinstrumentos.com\/wp-content\/uploads\/2022\/03\/DBZ-Venom-1.jpg?fit=1079%2C1080&ssl=1&resize=700%2C400 2x, https:\/\/i0.wp.com\/musicuyinstrumentos.com\/wp-content\/uploads\/2022\/03\/DBZ-Venom-1.jpg?fit=1079%2C1080&ssl=1&resize=1050%2C600 3x"},"classes":[]},{"id":37,"url":"https:\/\/musicuyinstrumentos.com\/index.php\/producto\/carvin-cobalt-ct770ts\/","url_meta":{"origin":487,"position":4},"title":"Carvin Cobalt C770TS","author":"matiaspmartinez","date":"1 de marzo de 2022","format":false,"excerpt":"La Carvin Cobalt C770TS es una guitarra electroac\u00fastica de gama alta, dise\u00f1ada en USA y construida por luthiers selectos en Corea con materiales de primera. Su dise\u00f1o tipo dreadnought con corte veneciano y su electr\u00f3nica Fishman la convierten en una excelente opci\u00f3n tanto para grabaci\u00f3n como para shows en vivo.\u2026","rel":"","context":"Entrada similar","block_context":{"text":"Entrada similar","link":""},"img":{"alt_text":"","src":"https:\/\/i0.wp.com\/musicuyinstrumentos.com\/wp-content\/uploads\/2022\/03\/Carvin-Cobalt-C770T-1.jpg?fit=1080%2C1080&ssl=1&resize=350%2C200","width":350,"height":200,"srcset":"https:\/\/i0.wp.com\/musicuyinstrumentos.com\/wp-content\/uploads\/2022\/03\/Carvin-Cobalt-C770T-1.jpg?fit=1080%2C1080&ssl=1&resize=350%2C200 1x, https:\/\/i0.wp.com\/musicuyinstrumentos.com\/wp-content\/uploads\/2022\/03\/Carvin-Cobalt-C770T-1.jpg?fit=1080%2C1080&ssl=1&resize=525%2C300 1.5x, https:\/\/i0.wp.com\/musicuyinstrumentos.com\/wp-content\/uploads\/2022\/03\/Carvin-Cobalt-C770T-1.jpg?fit=1080%2C1080&ssl=1&resize=700%2C400 2x, https:\/\/i0.wp.com\/musicuyinstrumentos.com\/wp-content\/uploads\/2022\/03\/Carvin-Cobalt-C770T-1.jpg?fit=1080%2C1080&ssl=1&resize=1050%2C600 3x"},"classes":[]},{"id":29,"url":"https:\/\/musicuyinstrumentos.com\/index.php\/producto\/bc-rich-stiii-made-in-usa-80s\/","url_meta":{"origin":487,"position":5},"title":"BC Rich STIII (Made in USA, 80&#8217;s)","author":"matiaspmartinez","date":"1 de marzo de 2022","format":false,"excerpt":"La BC Rich ST-III es una guitarra poco com\u00fan y muy buscada por coleccionistas y guitarristas que valoran las rarezas de alto nivel. Fabricada en Estados Unidos durante los a\u00f1os 80, fue una de las propuestas m\u00e1s innovadoras de BC Rich en la era post-Superstrat, con est\u00e9tica agresiva, dise\u00f1o ergon\u00f3mico\u2026","rel":"","context":"Entrada similar","block_context":{"text":"Entrada similar","link":""},"img":{"alt_text":"","src":"https:\/\/i0.wp.com\/musicuyinstrumentos.com\/wp-content\/uploads\/2022\/03\/BC-Rich-STIII-USA-1.jpg?fit=1080%2C1080&ssl=1&resize=350%2C200","width":350,"height":200,"srcset":"https:\/\/i0.wp.com\/musicuyinstrumentos.com\/wp-content\/uploads\/2022\/03\/BC-Rich-STIII-USA-1.jpg?fit=1080%2C1080&ssl=1&resize=350%2C200 1x, https:\/\/i0.wp.com\/musicuyinstrumentos.com\/wp-content\/uploads\/2022\/03\/BC-Rich-STIII-USA-1.jpg?fit=1080%2C1080&ssl=1&resize=525%2C300 1.5x, https:\/\/i0.wp.com\/musicuyinstrumentos.com\/wp-content\/uploads\/2022\/03\/BC-Rich-STIII-USA-1.jpg?fit=1080%2C1080&ssl=1&resize=700%2C400 2x, https:\/\/i0.wp.com\/musicuyinstrumentos.com\/wp-content\/uploads\/2022\/03\/BC-Rich-STIII-USA-1.jpg?fit=1080%2C1080&ssl=1&resize=1050%2C600 3x"},"classes":[]}],"jetpack_sharing_enabled":true,"_links":{"self":[{"href":"https:\/\/musicuyinstrumentos.com\/index.php\/wp-json\/wp\/v2\/product\/487","targetHints":{"allow":["GET"]}}],"collection":[{"href":"https:\/\/musicuyinstrumentos.com\/index.php\/wp-json\/wp\/v2\/product"}],"about":[{"href":"https:\/\/musicuyinstrumentos.com\/index.php\/wp-json\/wp\/v2\/types\/product"}],"version-history":[{"count":2,"href":"https:\/\/musicuyinstrumentos.com\/index.php\/wp-json\/wp\/v2\/product\/487\/revisions"}],"predecessor-version":[{"id":3292,"href":"https:\/\/musicuyinstrumentos.com\/index.php\/wp-json\/wp\/v2\/product\/487\/revisions\/3292"}],"wp:featuredmedia":[{"embeddable":true,"href":"https:\/\/musicuyinstrumentos.com\/index.php\/wp-json\/wp\/v2\/media\/3052"}],"wp:attachment":[{"href":"https:\/\/musicuyinstrumentos.com\/index.php\/wp-json\/wp\/v2\/media?parent=487"}],"wp:term":[{"taxonomy":"product_brand","embeddable":true,"href":"https:\/\/musicuyinstrumentos.com\/index.php\/wp-json\/wp\/v2\/product_brand?post=487"},{"taxonomy":"product_cat","embeddable":true,"href":"https:\/\/musicuyinstrumentos.com\/index.php\/wp-json\/wp\/v2\/product_cat?post=487"},{"taxonomy":"product_tag","embeddable":true,"href":"https:\/\/musicuyinstrumentos.com\/index.php\/wp-json\/wp\/v2\/product_tag?post=487"}],"curies":[{"name":"wp","href":"https:\/\/api.w.org\/{rel}","templated":true}]}}