{"id":497,"date":"2022-03-08T12:37:44","date_gmt":"2022-03-08T15:37:44","guid":{"rendered":"https:\/\/musicuyinstrumentos.com\/?post_type=product&#038;p=497"},"modified":"2026-04-18T12:23:57","modified_gmt":"2026-04-18T15:23:57","slug":"tobias-growler-5","status":"publish","type":"product","link":"https:\/\/musicuyinstrumentos.com\/index.php\/producto\/tobias-growler-5\/","title":{"rendered":"Tobias Growler 5"},"content":{"rendered":"<div class=\"\" data-block=\"true\" data-editor=\"7atjb\" data-offset-key=\"2pfhj-0-0\">\n<div class=\"_1mf _1mj\" data-offset-key=\"2pfhj-0-0\"><span data-offset-key=\"2pfhj-0-0\">\u2705 Modelo: Growler 5<\/span><\/div>\n<\/div>\n<div class=\"\" data-block=\"true\" data-editor=\"7atjb\" data-offset-key=\"ff4go-0-0\">\n<div class=\"_1mf _1mj\" data-offset-key=\"ff4go-0-0\"><span data-offset-key=\"ff4go-0-0\">\u2705 Origen: USA \ud83c\uddfa\ud83c\uddf8<\/span><\/div>\n<\/div>\n<div class=\"\" data-block=\"true\" data-editor=\"7atjb\" data-offset-key=\"9df2g-0-0\">\n<div class=\"_1mf _1mj\" data-offset-key=\"9df2g-0-0\"><span data-offset-key=\"9df2g-0-0\">\u2705 A\u00f1o: 1994\u20131997 (estimado)<\/span><\/div>\n<\/div>\n<div class=\"\" data-block=\"true\" data-editor=\"7atjb\" data-offset-key=\"b9ls7-0-0\">\n<div class=\"_1mf _1mj\" data-offset-key=\"b9ls7-0-0\"><span data-offset-key=\"b9ls7-0-0\">\u2705 Cuerdas: 5<\/span><\/div>\n<\/div>\n<div class=\"\" data-block=\"true\" data-editor=\"7atjb\" data-offset-key=\"ebj19-0-0\">\n<div class=\"_1mf _1mj\" data-offset-key=\"ebj19-0-0\"><span data-offset-key=\"ebj19-0-0\">\u2705 Cuerpo: Ash<\/span><\/div>\n<\/div>\n<div class=\"\" data-block=\"true\" data-editor=\"7atjb\" data-offset-key=\"38ohr-0-0\">\n<div class=\"_1mf _1mj\" data-offset-key=\"38ohr-0-0\"><span data-offset-key=\"38ohr-0-0\">\u2705 M\u00e1stil: Maple multipieza<\/span><\/div>\n<\/div>\n<div class=\"\" data-block=\"true\" data-editor=\"7atjb\" data-offset-key=\"1h50h-0-0\">\n<div class=\"_1mf _1mj\" data-offset-key=\"1h50h-0-0\"><span data-offset-key=\"1h50h-0-0\">\u2705 Construcci\u00f3n: Bolt-on<\/span><\/div>\n<\/div>\n<div class=\"\" data-block=\"true\" data-editor=\"7atjb\" data-offset-key=\"9u61e-0-0\">\n<div class=\"_1mf _1mj\" data-offset-key=\"9u61e-0-0\"><span data-offset-key=\"9u61e-0-0\">\u2705 Diapas\u00f3n: Wenge<\/span><\/div>\n<\/div>\n<div class=\"\" data-block=\"true\" data-editor=\"7atjb\" data-offset-key=\"cdcvj-0-0\">\n<div class=\"_1mf _1mj\" data-offset-key=\"cdcvj-0-0\"><span data-offset-key=\"cdcvj-0-0\">\u2705 Escala: 34\u2033<\/span><\/div>\n<\/div>\n<div class=\"\" data-block=\"true\" data-editor=\"7atjb\" data-offset-key=\"bouc1-0-0\">\n<div class=\"_1mf _1mj\" data-offset-key=\"bouc1-0-0\"><span data-offset-key=\"bouc1-0-0\">\u2705 Trastes: 24<\/span><\/div>\n<\/div>\n<div class=\"\" data-block=\"true\" data-editor=\"7atjb\" data-offset-key=\"ejq6l-0-0\">\n<div class=\"_1mf _1mj\" data-offset-key=\"ejq6l-0-0\"><span data-offset-key=\"ejq6l-0-0\">\u2705 Micr\u00f3fono: Bartolini MM-Style Humbucker<\/span><\/div>\n<\/div>\n<div class=\"\" data-block=\"true\" data-editor=\"7atjb\" data-offset-key=\"4eftc-0-0\">\n<div class=\"_1mf _1mj\" data-offset-key=\"4eftc-0-0\"><span data-offset-key=\"4eftc-0-0\">\u2705 Electr\u00f3nica: Activa \u2013 Preamp Bartolini 18V<\/span><\/div>\n<\/div>\n<div class=\"\" data-block=\"true\" data-editor=\"7atjb\" data-offset-key=\"bgn6l-0-0\">\n<div class=\"_1mf _1mj\" data-offset-key=\"bgn6l-0-0\"><span data-offset-key=\"bgn6l-0-0\">\u2705 Controles:<\/span><\/div>\n<\/div>\n<div class=\"\" data-block=\"true\" data-editor=\"7atjb\" data-offset-key=\"2hruh-0-0\">\n<div class=\"_1mf _1mj\" data-offset-key=\"2hruh-0-0\"><span data-offset-key=\"2hruh-0-0\">\u2003\u2022 Volumen<\/span><\/div>\n<\/div>\n<div class=\"\" data-block=\"true\" data-editor=\"7atjb\" data-offset-key=\"37r23-0-0\">\n<div class=\"_1mf _1mj\" data-offset-key=\"37r23-0-0\"><span data-offset-key=\"37r23-0-0\">\u2003\u2022 Balance<\/span><\/div>\n<\/div>\n<div class=\"\" data-block=\"true\" data-editor=\"7atjb\" data-offset-key=\"gsl7-0-0\">\n<div class=\"_1mf _1mj\" data-offset-key=\"gsl7-0-0\"><span data-offset-key=\"gsl7-0-0\">\u2003\u2022 Graves<\/span><\/div>\n<\/div>\n<div class=\"\" data-block=\"true\" data-editor=\"7atjb\" data-offset-key=\"dr8i3-0-0\">\n<div class=\"_1mf _1mj\" data-offset-key=\"dr8i3-0-0\"><span data-offset-key=\"dr8i3-0-0\">\u2003\u2022 Agudos<\/span><\/div>\n<\/div>\n<div class=\"\" data-block=\"true\" data-editor=\"7atjb\" data-offset-key=\"4mja8-0-0\">\n<div class=\"_1mf _1mj\" data-offset-key=\"4mja8-0-0\"><span data-offset-key=\"4mja8-0-0\">\u2705 Puente: Tobias Custom<\/span><\/div>\n<\/div>\n<div class=\"\" data-block=\"true\" data-editor=\"7atjb\" data-offset-key=\"8e6t7-0-0\">\n<div class=\"_1mf _1mj\" data-offset-key=\"8e6t7-0-0\"><span data-offset-key=\"8e6t7-0-0\">\u2705 Clavijas: Originales<\/span><\/div>\n<\/div>\n<div class=\"\" data-block=\"true\" data-editor=\"7atjb\" data-offset-key=\"1pl1f-0-0\">\n<div class=\"_1mf _1mj\" data-offset-key=\"1pl1f-0-0\"><span data-offset-key=\"1pl1f-0-0\">\u2705 Hardware: Negro<\/span><\/div>\n<\/div>\n<div class=\"\" data-block=\"true\" data-editor=\"7atjb\" data-offset-key=\"61n83-0-0\">\n<div class=\"_1mf _1mj\" data-offset-key=\"61n83-0-0\"><span data-offset-key=\"61n83-0-0\">\u2705 Terminaci\u00f3n: Natural (vetas visibles)<\/span><\/div>\n<\/div>\n<div class=\"\" data-block=\"true\" data-editor=\"7atjb\" data-offset-key=\"fq7fv-0-0\">\n<div class=\"_1mf _1mj\" data-offset-key=\"fq7fv-0-0\"><span data-offset-key=\"fq7fv-0-0\">\u2705 Dise\u00f1o: Ergon\u00f3mico Tobias<\/span><\/div>\n<\/div>\n<div class=\"\" data-block=\"true\" data-editor=\"7atjb\" data-offset-key=\"5vvcs-0-0\">\n<div class=\"_1mf _1mj\" data-offset-key=\"5vvcs-0-0\"><span data-offset-key=\"5vvcs-0-0\">\u00a0<\/span><\/div>\n<\/div>\n<div class=\"\" data-block=\"true\" data-editor=\"7atjb\" data-offset-key=\"6jjr5-0-0\">\n<div class=\"_1mf _1mj\" data-offset-key=\"6jjr5-0-0\"><span data-offset-key=\"6jjr5-0-0\">\ud83c\udfb6 Car\u00e1cter sonoro<\/span><\/div>\n<\/div>\n<div class=\"\" data-block=\"true\" data-editor=\"7atjb\" data-offset-key=\"8v14s-0-0\">\n<div class=\"_1mf _1mj\" data-offset-key=\"8v14s-0-0\"><span data-offset-key=\"8v14s-0-0\">\ud83c\udfaf Graves profundos y definidos<\/span><\/div>\n<\/div>\n<div class=\"\" data-block=\"true\" data-editor=\"7atjb\" data-offset-key=\"evept-0-0\">\n<div class=\"_1mf _1mj\" data-offset-key=\"evept-0-0\"><span data-offset-key=\"evept-0-0\">\ud83c\udfaf Medios claros y presentes<\/span><\/div>\n<\/div>\n<div class=\"\" data-block=\"true\" data-editor=\"7atjb\" data-offset-key=\"ekca0-0-0\">\n<div class=\"_1mf _1mj\" data-offset-key=\"ekca0-0-0\"><span data-offset-key=\"ekca0-0-0\">\ud83c\udfaf Excelente articulaci\u00f3n en 5 cuerdas<\/span><\/div>\n<\/div>\n<div class=\"\" data-block=\"true\" data-editor=\"7atjb\" data-offset-key=\"ab578-0-0\">\n<div class=\"_1mf _1mj\" data-offset-key=\"ab578-0-0\"><span data-offset-key=\"ab578-0-0\">\ud83c\udfaf Gran respuesta para t\u00e9cnicas modernas<\/span><\/div>\n<\/div>\n<div class=\"\" data-block=\"true\" data-editor=\"7atjb\" data-offset-key=\"6ieug-0-0\">\n<div class=\"_1mf _1mj\" data-offset-key=\"6ieug-0-0\"><span data-offset-key=\"6ieug-0-0\">\u00a0<\/span><\/div>\n<\/div>\n<div class=\"\" data-block=\"true\" data-editor=\"7atjb\" data-offset-key=\"348pt-0-0\">\n<div class=\"_1mf _1mj\" data-offset-key=\"348pt-0-0\"><span data-offset-key=\"348pt-0-0\">Ideal para:<\/span><\/div>\n<\/div>\n<div class=\"\" data-block=\"true\" data-editor=\"7atjb\" data-offset-key=\"1ceci-0-0\">\n<div class=\"_1mf _1mj\" data-offset-key=\"1ceci-0-0\"><span data-offset-key=\"1ceci-0-0\">\ud83c\udfb8 Funk \/ Slap<\/span><\/div>\n<\/div>\n<div class=\"\" data-block=\"true\" data-editor=\"7atjb\" data-offset-key=\"732ug-0-0\">\n<div class=\"_1mf _1mj\" data-offset-key=\"732ug-0-0\"><span data-offset-key=\"732ug-0-0\">\ud83c\udfb8 Rock \/ Pop<\/span><\/div>\n<\/div>\n<div class=\"\" data-block=\"true\" data-editor=\"7atjb\" data-offset-key=\"fuh1g-0-0\">\n<div class=\"_1mf _1mj\" data-offset-key=\"fuh1g-0-0\"><span data-offset-key=\"fuh1g-0-0\">\ud83c\udfb8 Fusi\u00f3n \/ Jazz moderno<\/span><\/div>\n<\/div>\n<div class=\"\" data-block=\"true\" data-editor=\"7atjb\" data-offset-key=\"ccfsh-0-0\">\n<div class=\"_1mf _1mj\" data-offset-key=\"ccfsh-0-0\"><span data-offset-key=\"ccfsh-0-0\">\ud83c\udfb8 Metal t\u00e9cnico<\/span><\/div>\n<\/div>\n<div class=\"\" data-block=\"true\" data-editor=\"7atjb\" data-offset-key=\"tsie-0-0\">\n<div class=\"_1mf _1mj\" data-offset-key=\"tsie-0-0\"><span data-offset-key=\"tsie-0-0\">\u00a0<\/span><\/div>\n<\/div>\n<div class=\"\" data-block=\"true\" data-editor=\"7atjb\" data-offset-key=\"82dit-0-0\">\n<div class=\"_1mf _1mj\" data-offset-key=\"82dit-0-0\"><span data-offset-key=\"82dit-0-0\">Muy buen estado general, instrumento s\u00f3lido y listo para tocar.<\/span><\/div>\n<\/div>\n<div class=\"\" data-block=\"true\" data-editor=\"7atjb\" data-offset-key=\"atnot-0-0\">\n<div class=\"_1mf _1mj\" data-offset-key=\"atnot-0-0\"><span data-offset-key=\"atnot-0-0\">\u00a0<\/span><\/div>\n<\/div>\n<div class=\"\" data-block=\"true\" data-editor=\"7atjb\" data-offset-key=\"3k8co-0-0\">\n<div class=\"_1mf _1mj\" data-offset-key=\"3k8co-0-0\"><span data-offset-key=\"3k8co-0-0\">\ud83c\udf81 Incluye estuche r\u00edgido original<\/span><\/div>\n<\/div>\n<div class=\"\" data-block=\"true\" data-editor=\"7atjb\" data-offset-key=\"3oakv-0-0\">\n<div class=\"_1mf _1mj\" data-offset-key=\"3oakv-0-0\"><span data-offset-key=\"3oakv-0-0\">\u00a0<\/span><\/div>\n<\/div>\n<div class=\"\" data-block=\"true\" data-editor=\"7atjb\" data-offset-key=\"6tgt8-0-0\">\n<div class=\"_1mf _1mj\" data-offset-key=\"6tgt8-0-0\"><span data-offset-key=\"6tgt8-0-0\">\ud83d\udd25 Un Tobias USA original de los 90s, con electr\u00f3nica Bartolini: bajo profesional con identidad propia.<\/span><\/div>\n<\/div>\n","protected":false},"excerpt":{"rendered":"<div class=\"\" data-block=\"true\" data-editor=\"7atjb\" data-offset-key=\"al1vd-0-0\"><\/div>\n<div class=\"\" data-block=\"true\" data-editor=\"7atjb\" data-offset-key=\"3c9r5-0-0\">\n<div class=\"_1mf _1mj\" data-offset-key=\"3c9r5-0-0\"><span style=\"font-size: 16px;\">El Tobias Growler 5 es un bajo Made in USA de mediados de los 90s, fabricado durante la etapa Gibson de la marca, manteniendo el ADN de dise\u00f1o ergon\u00f3mico y sonido moderno caracter\u00edstico de Tobias.<br \/>\n<\/span><span style=\"font-size: 16px;\">Este modelo se destaca por su construcci\u00f3n neck-thru, excelente balance y una respuesta sonora muy definida. Equipado con electr\u00f3nica Bartolini activa de 18V, ofrece un rango tonal amplio, con graves profundos, medios claros y agudos articulados.<br \/>\n<\/span><span style=\"font-size: 16px;\">Un instrumento muy valorado por bajistas de funk, rock, fusi\u00f3n y metal, ideal tanto para escenario como para estudio.<\/span><\/div>\n<\/div>\n","protected":false},"featured_media":3043,"template":"","meta":{"site-sidebar-layout":"no-sidebar","site-content-layout":"default","ast-site-content-layout":"default","site-content-style":"default","site-sidebar-style":"default","ast-global-header-display":"","ast-banner-title-visibility":"","ast-main-header-display":"","ast-hfb-above-header-display":"","ast-hfb-below-header-display":"","ast-hfb-mobile-header-display":"","site-post-title":"","ast-breadcrumbs-content":"","ast-featured-img":"","footer-sml-layout":"","ast-disable-related-posts":"","theme-transparent-header-meta":"default","adv-header-id-meta":"","stick-header-meta":"","header-above-stick-meta":"","header-main-stick-meta":"","header-below-stick-meta":"","astra-migrate-meta-layouts":"set","ast-page-background-enabled":"default","ast-page-background-meta":{"desktop":{"background-color":"var(--ast-global-color-4)","background-image":"","background-repeat":"repeat","background-position":"center center","background-size":"auto","background-attachment":"scroll","background-type":"","background-media":"","overlay-type":"","overlay-color":"","overlay-opacity":"","overlay-gradient":""},"tablet":{"background-color":"","background-image":"","background-repeat":"repeat","background-position":"center center","background-size":"auto","background-attachment":"scroll","background-type":"","background-media":"","overlay-type":"","overlay-color":"","overlay-opacity":"","overlay-gradient":""},"mobile":{"background-color":"","background-image":"","background-repeat":"repeat","background-position":"center center","background-size":"auto","background-attachment":"scroll","background-type":"","background-media":"","overlay-type":"","overlay-color":"","overlay-opacity":"","overlay-gradient":""}},"ast-content-background-meta":{"desktop":{"background-color":"var(--ast-global-color-5)","background-image":"","background-repeat":"repeat","background-position":"center center","background-size":"auto","background-attachment":"scroll","background-type":"","background-media":"","overlay-type":"","overlay-color":"","overlay-opacity":"","overlay-gradient":""},"tablet":{"background-color":"var(--ast-global-color-5)","background-image":"","background-repeat":"repeat","background-position":"center center","background-size":"auto","background-attachment":"scroll","background-type":"","background-media":"","overlay-type":"","overlay-color":"","overlay-opacity":"","overlay-gradient":""},"mobile":{"background-color":"var(--ast-global-color-5)","background-image":"","background-repeat":"repeat","background-position":"center center","background-size":"auto","background-attachment":"scroll","background-type":"","background-media":"","overlay-type":"","overlay-color":"","overlay-opacity":"","overlay-gradient":""}},"_joinchat":[]},"product_brand":[],"product_cat":[25,15],"product_tag":[54,55,56],"class_list":{"0":"post-497","1":"product","2":"type-product","3":"status-publish","4":"has-post-thumbnail","6":"product_cat-bajos","7":"product_cat-sin-categorizar","8":"product_tag-5-cuerdas","9":"product_tag-activo","10":"product_tag-bartolini","11":"desktop-align-left","12":"tablet-align-left","13":"mobile-align-left","15":"first","16":"instock","17":"shipping-taxable","18":"purchasable","19":"product-type-simple"},"jetpack-related-posts":[{"id":29,"url":"https:\/\/musicuyinstrumentos.com\/index.php\/producto\/bc-rich-stiii-made-in-usa-80s\/","url_meta":{"origin":497,"position":0},"title":"BC Rich STIII (Made in USA, 80&#8217;s)","author":"matiaspmartinez","date":"1 de marzo de 2022","format":false,"excerpt":"La BC Rich ST-III es una guitarra poco com\u00fan y muy buscada por coleccionistas y guitarristas que valoran las rarezas de alto nivel. Fabricada en Estados Unidos durante los a\u00f1os 80, fue una de las propuestas m\u00e1s innovadoras de BC Rich en la era post-Superstrat, con est\u00e9tica agresiva, dise\u00f1o ergon\u00f3mico\u2026","rel":"","context":"Entrada similar","block_context":{"text":"Entrada similar","link":""},"img":{"alt_text":"","src":"https:\/\/i0.wp.com\/musicuyinstrumentos.com\/wp-content\/uploads\/2022\/03\/BC-Rich-STIII-USA-1.jpg?fit=1080%2C1080&ssl=1&resize=350%2C200","width":350,"height":200,"srcset":"https:\/\/i0.wp.com\/musicuyinstrumentos.com\/wp-content\/uploads\/2022\/03\/BC-Rich-STIII-USA-1.jpg?fit=1080%2C1080&ssl=1&resize=350%2C200 1x, https:\/\/i0.wp.com\/musicuyinstrumentos.com\/wp-content\/uploads\/2022\/03\/BC-Rich-STIII-USA-1.jpg?fit=1080%2C1080&ssl=1&resize=525%2C300 1.5x, https:\/\/i0.wp.com\/musicuyinstrumentos.com\/wp-content\/uploads\/2022\/03\/BC-Rich-STIII-USA-1.jpg?fit=1080%2C1080&ssl=1&resize=700%2C400 2x, https:\/\/i0.wp.com\/musicuyinstrumentos.com\/wp-content\/uploads\/2022\/03\/BC-Rich-STIII-USA-1.jpg?fit=1080%2C1080&ssl=1&resize=1050%2C600 3x"},"classes":[]},{"id":608,"url":"https:\/\/musicuyinstrumentos.com\/index.php\/producto\/dbz-venom\/","url_meta":{"origin":497,"position":1},"title":"DBZ Venom","author":"matiaspmartinez","date":"8 de marzo de 2022","format":false,"excerpt":"Una de las primeras versiones de la DBZ Venom, dise\u00f1ada por el legendario luthier Dean B. Zelinsky (fundador de Dean Guitars). Este modelo pertenece a las tandas iniciales fabricadas en Corea, y destaca no solo por su est\u00e9tica agresiva tipo V con l\u00edneas curvas, sino tambi\u00e9n por su potencia sonora\u2026","rel":"","context":"Entrada similar","block_context":{"text":"Entrada similar","link":""},"img":{"alt_text":"","src":"https:\/\/i0.wp.com\/musicuyinstrumentos.com\/wp-content\/uploads\/2022\/03\/DBZ-Venom-1.jpg?fit=1079%2C1080&ssl=1&resize=350%2C200","width":350,"height":200,"srcset":"https:\/\/i0.wp.com\/musicuyinstrumentos.com\/wp-content\/uploads\/2022\/03\/DBZ-Venom-1.jpg?fit=1079%2C1080&ssl=1&resize=350%2C200 1x, https:\/\/i0.wp.com\/musicuyinstrumentos.com\/wp-content\/uploads\/2022\/03\/DBZ-Venom-1.jpg?fit=1079%2C1080&ssl=1&resize=525%2C300 1.5x, https:\/\/i0.wp.com\/musicuyinstrumentos.com\/wp-content\/uploads\/2022\/03\/DBZ-Venom-1.jpg?fit=1079%2C1080&ssl=1&resize=700%2C400 2x, https:\/\/i0.wp.com\/musicuyinstrumentos.com\/wp-content\/uploads\/2022\/03\/DBZ-Venom-1.jpg?fit=1079%2C1080&ssl=1&resize=1050%2C600 3x"},"classes":[]},{"id":2339,"url":"https:\/\/musicuyinstrumentos.com\/index.php\/producto\/martin-d-16h\/","url_meta":{"origin":497,"position":2},"title":"Martin D-16H 1995 c\/piezo LR Baggs","author":"matiaspmartinez","date":"14 de enero de 2024","format":false,"excerpt":"La Martin D-16H es una dreadnought construida en Nazareth, Pennsylvania (USA), con los m\u00e1s altos est\u00e1ndares de calidad y tono. Este modelo de 1995 presenta una construcci\u00f3n tradicional full solid y un sonido c\u00e1lido, potente y definido.Lo m\u00e1s destacable de esta unidad es su estado impecable: estuvo guardada en su\u2026","rel":"","context":"Entrada similar","block_context":{"text":"Entrada similar","link":""},"img":{"alt_text":"","src":"https:\/\/i0.wp.com\/musicuyinstrumentos.com\/wp-content\/uploads\/2024\/01\/Martin-D-16H-1.jpg?fit=1080%2C1080&ssl=1&resize=350%2C200","width":350,"height":200,"srcset":"https:\/\/i0.wp.com\/musicuyinstrumentos.com\/wp-content\/uploads\/2024\/01\/Martin-D-16H-1.jpg?fit=1080%2C1080&ssl=1&resize=350%2C200 1x, https:\/\/i0.wp.com\/musicuyinstrumentos.com\/wp-content\/uploads\/2024\/01\/Martin-D-16H-1.jpg?fit=1080%2C1080&ssl=1&resize=525%2C300 1.5x, https:\/\/i0.wp.com\/musicuyinstrumentos.com\/wp-content\/uploads\/2024\/01\/Martin-D-16H-1.jpg?fit=1080%2C1080&ssl=1&resize=700%2C400 2x, https:\/\/i0.wp.com\/musicuyinstrumentos.com\/wp-content\/uploads\/2024\/01\/Martin-D-16H-1.jpg?fit=1080%2C1080&ssl=1&resize=1050%2C600 3x"},"classes":[]},{"id":457,"url":"https:\/\/musicuyinstrumentos.com\/index.php\/producto\/kramer-forum-iii\/","url_meta":{"origin":497,"position":3},"title":"Kramer Forum III","author":"matiaspmartinez","date":"7 de marzo de 2022","format":false,"excerpt":"Bajo de alt\u00edsima gama fabricado en Estados Unidos por Kramer, una de las marcas m\u00e1s respetadas de la era dorada de los 80s. El Forum III es una rareza absoluta por sus especificaciones y calidad de construcci\u00f3n. Ideal para coleccionistas y m\u00fasicos exigentes que buscan sonido, comodidad y car\u00e1cter vintage.","rel":"","context":"Entrada similar","block_context":{"text":"Entrada similar","link":""},"img":{"alt_text":"","src":"https:\/\/i0.wp.com\/musicuyinstrumentos.com\/wp-content\/uploads\/2022\/03\/Kramer-Forum-III-1.jpg?fit=1080%2C1080&ssl=1&resize=350%2C200","width":350,"height":200,"srcset":"https:\/\/i0.wp.com\/musicuyinstrumentos.com\/wp-content\/uploads\/2022\/03\/Kramer-Forum-III-1.jpg?fit=1080%2C1080&ssl=1&resize=350%2C200 1x, https:\/\/i0.wp.com\/musicuyinstrumentos.com\/wp-content\/uploads\/2022\/03\/Kramer-Forum-III-1.jpg?fit=1080%2C1080&ssl=1&resize=525%2C300 1.5x, https:\/\/i0.wp.com\/musicuyinstrumentos.com\/wp-content\/uploads\/2022\/03\/Kramer-Forum-III-1.jpg?fit=1080%2C1080&ssl=1&resize=700%2C400 2x, https:\/\/i0.wp.com\/musicuyinstrumentos.com\/wp-content\/uploads\/2022\/03\/Kramer-Forum-III-1.jpg?fit=1080%2C1080&ssl=1&resize=1050%2C600 3x"},"classes":[]},{"id":37,"url":"https:\/\/musicuyinstrumentos.com\/index.php\/producto\/carvin-cobalt-ct770ts\/","url_meta":{"origin":497,"position":4},"title":"Carvin Cobalt C770TS","author":"matiaspmartinez","date":"1 de marzo de 2022","format":false,"excerpt":"La Carvin Cobalt C770TS es una guitarra electroac\u00fastica de gama alta, dise\u00f1ada en USA y construida por luthiers selectos en Corea con materiales de primera. Su dise\u00f1o tipo dreadnought con corte veneciano y su electr\u00f3nica Fishman la convierten en una excelente opci\u00f3n tanto para grabaci\u00f3n como para shows en vivo.\u2026","rel":"","context":"Entrada similar","block_context":{"text":"Entrada similar","link":""},"img":{"alt_text":"","src":"https:\/\/i0.wp.com\/musicuyinstrumentos.com\/wp-content\/uploads\/2022\/03\/Carvin-Cobalt-C770T-1.jpg?fit=1080%2C1080&ssl=1&resize=350%2C200","width":350,"height":200,"srcset":"https:\/\/i0.wp.com\/musicuyinstrumentos.com\/wp-content\/uploads\/2022\/03\/Carvin-Cobalt-C770T-1.jpg?fit=1080%2C1080&ssl=1&resize=350%2C200 1x, https:\/\/i0.wp.com\/musicuyinstrumentos.com\/wp-content\/uploads\/2022\/03\/Carvin-Cobalt-C770T-1.jpg?fit=1080%2C1080&ssl=1&resize=525%2C300 1.5x, https:\/\/i0.wp.com\/musicuyinstrumentos.com\/wp-content\/uploads\/2022\/03\/Carvin-Cobalt-C770T-1.jpg?fit=1080%2C1080&ssl=1&resize=700%2C400 2x, https:\/\/i0.wp.com\/musicuyinstrumentos.com\/wp-content\/uploads\/2022\/03\/Carvin-Cobalt-C770T-1.jpg?fit=1080%2C1080&ssl=1&resize=1050%2C600 3x"},"classes":[]},{"id":1986,"url":"https:\/\/musicuyinstrumentos.com\/index.php\/producto\/peavey-triple-xxx\/","url_meta":{"origin":497,"position":5},"title":"Peavey Triple XXX","author":"matiaspmartinez","date":"16 de marzo de 2023","format":false,"excerpt":"El Peavey Triple XXX es un cabezal valvular de alta ganancia, dise\u00f1ado para ofrecer potencia bruta, definici\u00f3n y versatilidad. Ideal para estilos extremos como el metal, hardcore o hard rock moderno, pero tambi\u00e9n sorprendentemente flexible para tonos limpios y crunch cl\u00e1sicos.Fabricado en Estados Unidos, este cabezal es uno de los\u2026","rel":"","context":"Entrada similar","block_context":{"text":"Entrada similar","link":""},"img":{"alt_text":"","src":"https:\/\/i0.wp.com\/musicuyinstrumentos.com\/wp-content\/uploads\/2023\/03\/Peavey-XXX-1-copia.jpg?fit=1080%2C1080&ssl=1&resize=350%2C200","width":350,"height":200,"srcset":"https:\/\/i0.wp.com\/musicuyinstrumentos.com\/wp-content\/uploads\/2023\/03\/Peavey-XXX-1-copia.jpg?fit=1080%2C1080&ssl=1&resize=350%2C200 1x, https:\/\/i0.wp.com\/musicuyinstrumentos.com\/wp-content\/uploads\/2023\/03\/Peavey-XXX-1-copia.jpg?fit=1080%2C1080&ssl=1&resize=525%2C300 1.5x, https:\/\/i0.wp.com\/musicuyinstrumentos.com\/wp-content\/uploads\/2023\/03\/Peavey-XXX-1-copia.jpg?fit=1080%2C1080&ssl=1&resize=700%2C400 2x, https:\/\/i0.wp.com\/musicuyinstrumentos.com\/wp-content\/uploads\/2023\/03\/Peavey-XXX-1-copia.jpg?fit=1080%2C1080&ssl=1&resize=1050%2C600 3x"},"classes":[]}],"jetpack_sharing_enabled":true,"_links":{"self":[{"href":"https:\/\/musicuyinstrumentos.com\/index.php\/wp-json\/wp\/v2\/product\/497","targetHints":{"allow":["GET"]}}],"collection":[{"href":"https:\/\/musicuyinstrumentos.com\/index.php\/wp-json\/wp\/v2\/product"}],"about":[{"href":"https:\/\/musicuyinstrumentos.com\/index.php\/wp-json\/wp\/v2\/types\/product"}],"version-history":[{"count":5,"href":"https:\/\/musicuyinstrumentos.com\/index.php\/wp-json\/wp\/v2\/product\/497\/revisions"}],"predecessor-version":[{"id":3640,"href":"https:\/\/musicuyinstrumentos.com\/index.php\/wp-json\/wp\/v2\/product\/497\/revisions\/3640"}],"wp:featuredmedia":[{"embeddable":true,"href":"https:\/\/musicuyinstrumentos.com\/index.php\/wp-json\/wp\/v2\/media\/3043"}],"wp:attachment":[{"href":"https:\/\/musicuyinstrumentos.com\/index.php\/wp-json\/wp\/v2\/media?parent=497"}],"wp:term":[{"taxonomy":"product_brand","embeddable":true,"href":"https:\/\/musicuyinstrumentos.com\/index.php\/wp-json\/wp\/v2\/product_brand?post=497"},{"taxonomy":"product_cat","embeddable":true,"href":"https:\/\/musicuyinstrumentos.com\/index.php\/wp-json\/wp\/v2\/product_cat?post=497"},{"taxonomy":"product_tag","embeddable":true,"href":"https:\/\/musicuyinstrumentos.com\/index.php\/wp-json\/wp\/v2\/product_tag?post=497"}],"curies":[{"name":"wp","href":"https:\/\/api.w.org\/{rel}","templated":true}]}}