{"id":788,"date":"2022-03-16T13:50:24","date_gmt":"2022-03-16T16:50:24","guid":{"rendered":"https:\/\/musicuyinstrumentos.com\/?post_type=product&#038;p=788"},"modified":"2025-05-23T17:48:04","modified_gmt":"2025-05-23T20:48:04","slug":"rivera-m60","status":"publish","type":"product","link":"https:\/\/musicuyinstrumentos.com\/index.php\/producto\/rivera-m60\/","title":{"rendered":"Rivera M60"},"content":{"rendered":"<p data-start=\"926\" data-end=\"1953\">\u2705 <strong data-start=\"964\" data-end=\"977\">Potencia:<\/strong> 60 watts RMS<br data-start=\"990\" data-end=\"993\" \/>\u2705 <strong data-start=\"995\" data-end=\"1020\">V\u00e1lvulas de potencia:<\/strong> 2 x 6L6<br data-start=\"1028\" data-end=\"1031\" \/>\u2705 <strong data-start=\"1033\" data-end=\"1056\">V\u00e1lvulas de preamp:<\/strong> 5 x 12AX7<br data-start=\"1066\" data-end=\"1069\" \/>\u2705 <strong data-start=\"1071\" data-end=\"1085\">Parlantes:<\/strong> 2&#215;10\u201d Eminence custom (similar a V30)<br data-start=\"1123\" data-end=\"1126\" \/>\u2705 <strong data-start=\"1128\" data-end=\"1141\">Entradas:<\/strong> High\/Low<br data-start=\"1150\" data-end=\"1153\" \/>\u2705 <strong data-start=\"1155\" data-end=\"1167\">Canales:<\/strong><br data-start=\"1167\" data-end=\"1170\" \/>\u2003\u2022 <strong data-start=\"1173\" data-end=\"1185\">Canal 1:<\/strong> \u201cSuper Lead\u201d voicing \u2013 sustain, arm\u00f3nicos, compresi\u00f3n tipo Marshall<br data-start=\"1253\" data-end=\"1256\" \/>\u2003\u2022 <strong data-start=\"1259\" data-end=\"1271\">Canal 2:<\/strong> \u201cM Voicing\u201d \u2013 limpio tipo Fender cl\u00e1sico, ideal para r\u00edtmicas y arpegios<br data-start=\"1344\" data-end=\"1347\" \/>\u2705 <strong data-start=\"1349\" data-end=\"1386\">Controles individuales por canal:<\/strong> Gain, Bass, Middle, Treble, Master<br data-start=\"1421\" data-end=\"1424\" \/>\u2705 <strong data-start=\"1426\" data-end=\"1449\">Master\/Ninja Boost:<\/strong> realce de nivel y ganancia para crunch vintage<br data-start=\"1496\" data-end=\"1499\" \/>\u2705 <strong data-start=\"1501\" data-end=\"1512\">Reverb:<\/strong> Hammond Spring (muelles, circuito anal\u00f3gico)<br data-start=\"1557\" data-end=\"1560\" \/>\u2705 <strong data-start=\"1562\" data-end=\"1582\">Loop de efectos:<\/strong> con control independiente de Send\/Return<br data-start=\"1623\" data-end=\"1626\" \/>\u2705 <strong data-start=\"1628\" data-end=\"1651\">Controles globales:<\/strong> Focus (ajuste de damping) y Presence<br data-start=\"1688\" data-end=\"1691\" \/>\u2705 <strong data-start=\"1693\" data-end=\"1716\">Salida SlaveMaster:<\/strong> simula uso con carga resistiva para grabaci\u00f3n<br data-start=\"1762\" data-end=\"1765\" \/>\u2705 <strong data-start=\"1767\" data-end=\"1779\">Incluye:<\/strong> Footswitch F-6 original \ud83c\udf9b\ufe0f<br data-start=\"1807\" data-end=\"1810\" \/>\u2705 <strong data-start=\"1812\" data-end=\"1829\">Construcci\u00f3n:<\/strong> Handmade en California, USA \ud83c\uddfa\ud83c\uddf8<br data-start=\"1862\" data-end=\"1865\" \/>\u2705 <strong data-start=\"1867\" data-end=\"1878\">Estado:<\/strong> Excelente funcionamiento. Detalles est\u00e9ticos normales por los a\u00f1os de uso.<\/p>\n<p data-start=\"1955\" data-end=\"2081\">\ud83d\udce6 <strong data-start=\"1958\" data-end=\"1973\">Ideal para:<\/strong> Rock cl\u00e1sico, blues, jazz, country, indie y m\u00e1s. Amplificador boutique de gama alta para m\u00fasicos exigentes.<\/p>\n","protected":false},"excerpt":{"rendered":"<p>Combo valvular artesanal fabricado en California a principios de los a\u00f1os 90. El <strong data-start=\"510\" data-end=\"524\">Rivera M60<\/strong> es una verdadera joya boutique, reconocida por su construcci\u00f3n robusta, su tono c\u00e1lido y vers\u00e1til, y su capacidad para cubrir desde sonidos limpios cristalinos hasta saturaciones con cuerpo y car\u00e1cter. Esta unidad incluye el <strong data-start=\"750\" data-end=\"777\">footswitch original F-6<\/strong> y cuenta con <strong data-start=\"791\" data-end=\"838\">dos parlantes de 10\u201d dise\u00f1ados por Eminence<\/strong>, similares a los <strong data-start=\"856\" data-end=\"880\">Celestion Vintage 30<\/strong>, lo que le otorga gran definici\u00f3n y pegada.<\/p>\n","protected":false},"featured_media":2302,"template":"","meta":{"site-sidebar-layout":"no-sidebar","site-content-layout":"default","ast-site-content-layout":"default","site-content-style":"default","site-sidebar-style":"default","ast-global-header-display":"","ast-banner-title-visibility":"","ast-main-header-display":"","ast-hfb-above-header-display":"","ast-hfb-below-header-display":"","ast-hfb-mobile-header-display":"","site-post-title":"","ast-breadcrumbs-content":"","ast-featured-img":"","footer-sml-layout":"","ast-disable-related-posts":"","theme-transparent-header-meta":"default","adv-header-id-meta":"","stick-header-meta":"","header-above-stick-meta":"","header-main-stick-meta":"","header-below-stick-meta":"","astra-migrate-meta-layouts":"set","ast-page-background-enabled":"default","ast-page-background-meta":{"desktop":{"background-color":"var(--ast-global-color-4)","background-image":"","background-repeat":"repeat","background-position":"center center","background-size":"auto","background-attachment":"scroll","background-type":"","background-media":"","overlay-type":"","overlay-color":"","overlay-opacity":"","overlay-gradient":""},"tablet":{"background-color":"","background-image":"","background-repeat":"repeat","background-position":"center center","background-size":"auto","background-attachment":"scroll","background-type":"","background-media":"","overlay-type":"","overlay-color":"","overlay-opacity":"","overlay-gradient":""},"mobile":{"background-color":"","background-image":"","background-repeat":"repeat","background-position":"center center","background-size":"auto","background-attachment":"scroll","background-type":"","background-media":"","overlay-type":"","overlay-color":"","overlay-opacity":"","overlay-gradient":""}},"ast-content-background-meta":{"desktop":{"background-color":"var(--ast-global-color-5)","background-image":"","background-repeat":"repeat","background-position":"center center","background-size":"auto","background-attachment":"scroll","background-type":"","background-media":"","overlay-type":"","overlay-color":"","overlay-opacity":"","overlay-gradient":""},"tablet":{"background-color":"var(--ast-global-color-5)","background-image":"","background-repeat":"repeat","background-position":"center center","background-size":"auto","background-attachment":"scroll","background-type":"","background-media":"","overlay-type":"","overlay-color":"","overlay-opacity":"","overlay-gradient":""},"mobile":{"background-color":"var(--ast-global-color-5)","background-image":"","background-repeat":"repeat","background-position":"center center","background-size":"auto","background-attachment":"scroll","background-type":"","background-media":"","overlay-type":"","overlay-color":"","overlay-opacity":"","overlay-gradient":""}},"_joinchat":[]},"product_brand":[],"product_cat":[31,33,15],"product_tag":[76,79],"class_list":{"0":"post-788","1":"product","2":"type-product","3":"status-publish","4":"has-post-thumbnail","6":"product_cat-amplificadores","7":"product_cat-combos","8":"product_cat-sin-categorizar","9":"product_tag-amplificador","10":"product_tag-valvular","11":"desktop-align-left","12":"tablet-align-left","13":"mobile-align-left","15":"first","16":"instock","17":"shipping-taxable","18":"purchasable","19":"product-type-simple"},"jetpack-related-posts":[{"id":1997,"url":"https:\/\/musicuyinstrumentos.com\/index.php\/producto\/engl-e650-ritchie-blackmore\/","url_meta":{"origin":788,"position":0},"title":"ENGL E650 Ritchie Blackmore","author":"matiaspmartinez","date":"16 de marzo de 2023","format":false,"excerpt":"Dise\u00f1ado en conjunto con el legendario guitarrista Ritchie Blackmore (Deep Purple, Rainbow), el ENGL E650 Signature ofrece una combinaci\u00f3n \u00fanica de claridad, respuesta din\u00e1mica y potencia. Este cabezal de 100 watts est\u00e1 construido con la robustez alemana caracter\u00edstica de ENGL, y presenta un dise\u00f1o de 2 canales con controles independientes,\u2026","rel":"","context":"Entrada similar","block_context":{"text":"Entrada similar","link":""},"img":{"alt_text":"","src":"https:\/\/i0.wp.com\/musicuyinstrumentos.com\/wp-content\/uploads\/2023\/03\/ENGL-E650-Ritchie-Blackmore-1-copia.jpg?fit=1080%2C1080&ssl=1&resize=350%2C200","width":350,"height":200,"srcset":"https:\/\/i0.wp.com\/musicuyinstrumentos.com\/wp-content\/uploads\/2023\/03\/ENGL-E650-Ritchie-Blackmore-1-copia.jpg?fit=1080%2C1080&ssl=1&resize=350%2C200 1x, https:\/\/i0.wp.com\/musicuyinstrumentos.com\/wp-content\/uploads\/2023\/03\/ENGL-E650-Ritchie-Blackmore-1-copia.jpg?fit=1080%2C1080&ssl=1&resize=525%2C300 1.5x, https:\/\/i0.wp.com\/musicuyinstrumentos.com\/wp-content\/uploads\/2023\/03\/ENGL-E650-Ritchie-Blackmore-1-copia.jpg?fit=1080%2C1080&ssl=1&resize=700%2C400 2x, https:\/\/i0.wp.com\/musicuyinstrumentos.com\/wp-content\/uploads\/2023\/03\/ENGL-E650-Ritchie-Blackmore-1-copia.jpg?fit=1080%2C1080&ssl=1&resize=1050%2C600 3x"},"classes":[]},{"id":1986,"url":"https:\/\/musicuyinstrumentos.com\/index.php\/producto\/peavey-triple-xxx\/","url_meta":{"origin":788,"position":1},"title":"Peavey Triple XXX","author":"matiaspmartinez","date":"16 de marzo de 2023","format":false,"excerpt":"El Peavey Triple XXX es un cabezal valvular de alta ganancia, dise\u00f1ado para ofrecer potencia bruta, definici\u00f3n y versatilidad. Ideal para estilos extremos como el metal, hardcore o hard rock moderno, pero tambi\u00e9n sorprendentemente flexible para tonos limpios y crunch cl\u00e1sicos.Fabricado en Estados Unidos, este cabezal es uno de los\u2026","rel":"","context":"Entrada similar","block_context":{"text":"Entrada similar","link":""},"img":{"alt_text":"","src":"https:\/\/i0.wp.com\/musicuyinstrumentos.com\/wp-content\/uploads\/2023\/03\/Peavey-XXX-1-copia.jpg?fit=1080%2C1080&ssl=1&resize=350%2C200","width":350,"height":200,"srcset":"https:\/\/i0.wp.com\/musicuyinstrumentos.com\/wp-content\/uploads\/2023\/03\/Peavey-XXX-1-copia.jpg?fit=1080%2C1080&ssl=1&resize=350%2C200 1x, https:\/\/i0.wp.com\/musicuyinstrumentos.com\/wp-content\/uploads\/2023\/03\/Peavey-XXX-1-copia.jpg?fit=1080%2C1080&ssl=1&resize=525%2C300 1.5x, https:\/\/i0.wp.com\/musicuyinstrumentos.com\/wp-content\/uploads\/2023\/03\/Peavey-XXX-1-copia.jpg?fit=1080%2C1080&ssl=1&resize=700%2C400 2x, https:\/\/i0.wp.com\/musicuyinstrumentos.com\/wp-content\/uploads\/2023\/03\/Peavey-XXX-1-copia.jpg?fit=1080%2C1080&ssl=1&resize=1050%2C600 3x"},"classes":[]},{"id":3474,"url":"https:\/\/musicuyinstrumentos.com\/index.php\/producto\/epiphone-les-paul-standard-plus-top-korea\/","url_meta":{"origin":788,"position":2},"title":"Epiphone Les Paul Standard Plus Top Korea","author":"matiaspmartinez","date":"27 de octubre de 2025","format":false,"excerpt":"Esta Epiphone Les Paul Standard de fabricaci\u00f3n coreana pertenece a una de las mejores \u00e9pocas de la marca, conocida por su excelente control de calidad y materiales superiores. Construida con cuerpo de caoba y tapa de arce flameado, ofrece el sustain, el peso y el tono cl\u00e1sico del dise\u00f1o Les\u2026","rel":"","context":"Entrada similar","block_context":{"text":"Entrada similar","link":""},"img":{"alt_text":"","src":"https:\/\/i0.wp.com\/musicuyinstrumentos.com\/wp-content\/uploads\/2025\/10\/FacturandoEpiphione-Les-Paul-Standatd-Korea-1.jpg?fit=1080%2C1080&ssl=1&resize=350%2C200","width":350,"height":200,"srcset":"https:\/\/i0.wp.com\/musicuyinstrumentos.com\/wp-content\/uploads\/2025\/10\/FacturandoEpiphione-Les-Paul-Standatd-Korea-1.jpg?fit=1080%2C1080&ssl=1&resize=350%2C200 1x, https:\/\/i0.wp.com\/musicuyinstrumentos.com\/wp-content\/uploads\/2025\/10\/FacturandoEpiphione-Les-Paul-Standatd-Korea-1.jpg?fit=1080%2C1080&ssl=1&resize=525%2C300 1.5x, https:\/\/i0.wp.com\/musicuyinstrumentos.com\/wp-content\/uploads\/2025\/10\/FacturandoEpiphione-Les-Paul-Standatd-Korea-1.jpg?fit=1080%2C1080&ssl=1&resize=700%2C400 2x, https:\/\/i0.wp.com\/musicuyinstrumentos.com\/wp-content\/uploads\/2025\/10\/FacturandoEpiphione-Les-Paul-Standatd-Korea-1.jpg?fit=1080%2C1080&ssl=1&resize=1050%2C600 3x"},"classes":[]},{"id":2100,"url":"https:\/\/musicuyinstrumentos.com\/index.php\/producto\/ibanez-sz-520-c-estuche-rigido\/","url_meta":{"origin":788,"position":3},"title":"Ibanez SZ 520 c\/estuche r\u00edgido","author":"matiaspmartinez","date":"4 de julio de 2023","format":false,"excerpt":"La Ibanez SZ520 forma parte de la aclamada serie SZ, destac\u00e1ndose por su dise\u00f1o singlecut, sustain natural y comodidad al tocar. Fabricada con materiales de alta calidad, esta guitarra combina la calidez y cuerpo de la caoba con el ataque del arce flameado en la tapa. Su configuraci\u00f3n de micr\u00f3fonos\u2026","rel":"","context":"Entrada similar","block_context":{"text":"Entrada similar","link":""},"img":{"alt_text":"","src":"https:\/\/i0.wp.com\/musicuyinstrumentos.com\/wp-content\/uploads\/2023\/07\/Ibanez-SZ-520-1-copia.jpg?fit=1080%2C1080&ssl=1&resize=350%2C200","width":350,"height":200,"srcset":"https:\/\/i0.wp.com\/musicuyinstrumentos.com\/wp-content\/uploads\/2023\/07\/Ibanez-SZ-520-1-copia.jpg?fit=1080%2C1080&ssl=1&resize=350%2C200 1x, https:\/\/i0.wp.com\/musicuyinstrumentos.com\/wp-content\/uploads\/2023\/07\/Ibanez-SZ-520-1-copia.jpg?fit=1080%2C1080&ssl=1&resize=525%2C300 1.5x, https:\/\/i0.wp.com\/musicuyinstrumentos.com\/wp-content\/uploads\/2023\/07\/Ibanez-SZ-520-1-copia.jpg?fit=1080%2C1080&ssl=1&resize=700%2C400 2x, https:\/\/i0.wp.com\/musicuyinstrumentos.com\/wp-content\/uploads\/2023\/07\/Ibanez-SZ-520-1-copia.jpg?fit=1080%2C1080&ssl=1&resize=1050%2C600 3x"},"classes":[]},{"id":2109,"url":"https:\/\/musicuyinstrumentos.com\/index.php\/producto\/palmer-compressor\/","url_meta":{"origin":788,"position":4},"title":"Palmer Compressor","author":"matiaspmartinez","date":"4 de julio de 2023","format":false,"excerpt":"El Palmer PECOMP Compressor es un pedal de compresi\u00f3n anal\u00f3gico que ofrece un control preciso sobre la din\u00e1mica de tu se\u00f1al, proporcionando mayor punch y sustain sin distorsi\u00f3n. Su circuito de bajo ruido y construcci\u00f3n robusta lo convierten en una opci\u00f3n confiable para guitarristas que buscan calidad y durabilidad en\u2026","rel":"","context":"Entrada similar","block_context":{"text":"Entrada similar","link":""},"img":{"alt_text":"","src":"https:\/\/i0.wp.com\/musicuyinstrumentos.com\/wp-content\/uploads\/2023\/07\/Palmer-Compressor-1-copia.jpg?fit=1080%2C1080&ssl=1&resize=350%2C200","width":350,"height":200,"srcset":"https:\/\/i0.wp.com\/musicuyinstrumentos.com\/wp-content\/uploads\/2023\/07\/Palmer-Compressor-1-copia.jpg?fit=1080%2C1080&ssl=1&resize=350%2C200 1x, https:\/\/i0.wp.com\/musicuyinstrumentos.com\/wp-content\/uploads\/2023\/07\/Palmer-Compressor-1-copia.jpg?fit=1080%2C1080&ssl=1&resize=525%2C300 1.5x, https:\/\/i0.wp.com\/musicuyinstrumentos.com\/wp-content\/uploads\/2023\/07\/Palmer-Compressor-1-copia.jpg?fit=1080%2C1080&ssl=1&resize=700%2C400 2x, https:\/\/i0.wp.com\/musicuyinstrumentos.com\/wp-content\/uploads\/2023\/07\/Palmer-Compressor-1-copia.jpg?fit=1080%2C1080&ssl=1&resize=1050%2C600 3x"},"classes":[]},{"id":1992,"url":"https:\/\/musicuyinstrumentos.com\/index.php\/producto\/hartke-ha5000-500w-hybrid-biamp\/","url_meta":{"origin":788,"position":5},"title":"Hartke HA5000 500w Hybrid Biamp","author":"matiaspmartinez","date":"16 de marzo de 2023","format":false,"excerpt":"El Hartke HA5000 es un cl\u00e1sico entre los cabezales de bajo por una raz\u00f3n: versatilidad, potencia y control absoluto del tono. Dise\u00f1ado para bajistas exigentes que necesitan rendimiento profesional en vivo y en estudio, este amplificador ofrece 500 watts de potencia total, posibilidad de operar en mono o biamplificaci\u00f3n, y\u2026","rel":"","context":"Entrada similar","block_context":{"text":"Entrada similar","link":""},"img":{"alt_text":"","src":"https:\/\/i0.wp.com\/musicuyinstrumentos.com\/wp-content\/uploads\/2023\/03\/Hartke-HA5000-1-copia.jpg?fit=1080%2C1080&ssl=1&resize=350%2C200","width":350,"height":200,"srcset":"https:\/\/i0.wp.com\/musicuyinstrumentos.com\/wp-content\/uploads\/2023\/03\/Hartke-HA5000-1-copia.jpg?fit=1080%2C1080&ssl=1&resize=350%2C200 1x, https:\/\/i0.wp.com\/musicuyinstrumentos.com\/wp-content\/uploads\/2023\/03\/Hartke-HA5000-1-copia.jpg?fit=1080%2C1080&ssl=1&resize=525%2C300 1.5x, https:\/\/i0.wp.com\/musicuyinstrumentos.com\/wp-content\/uploads\/2023\/03\/Hartke-HA5000-1-copia.jpg?fit=1080%2C1080&ssl=1&resize=700%2C400 2x, https:\/\/i0.wp.com\/musicuyinstrumentos.com\/wp-content\/uploads\/2023\/03\/Hartke-HA5000-1-copia.jpg?fit=1080%2C1080&ssl=1&resize=1050%2C600 3x"},"classes":[]}],"jetpack_sharing_enabled":true,"_links":{"self":[{"href":"https:\/\/musicuyinstrumentos.com\/index.php\/wp-json\/wp\/v2\/product\/788","targetHints":{"allow":["GET"]}}],"collection":[{"href":"https:\/\/musicuyinstrumentos.com\/index.php\/wp-json\/wp\/v2\/product"}],"about":[{"href":"https:\/\/musicuyinstrumentos.com\/index.php\/wp-json\/wp\/v2\/types\/product"}],"version-history":[{"count":3,"href":"https:\/\/musicuyinstrumentos.com\/index.php\/wp-json\/wp\/v2\/product\/788\/revisions"}],"predecessor-version":[{"id":3264,"href":"https:\/\/musicuyinstrumentos.com\/index.php\/wp-json\/wp\/v2\/product\/788\/revisions\/3264"}],"wp:featuredmedia":[{"embeddable":true,"href":"https:\/\/musicuyinstrumentos.com\/index.php\/wp-json\/wp\/v2\/media\/2302"}],"wp:attachment":[{"href":"https:\/\/musicuyinstrumentos.com\/index.php\/wp-json\/wp\/v2\/media?parent=788"}],"wp:term":[{"taxonomy":"product_brand","embeddable":true,"href":"https:\/\/musicuyinstrumentos.com\/index.php\/wp-json\/wp\/v2\/product_brand?post=788"},{"taxonomy":"product_cat","embeddable":true,"href":"https:\/\/musicuyinstrumentos.com\/index.php\/wp-json\/wp\/v2\/product_cat?post=788"},{"taxonomy":"product_tag","embeddable":true,"href":"https:\/\/musicuyinstrumentos.com\/index.php\/wp-json\/wp\/v2\/product_tag?post=788"}],"curies":[{"name":"wp","href":"https:\/\/api.w.org\/{rel}","templated":true}]}}