{"id":988,"date":"2022-03-24T18:57:45","date_gmt":"2022-03-24T21:57:45","guid":{"rendered":"https:\/\/musicuyinstrumentos.com\/?post_type=product&#038;p=988"},"modified":"2025-05-22T17:36:46","modified_gmt":"2025-05-22T20:36:46","slug":"carl-martin-octaswitch","status":"publish","type":"product","link":"https:\/\/musicuyinstrumentos.com\/index.php\/producto\/carl-martin-octaswitch\/","title":{"rendered":"Carl Martin Octaswitch"},"content":{"rendered":"<p data-start=\"1000\" data-end=\"1507\">\u2705 Origen: Dinamarca<br data-start=\"1055\" data-end=\"1058\" \/>\u2705 Tipo: Looper de efectos anal\u00f3gico<br data-start=\"1093\" data-end=\"1096\" \/>\u2705 Loops: 8 loops de efectos true bypass con rel\u00e9s dorados<br data-start=\"1153\" data-end=\"1156\" \/>\u2705 Presets: 8 bancos programables mediante interruptores DIP<br data-start=\"1215\" data-end=\"1218\" \/>\u2705 Entrada: Mono (con opci\u00f3n de buffer conmutable)<br data-start=\"1267\" data-end=\"1270\" \/>\u2705 Salidas: Mono\/Stereo<br data-start=\"1292\" data-end=\"1295\" \/>\u2705 Indicadores LED: Para cada loop y banco activo<br data-start=\"1343\" data-end=\"1346\" \/>\u2705 Alimentaci\u00f3n: 2 bater\u00edas de 9V o fuente de alimentaci\u00f3n de 9V DC (no incluida)<br data-start=\"1426\" data-end=\"1429\" \/>\u2705 Chasis: Met\u00e1lico resistente<br data-start=\"1458\" data-end=\"1461\" \/>\u2705 Dimensiones: 51 x 16 x 6 cm<br data-start=\"1490\" data-end=\"1493\" \/>\u2705 Peso: 2.5 kg<\/p>\n<p data-start=\"1509\" data-end=\"1609\">\ud83d\udee0\ufe0f <strong data-start=\"1513\" data-end=\"1524\">Estado:<\/strong><br data-start=\"1524\" data-end=\"1527\" \/>Producto en excelente estado, con funcionamiento perfecto y m\u00ednimos signos de uso.<\/p>\n<p data-start=\"1611\" data-end=\"1769\">\ud83d\udd25 <strong data-start=\"1614\" data-end=\"1769\">Ideal para guitarristas que buscan una soluci\u00f3n de control de pedales sin complicaciones, con calidad profesional y sin necesidad de programaci\u00f3n MIDI.<\/strong><\/p>\n","protected":false},"excerpt":{"rendered":"<p>El <strong data-start=\"535\" data-end=\"562\">Carl Martin Octa-Switch<\/strong> es un sistema de conmutaci\u00f3n de efectos anal\u00f3gico que permite controlar hasta ocho pedales de efectos mediante ocho loops independientes. Cada uno de los ocho bancos programables se configura f\u00e1cilmente mediante interruptores DIP, permitiendo activar combinaciones espec\u00edficas de efectos con un solo toque. Su dise\u00f1o robusto y funcionalidad intuitiva lo hacen ideal para guitarristas que buscan simplicidad y eficiencia en su pedalera.<\/p>\n","protected":false},"featured_media":919,"template":"","meta":{"site-sidebar-layout":"no-sidebar","site-content-layout":"default","ast-site-content-layout":"default","site-content-style":"default","site-sidebar-style":"default","ast-global-header-display":"","ast-banner-title-visibility":"","ast-main-header-display":"","ast-hfb-above-header-display":"","ast-hfb-below-header-display":"","ast-hfb-mobile-header-display":"","site-post-title":"","ast-breadcrumbs-content":"","ast-featured-img":"","footer-sml-layout":"","ast-disable-related-posts":"","theme-transparent-header-meta":"default","adv-header-id-meta":"","stick-header-meta":"","header-above-stick-meta":"","header-main-stick-meta":"","header-below-stick-meta":"","astra-migrate-meta-layouts":"set","ast-page-background-enabled":"default","ast-page-background-meta":{"desktop":{"background-color":"var(--ast-global-color-4)","background-image":"","background-repeat":"repeat","background-position":"center center","background-size":"auto","background-attachment":"scroll","background-type":"","background-media":"","overlay-type":"","overlay-color":"","overlay-opacity":"","overlay-gradient":""},"tablet":{"background-color":"","background-image":"","background-repeat":"repeat","background-position":"center center","background-size":"auto","background-attachment":"scroll","background-type":"","background-media":"","overlay-type":"","overlay-color":"","overlay-opacity":"","overlay-gradient":""},"mobile":{"background-color":"","background-image":"","background-repeat":"repeat","background-position":"center center","background-size":"auto","background-attachment":"scroll","background-type":"","background-media":"","overlay-type":"","overlay-color":"","overlay-opacity":"","overlay-gradient":""}},"ast-content-background-meta":{"desktop":{"background-color":"var(--ast-global-color-5)","background-image":"","background-repeat":"repeat","background-position":"center center","background-size":"auto","background-attachment":"scroll","background-type":"","background-media":"","overlay-type":"","overlay-color":"","overlay-opacity":"","overlay-gradient":""},"tablet":{"background-color":"var(--ast-global-color-5)","background-image":"","background-repeat":"repeat","background-position":"center center","background-size":"auto","background-attachment":"scroll","background-type":"","background-media":"","overlay-type":"","overlay-color":"","overlay-opacity":"","overlay-gradient":""},"mobile":{"background-color":"var(--ast-global-color-5)","background-image":"","background-repeat":"repeat","background-position":"center center","background-size":"auto","background-attachment":"scroll","background-type":"","background-media":"","overlay-type":"","overlay-color":"","overlay-opacity":"","overlay-gradient":""}},"_joinchat":[]},"product_brand":[],"product_cat":[44,47,15],"product_tag":[102,73,88,107],"class_list":{"0":"post-988","1":"product","2":"type-product","3":"status-publish","4":"has-post-thumbnail","6":"product_cat-accesorios","7":"product_cat-pedales","8":"product_cat-sin-categorizar","9":"product_tag-bajo","10":"product_tag-guitarra","11":"product_tag-pedal","12":"product_tag-pedalera","13":"desktop-align-left","14":"tablet-align-left","15":"mobile-align-left","17":"first","18":"instock","19":"shipping-taxable","20":"purchasable","21":"product-type-simple"},"jetpack-related-posts":[{"id":2109,"url":"https:\/\/musicuyinstrumentos.com\/index.php\/producto\/palmer-compressor\/","url_meta":{"origin":988,"position":0},"title":"Palmer Compressor","author":"matiaspmartinez","date":"4 de julio de 2023","format":false,"excerpt":"El Palmer PECOMP Compressor es un pedal de compresi\u00f3n anal\u00f3gico que ofrece un control preciso sobre la din\u00e1mica de tu se\u00f1al, proporcionando mayor punch y sustain sin distorsi\u00f3n. Su circuito de bajo ruido y construcci\u00f3n robusta lo convierten en una opci\u00f3n confiable para guitarristas que buscan calidad y durabilidad en\u2026","rel":"","context":"Entrada similar","block_context":{"text":"Entrada similar","link":""},"img":{"alt_text":"","src":"https:\/\/i0.wp.com\/musicuyinstrumentos.com\/wp-content\/uploads\/2023\/07\/Palmer-Compressor-1-copia.jpg?fit=1080%2C1080&ssl=1&resize=350%2C200","width":350,"height":200,"srcset":"https:\/\/i0.wp.com\/musicuyinstrumentos.com\/wp-content\/uploads\/2023\/07\/Palmer-Compressor-1-copia.jpg?fit=1080%2C1080&ssl=1&resize=350%2C200 1x, https:\/\/i0.wp.com\/musicuyinstrumentos.com\/wp-content\/uploads\/2023\/07\/Palmer-Compressor-1-copia.jpg?fit=1080%2C1080&ssl=1&resize=525%2C300 1.5x, https:\/\/i0.wp.com\/musicuyinstrumentos.com\/wp-content\/uploads\/2023\/07\/Palmer-Compressor-1-copia.jpg?fit=1080%2C1080&ssl=1&resize=700%2C400 2x, https:\/\/i0.wp.com\/musicuyinstrumentos.com\/wp-content\/uploads\/2023\/07\/Palmer-Compressor-1-copia.jpg?fit=1080%2C1080&ssl=1&resize=1050%2C600 3x"},"classes":[]},{"id":2400,"url":"https:\/\/musicuyinstrumentos.com\/index.php\/producto\/maxon-overdrive-od808-modificado\/","url_meta":{"origin":988,"position":1},"title":"Maxon Overdrive OD808 modificado","author":"matiaspmartinez","date":"19 de enero de 2024","format":false,"excerpt":"El Maxon OD808, fabricado en Jap\u00f3n, es un pedal de overdrive de culto por su tono c\u00e1lido, suave y natural. Esta unidad ha sido modificada y cuenta con un switch adicional que ampl\u00eda sus posibilidades sonoras.","rel":"","context":"Entrada similar","block_context":{"text":"Entrada similar","link":""},"img":{"alt_text":"","src":"https:\/\/i0.wp.com\/musicuyinstrumentos.com\/wp-content\/uploads\/2024\/01\/Maxon-OD808-1-Personalizado.jpg?fit=1080%2C1080&ssl=1&resize=350%2C200","width":350,"height":200,"srcset":"https:\/\/i0.wp.com\/musicuyinstrumentos.com\/wp-content\/uploads\/2024\/01\/Maxon-OD808-1-Personalizado.jpg?fit=1080%2C1080&ssl=1&resize=350%2C200 1x, https:\/\/i0.wp.com\/musicuyinstrumentos.com\/wp-content\/uploads\/2024\/01\/Maxon-OD808-1-Personalizado.jpg?fit=1080%2C1080&ssl=1&resize=525%2C300 1.5x, https:\/\/i0.wp.com\/musicuyinstrumentos.com\/wp-content\/uploads\/2024\/01\/Maxon-OD808-1-Personalizado.jpg?fit=1080%2C1080&ssl=1&resize=700%2C400 2x, https:\/\/i0.wp.com\/musicuyinstrumentos.com\/wp-content\/uploads\/2024\/01\/Maxon-OD808-1-Personalizado.jpg?fit=1080%2C1080&ssl=1&resize=1050%2C600 3x"},"classes":[]},{"id":2732,"url":"https:\/\/musicuyinstrumentos.com\/index.php\/producto\/mxr-m169-carbon-copy-analog-delay\/","url_meta":{"origin":988,"position":2},"title":"MXR M169 Carbon Copy Analog Delay","author":"matiaspmartinez","date":"6 de noviembre de 2024","format":false,"excerpt":"El MXR Carbon Copy es uno de los delays anal\u00f3gicos m\u00e1s queridos del mercado, famoso por su tono c\u00e1lido y org\u00e1nico. Con un tiempo de retardo de hasta 600ms y un mod switch para agregar un toque de chorus tipo cinta, este pedal se adapta a todo tipo de estilos:\u2026","rel":"","context":"Entrada similar","block_context":{"text":"Entrada similar","link":""},"img":{"alt_text":"","src":"https:\/\/i0.wp.com\/musicuyinstrumentos.com\/wp-content\/uploads\/2024\/11\/MXR-Carbon-Copy-Analog-Delay-1-Alibaba.jpg?fit=1080%2C1080&ssl=1&resize=350%2C200","width":350,"height":200,"srcset":"https:\/\/i0.wp.com\/musicuyinstrumentos.com\/wp-content\/uploads\/2024\/11\/MXR-Carbon-Copy-Analog-Delay-1-Alibaba.jpg?fit=1080%2C1080&ssl=1&resize=350%2C200 1x, https:\/\/i0.wp.com\/musicuyinstrumentos.com\/wp-content\/uploads\/2024\/11\/MXR-Carbon-Copy-Analog-Delay-1-Alibaba.jpg?fit=1080%2C1080&ssl=1&resize=525%2C300 1.5x, https:\/\/i0.wp.com\/musicuyinstrumentos.com\/wp-content\/uploads\/2024\/11\/MXR-Carbon-Copy-Analog-Delay-1-Alibaba.jpg?fit=1080%2C1080&ssl=1&resize=700%2C400 2x, https:\/\/i0.wp.com\/musicuyinstrumentos.com\/wp-content\/uploads\/2024\/11\/MXR-Carbon-Copy-Analog-Delay-1-Alibaba.jpg?fit=1080%2C1080&ssl=1&resize=1050%2C600 3x"},"classes":[]},{"id":1997,"url":"https:\/\/musicuyinstrumentos.com\/index.php\/producto\/engl-e650-ritchie-blackmore\/","url_meta":{"origin":988,"position":3},"title":"ENGL E650 Ritchie Blackmore","author":"matiaspmartinez","date":"16 de marzo de 2023","format":false,"excerpt":"Dise\u00f1ado en conjunto con el legendario guitarrista Ritchie Blackmore (Deep Purple, Rainbow), el ENGL E650 Signature ofrece una combinaci\u00f3n \u00fanica de claridad, respuesta din\u00e1mica y potencia. Este cabezal de 100 watts est\u00e1 construido con la robustez alemana caracter\u00edstica de ENGL, y presenta un dise\u00f1o de 2 canales con controles independientes,\u2026","rel":"","context":"Entrada similar","block_context":{"text":"Entrada similar","link":""},"img":{"alt_text":"","src":"https:\/\/i0.wp.com\/musicuyinstrumentos.com\/wp-content\/uploads\/2023\/03\/ENGL-E650-Ritchie-Blackmore-1-copia.jpg?fit=1080%2C1080&ssl=1&resize=350%2C200","width":350,"height":200,"srcset":"https:\/\/i0.wp.com\/musicuyinstrumentos.com\/wp-content\/uploads\/2023\/03\/ENGL-E650-Ritchie-Blackmore-1-copia.jpg?fit=1080%2C1080&ssl=1&resize=350%2C200 1x, https:\/\/i0.wp.com\/musicuyinstrumentos.com\/wp-content\/uploads\/2023\/03\/ENGL-E650-Ritchie-Blackmore-1-copia.jpg?fit=1080%2C1080&ssl=1&resize=525%2C300 1.5x, https:\/\/i0.wp.com\/musicuyinstrumentos.com\/wp-content\/uploads\/2023\/03\/ENGL-E650-Ritchie-Blackmore-1-copia.jpg?fit=1080%2C1080&ssl=1&resize=700%2C400 2x, https:\/\/i0.wp.com\/musicuyinstrumentos.com\/wp-content\/uploads\/2023\/03\/ENGL-E650-Ritchie-Blackmore-1-copia.jpg?fit=1080%2C1080&ssl=1&resize=1050%2C600 3x"},"classes":[]},{"id":2734,"url":"https:\/\/musicuyinstrumentos.com\/index.php\/producto\/fender-marine-layer-reverb\/","url_meta":{"origin":988,"position":4},"title":"Fender Marine Layer Reverb","author":"matiaspmartinez","date":"6 de noviembre de 2024","format":false,"excerpt":"El Marine Layer Reverb de Fender es una excelente opci\u00f3n para quienes buscan una reverb rica y vers\u00e1til con controles intuitivos y un dise\u00f1o elegante. Ofrece varios modos (Hall, Room, Shimmer), con decay ajustable, pre-delay, y un efecto shimmer con octavas que le da un car\u00e1cter et\u00e9reo y espacial ideal\u2026","rel":"","context":"Entrada similar","block_context":{"text":"Entrada similar","link":""},"img":{"alt_text":"","src":"https:\/\/i0.wp.com\/musicuyinstrumentos.com\/wp-content\/uploads\/2024\/11\/Fender-Marine-Layer-Reverb-1-Alibaba.jpg?fit=1080%2C1080&ssl=1&resize=350%2C200","width":350,"height":200,"srcset":"https:\/\/i0.wp.com\/musicuyinstrumentos.com\/wp-content\/uploads\/2024\/11\/Fender-Marine-Layer-Reverb-1-Alibaba.jpg?fit=1080%2C1080&ssl=1&resize=350%2C200 1x, https:\/\/i0.wp.com\/musicuyinstrumentos.com\/wp-content\/uploads\/2024\/11\/Fender-Marine-Layer-Reverb-1-Alibaba.jpg?fit=1080%2C1080&ssl=1&resize=525%2C300 1.5x, https:\/\/i0.wp.com\/musicuyinstrumentos.com\/wp-content\/uploads\/2024\/11\/Fender-Marine-Layer-Reverb-1-Alibaba.jpg?fit=1080%2C1080&ssl=1&resize=700%2C400 2x, https:\/\/i0.wp.com\/musicuyinstrumentos.com\/wp-content\/uploads\/2024\/11\/Fender-Marine-Layer-Reverb-1-Alibaba.jpg?fit=1080%2C1080&ssl=1&resize=1050%2C600 3x"},"classes":[]},{"id":1043,"url":"https:\/\/musicuyinstrumentos.com\/index.php\/producto\/fender-mini-tone-master\/","url_meta":{"origin":988,"position":5},"title":"Fender Mini Tone Master","author":"matiaspmartinez","date":"28 de marzo de 2022","format":false,"excerpt":"\ud83c\uddfa\ud83c\uddf8 Miniatura del cl\u00e1sico Fender Tone Master, con estilo vintage Peque\u00f1o pero poderoso, el Fender Mini Tone Master ofrece un tono glorioso y aut\u00e9ntico, fiel a los detalles Fender vintage, desde su tela de rejilla retro hasta los controles blancos cl\u00e1sicos. Ideal para pr\u00e1ctica o como pieza de colecci\u00f3n, este\u2026","rel":"","context":"Entrada similar","block_context":{"text":"Entrada similar","link":""},"img":{"alt_text":"","src":"https:\/\/i0.wp.com\/musicuyinstrumentos.com\/wp-content\/uploads\/2022\/03\/Fender-Mini-Tone-Master-2-copia.jpg?fit=1080%2C1080&ssl=1&resize=350%2C200","width":350,"height":200,"srcset":"https:\/\/i0.wp.com\/musicuyinstrumentos.com\/wp-content\/uploads\/2022\/03\/Fender-Mini-Tone-Master-2-copia.jpg?fit=1080%2C1080&ssl=1&resize=350%2C200 1x, https:\/\/i0.wp.com\/musicuyinstrumentos.com\/wp-content\/uploads\/2022\/03\/Fender-Mini-Tone-Master-2-copia.jpg?fit=1080%2C1080&ssl=1&resize=525%2C300 1.5x, https:\/\/i0.wp.com\/musicuyinstrumentos.com\/wp-content\/uploads\/2022\/03\/Fender-Mini-Tone-Master-2-copia.jpg?fit=1080%2C1080&ssl=1&resize=700%2C400 2x, https:\/\/i0.wp.com\/musicuyinstrumentos.com\/wp-content\/uploads\/2022\/03\/Fender-Mini-Tone-Master-2-copia.jpg?fit=1080%2C1080&ssl=1&resize=1050%2C600 3x"},"classes":[]}],"jetpack_sharing_enabled":true,"_links":{"self":[{"href":"https:\/\/musicuyinstrumentos.com\/index.php\/wp-json\/wp\/v2\/product\/988","targetHints":{"allow":["GET"]}}],"collection":[{"href":"https:\/\/musicuyinstrumentos.com\/index.php\/wp-json\/wp\/v2\/product"}],"about":[{"href":"https:\/\/musicuyinstrumentos.com\/index.php\/wp-json\/wp\/v2\/types\/product"}],"version-history":[{"count":2,"href":"https:\/\/musicuyinstrumentos.com\/index.php\/wp-json\/wp\/v2\/product\/988\/revisions"}],"predecessor-version":[{"id":3233,"href":"https:\/\/musicuyinstrumentos.com\/index.php\/wp-json\/wp\/v2\/product\/988\/revisions\/3233"}],"wp:featuredmedia":[{"embeddable":true,"href":"https:\/\/musicuyinstrumentos.com\/index.php\/wp-json\/wp\/v2\/media\/919"}],"wp:attachment":[{"href":"https:\/\/musicuyinstrumentos.com\/index.php\/wp-json\/wp\/v2\/media?parent=988"}],"wp:term":[{"taxonomy":"product_brand","embeddable":true,"href":"https:\/\/musicuyinstrumentos.com\/index.php\/wp-json\/wp\/v2\/product_brand?post=988"},{"taxonomy":"product_cat","embeddable":true,"href":"https:\/\/musicuyinstrumentos.com\/index.php\/wp-json\/wp\/v2\/product_cat?post=988"},{"taxonomy":"product_tag","embeddable":true,"href":"https:\/\/musicuyinstrumentos.com\/index.php\/wp-json\/wp\/v2\/product_tag?post=988"}],"curies":[{"name":"wp","href":"https:\/\/api.w.org\/{rel}","templated":true}]}}